{"id":13362,"date":"2022-07-07T11:40:03","date_gmt":"2022-07-07T09:40:03","guid":{"rendered":"https:\/\/www.expertmind.ro\/?page_id=13362"},"modified":"2025-04-09T15:22:39","modified_gmt":"2025-04-09T13:22:39","slug":"servicii-auto-complete-si-program-rabla","status":"publish","type":"page","link":"https:\/\/www.expertmind.ro\/en\/services\/servicii-auto-rabla\/","title":{"rendered":"Servicii auto complete \u0219i program Rabla"},"content":{"rendered":"<p>[vc_row css=&#8221;.vc_custom_1489770104078{background-image: url(http:\/\/www.expertmind.ro\/wp-content\/uploads\/2017\/01\/servicii-de-inventariere.png?id=3957) !important;background-position: center !important;background-repeat: no-repeat !important;background-size: cover !important;}&#8221; el_class=&#8221;servicii-top-banner&#8221;][vc_column width=&#8221;2\/3&#8243; el_class=&#8221;servicii-top-banner-title&#8221;][vc_custom_heading text=&#8221;Punem lucrurile la locul lor!&#8221; font_container=&#8221;tag:h2|text_align:left|color:%23f15a23&#8243; use_theme_fonts=&#8221;yes&#8221;][\/vc_column][vc_column width=&#8221;1\/3&#8243;][\/vc_column][\/vc_row][vc_row el_class=&#8221;servicii-top-banner-page-info&#8221;][vc_column][vc_row_inner css=&#8221;.vc_custom_1484568530917{background-color: #7f9296 !important;background-position: center !important;background-repeat: no-repeat !important;background-size: cover !important;}&#8221; el_class=&#8221;servicii-top-banner-fasie-gri&#8221;][vc_column_inner el_class=&#8221;servicii-top-banner-page-title&#8221; width=&#8221;1\/2&#8243;][vc_custom_heading text=&#8221;SERVICII AUTO COMPLETE \u0218I PROGRAM RABLA&#8221; font_container=&#8221;tag:h3|text_align:left|color:%23ffffff&#8221; use_theme_fonts=&#8221;yes&#8221;][\/vc_column_inner][vc_column_inner el_class=&#8221;servicii-top-banner-page-breadcrumb&#8221; width=&#8221;1\/2&#8243;][\/vc_column_inner][\/vc_row_inner][\/vc_column][\/vc_row][vc_row el_class=&#8221;servicii-sectiunea-1&#8243;][vc_column width=&#8221;1\/3&#8243; css=&#8221;.vc_custom_1484142666877{background-position: center !important;background-repeat: no-repeat !important;background-size: cover !important;}&#8221; el_class=&#8221;servicii-sectiunea-1-1&#8243;][vc_row_inner el_class=&#8221;servicii-custom-menu&#8221;][vc_column_inner css=&#8221;.vc_custom_1484139076748{background-color: #53575a !important;background-position: center !important;background-repeat: no-repeat !important;background-size: cover !important;}&#8221;][vc_wp_custommenu nav_menu=&#8221;50&#8243;][\/vc_column_inner][\/vc_row_inner][vc_column_text css=&#8221;.vc_custom_1490002406235{background-color: #f15a22 !important;background-position: center !important;background-repeat: no-repeat !important;background-size: cover !important;}&#8221; el_class=&#8221;servicii-buton-solicita&#8221;]<\/p>\n<div><img loading=\"lazy\" class=\"alignnone size-full wp-image-2323\" src=\"http:\/\/www.expertmind.ro\/wp-content\/uploads\/2017\/02\/icon-contacteaza.png\" alt=\"\" width=\"48\" height=\"56\" \/><\/div>\n<div>\n<h4 style=\"color: #ffffff;\"><a href=\"http:\/\/www.expertmind.ro\/contact\/\">HAI SA LUCRAM IMPREUNA!<\/a><\/h4>\n<\/div>\n<p>[\/vc_column_text][\/vc_column][vc_column width=&#8221;2\/3&#8243; el_class=&#8221;servicii-sectiunea-1-2&#8243;][vc_row_inner el_class=&#8221;servicii-sectiunea-1-2-titlu&#8221;][vc_column_inner][vc_custom_heading text=&#8221;Servicii auto complete \u0219i program Rabla&#8221; font_container=&#8221;tag:h1|text_align:left|color:%23f15a22&#8243; use_theme_fonts=&#8221;yes&#8221; el_class=&#8221;servicii-sectiunea-1-2-titlu&#8221;][vc_column_text el_class=&#8221;servicii-sectiunea-1-2-text&#8221;]<b>Ce presupun serviciile pentru autoturisme\/utilaje complete:<\/b><\/p>\n<ul>\n<li aria-level=\"1\"><b>Reprezentare RAR;\u00a0<\/b><\/li>\n<\/ul>\n<ul>\n<li aria-level=\"1\"><b>Programul Rabla clasic\/Rabla Plus (depunere dosar- <\/b><b><span style=\"color: #ff6600;\">urm\u0103toarea sesiune 30.09.2022-14.10.2022<\/span>)<\/b><\/li>\n<\/ul>\n<ul>\n<li style=\"font-weight: 400;\" aria-level=\"1\" aria-checked=\"false\"><span style=\"font-weight: 400;\">Eco-tichet ma\u0219ini electrice &#8211; 51.000 RON\u00a0<\/span><\/li>\n<li style=\"font-weight: 400;\" aria-level=\"1\" aria-checked=\"false\"><span style=\"font-weight: 400;\">Eco-tichet ma\u0219ini hibrid &#8211; 26.000 RON<\/span><\/li>\n<li style=\"font-weight: 400;\" aria-level=\"1\" aria-checked=\"false\"><span style=\"font-weight: 400;\">Tichet rabla clasic &#8211; 6.000 RON<\/span><\/li>\n<\/ul>\n<ul>\n<li style=\"list-style-type: none;\">\n<ul>\n<li style=\"font-weight: 400;\" aria-level=\"1\"><b>\u00cenmatriculare\/radiere la Direc\u021bia Regim Permise de Conducere \u0219i \u00cenmatriculare a Vehiculelor <\/b><span style=\"font-weight: 400;\">(<\/span><span style=\"font-weight: 400;\">DRPCIV)<\/span><span style=\"font-weight: 400;\">;\u00a0<\/span><\/li>\n<\/ul>\n<\/li>\n<\/ul>\n<ul>\n<li aria-level=\"1\"><b>Reprezentare Prim\u0103rie;\u00a0<\/b><\/li>\n<\/ul>\n<ul>\n<li aria-level=\"1\"><b>Intermediere v\u00e2nzare\/cump\u0103rare auto<\/b><\/li>\n<\/ul>\n<ul>\n<li aria-level=\"1\"><b>Traducere acte.\u00a0<\/b><\/li>\n<\/ul>\n<h4><\/h4>\n<p><span style=\"font-weight: 400;\">Avem o experien\u021b\u0103 de 15 ani \u00een rela\u021bia cu autorit\u0103\u021bile statului \u0219i expertiz\u0103 \u00een <\/span><span style=\"font-weight: 400;\">servicii complete, de aceea am dezvoltat serviciile pentru autoturisme\/utilaje auto, ce \u021bin de intermedierea cu institu\u021biile precum Direc\u021bia Regim Permise de Conducere \u0219i \u00cenmatriculare a Vehiculelor (<\/span><span style=\"font-weight: 400;\">DRPCIV, <\/span><span style=\"font-weight: 400;\">Prim\u0103rie. Unul dintre principalele noastre avantaje este faptul c\u0103 suntem la curent cu noile schimb\u0103ri legislative \u0219i cunoa\u0219tem exact ce acte sunt necesare pentru acest proces.\u00a0<\/span><\/p>\n<h4><\/h4>\n<p><span style=\"color: #ff6600;\"><b>De ce ar trebui s\u0103 apela\u021bi la consultan\u021bii no\u0219tri?\u00a0<\/b><\/span><\/p>\n<h4><\/h4>\n<ol>\n<li style=\"font-weight: 400;\" aria-level=\"1\"><span style=\"font-weight: 400;\">Economisirea timpului &#8211; evitarea aglomera\u021biei des \u00eent\u00e2lnite la institu\u021biile statului <\/span><span style=\"font-weight: 400;\">(un minim de 4 institu\u021bii de vizitat)<\/span><span style=\"font-weight: 400;\">;<\/span><\/li>\n<li style=\"font-weight: 400;\" aria-level=\"1\"><span style=\"font-weight: 400;\">Experien\u021b\u0103 \u0219i profesionalism\u00a0 &#8211; eliminarea erorilor ce pot ap\u0103rea \u00een timpul procesului;<\/span><\/li>\n<li style=\"font-weight: 400;\" aria-level=\"1\"><span style=\"font-weight: 400;\">Suport \u0219i consiliere gratuit\u0103 &#8211; pe tot parcursul colabor\u0103rii;<\/span><\/li>\n<\/ol>\n<h4><\/h4>\n<p><b>L\u0103sa\u021bi birocra\u021bia \u00een seama noastr\u0103 \u0219i bucura\u021bi-v\u0103 mai mult timp de plimb\u0103rile cu noua ma\u0219in\u0103!<\/b><\/p>\n<p><span style=\"font-weight: 400;\">Pentru mai multe detalii \u0219i informa\u021bii suplimentare ne pute\u021bi contacta la num\u0103rul de<\/span><\/p>\n<p><span style=\"font-weight: 400;\">t<\/span><span style=\"font-weight: 400;\">elefon: <\/span><b>0755 072 488<\/b><span style=\"font-weight: 400;\"> sau la adresa de e-mail: <\/span><b>office.is@expertmind.ro<\/b>[\/vc_column_text][vc_separator color=&#8221;custom&#8221; el_class=&#8221;servicii-sectiunea-1-2-liniuta&#8221; accent_color=&#8221;#313131&#8243;][\/vc_column_inner][\/vc_row_inner][\/vc_column][\/vc_row]<\/p>","protected":false},"excerpt":{"rendered":"<p>[vc_row css=&#8221;.vc_custom_1489770104078{background-image: url(http:\/\/www.expertmind.ro\/wp-content\/uploads\/2017\/01\/servicii-de-inventariere.png?id=3957) !important;background-position: center !important;background-repeat: no-repeat !important;background-size: cover !important;}&#8221; el_class=&#8221;servicii-top-banner&#8221;][vc_column width=&#8221;2\/3&#8243; el_class=&#8221;servicii-top-banner-title&#8221;][vc_custom_heading text=&#8221;Punem lucrurile la locul lor!&#8221; font_container=&#8221;tag:h2|text_align:left|color:%23f15a23&#8243; use_theme_fonts=&#8221;yes&#8221;][\/vc_column][vc_column width=&#8221;1\/3&#8243;][\/vc_column][\/vc_row][vc_row el_class=&#8221;servicii-top-banner-page-info&#8221;][vc_column][vc_row_inner css=&#8221;.vc_custom_1484568530917{background-color: #7f9296 !important;background-position: center !important;background-repeat: no-repeat !important;background-size: cover !important;}&#8221; el_class=&#8221;servicii-top-banner-fasie-gri&#8221;][vc_column_inner el_class=&#8221;servicii-top-banner-page-title&#8221; width=&#8221;1\/2&#8243;][vc_custom_heading text=&#8221;SERVICII AUTO COMPLETE \u0218I PROGRAM RABLA&#8221; font_container=&#8221;tag:h3|text_align:left|color:%23ffffff&#8221; use_theme_fonts=&#8221;yes&#8221;][\/vc_column_inner][vc_column_inner el_class=&#8221;servicii-top-banner-page-breadcrumb&#8221; width=&#8221;1\/2&#8243;][\/vc_column_inner][\/vc_row_inner][\/vc_column][\/vc_row][vc_row el_class=&#8221;servicii-sectiunea-1&#8243;][vc_column width=&#8221;1\/3&#8243; css=&#8221;.vc_custom_1484142666877{background-position: center !important;background-repeat: no-repeat !important;background-size: cover !important;}&#8221; el_class=&#8221;servicii-sectiunea-1-1&#8243;][vc_row_inner el_class=&#8221;servicii-custom-menu&#8221;][vc_column_inner [&hellip;]<\/p>\n","protected":false},"author":3507,"featured_media":14066,"parent":1984,"menu_order":0,"comment_status":"closed","ping_status":"closed","template":"","meta":[],"_links":{"self":[{"href":"https:\/\/www.expertmind.ro\/en\/wp-json\/wp\/v2\/pages\/13362"}],"collection":[{"href":"https:\/\/www.expertmind.ro\/en\/wp-json\/wp\/v2\/pages"}],"about":[{"href":"https:\/\/www.expertmind.ro\/en\/wp-json\/wp\/v2\/types\/page"}],"author":[{"embeddable":true,"href":"https:\/\/www.expertmind.ro\/en\/wp-json\/wp\/v2\/users\/3507"}],"replies":[{"embeddable":true,"href":"https:\/\/www.expertmind.ro\/en\/wp-json\/wp\/v2\/comments?post=13362"}],"version-history":[{"count":26,"href":"https:\/\/www.expertmind.ro\/en\/wp-json\/wp\/v2\/pages\/13362\/revisions"}],"predecessor-version":[{"id":16467,"href":"https:\/\/www.expertmind.ro\/en\/wp-json\/wp\/v2\/pages\/13362\/revisions\/16467"}],"up":[{"embeddable":true,"href":"https:\/\/www.expertmind.ro\/en\/wp-json\/wp\/v2\/pages\/1984"}],"wp:featuredmedia":[{"embeddable":true,"href":"https:\/\/www.expertmind.ro\/en\/wp-json\/wp\/v2\/media\/14066"}],"wp:attachment":[{"href":"https:\/\/www.expertmind.ro\/en\/wp-json\/wp\/v2\/media?parent=13362"}],"curies":[{"name":"wp","href":"https:\/\/api.w.org\/{rel}","templated":true}]}}