{"id":2000,"date":"2017-01-06T14:07:50","date_gmt":"2017-01-06T14:07:50","guid":{"rendered":"http:\/\/www.expertmind.ro\/?page_id=2000"},"modified":"2025-11-13T15:32:44","modified_gmt":"2025-11-13T13:32:44","slug":"consultanta-juridica","status":"publish","type":"page","link":"https:\/\/www.expertmind.ro\/en\/services\/consulting\/judicial-consultancy\/","title":{"rendered":"Judicial consultancy"},"content":{"rendered":"<p>[vc_row css=&#8221;.vc_custom_1489769227578{background-image: url(http:\/\/www.expertmind.ro\/wp-content\/uploads\/2017\/01\/consultanta.png?id=3938) !important;background-position: center !important;background-repeat: no-repeat !important;background-size: cover !important;}&#8221; el_class=&#8221;servicii-top-banner&#8221;][vc_column width=&#8221;2\/3&#8243; el_class=&#8221;servicii-top-banner-title&#8221;][vc_custom_heading text=&#8221;Fiecare business e diferit,<br \/>\ncu nevoi distincte.<br \/>\nIti oferim consultanta strategica!&#8221; font_container=&#8221;tag:h2|text_align:left|color:%23f15a23&#8243; use_theme_fonts=&#8221;yes&#8221;][\/vc_column][vc_column width=&#8221;1\/3&#8243;][\/vc_column][\/vc_row][vc_row el_class=&#8221;servicii-top-banner-page-info&#8221;][vc_column][vc_row_inner css=&#8221;.vc_custom_1484568530917{background-color: #7f9296 !important;background-position: center !important;background-repeat: no-repeat !important;background-size: cover !important;}&#8221; el_class=&#8221;servicii-top-banner-fasie-gri&#8221;][vc_column_inner el_class=&#8221;servicii-top-banner-page-title&#8221; width=&#8221;1\/2&#8243;][vc_custom_heading text=&#8221;CONSULTANTA JURIDICA&#8221; font_container=&#8221;tag:h3|text_align:left|color:%23ffffff&#8221; use_theme_fonts=&#8221;yes&#8221;][\/vc_column_inner][vc_column_inner el_class=&#8221;servicii-top-banner-page-breadcrumb&#8221; width=&#8221;1\/2&#8243;][\/vc_column_inner][\/vc_row_inner][\/vc_column][\/vc_row][vc_row el_class=&#8221;servicii-sectiunea-1&#8243;][vc_column width=&#8221;1\/3&#8243; css=&#8221;.vc_custom_1484142666877{background-position: center !important;background-repeat: no-repeat !important;background-size: cover !important;}&#8221; el_class=&#8221;servicii-sectiunea-1-1&#8243;][vc_row_inner el_class=&#8221;servicii-custom-menu&#8221;][vc_column_inner css=&#8221;.vc_custom_1484139076748{background-color: #53575a !important;background-position: center !important;background-repeat: no-repeat !important;background-size: cover !important;}&#8221;][vc_wp_custommenu nav_menu=&#8221;50&#8243;][\/vc_column_inner][\/vc_row_inner][vc_row_inner css=&#8221;.vc_custom_1484142706750{background-position: center !important;background-repeat: no-repeat !important;background-size: cover !important;}&#8221; el_class=&#8221;servicii-key-person-titlu&#8221;][vc_column_inner css=&#8221;.vc_custom_1484139034841{background-color: #7f9296 !important;background-position: center !important;background-repeat: no-repeat !important;background-size: cover !important;}&#8221;][vc_custom_heading text=&#8221;SPECIALIST&#8221; font_container=&#8221;tag:h4|text_align:left&#8221; use_theme_fonts=&#8221;yes&#8221; css=&#8221;.vc_custom_1489501844458{background-color: #7f9296 !important;background-position: center !important;background-repeat: no-repeat !important;background-size: cover !important;}&#8221;][\/vc_column_inner][\/vc_row_inner][vc_row_inner css=&#8221;.vc_custom_1484142722365{background-color: #7f9296 !important;background-position: center !important;background-repeat: no-repeat !important;background-size: cover !important;}&#8221; el_class=&#8221;servicii-key-person&#8221;][vc_column_inner el_class=&#8221;servicii-key-person-image&#8221; width=&#8221;1\/2&#8243;][vc_single_image image=&#8221;3210&#8243; img_size=&#8221;full&#8221;][\/vc_column_inner][vc_column_inner el_class=&#8221;servicii-key-person-content&#8221; width=&#8221;1\/2&#8243;][vc_custom_heading text=&#8221;Iulia Hauca&#8221; font_container=&#8221;tag:h5|text_align:left|color:%23ffffff&#8221; use_theme_fonts=&#8221;yes&#8221; el_class=&#8221;key-person-name&#8221;][vc_column_text el_class=&#8221;servicii-key-person-text&#8221;]<\/p>\n<div style=\"color: #ffffff;\">\n<p>Avocat<\/p>\n<p>iulia.hauca@expertmind.ro<br \/>\n0753.028.301<br \/>\n0374.490.137 &#8211; interior 2<\/p>\n<\/div>\n<p>[\/vc_column_text][vc_custom_heading text=&#8221;&gt; Afla mai multe&#8221; font_container=&#8221;tag:h5|text_align:left|color:%23ffffff&#8221; use_theme_fonts=&#8221;yes&#8221; el_class=&#8221;key-person-afla-mai-multe&#8221; link=&#8221;url:http%3A%2F%2Fwww.expertmind.ro%2Fteam%2Fiulia-hauca%2F|||&#8221;][\/vc_column_inner][\/vc_row_inner][vc_empty_space height=&#8221;10px&#8221;][vc_column_text css=&#8221;.vc_custom_1490001656124{background-color: #f15a22 !important;background-position: center !important;background-repeat: no-repeat !important;background-size: cover !important;}&#8221; el_class=&#8221;servicii-buton-solicita&#8221;]<\/p>\n<div><img loading=\"lazy\" class=\"alignnone size-full wp-image-2323\" src=\"http:\/\/www.expertmind.ro\/wp-content\/uploads\/2017\/02\/icon-contacteaza.png\" alt=\"\" width=\"48\" height=\"56\" \/><\/div>\n<div>\n<h4 style=\"color: #ffffff;\"><a href=\"http:\/\/www.expertmind.ro\/contact\/\">HAI SA LUCRAM IMPREUNA!<\/a><\/h4>\n<\/div>\n<p>[\/vc_column_text][\/vc_column][vc_column width=&#8221;2\/3&#8243; el_class=&#8221;servicii-sectiunea-1-2&#8243;][vc_row_inner el_class=&#8221;servicii-sectiunea-1-2-titlu&#8221;][vc_column_inner][vc_custom_heading text=&#8221;Consultanta juridica&#8221; font_container=&#8221;tag:h1|text_align:left|color:%23f15a22&#8243; use_theme_fonts=&#8221;yes&#8221; el_class=&#8221;servicii-sectiunea-1-2-titlu&#8221;][vc_column_text el_class=&#8221;servicii-sectiunea-1-2-text&#8221;]<\/p>\n<h4>Consultanta juridica este cu adevarat valoroasa cind se constituie intr-un pachet complet de servicii. Fie ca vorbim despre deschiderea unei afaceri, alegerea formei juridice sau servicii de consultanta juridica pentru o afacere matura, EXPERT MIND ofera solutii pentru fiecare etapa.<\/h4>\n<p>[\/vc_column_text][vc_separator color=&#8221;custom&#8221; el_class=&#8221;servicii-sectiunea-1-2-liniuta&#8221; accent_color=&#8221;#313131&#8243;][\/vc_column_inner][\/vc_row_inner][vc_row_inner el_class=&#8221;servicii-1-2-content&#8221;][vc_column_inner el_class=&#8221;servicii-1-2-content-1&#8243; width=&#8221;1\/2&#8243;][vc_column_text]Departamentul juridic al grupului de firme <strong>EXPERT MIND<\/strong> intampina antreprenorii cu planuri complete in trecerea de la idee la business!<\/p>\n<p>Suntem ancorati in mediul online pentru a raspunde prompt pana si celor mai complexe cerinte, astfel incat sa va reprezentam cu intaietate.<\/p>\n<p>Experienta echipei noastre se reflecta in <strong>activitatile de asistenta, reprezentare si mentiune juridica<\/strong> inca de la infiintarea firmei si pana la functionalitatea sa din punct de vedere legal.<\/p>\n<p>Conceptul pachetelor complete de servicii exista in grila dumneavoastra de optiuni, acestea fiind personalizate pe fiecare speta in parte.<\/p>\n<p>In functie de traseul juridic, va stam la dispozitie cu solutii pentru solicitarile dumneavoastra!<\/p>\n<p>De asemenea, in cadrul serviciului de consultata juridica este inclusa si <strong>consultanta pentru recuperarea creantelor<\/strong> de la clientii cu intarzieri de plata ale facturilor, prin initierea unei proceduri in fata instantei pentru recuperarea creantei, in termenul de prescriptie de trei ani.[\/vc_column_text][\/vc_column_inner][vc_column_inner el_class=&#8221;servicii-1-2-content-1&#8243; width=&#8221;1\/2&#8243;][vc_column_text]Experienta e esentiala in orice serviciu prestat. Noi ne mandrim cu peste 10 ani de activitate si spete cat mai diverse. Echipa noastra de consultanti parcurge toate etapele de analiza, dezvoltare si implementare a solutiilor necesare pentru:<\/p>\n<ul>\n<li><strong>Consultanta in deschiderea propriei afaceri<\/strong>: alegerea codului CAEN, denumirea firmei, intermedierea cu privire la sediul social<\/li>\n<li>Indrumare in alegerea <strong>celei mai potrivite forme juridice<\/strong> privind obiectul de activitate al firmei<\/li>\n<li><strong>Consultanta juridica pentru inmatriculare sau orice mentiune<\/strong>: schimbarea sediului social, deschidere\/inchidere punct de lucru, cooptare asociati, cesionarea partilor sociale, numire\/revocare administrator, schimbarea obiectului principal de activitate, autorizarea codurilor CAEN, radiere<\/li>\n<li><strong>Consultanta in vederea obtinerii de autorizatii<\/strong>: de functionare (Primarie), de la DSV, APM, ISU<\/li>\n<li><strong>Consultanta pentru inregistrarea marcilor nationale<\/strong> (OSIM) si a <strong>marcilor europene<\/strong> (EUIPO)<\/li>\n<\/ul>\n<p>[\/vc_column_text][\/vc_column_inner][\/vc_row_inner][vc_row_inner el_class=&#8221;caseta-consultanta&#8221;][vc_column_inner css=&#8221;.vc_custom_1490191902969{background-color: #a39383 !important;}&#8221;][vc_column_text]<\/p>\n<p data-start=\"775\" data-end=\"1145\">Primul pas \u00eentr-o afacere poate p\u0103rea complicat, deoarece presupune alegerea formei juridice adecvate pentru desf\u0103\u0219urarea activit\u0103\u021bii. F\u0103r\u0103 consultan\u021b\u0103 de specialitate, exist\u0103 riscul de a investi timp \u0219i resurse financiare suplimentare. Pentru a evita aceste situa\u021bii \u0219i pentru a simplifica procesul, poti opta pentru <a href=\"http:\/\/www.expertmind.ro\/servicii\/consultanta\/consultanta-online\/\"><u>serviciul nostru de consultanta juridica online<\/u><\/a><u>.<\/u><\/p>\n<p data-start=\"1147\" data-end=\"1581\">Stabileste o programare online cu unul dintre consultantii nostri, iar \u00eempreun\u0103 vom identifica solu\u021bii adaptate pentru firma ta: de la g\u0103zduirea sediului social \u0219i alegerea regimului de impozitare, p\u00e2n\u0103 la stabilirea necesit\u0103\u021bii de \u00eenregistrare \u00een scopuri de TVA, autorizarea activit\u0103\u021bilor, alegerea denumirii potrivite \u0219i clarificarea tuturor cerin\u021belor esen\u021biale pentru desf\u0103\u0219urarea activit\u0103\u021bii \u00een condi\u021bii legale \u0219i organizate.<\/p>\n<p>[\/vc_column_text][\/vc_column_inner][\/vc_row_inner][\/vc_column][\/vc_row]<\/p>","protected":false},"excerpt":{"rendered":"<p>[vc_row css=&#8221;.vc_custom_1489769227578{background-image: url(http:\/\/www.expertmind.ro\/wp-content\/uploads\/2017\/01\/consultanta.png?id=3938) !important;background-position: center !important;background-repeat: no-repeat !important;background-size: cover !important;}&#8221; el_class=&#8221;servicii-top-banner&#8221;][vc_column width=&#8221;2\/3&#8243; el_class=&#8221;servicii-top-banner-title&#8221;][vc_custom_heading text=&#8221;Fiecare business e diferit, cu nevoi distincte. Iti oferim consultanta strategica!&#8221; font_container=&#8221;tag:h2|text_align:left|color:%23f15a23&#8243; use_theme_fonts=&#8221;yes&#8221;][\/vc_column][vc_column width=&#8221;1\/3&#8243;][\/vc_column][\/vc_row][vc_row el_class=&#8221;servicii-top-banner-page-info&#8221;][vc_column][vc_row_inner css=&#8221;.vc_custom_1484568530917{background-color: #7f9296 !important;background-position: center !important;background-repeat: no-repeat !important;background-size: cover !important;}&#8221; el_class=&#8221;servicii-top-banner-fasie-gri&#8221;][vc_column_inner el_class=&#8221;servicii-top-banner-page-title&#8221; width=&#8221;1\/2&#8243;][vc_custom_heading text=&#8221;CONSULTANTA JURIDICA&#8221; font_container=&#8221;tag:h3|text_align:left|color:%23ffffff&#8221; use_theme_fonts=&#8221;yes&#8221;][\/vc_column_inner][vc_column_inner el_class=&#8221;servicii-top-banner-page-breadcrumb&#8221; width=&#8221;1\/2&#8243;][\/vc_column_inner][\/vc_row_inner][\/vc_column][\/vc_row][vc_row el_class=&#8221;servicii-sectiunea-1&#8243;][vc_column width=&#8221;1\/3&#8243; css=&#8221;.vc_custom_1484142666877{background-position: center !important;background-repeat: no-repeat !important;background-size: cover !important;}&#8221; [&hellip;]<\/p>\n","protected":false},"author":1,"featured_media":0,"parent":2104,"menu_order":1,"comment_status":"closed","ping_status":"closed","template":"","meta":[],"_links":{"self":[{"href":"https:\/\/www.expertmind.ro\/en\/wp-json\/wp\/v2\/pages\/2000"}],"collection":[{"href":"https:\/\/www.expertmind.ro\/en\/wp-json\/wp\/v2\/pages"}],"about":[{"href":"https:\/\/www.expertmind.ro\/en\/wp-json\/wp\/v2\/types\/page"}],"author":[{"embeddable":true,"href":"https:\/\/www.expertmind.ro\/en\/wp-json\/wp\/v2\/users\/1"}],"replies":[{"embeddable":true,"href":"https:\/\/www.expertmind.ro\/en\/wp-json\/wp\/v2\/comments?post=2000"}],"version-history":[{"count":48,"href":"https:\/\/www.expertmind.ro\/en\/wp-json\/wp\/v2\/pages\/2000\/revisions"}],"predecessor-version":[{"id":17505,"href":"https:\/\/www.expertmind.ro\/en\/wp-json\/wp\/v2\/pages\/2000\/revisions\/17505"}],"up":[{"embeddable":true,"href":"https:\/\/www.expertmind.ro\/en\/wp-json\/wp\/v2\/pages\/2104"}],"wp:attachment":[{"href":"https:\/\/www.expertmind.ro\/en\/wp-json\/wp\/v2\/media?parent=2000"}],"curies":[{"name":"wp","href":"https:\/\/api.w.org\/{rel}","templated":true}]}}