{"id":2116,"date":"2017-01-11T11:33:59","date_gmt":"2017-01-11T11:33:59","guid":{"rendered":"http:\/\/www.expertmind.ro\/?page_id=2116"},"modified":"2025-10-06T14:36:08","modified_gmt":"2025-10-06T12:36:08","slug":"avize-si-autorizatii","status":"publish","type":"page","link":"https:\/\/www.expertmind.ro\/en\/services\/services-onrc\/legal-opinion-and-authorization\/","title":{"rendered":"Legal opinion and authorization"},"content":{"rendered":"<p>[vc_row css=&#8221;.vc_custom_1489768519477{background-image: url(http:\/\/www.expertmind.ro\/wp-content\/uploads\/2017\/01\/servicii-onrc.png?id=3927) !important;background-position: center !important;background-repeat: no-repeat !important;background-size: cover !important;}&#8221; el_class=&#8221;servicii-top-banner&#8221;][vc_column width=&#8221;2\/3&#8243; el_class=&#8221;servicii-top-banner-title&#8221;][vc_custom_heading text=&#8221;Iti dam siguranta de care ai nevoie!&#8221; font_container=&#8221;tag:h2|text_align:left|color:%23f15a23&#8243; use_theme_fonts=&#8221;yes&#8221;][\/vc_column][vc_column width=&#8221;1\/3&#8243;][\/vc_column][\/vc_row][vc_row el_class=&#8221;servicii-top-banner-page-info&#8221;][vc_column][vc_row_inner css=&#8221;.vc_custom_1484568530917{background-color: #7f9296 !important;background-position: center !important;background-repeat: no-repeat !important;background-size: cover !important;}&#8221; el_class=&#8221;servicii-top-banner-fasie-gri&#8221;][vc_column_inner el_class=&#8221;servicii-top-banner-page-title&#8221; width=&#8221;1\/2&#8243;][vc_custom_heading text=&#8221;AVIZE SI AUTORIZATII&#8221; font_container=&#8221;tag:h3|text_align:left|color:%23ffffff&#8221; use_theme_fonts=&#8221;yes&#8221;][\/vc_column_inner][vc_column_inner el_class=&#8221;servicii-top-banner-page-breadcrumb&#8221; width=&#8221;1\/2&#8243;][\/vc_column_inner][\/vc_row_inner][\/vc_column][\/vc_row][vc_row el_class=&#8221;servicii-sectiunea-1&#8243;][vc_column width=&#8221;1\/3&#8243; css=&#8221;.vc_custom_1484142666877{background-position: center !important;background-repeat: no-repeat !important;background-size: cover !important;}&#8221; el_class=&#8221;servicii-sectiunea-1-1&#8243;][vc_row_inner el_class=&#8221;servicii-custom-menu&#8221;][vc_column_inner css=&#8221;.vc_custom_1484139076748{background-color: #53575a !important;background-position: center !important;background-repeat: no-repeat !important;background-size: cover !important;}&#8221;][vc_wp_custommenu nav_menu=&#8221;50&#8243;][\/vc_column_inner][\/vc_row_inner][vc_row_inner css=&#8221;.vc_custom_1484142706750{background-position: center !important;background-repeat: no-repeat !important;background-size: cover !important;}&#8221; el_class=&#8221;servicii-key-person-titlu&#8221;][vc_column_inner css=&#8221;.vc_custom_1484139034841{background-color: #7f9296 !important;background-position: center !important;background-repeat: no-repeat !important;background-size: cover !important;}&#8221;][vc_custom_heading text=&#8221;SPECIALISTI&#8221; font_container=&#8221;tag:h4|text_align:left&#8221; use_theme_fonts=&#8221;yes&#8221; css=&#8221;.vc_custom_1489499197420{background-color: #7f9296 !important;background-position: center !important;background-repeat: no-repeat !important;background-size: cover !important;}&#8221;][\/vc_column_inner][\/vc_row_inner][vc_row_inner css=&#8221;.vc_custom_1484142722365{background-color: #7f9296 !important;background-position: center !important;background-repeat: no-repeat !important;background-size: cover !important;}&#8221; el_class=&#8221;servicii-key-person&#8221;][vc_column_inner el_class=&#8221;servicii-key-person-image&#8221; width=&#8221;1\/2&#8243;][vc_single_image source=&#8221;external_link&#8221; custom_src=&#8221;https:\/\/www.expertmind.ro\/wp-content\/uploads\/2022\/01\/Expert_EDIT_redimensionate_001.jpg&#8221;][\/vc_column_inner][vc_column_inner el_class=&#8221;servicii-key-person-content&#8221; width=&#8221;1\/2&#8243;][vc_custom_heading text=&#8221;Ina Bulimar&#8221; font_container=&#8221;tag:h5|text_align:left|color:%23ffffff&#8221; use_theme_fonts=&#8221;yes&#8221; el_class=&#8221;key-person-name&#8221;][vc_column_text el_class=&#8221;servicii-key-person-text&#8221;]<\/p>\n<div style=\"color: #ffffff;\">\n<p>Consultant Departament Juridic<\/p>\n<p>ina.bulimar@expertmind.ro<br \/>\n0746.080.683<br \/>\n0374.490.137 &#8211; interior 2<\/p>\n<\/div>\n<p>[\/vc_column_text][vc_custom_heading text=&#8221;&gt; Afla mai multe&#8221; font_container=&#8221;tag:h5|text_align:left|color:%23ffffff&#8221; use_theme_fonts=&#8221;yes&#8221; el_class=&#8221;key-person-afla-mai-multe&#8221; link=&#8221;url:http%3A%2F%2Fwww.expertmind.ro%2Fteam%2Fina-bulimar%2F|||&#8221;][\/vc_column_inner][\/vc_row_inner][vc_row_inner css=&#8221;.vc_custom_1489419852801{background-color: #7f9296 !important;}&#8221;][vc_column_inner css=&#8221;.vc_custom_1489419859528{margin-top: -35px !important;}&#8221;][vc_separator color=&#8221;custom&#8221; el_width=&#8221;90&#8243; accent_color=&#8221;#ffffff&#8221;][\/vc_column_inner][\/vc_row_inner][vc_column_text css=&#8221;.vc_custom_1490000308791{background-color: #f15a22 !important;background-position: center !important;background-repeat: no-repeat !important;background-size: cover !important;}&#8221; el_class=&#8221;servicii-buton-solicita&#8221;]<\/p>\n<div><img loading=\"lazy\" class=\"alignnone size-full wp-image-2323\" src=\"http:\/\/www.expertmind.ro\/wp-content\/uploads\/2017\/02\/icon-contacteaza.png\" alt=\"\" width=\"48\" height=\"56\" \/><\/div>\n<div>\n<h4 style=\"color: #ffffff;\"><a href=\"http:\/\/www.expertmind.ro\/contact\/\">HAI SA LUCRAM IMPREUNA!<\/a><\/h4>\n<\/div>\n<p>[\/vc_column_text][\/vc_column][vc_column width=&#8221;2\/3&#8243; el_class=&#8221;servicii-sectiunea-1-2&#8243;][vc_row_inner el_class=&#8221;servicii-sectiunea-1-2-titlu&#8221;][vc_column_inner][vc_custom_heading text=&#8221;Avize si autorizatii&#8221; font_container=&#8221;tag:h1|text_align:left|color:%23f15a22&#8243; use_theme_fonts=&#8221;yes&#8221; el_class=&#8221;servicii-sectiunea-1-2-titlu&#8221;][vc_column_text el_class=&#8221;servicii-sectiunea-1-2-text&#8221;]<\/p>\n<h4>Obtinerea de avize si autorizatii poate fi o experienta complicata si neplacuta, avand in vedere ca implica statul la ghisee, completarea de formulare si drumurile nesfarsite. Evitati aceste situatii stresante prin colaborarea cu noi.<\/h4>\n<p>[\/vc_column_text][vc_separator color=&#8221;custom&#8221; el_class=&#8221;servicii-sectiunea-1-2-liniuta&#8221; accent_color=&#8221;#313131&#8243;][\/vc_column_inner][\/vc_row_inner][vc_row_inner el_class=&#8221;servicii-1-2-content&#8221;][vc_column_inner el_class=&#8221;servicii-1-2-content-1&#8243; width=&#8221;1\/2&#8243;][vc_column_text]<strong>EXPERT MIND<\/strong> te ajuta sa functionezi <strong>legal si corect<\/strong> fara sa pierzi timp si fara batai de cap. Specialistii nostri se vor ocupa de obtinerea documentatiei si de intregul parcurs al dosarului in cel mai scurt timp. O echipa de profesionisti preia cererea si stie exact ce formulare sa completeze, unde sa le depuna, cat sa astepte pana la emiterea <strong>avizelor sau autorizatiilor<\/strong>.<\/p>\n<p>Cele mai frecvent solicitate avize si autorizatii sunt:<\/p>\n<ul>\n<li><strong>Autorizatie de functionare (Primarie)<\/strong><\/li>\n<li><strong>Autorizatii de <\/strong><strong>mediu<\/strong><\/li>\n<li><strong>Autorizatie <\/strong><strong>sanitar veterinara (DSVSA<\/strong><strong>)<\/strong><\/li>\n<li><strong>Autorizatie <\/strong><strong>DSP (sanatate publica)<\/strong><\/li>\n<li><strong>Autorizatie <\/strong><strong>firma luminoasa)Servicii SSM si PSI<\/strong><\/li>\n<\/ul>\n<p>[\/vc_column_text][\/vc_column_inner][vc_column_inner el_class=&#8221;servicii-1-2-content-1&#8243; width=&#8221;1\/2&#8243;][vc_column_text]<strong>Activitatea de obtinere pe cont propriu a autorizatie<\/strong> (spre exeplu cea de functionare de la Primarie) implica culegerea actelor juridice in mai multe etape, consumatoare de timp si resurse.<\/p>\n<p>Primul solicitat este <strong>certificatul de atestare fiscala<\/strong>, care se obtine de la Primarie. Acesta este urmat de <strong>definitivarea dosarului juridic<\/strong> (actele juridice ale societatii, contract de dobandire a spatiului care va fi autorizat etc).<\/p>\n<p>Cu dosarul complet se merge la Primarie pentru <strong>depunere<\/strong>. Cererea este solutionata in timp de 30 de zile, daca dosarul a fost completat corect. De cele mai multe ori, persoana care analizeaza dosarul solicita unele completari, printre care si autorizatia de constructie a spatiului.[\/vc_column_text][\/vc_column_inner][\/vc_row_inner][vc_row_inner el_class=&#8221;servicii-1-2-content&#8221;][vc_column_inner el_class=&#8221;servicii-1-2-content-1&#8243; width=&#8221;1\/2&#8243;][vc_custom_heading text=&#8221;AUTORIZATIE DSV (Directia Sanitar Veterinara)&#8221; font_container=&#8221;tag:h4|text_align:left|color:%23f15a22&#8243; use_theme_fonts=&#8221;yes&#8221; el_class=&#8221;servicii-sectiunea-1-2-titlu&#8221;][vc_column_text]Toate companiile care fac comert, productie sau depozitare de alimente, trebuie sa fie autorizate de \u00a0<strong>Autoritatea Nationala Sanitar Veterinara si pentru Siguranta Alimentelor<\/strong> inaintea inceperii activitatii, pentru spatiile in care aceste alimente sunt sau vor fi depozitate, indiferent pentru ce perioada.[\/vc_column_text][vc_custom_heading text=&#8221;AUTORIZATII DE MEDIU&#8221; font_container=&#8221;tag:h4|text_align:left|color:%23f15a22&#8243; use_theme_fonts=&#8221;yes&#8221; el_class=&#8221;servicii-sectiunea-1-2-titlu&#8221;][vc_column_text]Categoriile de activitati cu impact semnificativ asupra mediului pentru care este necesara obtinerea autorizatiei de mediu sunt prevazute in anexa nr.1 din Ordinul MMGA 1798\/2007. Activit\u0103\u0163ile de productie, import, export, plasare pe piata, utilizare, recuperare, reciclare, regenerare si distrugere a unor substante care epuizeaza stratul de ozon se supun prevederilor Protocolului de la Montreal privind substantele care epuizeaza stratul de ozon, la care Romania a aderat, cu amendamentele ulterioare acceptate de Romania.[\/vc_column_text][\/vc_column_inner][vc_column_inner el_class=&#8221;servicii-1-2-content-1&#8243; width=&#8221;1\/2&#8243;][vc_custom_heading text=&#8221;AUTORIZATIE DSP (Directia de Sanatate Publica)&#8221; font_container=&#8221;tag:h4|text_align:left|color:%23f15a22&#8243; use_theme_fonts=&#8221;yes&#8221; el_class=&#8221;servicii-sectiunea-1-2-titlu&#8221;][vc_column_text]Aceasta autorizatie este necesara pentru toate companiile care au unul sau mai multe obiecte de activitate din lista de mai jos:<\/p>\n<ul>\n<li>tratarea \u015fi distribu\u0163ia apei potabile;<\/li>\n<li>productia de ape minerale si alte ape imbuteliate;<\/li>\n<li>fabricarea ghetii pentru consum uman din apa potabila;<\/li>\n<li>amenajarea zonelor naturale de imbaiere;<\/li>\n<li>asisten\u0163\u0103 medical\u0103 spitaliceasc\u0103;<\/li>\n<li>activitati de asistenta medicala generala;<\/li>\n<li>activitati de asistenta medicala specializata;<\/li>\n<li>activitati de asistenta stomatologica;<\/li>\n<li>activitati ale centrelor de ingrijire medicala;<\/li>\n<li>activitati ale centrelor de recuperare psihica si de dezintoxicare, exclusiv spitale;<\/li>\n<li>activitati le caminelor de batrani si si ale caminelor pentru persoane aflate in incapacitate de a se ingriji singure;<\/li>\n<li>alte activitati referitoare la santatatea umana, conform reglementarilor legale in vigoare<\/li>\n<li>activitati de piercing, tatuare artistica, tatuare cosmetica, implantare dermala.<\/li>\n<\/ul>\n<p>[\/vc_column_text][\/vc_column_inner][\/vc_row_inner][\/vc_column][\/vc_row]<\/p>","protected":false},"excerpt":{"rendered":"<p>[vc_row css=&#8221;.vc_custom_1489768519477{background-image: url(http:\/\/www.expertmind.ro\/wp-content\/uploads\/2017\/01\/servicii-onrc.png?id=3927) !important;background-position: center !important;background-repeat: no-repeat !important;background-size: cover !important;}&#8221; el_class=&#8221;servicii-top-banner&#8221;][vc_column width=&#8221;2\/3&#8243; el_class=&#8221;servicii-top-banner-title&#8221;][vc_custom_heading text=&#8221;Iti dam siguranta de care ai nevoie!&#8221; font_container=&#8221;tag:h2|text_align:left|color:%23f15a23&#8243; use_theme_fonts=&#8221;yes&#8221;][\/vc_column][vc_column width=&#8221;1\/3&#8243;][\/vc_column][\/vc_row][vc_row el_class=&#8221;servicii-top-banner-page-info&#8221;][vc_column][vc_row_inner css=&#8221;.vc_custom_1484568530917{background-color: #7f9296 !important;background-position: center !important;background-repeat: no-repeat !important;background-size: cover !important;}&#8221; el_class=&#8221;servicii-top-banner-fasie-gri&#8221;][vc_column_inner el_class=&#8221;servicii-top-banner-page-title&#8221; width=&#8221;1\/2&#8243;][vc_custom_heading text=&#8221;AVIZE SI AUTORIZATII&#8221; font_container=&#8221;tag:h3|text_align:left|color:%23ffffff&#8221; use_theme_fonts=&#8221;yes&#8221;][\/vc_column_inner][vc_column_inner el_class=&#8221;servicii-top-banner-page-breadcrumb&#8221; width=&#8221;1\/2&#8243;][\/vc_column_inner][\/vc_row_inner][\/vc_column][\/vc_row][vc_row el_class=&#8221;servicii-sectiunea-1&#8243;][vc_column width=&#8221;1\/3&#8243; css=&#8221;.vc_custom_1484142666877{background-position: center !important;background-repeat: no-repeat !important;background-size: cover !important;}&#8221; el_class=&#8221;servicii-sectiunea-1-1&#8243;][vc_row_inner el_class=&#8221;servicii-custom-menu&#8221;][vc_column_inner css=&#8221;.vc_custom_1484139076748{background-color: [&hellip;]<\/p>\n","protected":false},"author":1,"featured_media":0,"parent":2897,"menu_order":4,"comment_status":"closed","ping_status":"closed","template":"","meta":[],"_links":{"self":[{"href":"https:\/\/www.expertmind.ro\/en\/wp-json\/wp\/v2\/pages\/2116"}],"collection":[{"href":"https:\/\/www.expertmind.ro\/en\/wp-json\/wp\/v2\/pages"}],"about":[{"href":"https:\/\/www.expertmind.ro\/en\/wp-json\/wp\/v2\/types\/page"}],"author":[{"embeddable":true,"href":"https:\/\/www.expertmind.ro\/en\/wp-json\/wp\/v2\/users\/1"}],"replies":[{"embeddable":true,"href":"https:\/\/www.expertmind.ro\/en\/wp-json\/wp\/v2\/comments?post=2116"}],"version-history":[{"count":47,"href":"https:\/\/www.expertmind.ro\/en\/wp-json\/wp\/v2\/pages\/2116\/revisions"}],"predecessor-version":[{"id":17340,"href":"https:\/\/www.expertmind.ro\/en\/wp-json\/wp\/v2\/pages\/2116\/revisions\/17340"}],"up":[{"embeddable":true,"href":"https:\/\/www.expertmind.ro\/en\/wp-json\/wp\/v2\/pages\/2897"}],"wp:attachment":[{"href":"https:\/\/www.expertmind.ro\/en\/wp-json\/wp\/v2\/media?parent=2116"}],"curies":[{"name":"wp","href":"https:\/\/api.w.org\/{rel}","templated":true}]}}