{"id":2885,"date":"2017-02-24T10:27:28","date_gmt":"2017-02-24T10:27:28","guid":{"rendered":"http:\/\/www.expertmind.ro\/?page_id=2885"},"modified":"2025-11-14T16:55:47","modified_gmt":"2025-11-14T14:55:47","slug":"abonamente-contabilitate","status":"publish","type":"page","link":"https:\/\/www.expertmind.ro\/en\/fees\/accountancy-subscriptions\/","title":{"rendered":"Accountancy Subscriptions"},"content":{"rendered":"<p>[vc_row css=&#8221;.vc_custom_1489770171673{background-image: url(http:\/\/www.expertmind.ro\/wp-content\/uploads\/2017\/02\/abonamente-contabile.png?id=3959) !important;background-position: center !important;background-repeat: no-repeat !important;background-size: cover !important;}&#8221; el_class=&#8221;servicii-top-banner&#8221;][vc_column width=&#8221;2\/3&#8243; el_class=&#8221;servicii-top-banner-title&#8221;][vc_custom_heading text=&#8221;&#8221; font_container=&#8221;tag:h2|text_align:left|color:%23f15a23&#8243; use_theme_fonts=&#8221;yes&#8221;][\/vc_column][vc_column width=&#8221;1\/3&#8243;][\/vc_column][\/vc_row][vc_row el_class=&#8221;servicii-top-banner-page-info&#8221;][vc_column][vc_row_inner css=&#8221;.vc_custom_1484568530917{background-color: #7f9296 !important;background-position: center !important;background-repeat: no-repeat !important;background-size: cover !important;}&#8221; el_class=&#8221;servicii-top-banner-fasie-gri&#8221;][vc_column_inner el_class=&#8221;servicii-top-banner-page-title&#8221; width=&#8221;1\/2&#8243;][vc_custom_heading text=&#8221;ACCOUNTANCY SUBSCRIPTIONS&#8221; font_container=&#8221;tag:h3|text_align:left|color:%23ffffff&#8221; use_theme_fonts=&#8221;yes&#8221;][\/vc_column_inner][vc_column_inner el_class=&#8221;servicii-top-banner-page-breadcrumb&#8221; width=&#8221;1\/2&#8243;][\/vc_column_inner][\/vc_row_inner][\/vc_column][\/vc_row][vc_row el_class=&#8221;servicii-sectiunea-1&#8243;][vc_column width=&#8221;1\/3&#8243; css=&#8221;.vc_custom_1484142666877{background-position: center !important;background-repeat: no-repeat !important;background-size: cover !important;}&#8221; el_class=&#8221;servicii-sectiunea-1-1&#8243;][vc_row_inner el_class=&#8221;servicii-custom-menu&#8221;][vc_column_inner css=&#8221;.vc_custom_1484139076748{background-color: #53575a !important;background-position: center !important;background-repeat: no-repeat !important;background-size: cover !important;}&#8221;][vc_wp_custommenu nav_menu=&#8221;64&#8243;][\/vc_column_inner][\/vc_row_inner][vc_empty_space height=&#8221;10px&#8221;][vc_column_text css=&#8221;.vc_custom_1499771416394{background-color: #f15a22 !important;background-position: center !important;background-repeat: no-repeat !important;background-size: cover !important;}&#8221; el_class=&#8221;servicii-buton-solicita&#8221;]<\/p>\n<div><img loading=\"lazy\" class=\"alignnone size-full wp-image-2323\" src=\"http:\/\/www.expertmind.ro\/wp-content\/uploads\/2017\/02\/icon-contacteaza.png\" alt=\"\" width=\"48\" height=\"56\" \/><\/div>\n<div>\n<h4 style=\"color: #ffffff;\"><a href=\"http:\/\/www.expertmind.ro\/contact\/\">LET&#8217;S WORK TOGETHER!<\/a><\/h4>\n<\/div>\n<p>[\/vc_column_text][vc_empty_space height=&#8221;10px&#8221;][vc_empty_space height=&#8221;10px&#8221;][\/vc_column][vc_column width=&#8221;2\/3&#8243; el_class=&#8221;servicii-sectiunea-1-2&#8243;][vc_row_inner el_class=&#8221;servicii-sectiunea-1-2-titlu&#8221;][vc_column_inner][vc_custom_heading text=&#8221;Accountancy Subsctriptions&#8221; font_container=&#8221;tag:h1|text_align:left|color:%23f15a22&#8243; use_theme_fonts=&#8221;yes&#8221; el_class=&#8221;servicii-sectiunea-1-2-titlu&#8221;][vc_column_text el_class=&#8221;servicii-sectiunea-1-2-text&#8221;]<\/p>\n<div class=\"wpb_text_column wpb_content_element servicii-sectiunea-1-2-text\">\n<div class=\"wpb_wrapper\">\n<p><strong>Outsourcing services through counselling companies with specific activities is a mature decision. Gain benefits by acquisition of accountancy services by experts! EXPERT MIND expertise is the result of thousands of working hours and many difficult situations successfully managed.<\/strong><\/p>\n<\/div>\n<\/div>\n<p>[\/vc_column_text][vc_separator color=&#8221;custom&#8221; accent_color=&#8221;#313131&#8243; el_class=&#8221;servicii-sectiunea-1-2-liniuta&#8221;][\/vc_column_inner][\/vc_row_inner][vc_row_inner el_class=&#8221;servicii-1-2-content&#8221;][vc_column_inner el_class=&#8221;servicii-1-2-content-1&#8243; width=&#8221;1\/2&#8243;][vc_custom_heading text=&#8221;COMPLETE Subscription&#8221; font_container=&#8221;tag:h3|text_align:left|color:%23f15a22&#8243; use_theme_fonts=&#8221;yes&#8221;][vc_column_text]<\/p>\n<ul>\n<li>Complete accountancy services<\/li>\n<li>Managing ANAF relation<\/li>\n<li>Creation of a synthetized monthly report regarding the firm financial-accounting situation<\/li>\n<li>Financial and accounting counselling for a 30 minutes per month<\/li>\n<li>Preparing all monthly payment instruments for debts to the state<\/li>\n<\/ul>\n<p>[\/vc_column_text][\/vc_column_inner][vc_column_inner el_class=&#8221;servicii-1-2-content-1&#8243; width=&#8221;1\/2&#8243;][vc_custom_heading text=&#8221;Benefits&#8221; font_container=&#8221;tag:h3|text_align:left|color:%23f15a22&#8243; use_theme_fonts=&#8221;yes&#8221;][vc_column_text]<\/p>\n<ul>\n<li><strong>\u00a0<\/strong>\u2022 It is addressed to the clients that needs a package which includes all monthly tax obligations and the annual reports (clients oriented to minimum price)<\/li>\n<li>Extra-payment for additional services, when they are requested<\/li>\n<\/ul>\n<p>[\/vc_column_text][\/vc_column_inner][\/vc_row_inner][vc_row_inner el_class=&#8221;servicii-1-2-content&#8221;][vc_column_inner el_class=&#8221;servicii-1-2-content-1&#8243;][vc_column_text el_class=&#8221;formular-de-contact formular-de-contact-contabilitate&#8221;]<\/p>\n<h4>FEE CALCULATOR<\/h4>\n<div role=\"form\" class=\"wpcf7\" id=\"wpcf7-f2999-o2\" lang=\"en-US\" dir=\"ltr\">\n<div class=\"screen-reader-response\"><p role=\"status\" aria-live=\"polite\" aria-atomic=\"true\"><\/p> <ul><\/ul><\/div>\n<form action=\"\/en\/wp-json\/wp\/v2\/pages\/2885#wpcf7-f2999-o2\" method=\"post\" class=\"wpcf7-form init\" novalidate=\"novalidate\" data-status=\"init\">\n<div style=\"display: none;\">\n<input type=\"hidden\" name=\"_wpcf7\" value=\"2999\" \/>\n<input type=\"hidden\" name=\"_wpcf7_version\" value=\"5.4.2\" \/>\n<input type=\"hidden\" name=\"_wpcf7_locale\" value=\"en_US\" \/>\n<input type=\"hidden\" name=\"_wpcf7_unit_tag\" value=\"wpcf7-f2999-o2\" \/>\n<input type=\"hidden\" name=\"_wpcf7_container_post\" value=\"0\" \/>\n<input type=\"hidden\" name=\"_wpcf7_posted_data_hash\" value=\"\" \/>\n<input type=\"hidden\" name=\"_wpcf7cf_hidden_group_fields\" value=\"[]\" \/>\n<input type=\"hidden\" name=\"_wpcf7cf_hidden_groups\" value=\"[]\" \/>\n<input type=\"hidden\" name=\"_wpcf7cf_visible_groups\" value=\"[]\" \/>\n<input type=\"hidden\" name=\"_wpcf7cf_repeaters\" value=\"[]\" \/>\n<input type=\"hidden\" name=\"_wpcf7cf_steps\" value=\"{}\" \/>\n<input type=\"hidden\" name=\"_wpcf7cf_options\" value=\"{&quot;form_id&quot;:2999,&quot;conditions&quot;:[],&quot;settings&quot;:{&quot;animation&quot;:&quot;yes&quot;,&quot;animation_intime&quot;:200,&quot;animation_outtime&quot;:200,&quot;conditions_ui&quot;:&quot;normal&quot;,&quot;notice_dismissed&quot;:false}}\" \/>\n<input type=\"hidden\" name=\"_wpcf7_recaptcha_response\" value=\"\" \/>\n<\/div>\n<div class=\"formular-coloana-1 formular-contabilitate-1\">\n<p> <span class=\"wpcf7-form-control-wrap nume\"><input type=\"text\" name=\"nume\" value=\"\" size=\"40\" class=\"wpcf7-form-control wpcf7-text wpcf7-validates-as-required\" aria-required=\"true\" aria-invalid=\"false\" placeholder=\"Nume si Prenume*\" \/><\/span> <\/p>\n<p> <span class=\"wpcf7-form-control-wrap email\"><input type=\"email\" name=\"email\" value=\"\" size=\"40\" class=\"wpcf7-form-control wpcf7-text wpcf7-email wpcf7-validates-as-required wpcf7-validates-as-email\" aria-required=\"true\" aria-invalid=\"false\" placeholder=\"E-mail*\" \/><\/span> <\/p>\n<p> <span class=\"wpcf7-form-control-wrap company\"><input type=\"text\" name=\"company\" value=\"\" size=\"40\" class=\"wpcf7-form-control wpcf7-text wpcf7-validates-as-required\" aria-required=\"true\" aria-invalid=\"false\" placeholder=\"Companie*\" \/><\/span> <\/p>\n<p> <span class=\"wpcf7-form-control-wrap cui\"><input type=\"text\" name=\"cui\" value=\"\" size=\"40\" class=\"wpcf7-form-control wpcf7-text wpcf7-validates-as-required\" aria-required=\"true\" aria-invalid=\"false\" placeholder=\"C.U.I. Societate*\" \/><\/span> <\/p>\n<p> <span class=\"wpcf7-form-control-wrap phone\"><input type=\"tel\" name=\"phone\" value=\"\" size=\"40\" class=\"wpcf7-form-control wpcf7-text wpcf7-tel wpcf7-validates-as-required wpcf7-validates-as-tel\" aria-required=\"true\" aria-invalid=\"false\" placeholder=\"Telefon*\" \/><\/span> <\/p>\n<p> <span class=\"wpcf7-form-control-wrap location\"><input type=\"text\" name=\"location\" value=\"\" size=\"40\" class=\"wpcf7-form-control wpcf7-text wpcf7-validates-as-required\" aria-required=\"true\" aria-invalid=\"false\" placeholder=\"Localitate*\" \/><\/span> <\/p>\n<p> <span class=\"wpcf7-form-control-wrap puncte-lucru\"><input type=\"text\" name=\"puncte-lucru\" value=\"\" size=\"40\" class=\"wpcf7-form-control wpcf7-text wpcf7-validates-as-required\" aria-required=\"true\" aria-invalid=\"false\" placeholder=\"Puncte de lucru*\" \/><\/span> <\/p>\n<p> <span class=\"wpcf7-form-control-wrap doc-primite\"><input type=\"number\" name=\"doc-primite\" value=\"\" class=\"wpcf7-form-control wpcf7-number wpcf7-validates-as-required wpcf7-validates-as-number\" aria-required=\"true\" aria-invalid=\"false\" placeholder=\"Numar documente primite lunar*\" \/><\/span> <\/p>\n<p> <span class=\"wpcf7-form-control-wrap doc-emise\"><input type=\"number\" name=\"doc-emise\" value=\"\" class=\"wpcf7-form-control wpcf7-number wpcf7-validates-as-required wpcf7-validates-as-number\" aria-required=\"true\" aria-invalid=\"false\" placeholder=\"Numar documente emise lunar*\" \/><\/span> <\/p>\n<p> <span class=\"wpcf7-form-control-wrap cifra-afaceri\"><input type=\"number\" name=\"cifra-afaceri\" value=\"\" class=\"wpcf7-form-control wpcf7-number wpcf7-validates-as-required wpcf7-validates-as-number\" aria-required=\"true\" aria-invalid=\"false\" placeholder=\"Cifra de afaceri (in medie lunara)*\" \/><\/span> <\/p>\n<p>In: <span class=\"wpcf7-form-control-wrap locatie\"><select name=\"locatie\" class=\"wpcf7-form-control wpcf7-select wpcf7-validates-as-required\" aria-required=\"true\" aria-invalid=\"false\"><option value=\"Iasi\">Iasi<\/option><option value=\"Bucuresti\">Bucuresti<\/option><\/select><\/span><\/p>\n<\/div>\n<div class=\"formular-coloana-2 formular-contabilitate-2\">\n<p> Obiecte de activitate cu activitati contabile specifice: <span class=\"wpcf7-form-control-wrap obiecte\"><select name=\"obiecte\" class=\"wpcf7-form-control wpcf7-select wpcf7-validates-as-required\" aria-required=\"true\" aria-invalid=\"false\"><option value=\"Transport intern\">Transport intern<\/option><option value=\"Transport interna\u0163ional\">Transport interna\u0163ional<\/option><option value=\"Produc\u0163ie\">Produc\u0163ie<\/option><option value=\"Import-Export\">Import-Export<\/option><option value=\"Agentie de turism\">Agentie de turism<\/option><option value=\"Contracte leasing\/credite\">Contracte leasing\/credite<\/option><option value=\"Amanet\">Amanet<\/option><option value=\"Second-hand\">Second-hand<\/option><option value=\"Servicii Electronice M1SS\">Servicii Electronice M1SS<\/option><option value=\"Altele\">Altele<\/option><\/select><\/span> <\/p>\n<p> Evidenta gestiunii: <span class=\"wpcf7-form-control-wrap gestiune\"><select name=\"gestiune\" class=\"wpcf7-form-control wpcf7-select wpcf7-validates-as-required\" aria-required=\"true\" aria-invalid=\"false\"><option value=\"Eviden\u0163\u0103 valoric\u0103\">Eviden\u0163\u0103 valoric\u0103<\/option><option value=\"Eviden\u0163\u0103 cantitativ\u0103 (contabilitate primara)\">Eviden\u0163\u0103 cantitativ\u0103 (contabilitate primara)<\/option><\/select><\/span> <\/p>\n<p class=\"el-margin-b\"> Metoda de impozitare*: <span class=\"wpcf7-form-control-wrap metoda-impozitare\"><select name=\"metoda-impozitare\" class=\"wpcf7-form-control wpcf7-select wpcf7-validates-as-required\" aria-required=\"true\" aria-invalid=\"false\"><option value=\"Impozit pe venit\">Impozit pe venit<\/option><option value=\"Impozit pe profit\/specific\">Impozit pe profit\/specific<\/option><\/select><\/span> <\/p>\n<p class=\"el-margin-b\"> Calitatea de platitor de TVA*: <span class=\"wpcf7-form-control-wrap platitor-tva\"><span class=\"wpcf7-form-control wpcf7-radio\"><span class=\"wpcf7-list-item first\"><input type=\"radio\" name=\"platitor-tva\" value=\"Da\" \/><span class=\"wpcf7-list-item-label\">Da<\/span><\/span><span class=\"wpcf7-list-item last\"><input type=\"radio\" name=\"platitor-tva\" value=\"Nu\" \/><span class=\"wpcf7-list-item-label\">Nu<\/span><\/span><\/span><\/span> <\/p>\n<p class=\"el-margin-b\"> Importuri sau achizitii intracomunitare*: <span class=\"wpcf7-form-control-wrap intracomunitar\"><span class=\"wpcf7-form-control wpcf7-radio\"><span class=\"wpcf7-list-item first\"><input type=\"radio\" name=\"intracomunitar\" value=\"Da\" \/><span class=\"wpcf7-list-item-label\">Da<\/span><\/span><span class=\"wpcf7-list-item last\"><input type=\"radio\" name=\"intracomunitar\" value=\"Nu\" \/><span class=\"wpcf7-list-item-label\">Nu<\/span><\/span><\/span><\/span> <\/p>\n<p class=\"el-margin-b\"> Raportari Intrastat*: <span class=\"wpcf7-form-control-wrap intrastat\"><span class=\"wpcf7-form-control wpcf7-radio\"><span class=\"wpcf7-list-item first\"><input type=\"radio\" name=\"intrastat\" value=\"Da\" \/><span class=\"wpcf7-list-item-label\">Da<\/span><\/span><span class=\"wpcf7-list-item last\"><input type=\"radio\" name=\"intrastat\" value=\"Nu\" \/><span class=\"wpcf7-list-item-label\">Nu<\/span><\/span><\/span><\/span> <\/p>\n<p class=\"el-margin-b\"> Raportari pentru Fondul de mediu*: <span class=\"wpcf7-form-control-wrap fond-mediu\"><span class=\"wpcf7-form-control wpcf7-radio\"><span class=\"wpcf7-list-item first\"><input type=\"radio\" name=\"fond-mediu\" value=\"Da\" \/><span class=\"wpcf7-list-item-label\">Da<\/span><\/span><span class=\"wpcf7-list-item last\"><input type=\"radio\" name=\"fond-mediu\" value=\"Nu\" \/><span class=\"wpcf7-list-item-label\">Nu<\/span><\/span><\/span><\/span> <\/p>\n<p class=\"el-margin-b\"> Consultanta fiscala*: <span class=\"wpcf7-form-control-wrap consultanta-fiscala\"><span class=\"wpcf7-form-control wpcf7-radio\"><span class=\"wpcf7-list-item first\"><input type=\"radio\" name=\"consultanta-fiscala\" value=\"Da\" \/><span class=\"wpcf7-list-item-label\">Da<\/span><\/span><span class=\"wpcf7-list-item last\"><input type=\"radio\" name=\"consultanta-fiscala\" value=\"Nu\" \/><span class=\"wpcf7-list-item-label\">Nu<\/span><\/span><\/span><\/span> <\/p>\n<p class=\"numar-ore-formular-conta el-margin-b\"> Precizati numarul de ore: <span class=\"wpcf7-form-control-wrap ore\"><input type=\"number\" name=\"ore\" value=\"\" class=\"wpcf7-form-control wpcf7-number wpcf7-validates-as-number\" aria-invalid=\"false\" \/><\/span> <\/p>\n\n<p><br\/><br \/>\n<input type=\"submit\" value=\"Trimite\" class=\"wpcf7-form-control wpcf7-submit\" \/>\n<\/div>\n<div class=\"wpcf7-response-output\" aria-hidden=\"true\"><\/div><\/form><\/div>[\/vc_column_text][vc_separator color=&#8221;custom&#8221; accent_color=&#8221;#313131&#8243; el_class=&#8221;servicii-sectiunea-1-2-liniuta&#8221; css=&#8221;.vc_custom_1489926080612{background-color: #ffffff !important;}&#8221;][\/vc_column_inner][\/vc_row_inner][vc_row_inner el_class=&#8221;servicii-1-2-content abonament-expert&#8221;][vc_column_inner el_class=&#8221;servicii-1-2-content-1&#8243; width=&#8221;1\/2&#8243;][vc_custom_heading text=&#8221;EXPERT Subscription&#8221; font_container=&#8221;tag:h3|text_align:left|color:%23f15a22&#8243; use_theme_fonts=&#8221;yes&#8221;][vc_column_text]<\/p>\n<ul>\n<li>Accounting checking services<\/li>\n<li>Managing ANAF relation<\/li>\n<li>Creation of a synthetized monthly report regarding the firm financial-accounting situation<\/li>\n<li>Financial and accounting counselling for a 30 minutes per month<\/li>\n<li>Preparing all monthly payment instruments for debts to the state<\/li>\n<\/ul>\n<p>[\/vc_column_text][\/vc_column_inner][vc_column_inner el_class=&#8221;servicii-1-2-content-1&#8243; width=&#8221;1\/2&#8243;][vc_custom_heading text=&#8221;Benefits&#8221; font_container=&#8221;tag:h3|text_align:left|color:%23f15a22&#8243; use_theme_fonts=&#8221;yes&#8221;][vc_column_text]<\/p>\n<ul>\n<li>It is addressed to the clients that need a package which includes certification. It represents an opportunity for the companies which don\u2019t have an internal specialist qualified for accountancy activities regarding the declarations and the balance sheet. The package provides safety, correctness and completeness of fiscal activity.<\/li>\n<li>Assistance for your internal staff from your accounting department.<\/li>\n<\/ul>\n<p>[\/vc_column_text][\/vc_column_inner][\/vc_row_inner][vc_row_inner][vc_column_inner][vc_btn title=&#8221;Requests subscription offer!&#8221; style=&#8221;flat&#8221; shape=&#8221;square&#8221; el_class=&#8221;buton-hai-sa-lucram&#8221; link=&#8221;url:http%3A%2F%2Fwww.expertmind.ro%2Fcontact%2F|||&#8221;][vc_separator color=&#8221;custom&#8221; accent_color=&#8221;#313131&#8243; el_class=&#8221;servicii-sectiunea-1-2-liniuta liniuta-abonamente-conta&#8221;][\/vc_column_inner][\/vc_row_inner][vc_row_inner el_class=&#8221;servicii-1-2-content abonament-expert&#8221;][vc_column_inner el_class=&#8221;servicii-1-2-content-1&#8243; width=&#8221;1\/2&#8243;][vc_custom_heading text=&#8221;EXECUTIVE Subscription&#8221; font_container=&#8221;tag:h3|text_align:left|color:%23f15a22&#8243; use_theme_fonts=&#8221;yes&#8221;][vc_column_text]<\/p>\n<ul>\n<li>Managing ANAF relation<\/li>\n<li>Creation of a synthetized monthly report regarding the firm financial-accounting situation<\/li>\n<li>Financial and accounting counselling for a 30 minutes per month<\/li>\n<li>Preparing all monthly payment instruments for debts to the state<\/li>\n<li>Recommendation for tax optimisation<\/li>\n<li>Placement of the specialized staff to the clients\u2019 headquarters<\/li>\n<li>Dedicated management report (incomes and expenditures budgets, cash flow)<\/li>\n<li>Statistics regarding the achievement level of annual objectives<\/li>\n<li>Personalized financial reports, submitted and explained with monthly recurrence to the company manager<\/li>\n<\/ul>\n<p>[\/vc_column_text][\/vc_column_inner][vc_column_inner el_class=&#8221;servicii-1-2-content-1&#8243; width=&#8221;1\/2&#8243;][vc_custom_heading text=&#8221;Benefits&#8221; font_container=&#8221;tag:h3|text_align:left|color:%23f15a22&#8243; use_theme_fonts=&#8221;yes&#8221;][vc_column_text]<\/p>\n<ul>\n<li>Qualified specialist dedicated to the client<\/li>\n<li>Efficient structure of acquisitions in order to gain benefits or taxes\u2019 reliefs<\/li>\n<li>Ensuring the financial documents circuit through your company and identifying each activity necessary<\/li>\n<li>Minimising transaction taxes costs (incoming taxes, VAT etc.)<\/li>\n<li>Monthly management reports<\/li>\n<li>Department organisation<\/li>\n<li>Financial management<\/li>\n<\/ul>\n<p>[\/vc_column_text][\/vc_column_inner][\/vc_row_inner][vc_row_inner][vc_column_inner][vc_btn title=&#8221;Requests subscription offer!&#8221; style=&#8221;flat&#8221; shape=&#8221;square&#8221; el_class=&#8221;buton-hai-sa-lucram&#8221; link=&#8221;url:http%3A%2F%2Fwww.expertmind.ro%2Fcontact%2F|||&#8221;][\/vc_column_inner][\/vc_row_inner][\/vc_column][\/vc_row]<\/p>","protected":false},"excerpt":{"rendered":"<p>[vc_row css=&#8221;.vc_custom_1489770171673{background-image: url(http:\/\/www.expertmind.ro\/wp-content\/uploads\/2017\/02\/abonamente-contabile.png?id=3959) !important;background-position: center !important;background-repeat: no-repeat !important;background-size: cover !important;}&#8221; el_class=&#8221;servicii-top-banner&#8221;][vc_column width=&#8221;2\/3&#8243; el_class=&#8221;servicii-top-banner-title&#8221;][vc_custom_heading text=&#8221;&#8221; font_container=&#8221;tag:h2|text_align:left|color:%23f15a23&#8243; use_theme_fonts=&#8221;yes&#8221;][\/vc_column][vc_column width=&#8221;1\/3&#8243;][\/vc_column][\/vc_row][vc_row el_class=&#8221;servicii-top-banner-page-info&#8221;][vc_column][vc_row_inner css=&#8221;.vc_custom_1484568530917{background-color: #7f9296 !important;background-position: center !important;background-repeat: no-repeat !important;background-size: cover !important;}&#8221; el_class=&#8221;servicii-top-banner-fasie-gri&#8221;][vc_column_inner el_class=&#8221;servicii-top-banner-page-title&#8221; width=&#8221;1\/2&#8243;][vc_custom_heading text=&#8221;ACCOUNTANCY SUBSCRIPTIONS&#8221; font_container=&#8221;tag:h3|text_align:left|color:%23ffffff&#8221; use_theme_fonts=&#8221;yes&#8221;][\/vc_column_inner][vc_column_inner el_class=&#8221;servicii-top-banner-page-breadcrumb&#8221; width=&#8221;1\/2&#8243;][\/vc_column_inner][\/vc_row_inner][\/vc_column][\/vc_row][vc_row el_class=&#8221;servicii-sectiunea-1&#8243;][vc_column width=&#8221;1\/3&#8243; css=&#8221;.vc_custom_1484142666877{background-position: center !important;background-repeat: no-repeat !important;background-size: cover !important;}&#8221; el_class=&#8221;servicii-sectiunea-1-1&#8243;][vc_row_inner el_class=&#8221;servicii-custom-menu&#8221;][vc_column_inner css=&#8221;.vc_custom_1484139076748{background-color: #53575a !important;background-position: center !important;background-repeat: no-repeat !important;background-size: cover [&hellip;]<\/p>\n","protected":false},"author":1,"featured_media":0,"parent":2007,"menu_order":1,"comment_status":"closed","ping_status":"closed","template":"","meta":[],"_links":{"self":[{"href":"https:\/\/www.expertmind.ro\/en\/wp-json\/wp\/v2\/pages\/2885"}],"collection":[{"href":"https:\/\/www.expertmind.ro\/en\/wp-json\/wp\/v2\/pages"}],"about":[{"href":"https:\/\/www.expertmind.ro\/en\/wp-json\/wp\/v2\/types\/page"}],"author":[{"embeddable":true,"href":"https:\/\/www.expertmind.ro\/en\/wp-json\/wp\/v2\/users\/1"}],"replies":[{"embeddable":true,"href":"https:\/\/www.expertmind.ro\/en\/wp-json\/wp\/v2\/comments?post=2885"}],"version-history":[{"count":62,"href":"https:\/\/www.expertmind.ro\/en\/wp-json\/wp\/v2\/pages\/2885\/revisions"}],"predecessor-version":[{"id":17538,"href":"https:\/\/www.expertmind.ro\/en\/wp-json\/wp\/v2\/pages\/2885\/revisions\/17538"}],"up":[{"embeddable":true,"href":"https:\/\/www.expertmind.ro\/en\/wp-json\/wp\/v2\/pages\/2007"}],"wp:attachment":[{"href":"https:\/\/www.expertmind.ro\/en\/wp-json\/wp\/v2\/media?parent=2885"}],"curies":[{"name":"wp","href":"https:\/\/api.w.org\/{rel}","templated":true}]}}