{"id":14088,"date":"2023-02-08T09:05:20","date_gmt":"2023-02-08T07:05:20","guid":{"rendered":"https:\/\/www.expertmind.ro\/?page_id=14088"},"modified":"2025-04-09T15:25:47","modified_gmt":"2025-04-09T13:25:47","slug":"consultanta-fiscala","status":"publish","type":"page","link":"https:\/\/www.expertmind.ro\/es\/servicios\/declaratie_unica\/","title":{"rendered":"Elemente esen\u021biale despre Declara\u021bia Unic\u0103 de Impozitare"},"content":{"rendered":"<p>[vc_row css=&#8221;.vc_custom_1489769084174{background-image: url(http:\/\/www.expertmind.ro\/wp-content\/uploads\/2017\/01\/consultanta.png?id=3938) !important;background-position: center !important;background-repeat: no-repeat !important;background-size: cover !important;}&#8221; el_class=&#8221;servicii-top-banner&#8221;][vc_column width=&#8221;2\/3&#8243; el_class=&#8221;servicii-top-banner-title&#8221;][vc_custom_heading text=&#8221;DECLARA\u021aIA UNIC\u0102 DE IMPOZITARE&#8221; font_container=&#8221;tag:h2|text_align:left|color:%23f15a23&#8243; use_theme_fonts=&#8221;yes&#8221;][\/vc_column][vc_column width=&#8221;1\/3&#8243;][\/vc_column][\/vc_row][vc_row el_class=&#8221;servicii-sectiunea-1&#8243;][vc_column width=&#8221;1\/3&#8243; css=&#8221;.vc_custom_1484142666877{background-position: center !important;background-repeat: no-repeat !important;background-size: cover !important;}&#8221; el_class=&#8221;servicii-sectiunea-1-1&#8243;][vc_row_inner el_class=&#8221;servicii-custom-menu&#8221;][vc_column_inner css=&#8221;.vc_custom_1484139076748{background-color: #53575a !important;background-position: center !important;background-repeat: no-repeat !important;background-size: cover !important;}&#8221;][vc_wp_custommenu nav_menu=&#8221;50&#8243;][\/vc_column_inner][\/vc_row_inner][vc_column_text css=&#8221;.vc_custom_1500465194547{background-color: #f15a22 !important;background-position: center !important;background-repeat: no-repeat !important;background-size: cover !important;}&#8221; el_class=&#8221;servicii-buton-solicita&#8221;]<\/p>\n<div><img loading=\"lazy\" class=\"alignnone size-full wp-image-2323\" src=\"http:\/\/www.expertmind.ro\/wp-content\/uploads\/2017\/02\/icon-contacteaza.png\" alt=\"\" width=\"48\" height=\"56\" \/><\/div>\n<div>\n<h4 style=\"color: #ffffff;\"><a href=\"http:\/\/www.expertmind.ro\/contact\/\">VAMOS A TRABAJAR JUNTOS!<\/a><\/h4>\n<\/div>\n<p>[\/vc_column_text][\/vc_column][vc_column width=&#8221;2\/3&#8243; el_class=&#8221;servicii-sectiunea-1-2&#8243;][vc_row_inner el_class=&#8221;servicii-sectiunea-1-2-titlu&#8221;][vc_column_inner][vc_custom_heading text=&#8221;Elemente esen\u021biale despre Declara\u021bia Unic\u0103 de Impozitare&#8221; font_container=&#8221;tag:h1|text_align:left|color:%23f15a22&#8243; use_theme_fonts=&#8221;yes&#8221; el_class=&#8221;servicii-sectiunea-1-2-titlu&#8221;][vc_column_text el_class=&#8221;servicii-sectiunea-1-2-text&#8221;]<a href=\"https:\/\/www.infiintarifirmeonline.ro\/declaratia-unica-de-impozitare\/\"><img loading=\"lazy\" class=\"aligncenter \" src=\"https:\/\/www.expertmind.ro\/wp-content\/uploads\/2023\/02\/Banner-LP-Declaratia-unica.jpg\" width=\"711\" height=\"350\" \/><\/a><\/p>\n<p><span style=\"color: #ffffff;\">sdgd<\/span>[\/vc_column_text][vc_separator color=&#8221;custom&#8221; el_class=&#8221;servicii-sectiunea-1-2-liniuta&#8221; accent_color=&#8221;#313131&#8243;][\/vc_column_inner][\/vc_row_inner][vc_row_inner el_class=&#8221;servicii-1-2-content &#8220;][vc_column_inner el_class=&#8221;servicii-1-2-content-1 consult-fisc-sp&#8221;][vc_column_text]<span style=\"font-weight: 400;\">\u00cent\u00e2mpina\u021bi probleme la capitolul <\/span><b>declararea impozitelor pe venit \u0219i a contribu\u021biilor sociale<\/b><span style=\"font-weight: 400;\"> sau a <\/span><i><span style=\"font-weight: 400;\">impozitelor ce privesc imobile aflate \u00een chirie<\/span><\/i><span style=\"font-weight: 400;\">, <\/span><i><span style=\"font-weight: 400;\">venituri nedeclarate din Cryptomonede<\/span><\/i><span style=\"font-weight: 400;\"> sau chiar <\/span><i><span style=\"font-weight: 400;\">din social media (ex: influencer) \u0219i videochat<\/span><\/i><span style=\"font-weight: 400;\">, activit\u0103\u021bi pe care ANAF le consider\u0103 \u201esensibile\u201d? Pe scurt, <\/span><span style=\"font-weight: 400;\">\u00een spatele acestora se afl\u0103 &#x1f4d1; <\/span><span style=\"color: #ff6600;\"><b>Declara\u021bia Unic\u0103 de Impozitare<\/b><\/span><span style=\"font-weight: 400;\">, \u00eens\u0103 cea cu limbaj legislativ specific <\/span><i><span style=\"font-weight: 400;\">ANAF,<\/span><\/i><span style=\"font-weight: 400;\"> cu <\/span><span style=\"font-weight: 400;\">itemi tehnici \u0219i complec\u0219i. <\/span><span style=\"font-weight: 400;\">Solu\u021bia? <\/span><span style=\"font-weight: 400;\">Consultan\u021bii Expert Mind.\u00a0<\/span><\/p>\n<p><b>Noi traducem declara\u021bia unic\u0103 din limba ANAF-ului \u00een limba rom\u00e2n\u0103 pe \u00een\u021belesul tuturor<\/b> <span style=\"font-weight: 400;\">\u0219i v\u0103 ajut\u0103m cu \u00eentocmirea \u0219i depunerea acesteia, \u00eencadrarea veniturilor \u00een categoria de venit corect\u0103, calculul impozitului \u0219i a contribu\u021biilor sociale.\u00a0<\/span>[\/vc_column_text][\/vc_column_inner][\/vc_row_inner][vc_row_inner el_class=&#8221;servicii-1-2-content&#8221;][vc_column_inner el_class=&#8221;servicii-1-2-content-1&#8243;][vc_custom_heading text=&#8221;Ce reprezint\u0103 Declara\u021bia Unic\u0103?&#8221; font_container=&#8221;tag:h4|text_align:left|color:%23f15a22&#8243; use_theme_fonts=&#8221;yes&#8221; el_class=&#8221;titlu-coloana-servicii&#8221;][vc_column_text]<b>Declara\u021bia unic\u0103<\/b><span style=\"font-weight: 400;\"> (formularul 212) este o declara\u021bie pe care o depun <\/span><b>persoanele fizice<\/b><span style=\"font-weight: 400;\">, pentru <\/span><b>diversele forme de venit, ob\u021binute<\/b><span style=\"font-weight: 400;\"> f\u0103r\u0103 sau sub form\u0103 juridic\u0103 de organizare (PFA, PFI, II, IF, CMI, Medic Colaborator, Avocat, Birou Executoriu Judecatoresc),\u00a0 prin care <\/span><span style=\"font-weight: 400;\">se stabilesc taxele datorate statului<\/span><span style=\"font-weight: 400;\">, \u0219i anume: <\/span><b>impozitul \u0219i contribu\u021biile sociale<\/b><span style=\"font-weight: 400;\">.<\/span>[\/vc_column_text][vc_custom_heading text=&#8221;C\u00e2nd se depune declara\u021bia unic\u0103?&#8221; font_container=&#8221;tag:h4|text_align:left|color:%23f15a22&#8243; use_theme_fonts=&#8221;yes&#8221; el_class=&#8221;titlu-coloana-servicii&#8221;][vc_column_text]<b>Termenul de plat\u0103 <\/b><span style=\"font-weight: 400;\">este p\u00e2n\u0103 la data de<\/span> <span style=\"color: #ff6600;\"><b>25 Mai 2023 <\/b><\/span><span style=\"font-weight: 400;\">pentru obliga\u021biile aferente anului <\/span><b>2022,<\/b><span style=\"font-weight: 400;\"> iar pentru obliga\u021biile aferente veniturilor realizate \u00een anul <\/span><b>2023<\/b><span style=\"font-weight: 400;\"> se achit\u0103 p\u00e2n\u0103 la data de<\/span> <span style=\"color: #ff6600;\"><b>25 Mai 2024<\/b><\/span><span style=\"font-weight: 400;\">.<\/span><\/p>\n<p><span style=\"font-weight: 400;\">Sau opta\u021bi s\u0103 depune\u021bi declara\u021bia de impozitare <\/span><span style=\"font-weight: 400;\">\u00een <\/span><b><span style=\"background: #ff8533; color: #ffffff;\"> termen de 30 de zile de la producerea evenimentului:\u00a0\u00a0<\/span><\/b><\/p>\n<ul>\n<li><span style=\"font-weight: 400;\">c\u00e2nd \u00eenfiin\u021ba\u021bi PFA, PFI, II, IF, profesii liberale: medici, avoca\u021bi, etc;\u00a0\u00a0<\/span><\/li>\n<li><span style=\"font-weight: 400;\">c\u00e2nd \u00eencasa\u021bi dividende cu o valoare peste 6 salarii minime brute;\u00a0\u00a0<\/span><\/li>\n<li><span style=\"font-weight: 400;\">c\u00e2nd semna\u021bi un contract de \u00eenchiriere.\u00a0\u00a0<\/span><\/li>\n<\/ul>\n<p>[\/vc_column_text][vc_custom_heading text=&#8221;Ce beneficii ave\u021bi dac\u0103 alege\u021bi Centrul de Afaceri Expert Mind?&#8221; font_container=&#8221;tag:h4|text_align:left|color:%23f15a22&#8243; use_theme_fonts=&#8221;yes&#8221; el_class=&#8221;titlu-coloana-servicii&#8221;][vc_column_text]<\/p>\n<ul>\n<li aria-level=\"1\"><b>F\u0103r\u0103 erori<\/b><\/li>\n<\/ul>\n<p><span style=\"font-weight: 400;\">Nu folosim aplica\u021bii automate de completare a declara\u021biei unice, unde, fiecare utilizator completeaz\u0103 dup\u0103 propriile cuno\u0219tin\u021be, iar robotul calculeaz\u0103 \u00een func\u021bie de informa\u021biile primite, ci avem o echip\u0103 vast\u0103 de exper\u021bi contabil care are grij\u0103 s\u0103 proceseze individual declara\u021biile, f\u0103r\u0103 erori<\/span><\/p>\n<ul>\n<li aria-level=\"1\"><b>Promptitudine \u0219i profesionalism<\/b><\/li>\n<\/ul>\n<p><span style=\"font-weight: 400;\">Echipa noastr\u0103 de contabili acredita\u021bi CECCAR v\u0103 ajut\u0103 simplu \u0219i rapid indiferent de tipul veniturilor.<\/span><\/p>\n<ul>\n<li style=\"font-weight: 400;\" aria-level=\"1\"><b>Consultan\u021bi profesionist acreditat CECCAR<\/b><\/li>\n<\/ul>\n<p><span style=\"font-weight: 400;\">Expert Mind ocup\u0103 locul I de 8 ani \u00een \u201eTopul celor mai bune companii membre CECCAR\u201d \u00een regiunea Moldova.<\/span>[\/vc_column_text][vc_custom_heading text=&#8221;Ce tipuri de venituri pute\u021bi declara prin declara\u021bia unic\u0103:&#8221; font_container=&#8221;tag:h4|text_align:left|color:%23f15a22&#8243; use_theme_fonts=&#8221;yes&#8221; el_class=&#8221;titlu-coloana-servicii&#8221;][vc_column_text]<\/p>\n<ul>\n<li style=\"font-weight: 400;\" aria-level=\"1\"><span style=\"font-weight: 400;\">venituri\/ pierderi din Rom\u00e2nia sau\/\u0219i din str\u0103in\u0103tate;<\/span><\/li>\n<li style=\"font-weight: 400;\" aria-level=\"1\"><span style=\"font-weight: 400;\">venituri din str\u0103in\u0103tate (altele dec\u00e2t drepturile salariale);\u00a0<\/span><\/li>\n<li style=\"font-weight: 400;\" aria-level=\"1\"><span style=\"font-weight: 400;\">venituri din activitate independent\u0103 sub form\u0103 de PFA, II, CMI, PFI \u0219i care ob\u021bin venituri din comer\u021b, produc\u021bie, servicii sau profesii liberale (medici, avoca\u021bi, <\/span><span style=\"font-weight: 400;\">traduc\u0103tori etc.), inclusiv pentru indemniza\u021biile de sprijin COVID-19 \u00eencasate \u00een anul 2022;<\/span><\/li>\n<li style=\"font-weight: 400;\" aria-level=\"1\"><span style=\"font-weight: 400;\">venituri din drepturi de proprietate intelectual\u0103;<\/span><\/li>\n<li style=\"font-weight: 400;\" aria-level=\"1\"><span style=\"font-weight: 400;\">chirii;<\/span><\/li>\n<li style=\"font-weight: 400;\" aria-level=\"1\"><span style=\"font-weight: 400;\">investi\u021bii;<\/span><\/li>\n<li style=\"font-weight: 400;\" aria-level=\"1\"><span style=\"font-weight: 400;\">dividende nete cu o sum\u0103 mai mare dec\u00e2t limita a 6 salarii minime brute pe \u021bar\u0103;<\/span><\/li>\n<li style=\"font-weight: 400;\" aria-level=\"1\"><span style=\"font-weight: 400;\">ac\u021biuni, depozite bancare, monede virtuale, tranzac\u021bionare la burs\u0103;<\/span><\/li>\n<li style=\"font-weight: 400;\" aria-level=\"1\"><span style=\"font-weight: 400;\">drepturi de autor (dac\u0103 nu se re\u021bine impozitul de 10% direct la surs\u0103);\u00a0<\/span><\/li>\n<li style=\"font-weight: 400;\" aria-level=\"1\"><span style=\"font-weight: 400;\">activit\u0103\u021bi agricole, piscicultur\u0103, silvicultur\u0103;<\/span><\/li>\n<li style=\"font-weight: 400;\" aria-level=\"1\"><span style=\"font-weight: 400;\">asocierea cu o persoan\u0103 juridic\u0103;\u00a0<\/span><\/li>\n<li style=\"font-weight: 400;\" aria-level=\"1\"><span style=\"font-weight: 400;\">c\u00e2\u0219tiguri sau pierderi din transferul titlurilor de valoare \u0219i alte opera\u021biuni cu instrumente financiare;\u00a0<\/span><\/li>\n<li style=\"font-weight: 400;\" aria-level=\"1\"><span style=\"font-weight: 400;\">transferul aurului financiar;\u00a0<\/span><\/li>\n<li style=\"font-weight: 400;\" aria-level=\"1\"><span style=\"font-weight: 400;\">alte surse.<\/span><\/li>\n<\/ul>\n<p>&nbsp;<\/p>\n<p><b>Declara\u0163ia unic\u0103 se depune o singur\u0103 dat\u0103 pe an, cumul\u00e2nd veniturile ob\u0163inute din activitatea independent\u0103, dar \u015fi celelalte surse de venit de mai sus.<\/b><\/p>\n<p><span style=\"font-weight: 400;\">Consultan\u021bii Expert Mind v\u0103 ajut\u0103 cu: <\/span><b>\u00eentocmirea \u0219i depunerea declara\u021biei unice, \u00eencadrarea veniturilor \u00een categoria de venit corect\u0103, calculul impozitului \u0219i a contribu\u021biilor sociale.<\/b>[\/vc_column_text][\/vc_column_inner][\/vc_row_inner][vc_row_inner el_class=&#8221;servicii-1-2-content &#8220;][vc_column_inner el_class=&#8221;servicii-1-2-content-1 consult-fisc-sp&#8221;][vc_column_text]<span style=\"font-weight: 400;\">Contacta\u021bi-ne la\u00a0 <\/span><b>0756108501 <\/b><span style=\"font-weight: 400;\">pentru <\/span><b>Regiunea Moldova<\/b><span style=\"font-weight: 400;\"> sau la <\/span><span style=\"color: #ff6600;\"><b>0770438720 <\/b><\/span><span style=\"font-weight: 400;\">pentru <\/span><b>Regiunea Muntenia<\/b> <span style=\"font-weight: 400;\">sau la adresa de e-mail <\/span><a href=\"mailto:consultanta.is@expertmind.ro\"><b>consultanta.is@expertmind.ro<\/b><\/a> <span style=\"font-weight: 400;\">\u0219i cere\u021bi o ofert\u0103, iar noi revenim rapid cu detalii personalizate!<\/span><\/p>\n<p><b>Afla\u021bi mai mai multe detalii despre Declara\u021bia Unic\u0103 de Impozitare aici: <\/b><a href=\"https:\/\/www.infiintarifirmeonline.ro\/declaratia-unica-de-impozitare\/\"><span style=\"font-weight: 400;\">https:\/\/www.infiintarifirmeonline.ro\/declaratia-unica-de-impozitare\/<\/span><\/a>[\/vc_column_text][\/vc_column_inner][\/vc_row_inner][\/vc_column][\/vc_row]<\/p>","protected":false},"excerpt":{"rendered":"<p>[vc_row css=&#8221;.vc_custom_1489769084174{background-image: url(http:\/\/www.expertmind.ro\/wp-content\/uploads\/2017\/01\/consultanta.png?id=3938) !important;background-position: center !important;background-repeat: no-repeat !important;background-size: cover !important;}&#8221; el_class=&#8221;servicii-top-banner&#8221;][vc_column width=&#8221;2\/3&#8243; el_class=&#8221;servicii-top-banner-title&#8221;][vc_custom_heading text=&#8221;DECLARA\u021aIA UNIC\u0102 DE IMPOZITARE&#8221; font_container=&#8221;tag:h2|text_align:left|color:%23f15a23&#8243; use_theme_fonts=&#8221;yes&#8221;][\/vc_column][vc_column width=&#8221;1\/3&#8243;][\/vc_column][\/vc_row][vc_row el_class=&#8221;servicii-sectiunea-1&#8243;][vc_column width=&#8221;1\/3&#8243; css=&#8221;.vc_custom_1484142666877{background-position: center !important;background-repeat: no-repeat !important;background-size: cover !important;}&#8221; el_class=&#8221;servicii-sectiunea-1-1&#8243;][vc_row_inner el_class=&#8221;servicii-custom-menu&#8221;][vc_column_inner css=&#8221;.vc_custom_1484139076748{background-color: #53575a !important;background-position: center !important;background-repeat: no-repeat !important;background-size: cover !important;}&#8221;][vc_wp_custommenu nav_menu=&#8221;50&#8243;][\/vc_column_inner][\/vc_row_inner][vc_column_text css=&#8221;.vc_custom_1500465194547{background-color: #f15a22 !important;background-position: center !important;background-repeat: no-repeat !important;background-size: cover !important;}&#8221; el_class=&#8221;servicii-buton-solicita&#8221;] VAMOS A TRABAJAR JUNTOS! [&hellip;]<\/p>\n","protected":false},"author":3507,"featured_media":0,"parent":1984,"menu_order":0,"comment_status":"closed","ping_status":"closed","template":"","meta":[],"_links":{"self":[{"href":"https:\/\/www.expertmind.ro\/es\/wp-json\/wp\/v2\/pages\/14088"}],"collection":[{"href":"https:\/\/www.expertmind.ro\/es\/wp-json\/wp\/v2\/pages"}],"about":[{"href":"https:\/\/www.expertmind.ro\/es\/wp-json\/wp\/v2\/types\/page"}],"author":[{"embeddable":true,"href":"https:\/\/www.expertmind.ro\/es\/wp-json\/wp\/v2\/users\/3507"}],"replies":[{"embeddable":true,"href":"https:\/\/www.expertmind.ro\/es\/wp-json\/wp\/v2\/comments?post=14088"}],"version-history":[{"count":48,"href":"https:\/\/www.expertmind.ro\/es\/wp-json\/wp\/v2\/pages\/14088\/revisions"}],"predecessor-version":[{"id":16468,"href":"https:\/\/www.expertmind.ro\/es\/wp-json\/wp\/v2\/pages\/14088\/revisions\/16468"}],"up":[{"embeddable":true,"href":"https:\/\/www.expertmind.ro\/es\/wp-json\/wp\/v2\/pages\/1984"}],"wp:attachment":[{"href":"https:\/\/www.expertmind.ro\/es\/wp-json\/wp\/v2\/media?parent=14088"}],"curies":[{"name":"wp","href":"https:\/\/api.w.org\/{rel}","templated":true}]}}