{"id":2106,"date":"2017-01-11T11:28:49","date_gmt":"2017-01-11T11:28:49","guid":{"rendered":"http:\/\/www.expertmind.ro\/?page_id=2106"},"modified":"2025-11-13T15:15:42","modified_gmt":"2025-11-13T13:15:42","slug":"consultanta-fiscala","status":"publish","type":"page","link":"https:\/\/www.expertmind.ro\/es\/servicios\/consultoria\/consulta-fiscal\/","title":{"rendered":"Consulta fiscal"},"content":{"rendered":"<p>[vc_row css=&#8221;.vc_custom_1489769084174{background-image: url(http:\/\/www.expertmind.ro\/wp-content\/uploads\/2017\/01\/consultanta.png?id=3938) !important;background-position: center !important;background-repeat: no-repeat !important;background-size: cover !important;}&#8221; el_class=&#8221;servicii-top-banner&#8221;][vc_column width=&#8221;2\/3&#8243; el_class=&#8221;servicii-top-banner-title&#8221;][vc_custom_heading text=&#8221;Cada negocio es diferente, con<br \/>\nnecesidades separadas. \u00a1Te ofrecemos<br \/>\nla consulta estrat\u00e9gica!<br \/>\n&#8221; font_container=&#8221;tag:h2|text_align:left|color:%23f15a23&#8243; use_theme_fonts=&#8221;yes&#8221;][\/vc_column][vc_column width=&#8221;1\/3&#8243;][\/vc_column][\/vc_row][vc_row el_class=&#8221;servicii-top-banner-page-info&#8221;][vc_column][vc_row_inner css=&#8221;.vc_custom_1484568530917{background-color: #7f9296 !important;background-position: center !important;background-repeat: no-repeat !important;background-size: cover !important;}&#8221; el_class=&#8221;servicii-top-banner-fasie-gri&#8221;][vc_column_inner el_class=&#8221;servicii-top-banner-page-title&#8221; width=&#8221;1\/2&#8243;][vc_custom_heading text=&#8221;CONSULTORIA FISCAL&#8221; font_container=&#8221;tag:h3|text_align:left|color:%23ffffff&#8221; use_theme_fonts=&#8221;yes&#8221;][\/vc_column_inner][vc_column_inner el_class=&#8221;servicii-top-banner-page-breadcrumb&#8221; width=&#8221;1\/2&#8243;][\/vc_column_inner][\/vc_row_inner][\/vc_column][\/vc_row][vc_row el_class=&#8221;servicii-sectiunea-1&#8243;][vc_column width=&#8221;1\/3&#8243; css=&#8221;.vc_custom_1484142666877{background-position: center !important;background-repeat: no-repeat !important;background-size: cover !important;}&#8221; el_class=&#8221;servicii-sectiunea-1-1&#8243;][vc_row_inner el_class=&#8221;servicii-custom-menu&#8221;][vc_column_inner css=&#8221;.vc_custom_1484139076748{background-color: #53575a !important;background-position: center !important;background-repeat: no-repeat !important;background-size: cover !important;}&#8221;][vc_wp_custommenu nav_menu=&#8221;50&#8243;][\/vc_column_inner][\/vc_row_inner][vc_column_text css=&#8221;.vc_custom_1500465194547{background-color: #f15a22 !important;background-position: center !important;background-repeat: no-repeat !important;background-size: cover !important;}&#8221; el_class=&#8221;servicii-buton-solicita&#8221;]<\/p>\n<div><img loading=\"lazy\" class=\"alignnone size-full wp-image-2323\" src=\"http:\/\/www.expertmind.ro\/wp-content\/uploads\/2017\/02\/icon-contacteaza.png\" alt=\"\" width=\"48\" height=\"56\" \/><\/div>\n<div>\n<h4 style=\"color: #ffffff;\"><a href=\"http:\/\/www.expertmind.ro\/contact\/\">VAMOS A TRABAJAR JUNTOS!<\/a><\/h4>\n<\/div>\n<p>[\/vc_column_text][\/vc_column][vc_column width=&#8221;2\/3&#8243; el_class=&#8221;servicii-sectiunea-1-2&#8243;][vc_row_inner el_class=&#8221;servicii-sectiunea-1-2-titlu&#8221;][vc_column_inner][vc_custom_heading text=&#8221;Consultanta fiscala si financiar contabila&#8221; font_container=&#8221;tag:h1|text_align:left|color:%23f15a22&#8243; use_theme_fonts=&#8221;yes&#8221; el_class=&#8221;servicii-sectiunea-1-2-titlu&#8221;][vc_column_text el_class=&#8221;servicii-sectiunea-1-2-text&#8221;]<\/p>\n<h4>Es importante para ti, como contratista y administrador de negocio, entender que estas haciendo bien y como puedes cultivar tu negocio seguramente.<br \/>\nLa actividad de EXPERT MIND de consejo fiscal y financiero y la contabilidad implica la comprensi\u00f3n excelente del marco legal y el consejo de los clientes hacia el desarrollo del negocio y de las futuras inversiones.<\/h4>\n<p>[\/vc_column_text][vc_separator color=&#8221;custom&#8221; el_class=&#8221;servicii-sectiunea-1-2-liniuta&#8221; accent_color=&#8221;#313131&#8243;][\/vc_column_inner][\/vc_row_inner][vc_row_inner el_class=&#8221;servicii-1-2-content &#8220;][vc_column_inner el_class=&#8221;servicii-1-2-content-1 consult-fisc-sp&#8221;][vc_column_text]T\u00fa andas con confianza en tu negocio, cuando tienes un equipo de profesionales que te dirigen en la actividad del directivo. En el campo de contabilidad financiera, las regulaciones y noticias legislativas suponen la comprensi\u00f3n, seguimiento y su uso sobre la especificidad del negocio, en un tiempo limitado.<br \/>\n\u00a1Es aqu\u00ed donde el equipo de <strong>consulta especializada, EXPERT MIND, interviene!<\/strong><\/p>\n<p>Comunicamos utilizando una lengua simplista y clara, estamos siempre disponibles y te ayudamos en la direcci\u00f3n acertada de un negocio, resolviendo cada pregunta.[\/vc_column_text][\/vc_column_inner][\/vc_row_inner][vc_row_inner el_class=&#8221;servicii-1-2-content&#8221;][vc_column_inner el_class=&#8221;servicii-1-2-content-1&#8243; width=&#8221;1\/2&#8243;][vc_custom_heading text=&#8221;PERSONALIZACI\u00d3N&#8221; font_container=&#8221;tag:h4|text_align:left|color:%23f15a22&#8243; use_theme_fonts=&#8221;yes&#8221; el_class=&#8221;titlu-coloana-servicii&#8221;][vc_column_text]<strong>EXPERT MIND<\/strong> te apoya y te ayuda activamente en el desarrollo de tu negocio proporcionando la contabilidad financiera y contable, por suscripci\u00f3n o reuni\u00f3n.<\/p>\n<p>Esta forma de acceso a nuestros servicios es optimizada de modo que t\u00fa puedas conseguir exactamente lo que necesitas.<br \/>\n[\/vc_column_text][vc_custom_heading text=&#8221;FLEXIBILIDAD&#8221; font_container=&#8221;tag:h4|text_align:left|color:%23f15a22&#8243; use_theme_fonts=&#8221;yes&#8221; el_class=&#8221;titlu-coloana-servicii&#8221;][vc_column_text]Las soluciones EXPERT MIND son dise\u00f1adas de tal modo que nosotros te damos la flexibilidad para escoger el servicio que mejor sirve para las necesidades de tu negocio.<br \/>\nDependiendo de la especificidad de las necesidades, <strong>asignamos una persona o un equipo <\/strong>, para los mejores resultados.[\/vc_column_text][vc_custom_heading text=&#8221;AYUDA DURANTE LOS MANDOS FISCALES&#8221; font_container=&#8221;tag:h4|text_align:left|color:%23f15a22&#8243; use_theme_fonts=&#8221;yes&#8221; el_class=&#8221;titlu-coloana-servicii&#8221;][vc_column_text]<\/p>\n<ul>\n<li>Apoyo y ayuda para el per\u00edodo de las comprobaci\u00f3nes y las inspecciones de impuestos<\/li>\n<li>Informaci\u00f3n sobre impuestos locales: reglas generals, c\u00e1lculo de impuestos, t\u00e9rminos de pago, declaraciones, impuesto sobre edificios y tierra, imposici\u00f3n sobre el medio de transporte y otros impuestos locales.<\/li>\n<\/ul>\n<p>[\/vc_column_text][\/vc_column_inner][vc_column_inner el_class=&#8221;servicii-1-2-content-1&#8243; width=&#8221;1\/2&#8243;][vc_custom_heading text=&#8221;OPTIMIZACI\u00d3N FISCAL&#8221; font_container=&#8221;tag:h4|text_align:left|color:%23f15a22&#8243; use_theme_fonts=&#8221;yes&#8221; el_class=&#8221;titlu-coloana-servicii&#8221;][vc_column_text]Recibir\u00e1s todos los servicios debajo para mejor entender el marco legislativo y exceder satisfactoriamente cualquier dificultad:<\/p>\n<ul>\n<li>Consulta sobre la legislaci\u00f3n financiera y contabilidad fiscal<\/li>\n<li>Informaci\u00f3n peri\u00f3dica con respeto a los cambios legislativos<\/li>\n<li>Optimizaci\u00f3n de impuestos y honorarios de pago a los presupuestos locales y centrales<\/li>\n<li>Consulta Financiera y evasi\u00f3n con respeto a las decisiones de los directivos o funcionamiento<\/li>\n<li>Consulta y ayuda directiva que concierne la organizaci\u00f3n del departamento financiero contable<\/li>\n<li>Ayuda en los problemas de la contabilidad, cobro de los impuestos y la seguridad social constantemente puestos al d\u00eda, de acuerdo a los cambios legales derivados.<\/li>\n<li>Servicios consultores y direcci\u00f3n para el dibujo encima del manual de los procedimientos de la contabilidad, espec\u00edfico a cada entidad.<\/li>\n<li>Consejo para el dibujo encima de la documentaci\u00f3n para obtener cr\u00e9dito y cambiador de alquiler<\/li>\n<\/ul>\n<p>Identificaci\u00f3n de riesgos y oportunidades de una naturaleza fiscal- Ventajas y Desventajas en ser o no ser un pagador de TVA\/devoluci\u00f3n de TVA\/Impuesto sobre beneficio\/impuesto sobre ingresos \u2013 soluciones.[\/vc_column_text][\/vc_column_inner][\/vc_row_inner][vc_row_inner el_class=&#8221;caseta-consultanta&#8221;][vc_column_inner css=&#8221;.vc_custom_1490192198440{background-color: #a39383 !important;}&#8221;][vc_column_text]<a href=\"http:\/\/www.expertmind.ro\/servicii\/consultanta\/consultanta-online\/\"><strong><u>Ponte en linea<\/u><\/strong><\/a> con nosotros para <strong>servicios completos de consultoria financiera, gesti\u00f3n financiera y legal,<\/strong> para orientarte en la base de las futuras inversiones y en los proyectos de desarrollo en un marco absolutamente legal y en el vencimiento de las dificultades habituales.[\/vc_column_text][\/vc_column_inner][\/vc_row_inner][\/vc_column][\/vc_row]<\/p>","protected":false},"excerpt":{"rendered":"<p>[vc_row css=&#8221;.vc_custom_1489769084174{background-image: url(http:\/\/www.expertmind.ro\/wp-content\/uploads\/2017\/01\/consultanta.png?id=3938) !important;background-position: center !important;background-repeat: no-repeat !important;background-size: cover !important;}&#8221; el_class=&#8221;servicii-top-banner&#8221;][vc_column width=&#8221;2\/3&#8243; el_class=&#8221;servicii-top-banner-title&#8221;][vc_custom_heading text=&#8221;Cada negocio es diferente, con necesidades separadas. \u00a1Te ofrecemos la consulta estrat\u00e9gica! &#8221; font_container=&#8221;tag:h2|text_align:left|color:%23f15a23&#8243; use_theme_fonts=&#8221;yes&#8221;][\/vc_column][vc_column width=&#8221;1\/3&#8243;][\/vc_column][\/vc_row][vc_row el_class=&#8221;servicii-top-banner-page-info&#8221;][vc_column][vc_row_inner css=&#8221;.vc_custom_1484568530917{background-color: #7f9296 !important;background-position: center !important;background-repeat: no-repeat !important;background-size: cover !important;}&#8221; el_class=&#8221;servicii-top-banner-fasie-gri&#8221;][vc_column_inner el_class=&#8221;servicii-top-banner-page-title&#8221; width=&#8221;1\/2&#8243;][vc_custom_heading text=&#8221;CONSULTORIA FISCAL&#8221; font_container=&#8221;tag:h3|text_align:left|color:%23ffffff&#8221; use_theme_fonts=&#8221;yes&#8221;][\/vc_column_inner][vc_column_inner el_class=&#8221;servicii-top-banner-page-breadcrumb&#8221; width=&#8221;1\/2&#8243;][\/vc_column_inner][\/vc_row_inner][\/vc_column][\/vc_row][vc_row el_class=&#8221;servicii-sectiunea-1&#8243;][vc_column width=&#8221;1\/3&#8243; css=&#8221;.vc_custom_1484142666877{background-position: center !important;background-repeat: no-repeat !important;background-size: [&hellip;]<\/p>\n","protected":false},"author":1,"featured_media":0,"parent":2104,"menu_order":0,"comment_status":"closed","ping_status":"closed","template":"","meta":[],"_links":{"self":[{"href":"https:\/\/www.expertmind.ro\/es\/wp-json\/wp\/v2\/pages\/2106"}],"collection":[{"href":"https:\/\/www.expertmind.ro\/es\/wp-json\/wp\/v2\/pages"}],"about":[{"href":"https:\/\/www.expertmind.ro\/es\/wp-json\/wp\/v2\/types\/page"}],"author":[{"embeddable":true,"href":"https:\/\/www.expertmind.ro\/es\/wp-json\/wp\/v2\/users\/1"}],"replies":[{"embeddable":true,"href":"https:\/\/www.expertmind.ro\/es\/wp-json\/wp\/v2\/comments?post=2106"}],"version-history":[{"count":81,"href":"https:\/\/www.expertmind.ro\/es\/wp-json\/wp\/v2\/pages\/2106\/revisions"}],"predecessor-version":[{"id":17502,"href":"https:\/\/www.expertmind.ro\/es\/wp-json\/wp\/v2\/pages\/2106\/revisions\/17502"}],"up":[{"embeddable":true,"href":"https:\/\/www.expertmind.ro\/es\/wp-json\/wp\/v2\/pages\/2104"}],"wp:attachment":[{"href":"https:\/\/www.expertmind.ro\/es\/wp-json\/wp\/v2\/media?parent=2106"}],"curies":[{"name":"wp","href":"https:\/\/api.w.org\/{rel}","templated":true}]}}