{"id":2885,"date":"2017-02-24T10:27:28","date_gmt":"2017-02-24T10:27:28","guid":{"rendered":"http:\/\/www.expertmind.ro\/?page_id=2885"},"modified":"2025-11-14T16:55:47","modified_gmt":"2025-11-14T14:55:47","slug":"abonamente-contabilitate","status":"publish","type":"page","link":"https:\/\/www.expertmind.ro\/es\/honorarios\/contabilizacion-de-suscripcion\/","title":{"rendered":"Contabilizaci\u00f3n de suscripci\u00f3n"},"content":{"rendered":"<p>[vc_row css=&#8221;.vc_custom_1489770171673{background-image: url(http:\/\/www.expertmind.ro\/wp-content\/uploads\/2017\/02\/abonamente-contabile.png?id=3959) !important;background-position: center !important;background-repeat: no-repeat !important;background-size: cover !important;}&#8221; el_class=&#8221;servicii-top-banner&#8221;][vc_column width=&#8221;2\/3&#8243; el_class=&#8221;servicii-top-banner-title&#8221;][vc_custom_heading text=&#8221;&#8221; font_container=&#8221;tag:h2|text_align:left|color:%23f15a23&#8243; use_theme_fonts=&#8221;yes&#8221;][\/vc_column][vc_column width=&#8221;1\/3&#8243;][\/vc_column][\/vc_row][vc_row el_class=&#8221;servicii-top-banner-page-info&#8221;][vc_column][vc_row_inner css=&#8221;.vc_custom_1484568530917{background-color: #7f9296 !important;background-position: center !important;background-repeat: no-repeat !important;background-size: cover !important;}&#8221; el_class=&#8221;servicii-top-banner-fasie-gri&#8221;][vc_column_inner el_class=&#8221;servicii-top-banner-page-title&#8221; width=&#8221;1\/2&#8243;][vc_custom_heading text=&#8221;ABONAMENTE CONTABILITATE&#8221; font_container=&#8221;tag:h3|text_align:left|color:%23ffffff&#8221; use_theme_fonts=&#8221;yes&#8221;][\/vc_column_inner][vc_column_inner el_class=&#8221;servicii-top-banner-page-breadcrumb&#8221; width=&#8221;1\/2&#8243;][\/vc_column_inner][\/vc_row_inner][\/vc_column][\/vc_row][vc_row el_class=&#8221;servicii-sectiunea-1&#8243;][vc_column width=&#8221;1\/3&#8243; css=&#8221;.vc_custom_1484142666877{background-position: center !important;background-repeat: no-repeat !important;background-size: cover !important;}&#8221; el_class=&#8221;servicii-sectiunea-1-1&#8243;][vc_row_inner el_class=&#8221;servicii-custom-menu&#8221;][vc_column_inner css=&#8221;.vc_custom_1484139076748{background-color: #53575a !important;background-position: center !important;background-repeat: no-repeat !important;background-size: cover !important;}&#8221;][vc_wp_custommenu nav_menu=&#8221;64&#8243;][\/vc_column_inner][\/vc_row_inner][vc_empty_space height=&#8221;10px&#8221;][vc_column_text css=&#8221;.vc_custom_1490002466140{background-color: #f15a22 !important;background-position: center !important;background-repeat: no-repeat !important;background-size: cover !important;}&#8221; el_class=&#8221;servicii-buton-solicita&#8221;]<\/p>\n<div><img loading=\"lazy\" class=\"alignnone size-full wp-image-2323\" src=\"http:\/\/www.expertmind.ro\/wp-content\/uploads\/2017\/02\/icon-contacteaza.png\" alt=\"\" width=\"48\" height=\"56\" \/><\/div>\n<div>\n<h4 style=\"color: #ffffff;\"><a href=\"http:\/\/www.expertmind.ro\/contact\/\">HAI SA LUCRAM IMPREUNA!<\/a><\/h4>\n<\/div>\n<p>[\/vc_column_text][vc_empty_space height=&#8221;10px&#8221;][vc_empty_space height=&#8221;10px&#8221;][vc_single_image image=&#8221;4212&#8243; img_size=&#8221;full&#8221; onclick=&#8221;custom_link&#8221; img_link_target=&#8221;_blank&#8221; link=&#8221;http:\/\/www.expertmind.ro\/servicii-resurse-umane\/&#8221;][\/vc_column][vc_column width=&#8221;2\/3&#8243; el_class=&#8221;servicii-sectiunea-1-2&#8243;][vc_row_inner el_class=&#8221;servicii-sectiunea-1-2-titlu&#8221;][vc_column_inner][vc_custom_heading text=&#8221;Abonamente contabilitate&#8221; font_container=&#8221;tag:h1|text_align:left|color:%23f15a22&#8243; use_theme_fonts=&#8221;yes&#8221; el_class=&#8221;servicii-sectiunea-1-2-titlu&#8221;][vc_column_text el_class=&#8221;servicii-sectiunea-1-2-text&#8221;]<\/p>\n<div class=\"wpb_text_column wpb_content_element servicii-sectiunea-1-2-text\">\n<div class=\"wpb_wrapper\">\n<p><strong>Externalizarea serviciilor catre companii de consultanta cu domeniu specific de activitate este o decizie matura. Castiga beneficii prin achizitia serviciilor de contabilitate prestate de experti in domeniu. Expertiza noastra, a EXPERT MIND, se bazeaza pe mii de ore de munca si multiple situatii gestionate cu succes.<\/strong><\/p>\n<\/div>\n<\/div>\n<p>[\/vc_column_text][vc_separator color=&#8221;custom&#8221; accent_color=&#8221;#313131&#8243; el_class=&#8221;servicii-sectiunea-1-2-liniuta&#8221;][\/vc_column_inner][\/vc_row_inner][vc_row_inner el_class=&#8221;servicii-1-2-content&#8221;][vc_column_inner el_class=&#8221;servicii-1-2-content-1&#8243; width=&#8221;1\/2&#8243;][vc_custom_heading text=&#8221;Abonament COMPLETE&#8221; font_container=&#8221;tag:h3|text_align:left|color:%23f15a22&#8243; use_theme_fonts=&#8221;yes&#8221;][vc_column_text]<\/p>\n<ul>\n<li>Servicii contabile complete<\/li>\n<li>Gestionare relatie ANAF<\/li>\n<li>Intocmirea unui raport lunar sintetizat cu privire la situatia financiar \u2013 contabila a societatii<\/li>\n<li>Consultanta fiscala si contabila in limita a 30 minute pe luna.<\/li>\n<li>Intocmirea instrumentelor de plata lunare pentru onorarea datoriilor la stat.<\/li>\n<\/ul>\n<p>[\/vc_column_text][\/vc_column_inner][vc_column_inner el_class=&#8221;servicii-1-2-content-1&#8243; width=&#8221;1\/2&#8243;][vc_custom_heading text=&#8221;Beneficii&#8221; font_container=&#8221;tag:h3|text_align:left|color:%23f15a22&#8243; use_theme_fonts=&#8221;yes&#8221;][vc_column_text]<\/p>\n<ul>\n<li><strong>\u00a0<\/strong>Adresat persoanelor care doresc un pachet de servicii care sa includa obligatiile fiscale lunare si raportarile anuale (clienti orientati pe pret minim)<\/li>\n<li>Operatiunile suplimentare sunt tarifate extra, in momentul solicitarii sau necesitatii fiscale.<\/li>\n<\/ul>\n<p>[\/vc_column_text][\/vc_column_inner][\/vc_row_inner][vc_row_inner el_class=&#8221;servicii-1-2-content&#8221;][vc_column_inner el_class=&#8221;servicii-1-2-content-1&#8243;][vc_column_text el_class=&#8221;formular-de-contact formular-de-contact-contabilitate&#8221;]<\/p>\n<h4>CALCULEAZA ONORARIUL<\/h4>\n<div role=\"form\" class=\"wpcf7\" id=\"wpcf7-f2999-o5\" lang=\"en-US\" dir=\"ltr\">\n<div class=\"screen-reader-response\"><p role=\"status\" aria-live=\"polite\" aria-atomic=\"true\"><\/p> <ul><\/ul><\/div>\n<form action=\"\/es\/wp-json\/wp\/v2\/pages\/2885#wpcf7-f2999-o5\" method=\"post\" class=\"wpcf7-form init\" novalidate=\"novalidate\" data-status=\"init\">\n<div style=\"display: none;\">\n<input type=\"hidden\" name=\"_wpcf7\" value=\"2999\" \/>\n<input type=\"hidden\" name=\"_wpcf7_version\" value=\"5.4.2\" \/>\n<input type=\"hidden\" name=\"_wpcf7_locale\" value=\"en_US\" \/>\n<input type=\"hidden\" name=\"_wpcf7_unit_tag\" value=\"wpcf7-f2999-o5\" \/>\n<input type=\"hidden\" name=\"_wpcf7_container_post\" value=\"0\" \/>\n<input type=\"hidden\" name=\"_wpcf7_posted_data_hash\" value=\"\" \/>\n<input type=\"hidden\" name=\"_wpcf7cf_hidden_group_fields\" value=\"[]\" \/>\n<input type=\"hidden\" name=\"_wpcf7cf_hidden_groups\" value=\"[]\" \/>\n<input type=\"hidden\" name=\"_wpcf7cf_visible_groups\" value=\"[]\" \/>\n<input type=\"hidden\" name=\"_wpcf7cf_repeaters\" value=\"[]\" \/>\n<input type=\"hidden\" name=\"_wpcf7cf_steps\" value=\"{}\" \/>\n<input type=\"hidden\" name=\"_wpcf7cf_options\" value=\"{&quot;form_id&quot;:2999,&quot;conditions&quot;:[],&quot;settings&quot;:{&quot;animation&quot;:&quot;yes&quot;,&quot;animation_intime&quot;:200,&quot;animation_outtime&quot;:200,&quot;conditions_ui&quot;:&quot;normal&quot;,&quot;notice_dismissed&quot;:false}}\" \/>\n<input type=\"hidden\" name=\"_wpcf7_recaptcha_response\" value=\"\" \/>\n<\/div>\n<div class=\"formular-coloana-1 formular-contabilitate-1\">\n<p> <span class=\"wpcf7-form-control-wrap nume\"><input type=\"text\" name=\"nume\" value=\"\" size=\"40\" class=\"wpcf7-form-control wpcf7-text wpcf7-validates-as-required\" aria-required=\"true\" aria-invalid=\"false\" placeholder=\"Nume si Prenume*\" \/><\/span> <\/p>\n<p> <span class=\"wpcf7-form-control-wrap email\"><input type=\"email\" name=\"email\" value=\"\" size=\"40\" class=\"wpcf7-form-control wpcf7-text wpcf7-email wpcf7-validates-as-required wpcf7-validates-as-email\" aria-required=\"true\" aria-invalid=\"false\" placeholder=\"E-mail*\" \/><\/span> <\/p>\n<p> <span class=\"wpcf7-form-control-wrap company\"><input type=\"text\" name=\"company\" value=\"\" size=\"40\" class=\"wpcf7-form-control wpcf7-text wpcf7-validates-as-required\" aria-required=\"true\" aria-invalid=\"false\" placeholder=\"Companie*\" \/><\/span> <\/p>\n<p> <span class=\"wpcf7-form-control-wrap cui\"><input type=\"text\" name=\"cui\" value=\"\" size=\"40\" class=\"wpcf7-form-control wpcf7-text wpcf7-validates-as-required\" aria-required=\"true\" aria-invalid=\"false\" placeholder=\"C.U.I. Societate*\" \/><\/span> <\/p>\n<p> <span class=\"wpcf7-form-control-wrap phone\"><input type=\"tel\" name=\"phone\" value=\"\" size=\"40\" class=\"wpcf7-form-control wpcf7-text wpcf7-tel wpcf7-validates-as-required wpcf7-validates-as-tel\" aria-required=\"true\" aria-invalid=\"false\" placeholder=\"Telefon*\" \/><\/span> <\/p>\n<p> <span class=\"wpcf7-form-control-wrap location\"><input type=\"text\" name=\"location\" value=\"\" size=\"40\" class=\"wpcf7-form-control wpcf7-text wpcf7-validates-as-required\" aria-required=\"true\" aria-invalid=\"false\" placeholder=\"Localitate*\" \/><\/span> <\/p>\n<p> <span class=\"wpcf7-form-control-wrap puncte-lucru\"><input type=\"text\" name=\"puncte-lucru\" value=\"\" size=\"40\" class=\"wpcf7-form-control wpcf7-text wpcf7-validates-as-required\" aria-required=\"true\" aria-invalid=\"false\" placeholder=\"Puncte de lucru*\" \/><\/span> <\/p>\n<p> <span class=\"wpcf7-form-control-wrap doc-primite\"><input type=\"number\" name=\"doc-primite\" value=\"\" class=\"wpcf7-form-control wpcf7-number wpcf7-validates-as-required wpcf7-validates-as-number\" aria-required=\"true\" aria-invalid=\"false\" placeholder=\"Numar documente primite lunar*\" \/><\/span> <\/p>\n<p> <span class=\"wpcf7-form-control-wrap doc-emise\"><input type=\"number\" name=\"doc-emise\" value=\"\" class=\"wpcf7-form-control wpcf7-number wpcf7-validates-as-required wpcf7-validates-as-number\" aria-required=\"true\" aria-invalid=\"false\" placeholder=\"Numar documente emise lunar*\" \/><\/span> <\/p>\n<p> <span class=\"wpcf7-form-control-wrap cifra-afaceri\"><input type=\"number\" name=\"cifra-afaceri\" value=\"\" class=\"wpcf7-form-control wpcf7-number wpcf7-validates-as-required wpcf7-validates-as-number\" aria-required=\"true\" aria-invalid=\"false\" placeholder=\"Cifra de afaceri (in medie lunara)*\" \/><\/span> <\/p>\n<p>In: <span class=\"wpcf7-form-control-wrap locatie\"><select name=\"locatie\" class=\"wpcf7-form-control wpcf7-select wpcf7-validates-as-required\" aria-required=\"true\" aria-invalid=\"false\"><option value=\"Iasi\">Iasi<\/option><option value=\"Bucuresti\">Bucuresti<\/option><\/select><\/span><\/p>\n<\/div>\n<div class=\"formular-coloana-2 formular-contabilitate-2\">\n<p> Obiecte de activitate cu activitati contabile specifice: <span class=\"wpcf7-form-control-wrap obiecte\"><select name=\"obiecte\" class=\"wpcf7-form-control wpcf7-select wpcf7-validates-as-required\" aria-required=\"true\" aria-invalid=\"false\"><option value=\"Transport intern\">Transport intern<\/option><option value=\"Transport interna\u0163ional\">Transport interna\u0163ional<\/option><option value=\"Produc\u0163ie\">Produc\u0163ie<\/option><option value=\"Import-Export\">Import-Export<\/option><option value=\"Agentie de turism\">Agentie de turism<\/option><option value=\"Contracte leasing\/credite\">Contracte leasing\/credite<\/option><option value=\"Amanet\">Amanet<\/option><option value=\"Second-hand\">Second-hand<\/option><option value=\"Servicii Electronice M1SS\">Servicii Electronice M1SS<\/option><option value=\"Altele\">Altele<\/option><\/select><\/span> <\/p>\n<p> Evidenta gestiunii: <span class=\"wpcf7-form-control-wrap gestiune\"><select name=\"gestiune\" class=\"wpcf7-form-control wpcf7-select wpcf7-validates-as-required\" aria-required=\"true\" aria-invalid=\"false\"><option value=\"Eviden\u0163\u0103 valoric\u0103\">Eviden\u0163\u0103 valoric\u0103<\/option><option value=\"Eviden\u0163\u0103 cantitativ\u0103 (contabilitate primara)\">Eviden\u0163\u0103 cantitativ\u0103 (contabilitate primara)<\/option><\/select><\/span> <\/p>\n<p class=\"el-margin-b\"> Metoda de impozitare*: <span class=\"wpcf7-form-control-wrap metoda-impozitare\"><select name=\"metoda-impozitare\" class=\"wpcf7-form-control wpcf7-select wpcf7-validates-as-required\" aria-required=\"true\" aria-invalid=\"false\"><option value=\"Impozit pe venit\">Impozit pe venit<\/option><option value=\"Impozit pe profit\/specific\">Impozit pe profit\/specific<\/option><\/select><\/span> <\/p>\n<p class=\"el-margin-b\"> Calitatea de platitor de TVA*: <span class=\"wpcf7-form-control-wrap platitor-tva\"><span class=\"wpcf7-form-control wpcf7-radio\"><span class=\"wpcf7-list-item first\"><input type=\"radio\" name=\"platitor-tva\" value=\"Da\" \/><span class=\"wpcf7-list-item-label\">Da<\/span><\/span><span class=\"wpcf7-list-item last\"><input type=\"radio\" name=\"platitor-tva\" value=\"Nu\" \/><span class=\"wpcf7-list-item-label\">Nu<\/span><\/span><\/span><\/span> <\/p>\n<p class=\"el-margin-b\"> Importuri sau achizitii intracomunitare*: <span class=\"wpcf7-form-control-wrap intracomunitar\"><span class=\"wpcf7-form-control wpcf7-radio\"><span class=\"wpcf7-list-item first\"><input type=\"radio\" name=\"intracomunitar\" value=\"Da\" \/><span class=\"wpcf7-list-item-label\">Da<\/span><\/span><span class=\"wpcf7-list-item last\"><input type=\"radio\" name=\"intracomunitar\" value=\"Nu\" \/><span class=\"wpcf7-list-item-label\">Nu<\/span><\/span><\/span><\/span> <\/p>\n<p class=\"el-margin-b\"> Raportari Intrastat*: <span class=\"wpcf7-form-control-wrap intrastat\"><span class=\"wpcf7-form-control wpcf7-radio\"><span class=\"wpcf7-list-item first\"><input type=\"radio\" name=\"intrastat\" value=\"Da\" \/><span class=\"wpcf7-list-item-label\">Da<\/span><\/span><span class=\"wpcf7-list-item last\"><input type=\"radio\" name=\"intrastat\" value=\"Nu\" \/><span class=\"wpcf7-list-item-label\">Nu<\/span><\/span><\/span><\/span> <\/p>\n<p class=\"el-margin-b\"> Raportari pentru Fondul de mediu*: <span class=\"wpcf7-form-control-wrap fond-mediu\"><span class=\"wpcf7-form-control wpcf7-radio\"><span class=\"wpcf7-list-item first\"><input type=\"radio\" name=\"fond-mediu\" value=\"Da\" \/><span class=\"wpcf7-list-item-label\">Da<\/span><\/span><span class=\"wpcf7-list-item last\"><input type=\"radio\" name=\"fond-mediu\" value=\"Nu\" \/><span class=\"wpcf7-list-item-label\">Nu<\/span><\/span><\/span><\/span> <\/p>\n<p class=\"el-margin-b\"> Consultanta fiscala*: <span class=\"wpcf7-form-control-wrap consultanta-fiscala\"><span class=\"wpcf7-form-control wpcf7-radio\"><span class=\"wpcf7-list-item first\"><input type=\"radio\" name=\"consultanta-fiscala\" value=\"Da\" \/><span class=\"wpcf7-list-item-label\">Da<\/span><\/span><span class=\"wpcf7-list-item last\"><input type=\"radio\" name=\"consultanta-fiscala\" value=\"Nu\" \/><span class=\"wpcf7-list-item-label\">Nu<\/span><\/span><\/span><\/span> <\/p>\n<p class=\"numar-ore-formular-conta el-margin-b\"> Precizati numarul de ore: <span class=\"wpcf7-form-control-wrap ore\"><input type=\"number\" name=\"ore\" value=\"\" class=\"wpcf7-form-control wpcf7-number wpcf7-validates-as-number\" aria-invalid=\"false\" \/><\/span> <\/p>\n\n<p><br\/><br \/>\n<input type=\"submit\" value=\"Trimite\" class=\"wpcf7-form-control wpcf7-submit\" \/>\n<\/div>\n<div class=\"wpcf7-response-output\" aria-hidden=\"true\"><\/div><\/form><\/div>[\/vc_column_text][vc_separator color=&#8221;custom&#8221; accent_color=&#8221;#313131&#8243; el_class=&#8221;servicii-sectiunea-1-2-liniuta&#8221; css=&#8221;.vc_custom_1489926080612{background-color: #ffffff !important;}&#8221;][\/vc_column_inner][\/vc_row_inner][vc_row_inner el_class=&#8221;servicii-1-2-content abonament-expert&#8221;][vc_column_inner el_class=&#8221;servicii-1-2-content-1&#8243; width=&#8221;1\/2&#8243;][vc_custom_heading text=&#8221;Abonament EXPERT&#8221; font_container=&#8221;tag:h3|text_align:left|color:%23f15a22&#8243; use_theme_fonts=&#8221;yes&#8221;][vc_column_text]<\/p>\n<ul>\n<li>Servicii de verificare a evidentei contabile<\/li>\n<li>Gestionare relatie ANAF<\/li>\n<li>Intocmirea unui raport lunar sintetizat, cu privire la situatia financiar \u2013 contabila a societatii<\/li>\n<li>Consultanta fiscala si contabila in limita a 30 minute pe luna.<\/li>\n<li>Intocmirea instrumentelor de plata lunare pentru onorarea datoriilor la stat.<\/li>\n<\/ul>\n<p>[\/vc_column_text][\/vc_column_inner][vc_column_inner el_class=&#8221;servicii-1-2-content-1&#8243; width=&#8221;1\/2&#8243;][vc_custom_heading text=&#8221;Beneficii&#8221; font_container=&#8221;tag:h3|text_align:left|color:%23f15a22&#8243; use_theme_fonts=&#8221;yes&#8221;][vc_column_text]<\/p>\n<ul>\n<li>Adresat persoanelor care doresc un pachet de servicii care sa includa partea de certificare. Reprezinta o oportunitate pentru companiile care nu au un specialist intern calificat pentru activitatile contabile ce privesc declaratiile si bilantul.\u00a0 Ofera o siguranta privind claritatea, corectitudinea si completitudinea fiscala.<\/li>\n<li>Include si partea de asistenta pentru personalul intern din departamentul contabil.<\/li>\n<\/ul>\n<p>[\/vc_column_text][\/vc_column_inner][\/vc_row_inner][vc_row_inner][vc_column_inner][vc_btn title=&#8221;Cere oferta abonament!&#8221; style=&#8221;flat&#8221; shape=&#8221;square&#8221; el_class=&#8221;buton-hai-sa-lucram&#8221; link=&#8221;url:http%3A%2F%2Fwww.expertmind.ro%2Fcontact%2F|||&#8221;][vc_separator color=&#8221;custom&#8221; accent_color=&#8221;#313131&#8243; el_class=&#8221;servicii-sectiunea-1-2-liniuta liniuta-abonamente-conta&#8221;][\/vc_column_inner][\/vc_row_inner][vc_row_inner el_class=&#8221;servicii-1-2-content abonament-expert&#8221;][vc_column_inner el_class=&#8221;servicii-1-2-content-1&#8243; width=&#8221;1\/2&#8243;][vc_custom_heading text=&#8221;Abonament EXECUTIVE&#8221; font_container=&#8221;tag:h3|text_align:left|color:%23f15a22&#8243; use_theme_fonts=&#8221;yes&#8221;][vc_column_text]<\/p>\n<ul>\n<li>Gestionare relatie ANAF<\/li>\n<li>Intocmirea unui raport lunar sintetizat, cu privire la situatia financiar \u2013 contabila a societatii<\/li>\n<li>Consultanta fiscala si contabila in limita a 30 minute pe luna<\/li>\n<li>Intocmirea instrumentelor de plata lunare pentru onorarea datoriilor la stat<\/li>\n<li>Recomandari pentru optimizarea fiscala<\/li>\n<li>Plasare de personal specializat la sediul clientului<\/li>\n<li>Raport de management dedicat (buget de venituri si cheltuieli, cash flow )<\/li>\n<li>Statistici privind urmarirea gradului de indeplinire a obiectivelor anuale<\/li>\n<li>Rapoarte financiare personalizate, predate si explicate lunar managementului societatii<\/li>\n<\/ul>\n<p>[\/vc_column_text][\/vc_column_inner][vc_column_inner el_class=&#8221;servicii-1-2-content-1&#8243; width=&#8221;1\/2&#8243;][vc_custom_heading text=&#8221;Beneficii&#8221; font_container=&#8221;tag:h3|text_align:left|color:%23f15a22&#8243; use_theme_fonts=&#8221;yes&#8221;][vc_column_text]<\/p>\n<ul>\n<li>Specialist calificat dedicat clientului<\/li>\n<li>Structurarea eficienta a achizitiilor pentru a obtine beneficii sau scutiri fiscale<\/li>\n<li>Asigurarea circuitului documentelor financiare in cadrul societatii si identificarea necesarului fiecarei operatiuni<\/li>\n<li>Minimizarea costurilor fiscale ale tranzactiilor (impozit pe profit, TVA etc.)<\/li>\n<li>Rapoarte lunare de management<\/li>\n<li>Organizarea departamentului<\/li>\n<li>Management financiar<\/li>\n<\/ul>\n<p>[\/vc_column_text][\/vc_column_inner][\/vc_row_inner][vc_row_inner][vc_column_inner][vc_btn title=&#8221;Cere oferta abonament!&#8221; style=&#8221;flat&#8221; shape=&#8221;square&#8221; el_class=&#8221;buton-hai-sa-lucram&#8221; link=&#8221;url:http%3A%2F%2Fwww.expertmind.ro%2Fcontact%2F|||&#8221;][\/vc_column_inner][\/vc_row_inner][\/vc_column][\/vc_row]<\/p>","protected":false},"excerpt":{"rendered":"<p>[vc_row css=&#8221;.vc_custom_1489770171673{background-image: url(http:\/\/www.expertmind.ro\/wp-content\/uploads\/2017\/02\/abonamente-contabile.png?id=3959) !important;background-position: center !important;background-repeat: no-repeat !important;background-size: cover !important;}&#8221; el_class=&#8221;servicii-top-banner&#8221;][vc_column width=&#8221;2\/3&#8243; el_class=&#8221;servicii-top-banner-title&#8221;][vc_custom_heading text=&#8221;&#8221; font_container=&#8221;tag:h2|text_align:left|color:%23f15a23&#8243; use_theme_fonts=&#8221;yes&#8221;][\/vc_column][vc_column width=&#8221;1\/3&#8243;][\/vc_column][\/vc_row][vc_row el_class=&#8221;servicii-top-banner-page-info&#8221;][vc_column][vc_row_inner css=&#8221;.vc_custom_1484568530917{background-color: #7f9296 !important;background-position: center !important;background-repeat: no-repeat !important;background-size: cover !important;}&#8221; el_class=&#8221;servicii-top-banner-fasie-gri&#8221;][vc_column_inner el_class=&#8221;servicii-top-banner-page-title&#8221; width=&#8221;1\/2&#8243;][vc_custom_heading text=&#8221;ABONAMENTE CONTABILITATE&#8221; font_container=&#8221;tag:h3|text_align:left|color:%23ffffff&#8221; use_theme_fonts=&#8221;yes&#8221;][\/vc_column_inner][vc_column_inner el_class=&#8221;servicii-top-banner-page-breadcrumb&#8221; width=&#8221;1\/2&#8243;][\/vc_column_inner][\/vc_row_inner][\/vc_column][\/vc_row][vc_row el_class=&#8221;servicii-sectiunea-1&#8243;][vc_column width=&#8221;1\/3&#8243; css=&#8221;.vc_custom_1484142666877{background-position: center !important;background-repeat: no-repeat !important;background-size: cover !important;}&#8221; el_class=&#8221;servicii-sectiunea-1-1&#8243;][vc_row_inner el_class=&#8221;servicii-custom-menu&#8221;][vc_column_inner css=&#8221;.vc_custom_1484139076748{background-color: #53575a !important;background-position: center !important;background-repeat: no-repeat !important;background-size: cover [&hellip;]<\/p>\n","protected":false},"author":1,"featured_media":0,"parent":2007,"menu_order":1,"comment_status":"closed","ping_status":"closed","template":"","meta":[],"_links":{"self":[{"href":"https:\/\/www.expertmind.ro\/es\/wp-json\/wp\/v2\/pages\/2885"}],"collection":[{"href":"https:\/\/www.expertmind.ro\/es\/wp-json\/wp\/v2\/pages"}],"about":[{"href":"https:\/\/www.expertmind.ro\/es\/wp-json\/wp\/v2\/types\/page"}],"author":[{"embeddable":true,"href":"https:\/\/www.expertmind.ro\/es\/wp-json\/wp\/v2\/users\/1"}],"replies":[{"embeddable":true,"href":"https:\/\/www.expertmind.ro\/es\/wp-json\/wp\/v2\/comments?post=2885"}],"version-history":[{"count":62,"href":"https:\/\/www.expertmind.ro\/es\/wp-json\/wp\/v2\/pages\/2885\/revisions"}],"predecessor-version":[{"id":17538,"href":"https:\/\/www.expertmind.ro\/es\/wp-json\/wp\/v2\/pages\/2885\/revisions\/17538"}],"up":[{"embeddable":true,"href":"https:\/\/www.expertmind.ro\/es\/wp-json\/wp\/v2\/pages\/2007"}],"wp:attachment":[{"href":"https:\/\/www.expertmind.ro\/es\/wp-json\/wp\/v2\/media?parent=2885"}],"curies":[{"name":"wp","href":"https:\/\/api.w.org\/{rel}","templated":true}]}}