{"id":2904,"date":"2017-02-24T11:37:36","date_gmt":"2017-02-24T11:37:36","guid":{"rendered":"http:\/\/www.expertmind.ro\/?page_id=2904"},"modified":"2025-11-14T16:45:50","modified_gmt":"2025-11-14T14:45:50","slug":"consultanta-tip-abonament","status":"publish","type":"page","link":"https:\/\/www.expertmind.ro\/es\/servicios\/servicios-juridicos\/consultoria-por-suscripcion\/","title":{"rendered":"Consultor\u00eda por suscripci\u00f3n"},"content":{"rendered":"<p>[vc_row css=&#8221;.vc_custom_1489768856406{background-image: url(http:\/\/www.expertmind.ro\/wp-content\/uploads\/2017\/02\/servicii-juridice.png?id=3932) !important;background-position: center !important;background-repeat: no-repeat !important;background-size: cover !important;}&#8221; el_class=&#8221;servicii-top-banner&#8221;][vc_column width=&#8221;2\/3&#8243; el_class=&#8221;servicii-top-banner-title&#8221;][vc_custom_heading text=&#8221;\u00ce\u021bi oferim suportul \u0219i \u00eencrederea<br \/>\nde care ai nevoie!&#8221; font_container=&#8221;tag:h2|text_align:left|color:%23f15a23&#8243; use_theme_fonts=&#8221;yes&#8221;][\/vc_column][vc_column width=&#8221;1\/3&#8243;][\/vc_column][\/vc_row][vc_row el_class=&#8221;servicii-top-banner-page-info&#8221;][vc_column][vc_row_inner css=&#8221;.vc_custom_1484568530917{background-color: #7f9296 !important;background-position: center !important;background-repeat: no-repeat !important;background-size: cover !important;}&#8221; el_class=&#8221;servicii-top-banner-fasie-gri&#8221;][vc_column_inner el_class=&#8221;servicii-top-banner-page-title&#8221; width=&#8221;1\/2&#8243;][vc_custom_heading text=&#8221;CONSULTANTA TIP ABONAMENT&#8221; font_container=&#8221;tag:h3|text_align:left|color:%23ffffff&#8221; use_theme_fonts=&#8221;yes&#8221;][\/vc_column_inner][vc_column_inner el_class=&#8221;servicii-top-banner-page-breadcrumb&#8221; width=&#8221;1\/2&#8243;][\/vc_column_inner][\/vc_row_inner][\/vc_column][\/vc_row][vc_row el_class=&#8221;servicii-sectiunea-1&#8243;][vc_column width=&#8221;1\/3&#8243; css=&#8221;.vc_custom_1484142666877{background-position: center !important;background-repeat: no-repeat !important;background-size: cover !important;}&#8221; el_class=&#8221;servicii-sectiunea-1-1&#8243;][vc_row_inner el_class=&#8221;servicii-custom-menu&#8221;][vc_column_inner css=&#8221;.vc_custom_1484139076748{background-color: #53575a !important;background-position: center !important;background-repeat: no-repeat !important;background-size: cover !important;}&#8221;][vc_wp_custommenu nav_menu=&#8221;50&#8243;][\/vc_column_inner][\/vc_row_inner][vc_column_text css=&#8221;.vc_custom_1490000624176{background-color: #f15a22 !important;background-position: center !important;background-repeat: no-repeat !important;background-size: cover !important;}&#8221; el_class=&#8221;servicii-buton-solicita&#8221;]<\/p>\n<div><img loading=\"lazy\" class=\"alignnone size-full wp-image-2323\" src=\"http:\/\/www.expertmind.ro\/wp-content\/uploads\/2017\/02\/icon-contacteaza.png\" alt=\"\" width=\"48\" height=\"56\" \/><\/div>\n<div>\n<h4 style=\"color: #ffffff;\"><a href=\"http:\/\/www.expertmind.ro\/contact\/\">HAI SA LUCRAM IMPREUNA!<\/a><\/h4>\n<\/div>\n<p>[\/vc_column_text][vc_empty_space height=&#8221;10px&#8221;][vc_single_image image=&#8221;4212&#8243; img_size=&#8221;full&#8221; onclick=&#8221;custom_link&#8221; img_link_target=&#8221;_blank&#8221; link=&#8221;http:\/\/www.expertmind.ro\/servicii-resurse-umane\/&#8221;][\/vc_column][vc_column width=&#8221;2\/3&#8243; el_class=&#8221;servicii-sectiunea-1-2&#8243;][vc_row_inner el_class=&#8221;servicii-sectiunea-1-2-titlu&#8221;][vc_column_inner][vc_custom_heading text=&#8221;Consultanta tip abonament&#8221; font_container=&#8221;tag:h1|text_align:left|color:%23f15a22&#8243; use_theme_fonts=&#8221;yes&#8221; el_class=&#8221;servicii-sectiunea-1-2-titlu&#8221;][vc_column_text el_class=&#8221;servicii-sectiunea-1-2-text&#8221;]<\/p>\n<h4>Siguranta de a avea un specialist la dispozitie, faptul ca poti apela la el oricand, fara sa fie nevoie sa prezinti de fiecare data situatia, stabilitatea data de o forma de colaborare continuua, toate acestea sunt beneficiile de care ai parte prin accesarea serviciului de abonament juridic.<\/h4>\n<p>[\/vc_column_text][vc_separator color=&#8221;custom&#8221; el_class=&#8221;servicii-sectiunea-1-2-liniuta&#8221; accent_color=&#8221;#313131&#8243;][\/vc_column_inner][\/vc_row_inner][vc_row_inner el_class=&#8221;servicii-1-2-content&#8221;][vc_column_inner el_class=&#8221;servicii-1-2-content-1&#8243; width=&#8221;1\/2&#8243;][vc_column_text]E\u0219ti \u00een c\u0103utarea unor solu\u021bii \u0219i oferte de abonament care s\u0103 r\u0103spund\u0103 nevoilor specifice ale activit\u0103\u021bii tale? Indiferent dac\u0103 preferi plata pentru fiecare presta\u021bie juridic\u0103 sau un pachet de servicii sub form\u0103 de abonament, la EXPERT MIND \u00ee\u021bi punem la dispozi\u021bie op\u021biuni flexibile \u0219i structurate astfel \u00eenc\u00e2t s\u0103 se potriveasc\u0103 necesit\u0103\u021bilor companiei tale![\/vc_column_text][\/vc_column_inner][vc_column_inner el_class=&#8221;servicii-1-2-content-1&#8243; width=&#8221;1\/2&#8243;][vc_column_text]<strong>EXPERT MIND<\/strong> iti pune la dispozitie servicii juridice complexe, grupate in 3 pachete, concepute cu scopul de a-ti satisface necesitatile de natura juridica, la preturi extrem de avantajoase.<\/p>\n<p>Fiecare pachet este standardizat in functie de bugetul si solicitarile uzuale cu care specialistii nostril s-au intalnit.[\/vc_column_text][\/vc_column_inner][\/vc_row_inner][\/vc_column][\/vc_row]<\/p>","protected":false},"excerpt":{"rendered":"<p>[vc_row css=&#8221;.vc_custom_1489768856406{background-image: url(http:\/\/www.expertmind.ro\/wp-content\/uploads\/2017\/02\/servicii-juridice.png?id=3932) !important;background-position: center !important;background-repeat: no-repeat !important;background-size: cover !important;}&#8221; el_class=&#8221;servicii-top-banner&#8221;][vc_column width=&#8221;2\/3&#8243; el_class=&#8221;servicii-top-banner-title&#8221;][vc_custom_heading text=&#8221;\u00ce\u021bi oferim suportul \u0219i \u00eencrederea de care ai nevoie!&#8221; font_container=&#8221;tag:h2|text_align:left|color:%23f15a23&#8243; use_theme_fonts=&#8221;yes&#8221;][\/vc_column][vc_column width=&#8221;1\/3&#8243;][\/vc_column][\/vc_row][vc_row el_class=&#8221;servicii-top-banner-page-info&#8221;][vc_column][vc_row_inner css=&#8221;.vc_custom_1484568530917{background-color: #7f9296 !important;background-position: center !important;background-repeat: no-repeat !important;background-size: cover !important;}&#8221; el_class=&#8221;servicii-top-banner-fasie-gri&#8221;][vc_column_inner el_class=&#8221;servicii-top-banner-page-title&#8221; width=&#8221;1\/2&#8243;][vc_custom_heading text=&#8221;CONSULTANTA TIP ABONAMENT&#8221; font_container=&#8221;tag:h3|text_align:left|color:%23ffffff&#8221; use_theme_fonts=&#8221;yes&#8221;][\/vc_column_inner][vc_column_inner el_class=&#8221;servicii-top-banner-page-breadcrumb&#8221; width=&#8221;1\/2&#8243;][\/vc_column_inner][\/vc_row_inner][\/vc_column][\/vc_row][vc_row el_class=&#8221;servicii-sectiunea-1&#8243;][vc_column width=&#8221;1\/3&#8243; css=&#8221;.vc_custom_1484142666877{background-position: center !important;background-repeat: no-repeat !important;background-size: cover !important;}&#8221; el_class=&#8221;servicii-sectiunea-1-1&#8243;][vc_row_inner [&hellip;]<\/p>\n","protected":false},"author":1,"featured_media":0,"parent":1990,"menu_order":4,"comment_status":"closed","ping_status":"closed","template":"","meta":[],"_links":{"self":[{"href":"https:\/\/www.expertmind.ro\/es\/wp-json\/wp\/v2\/pages\/2904"}],"collection":[{"href":"https:\/\/www.expertmind.ro\/es\/wp-json\/wp\/v2\/pages"}],"about":[{"href":"https:\/\/www.expertmind.ro\/es\/wp-json\/wp\/v2\/types\/page"}],"author":[{"embeddable":true,"href":"https:\/\/www.expertmind.ro\/es\/wp-json\/wp\/v2\/users\/1"}],"replies":[{"embeddable":true,"href":"https:\/\/www.expertmind.ro\/es\/wp-json\/wp\/v2\/comments?post=2904"}],"version-history":[{"count":33,"href":"https:\/\/www.expertmind.ro\/es\/wp-json\/wp\/v2\/pages\/2904\/revisions"}],"predecessor-version":[{"id":17532,"href":"https:\/\/www.expertmind.ro\/es\/wp-json\/wp\/v2\/pages\/2904\/revisions\/17532"}],"up":[{"embeddable":true,"href":"https:\/\/www.expertmind.ro\/es\/wp-json\/wp\/v2\/pages\/1990"}],"wp:attachment":[{"href":"https:\/\/www.expertmind.ro\/es\/wp-json\/wp\/v2\/media?parent=2904"}],"curies":[{"name":"wp","href":"https:\/\/api.w.org\/{rel}","templated":true}]}}