{"id":1964,"date":"2017-01-06T13:10:03","date_gmt":"2017-01-06T13:10:03","guid":{"rendered":"http:\/\/www.expertmind.ro\/?page_id=1964"},"modified":"2025-11-13T14:43:00","modified_gmt":"2025-11-13T12:43:00","slug":"specialistii-expert-mind","status":"publish","type":"page","link":"https:\/\/www.expertmind.ro\/fr\/entreprise\/les-specialistes-expert-mind\/","title":{"rendered":"Les Sp\u00e9cialistes Expert Mind"},"content":{"rendered":"<p>[vc_row css=&#8221;.vc_custom_1489765841072{background-image: url(http:\/\/www.expertmind.ro\/wp-content\/uploads\/2017\/02\/despre-noi.png?id=3916) !important;background-position: center !important;background-repeat: no-repeat !important;background-size: cover !important;}&#8221; el_class=&#8221;servicii-top-banner&#8221;][vc_column width=&#8221;2\/3&#8243; el_class=&#8221;servicii-top-banner-title&#8221;][vc_custom_heading text=&#8221;Aducem plus valoare business-ului tau!&#8221; font_container=&#8221;tag:h2|text_align:left|color:%23f15a23&#8243; use_theme_fonts=&#8221;yes&#8221;][\/vc_column][vc_column width=&#8221;1\/3&#8243;][\/vc_column][\/vc_row][vc_row el_class=&#8221;servicii-top-banner-page-info&#8221;][vc_column][vc_row_inner css=&#8221;.vc_custom_1484568530917{background-color: #7f9296 !important;background-position: center !important;background-repeat: no-repeat !important;background-size: cover !important;}&#8221; el_class=&#8221;servicii-top-banner-fasie-gri&#8221;][vc_column_inner el_class=&#8221;servicii-top-banner-page-title&#8221; width=&#8221;1\/2&#8243;][vc_custom_heading text=&#8221;SPECIALISTII EXPERT MIND&#8221; font_container=&#8221;tag:h3|text_align:left|color:%23ffffff&#8221; use_theme_fonts=&#8221;yes&#8221;][\/vc_column_inner][vc_column_inner el_class=&#8221;servicii-top-banner-page-breadcrumb&#8221; width=&#8221;1\/2&#8243;][\/vc_column_inner][\/vc_row_inner][\/vc_column][\/vc_row][vc_row el_class=&#8221;servicii-sectiunea-1&#8243;][vc_column width=&#8221;1\/3&#8243; css=&#8221;.vc_custom_1484142666877{background-position: center !important;background-repeat: no-repeat !important;background-size: cover !important;}&#8221; el_class=&#8221;servicii-sectiunea-1-1&#8243;][vc_row_inner el_class=&#8221;servicii-custom-menu&#8221;][vc_column_inner css=&#8221;.vc_custom_1484139076748{background-color: #53575a !important;background-position: center !important;background-repeat: no-repeat !important;background-size: cover !important;}&#8221;][vc_wp_custommenu nav_menu=&#8221;51&#8243;][\/vc_column_inner][\/vc_row_inner][vc_column_text css=&#8221;.vc_custom_1489845601607{background-color: #f15a22 !important;background-position: center !important;background-repeat: no-repeat !important;background-size: cover !important;}&#8221; el_class=&#8221;servicii-buton-solicita&#8221;]<\/p>\n<div><img loading=\"lazy\" class=\"alignnone size-full wp-image-2323\" src=\"http:\/\/www.expertmind.ro\/wp-content\/uploads\/2017\/02\/icon-contacteaza.png\" alt=\"\" width=\"48\" height=\"56\" \/><\/div>\n<div>\n<h4 style=\"color: #ffffff;\"><a href=\"http:\/\/www.expertmind.ro\/contact\/\">HAI SA LUCRAM IMPREUNA!<\/a><\/h4>\n<\/div>\n<p>[\/vc_column_text][\/vc_column][vc_column width=&#8221;2\/3&#8243; el_class=&#8221;servicii-sectiunea-1-2&#8243;][vc_row_inner css=&#8221;.vc_custom_1486034342945{background-color: #ffffff !important;}&#8221; el_class=&#8221;servicii-sectiunea-1-2-titlu&#8221;][vc_column_inner][vc_custom_heading text=&#8221;Specialistii EXPERT MIND&#8221; font_container=&#8221;tag:h1|text_align:left|color:%23f15a22&#8243; use_theme_fonts=&#8221;yes&#8221; el_class=&#8221;titlu-pagina-echipa&#8221;][\/vc_column_inner][\/vc_row_inner][vc_row_inner css=&#8221;.vc_custom_1489408351521{background-color: #ffffff !important;}&#8221; el_class=&#8221;servicii-sectiunea-1-2-titlu&#8221;][vc_column_inner width=&#8221;1\/2&#8243;][vc_column_text el_class=&#8221;content-pagina-echipa&#8221;]<strong>EXPERT MIND &#8211; EXPERTI dedicati de peste 10 ani in activitatea de gestiune contabila!<br \/>\nTe ajutam sa iti cresti afacerea!<\/strong><\/p>\n<p>Membrii echipei noastre sunt experti contabili, membri ai CECCAR, auditori, membrii ai CAFR, inspectori resurse umane si economisti cu experienta. Dispunem de oameni dedicati si profesionisti pe specificul activitatii lor, cu inalta experienta acumulata in numeroasele proiecte pentru companii locale si internationale, active intr-o gama variata de domenii.[\/vc_column_text][\/vc_column_inner][vc_column_inner width=&#8221;1\/2&#8243;][vc_column_text el_class=&#8221;content-pagina-echipa&#8221;]<\/p>\n<p data-start=\"331\" data-end=\"712\">Cu peste 15 ani de experien\u021b\u0103 \u0219i o echip\u0103 de peste 170 de speciali\u0219ti \u00een contabilitate, resurse umane, audit \u0219i servicii juridice, EXPERT MIND ofer\u0103 companiilor suport profesionist \u0219i consultan\u021b\u0103 adaptat\u0103 nevoilor fiec\u0103rui client. Prin informa\u021biile \u0219i ghidarea de specialitate, ajut\u0103m antreprenorii s\u0103 ia decizii informate pentru optimizarea, cre\u0219terea \u0219i dezvoltarea afacerii lor.<\/p>\n<p data-start=\"714\" data-end=\"857\">Orientat\u0103 permanent c\u0103tre perfec\u021bionare, echipa noastr\u0103 propune solu\u021bii actuale \u0219i eficiente, \u00een concordan\u021b\u0103 cu evolu\u021biile \u0219i cerin\u021bele pie\u021bei.<\/p>\n<p>[\/vc_column_text][\/vc_column_inner][\/vc_row_inner][vc_row_inner el_class=&#8221;servicii-sectiunea-1-2-titlu&#8221; css=&#8221;.vc_custom_1489409116730{background-color: #ffffff !important;}&#8221;][vc_column_inner][vc_custom_heading text=&#8221;Suntem o echipa reunita de peste 80 de specialisti in birourile noastre de la Iasi si Bucuresti.&#8221; font_container=&#8221;tag:h3|text_align:left|color:%23f15a23&#8243; use_theme_fonts=&#8221;yes&#8221; el_class=&#8221;specialistii-text-special&#8221;][\/vc_column_inner][\/vc_row_inner][bears_blog element_id=&#8221;1485872274013-acefaee8-d191&#8243; source=&#8221;size:9|order_by:date|order:ASC|post_type:team&#8221; template=&#8221;eyJ0ZW1wbGF0ZSI6ImJlYXJzX2Jsb2ctLXRlYW0ucGhwIiwic2hvd19wYWdpbmF0aW9uIjoic2hvdyIsImNvbHVtbnMiOiIzIiwic3R5bGUiOiJzdHlsZTMgIiwiaW1hZ2Vfc2l6ZSI6Im1lZGl1bV9sYXJnZSIsImltYWdlX2hlaWdodCI6IjMwMCJ9&#8243; css=&#8221;.vc_custom_1489417659293{background-position: center !important;background-repeat: no-repeat !important;background-size: cover !important;}&#8221;][\/vc_column][\/vc_row]<\/p>","protected":false},"excerpt":{"rendered":"<p>[vc_row css=&#8221;.vc_custom_1489765841072{background-image: url(http:\/\/www.expertmind.ro\/wp-content\/uploads\/2017\/02\/despre-noi.png?id=3916) !important;background-position: center !important;background-repeat: no-repeat !important;background-size: cover !important;}&#8221; el_class=&#8221;servicii-top-banner&#8221;][vc_column width=&#8221;2\/3&#8243; el_class=&#8221;servicii-top-banner-title&#8221;][vc_custom_heading text=&#8221;Aducem plus valoare business-ului tau!&#8221; font_container=&#8221;tag:h2|text_align:left|color:%23f15a23&#8243; use_theme_fonts=&#8221;yes&#8221;][\/vc_column][vc_column width=&#8221;1\/3&#8243;][\/vc_column][\/vc_row][vc_row el_class=&#8221;servicii-top-banner-page-info&#8221;][vc_column][vc_row_inner css=&#8221;.vc_custom_1484568530917{background-color: #7f9296 !important;background-position: center !important;background-repeat: no-repeat !important;background-size: cover !important;}&#8221; el_class=&#8221;servicii-top-banner-fasie-gri&#8221;][vc_column_inner el_class=&#8221;servicii-top-banner-page-title&#8221; width=&#8221;1\/2&#8243;][vc_custom_heading text=&#8221;SPECIALISTII EXPERT MIND&#8221; font_container=&#8221;tag:h3|text_align:left|color:%23ffffff&#8221; use_theme_fonts=&#8221;yes&#8221;][\/vc_column_inner][vc_column_inner el_class=&#8221;servicii-top-banner-page-breadcrumb&#8221; width=&#8221;1\/2&#8243;][\/vc_column_inner][\/vc_row_inner][\/vc_column][\/vc_row][vc_row el_class=&#8221;servicii-sectiunea-1&#8243;][vc_column width=&#8221;1\/3&#8243; css=&#8221;.vc_custom_1484142666877{background-position: center !important;background-repeat: no-repeat !important;background-size: cover !important;}&#8221; el_class=&#8221;servicii-sectiunea-1-1&#8243;][vc_row_inner el_class=&#8221;servicii-custom-menu&#8221;][vc_column_inner css=&#8221;.vc_custom_1484139076748{background-color: #53575a !important;background-position: [&hellip;]<\/p>\n","protected":false},"author":1,"featured_media":0,"parent":1962,"menu_order":1,"comment_status":"closed","ping_status":"closed","template":"","meta":[],"_links":{"self":[{"href":"https:\/\/www.expertmind.ro\/fr\/wp-json\/wp\/v2\/pages\/1964"}],"collection":[{"href":"https:\/\/www.expertmind.ro\/fr\/wp-json\/wp\/v2\/pages"}],"about":[{"href":"https:\/\/www.expertmind.ro\/fr\/wp-json\/wp\/v2\/types\/page"}],"author":[{"embeddable":true,"href":"https:\/\/www.expertmind.ro\/fr\/wp-json\/wp\/v2\/users\/1"}],"replies":[{"embeddable":true,"href":"https:\/\/www.expertmind.ro\/fr\/wp-json\/wp\/v2\/comments?post=1964"}],"version-history":[{"count":80,"href":"https:\/\/www.expertmind.ro\/fr\/wp-json\/wp\/v2\/pages\/1964\/revisions"}],"predecessor-version":[{"id":17498,"href":"https:\/\/www.expertmind.ro\/fr\/wp-json\/wp\/v2\/pages\/1964\/revisions\/17498"}],"up":[{"embeddable":true,"href":"https:\/\/www.expertmind.ro\/fr\/wp-json\/wp\/v2\/pages\/1962"}],"wp:attachment":[{"href":"https:\/\/www.expertmind.ro\/fr\/wp-json\/wp\/v2\/media?parent=1964"}],"curies":[{"name":"wp","href":"https:\/\/api.w.org\/{rel}","templated":true}]}}