{"id":1998,"date":"2017-01-06T14:05:35","date_gmt":"2017-01-06T14:05:35","guid":{"rendered":"http:\/\/www.expertmind.ro\/?page_id=1998"},"modified":"2018-01-30T16:27:39","modified_gmt":"2018-01-30T14:27:39","slug":"servicii-de-audit","status":"publish","type":"page","link":"https:\/\/www.expertmind.ro\/fr\/services\/services-daudit\/","title":{"rendered":"Services d\u2019audit"},"content":{"rendered":"<p>[vc_row css=&#8221;.vc_custom_1489769912058{background-image: url(http:\/\/www.expertmind.ro\/wp-content\/uploads\/2017\/01\/servicii-audit.png?id=3951) !important;background-position: center !important;background-repeat: no-repeat !important;background-size: cover !important;}&#8221; el_class=&#8221;servicii-top-banner&#8221;][vc_column width=&#8221;2\/3&#8243; el_class=&#8221;servicii-top-banner-title&#8221;][vc_custom_heading text=&#8221;Gagner des avantages et soit<br \/>\ncomp\u00e9titif par connaissance &#8221; font_container=&#8221;tag:h2|text_align:left|color:%23f15a23&#8243; use_theme_fonts=&#8221;yes&#8221;][\/vc_column][vc_column width=&#8221;1\/3&#8243;][\/vc_column][\/vc_row][vc_row el_class=&#8221;servicii-top-banner-page-info&#8221;][vc_column][vc_row_inner css=&#8221;.vc_custom_1484568530917{background-color: #7f9296 !important;background-position: center !important;background-repeat: no-repeat !important;background-size: cover !important;}&#8221; el_class=&#8221;servicii-top-banner-fasie-gri&#8221;][vc_column_inner el_class=&#8221;servicii-top-banner-page-title&#8221; width=&#8221;1\/2&#8243;][vc_custom_heading text=&#8221;SERVICES D&#8217;AUDIT &#8221; font_container=&#8221;tag:h3|text_align:left|color:%23ffffff&#8221; use_theme_fonts=&#8221;yes&#8221;][\/vc_column_inner][vc_column_inner el_class=&#8221;servicii-top-banner-page-breadcrumb&#8221; width=&#8221;1\/2&#8243;][\/vc_column_inner][\/vc_row_inner][\/vc_column][\/vc_row][vc_row el_class=&#8221;servicii-sectiunea-1&#8243;][vc_column width=&#8221;1\/3&#8243; css=&#8221;.vc_custom_1484142666877{background-position: center !important;background-repeat: no-repeat !important;background-size: cover !important;}&#8221; el_class=&#8221;servicii-sectiunea-1-1&#8243;][vc_row_inner el_class=&#8221;servicii-custom-menu&#8221;][vc_column_inner css=&#8221;.vc_custom_1484139076748{background-color: #53575a !important;background-position: center !important;background-repeat: no-repeat !important;background-size: cover !important;}&#8221;][vc_wp_custommenu nav_menu=&#8221;50&#8243;][\/vc_column_inner][\/vc_row_inner][vc_row_inner css=&#8221;.vc_custom_1484142706750{background-position: center !important;background-repeat: no-repeat !important;background-size: cover !important;}&#8221; el_class=&#8221;servicii-key-person-titlu&#8221;][vc_column_inner css=&#8221;.vc_custom_1484139034841{background-color: #7f9296 !important;background-position: center !important;background-repeat: no-repeat !important;background-size: cover !important;}&#8221;][vc_custom_heading text=&#8221;SP\u00c9CIALISTE&#8221; font_container=&#8221;tag:h4|text_align:left&#8221; use_theme_fonts=&#8221;yes&#8221; css=&#8221;.vc_custom_1499691030499{background-color: #7f9296 !important;background-position: center !important;background-repeat: no-repeat !important;background-size: cover !important;}&#8221;][\/vc_column_inner][\/vc_row_inner][vc_row_inner css=&#8221;.vc_custom_1484142722365{background-color: #7f9296 !important;background-position: center !important;background-repeat: no-repeat !important;background-size: cover !important;}&#8221; el_class=&#8221;servicii-key-person&#8221;][vc_column_inner el_class=&#8221;servicii-key-person-image&#8221; width=&#8221;1\/2&#8243;][vc_single_image image=&#8221;3231&#8243; img_size=&#8221;full&#8221;][\/vc_column_inner][vc_column_inner el_class=&#8221;servicii-key-person-content&#8221; width=&#8221;1\/2&#8243;][vc_custom_heading text=&#8221;Gina Macare&#8221; font_container=&#8221;tag:h5|text_align:left|color:%23ffffff&#8221; use_theme_fonts=&#8221;yes&#8221; el_class=&#8221;key-person-name&#8221;][vc_column_text el_class=&#8221;servicii-key-person-text&#8221;]<\/p>\n<div style=\"color: #ffffff;\">\n<p>Directeur \u00e9conomique, Expert-comptable<\/p>\n<p>gina.macare@expertmind.ro<br \/>\n0749.063.683<br \/>\n0374.490.137<\/p>\n<\/div>\n<p>[\/vc_column_text][vc_custom_heading text=&#8221;&gt; Afla mai multe&#8221; font_container=&#8221;tag:h5|text_align:left|color:%23ffffff&#8221; use_theme_fonts=&#8221;yes&#8221; el_class=&#8221;key-person-afla-mai-multe&#8221; link=&#8221;url:http%3A%2F%2Fwww.expertmind.ro%2Fteam%2Fgina-macare%2F|||&#8221;][\/vc_column_inner][\/vc_row_inner][vc_column_text css=&#8221;.vc_custom_1499690971084{background-color: #f15a22 !important;background-position: center !important;background-repeat: no-repeat !important;background-size: cover !important;}&#8221; el_class=&#8221;servicii-buton-solicita&#8221;]<\/p>\n<div><img loading=\"lazy\" class=\"alignnone size-full wp-image-2323\" src=\"http:\/\/www.expertmind.ro\/wp-content\/uploads\/2017\/02\/icon-contacteaza.png\" alt=\"\" width=\"48\" height=\"56\" \/><\/div>\n<div>\n<h4 style=\"color: #ffffff;\"><a href=\"http:\/\/www.expertmind.ro\/contact\/\">ON EST PRETS, ON VA TRAVAILLER ESEMBLE!<\/a><\/h4>\n<\/div>\n<p>[\/vc_column_text][\/vc_column][vc_column width=&#8221;2\/3&#8243; el_class=&#8221;servicii-sectiunea-1-2&#8243;][vc_row_inner el_class=&#8221;servicii-sectiunea-1-2-titlu&#8221;][vc_column_inner][vc_custom_heading text=&#8221;Services d\u2019audit financier&#8221; font_container=&#8221;tag:h1|text_align:left|color:%23f15a22&#8243; use_theme_fonts=&#8221;yes&#8221; el_class=&#8221;servicii-sectiunea-1-2-titlu&#8221;][vc_column_text el_class=&#8221;servicii-sectiunea-1-2-text&#8221;]<\/p>\n<h4>Le service d\u2019audit financier est essentiel pour conna\u00eetre l\u2019\u00e9volution de ta compagnie, la tendance et le potentiel de l\u2019affaire. La clart\u00e9 dans le business est extr\u00eamement importante parce qu\u2019elle est la base du d\u00e9veloppement d\u2019une compagnie.<\/h4>\n<p>[\/vc_column_text][vc_separator color=&#8221;custom&#8221; el_class=&#8221;servicii-sectiunea-1-2-liniuta&#8221; accent_color=&#8221;#313131&#8243;][\/vc_column_inner][\/vc_row_inner][vc_row_inner el_class=&#8221;servicii-1-2-content servicii-spc&#8221;][vc_column_inner el_class=&#8221;servicii-1-2-content-1&#8243; width=&#8221;1\/2&#8243;][vc_column_text]<strong>L\u2019audit financier<\/strong> consiste dans une analyse rigoureuse aux situations financi\u00e8res d\u2019une entreprise. Plus que des chiffres, des rapports ou des tableaux, l\u2019audit financier suppose une pr\u00e9vision des risques aussi comme les solutions novatrices et profitables pour ton affaire.<\/p>\n<p><span style=\"font-weight: normal !msorm;\"><strong>EXPERT MIND<\/strong><\/span>, compagnie avec plus de 10 ans d\u2019exp\u00e9rience, offre des <span style=\"font-weight: normal !msorm;\"><strong>services d\u2019audit selon les Standards Internationaux d\u2019Audit (ISA).<\/strong><\/span><\/p>\n<p>L\u2019auditeur est oblig\u00e9 \u00e0 respecter toutes les conditions pr\u00e9vues par la loi pour une opinion objective et ind\u00e9pendante sur la situation financi\u00e8re annuelle.<\/p>\n<p>L\u2019auditeur envoie, \u00e0 la fin de l\u2019ann\u00e9e <strong>un ensemble des documents<\/strong> qui pr\u00e9sente son analyse responsable:<\/p>\n<ul>\n<li><strong>Le rapport d\u2019audit financier <\/strong> concernant les situations financi\u00e8res du client.\n<ul>\n<li><strong>Lettre confidentielle<\/strong> adress\u00e9e \u00e0 la direction de l\u2019entreprise qui contient les principales d\u00e9faillances du syst\u00e8me du contr\u00f4le interne et d\u2019autres aspects identifi\u00e9s au cours de l\u2019audit financier<\/li>\n<\/ul>\n<\/li>\n<\/ul>\n<p>[\/vc_column_text][\/vc_column_inner][vc_column_inner el_class=&#8221;servicii-1-2-content-1&#8243; width=&#8221;1\/2&#8243;][vc_column_text]Nos services d\u2019<strong>audit financier interne et statutaires <\/strong> se d\u00e9roulent apr\u00e8s des r\u00e8gles pr\u00e9\u00e9tablies, des r\u00e8glementations ou normes l\u00e9gales et professionnelles qui deviennent des crit\u00e8res de la qualit\u00e9.<\/p>\n<ul>\n<li>Audit financier statutaire, r\u00e9vision et engagements de compilation<\/li>\n<li>L\u2019audit de projets europ\u00e9ens<\/li>\n<li>Proc\u00e9dures d\u2018audit<\/li>\n<li>Certification des bilans comptables<\/li>\n<li>Situations financi\u00e8res statutaires et du group<\/li>\n<\/ul>\n<p class=\"audit-rsp\"><strong>L\u2019activit\u00e9 proprement-dite d\u2019audit suppose:<\/strong><\/p>\n<ul>\n<li>\u00c9laboration des rapports d\u2019audit annuels (rapport court pour le Registre du Commerce et le rapport d\u00e9taill\u00e9 pour l\u2019entreprise \u2013 lettre confidentielle) en conformit\u00e9 avec les Standards Internationaux d\u2019Audit accept\u00e9s par la Chambre d\u2019Auditeurs Financiers de la Roumanie;<\/li>\n<li><strong>L\u2019analyse comparative aux principaux indicateurs financiers de la compagnie<\/strong>;<\/li>\n<li><strong>L\u2019identification de politiques comptable les plus ad\u00e9quates;<\/strong><\/li>\n<li>L\u2019appr\u00e9ciation de l\u2019audit interne;<\/li>\n<\/ul>\n<p>[\/vc_column_text][\/vc_column_inner][\/vc_row_inner][vc_row_inner el_class=&#8221;servicii-1-2-content&#8221;][vc_column_inner el_class=&#8221;servicii-1-2-content-1&#8243;][vc_separator color=&#8221;custom&#8221; el_class=&#8221;servicii-sectiunea-1-2-liniuta&#8221; accent_color=&#8221;#313131&#8243;][vc_column_text]Les crit\u00e8res qu\u2019il faut atteindre une entreprise \u00e0 la fin de l\u2019exercice financier d\u00e9terminent si la compagnie est oblig\u00e9e d\u2019effectuer un audit financier conforme avec la l\u00e9gislation applicable.<\/p>\n<p>C\u2019<strong>est n\u00e9cessaire de faire un audit <\/strong> si vous \u00eates, apr\u00e8s l\u2019exercice financier, dans deux de ces trois situations:<\/p>\n<ul>\n<li>Avoirs totaux plus de 3.650.000 euros<\/li>\n<li>Chiffre d\u2019affaire net plus de 7.300.000 euros<\/li>\n<li>Le nombre moyen d\u2019employ\u00e9s au cours de l\u2019exercice financier \u00e9gal \u00e0 50 ou plus d\u2019employ\u00e9s<\/li>\n<\/ul>\n<p>[\/vc_column_text][\/vc_column_inner][\/vc_row_inner][\/vc_column][\/vc_row]<\/p>","protected":false},"excerpt":{"rendered":"<p>[vc_row css=&#8221;.vc_custom_1489769912058{background-image: url(http:\/\/www.expertmind.ro\/wp-content\/uploads\/2017\/01\/servicii-audit.png?id=3951) !important;background-position: center !important;background-repeat: no-repeat !important;background-size: cover !important;}&#8221; el_class=&#8221;servicii-top-banner&#8221;][vc_column width=&#8221;2\/3&#8243; el_class=&#8221;servicii-top-banner-title&#8221;][vc_custom_heading text=&#8221;Gagner des avantages et soit comp\u00e9titif par connaissance &#8221; font_container=&#8221;tag:h2|text_align:left|color:%23f15a23&#8243; use_theme_fonts=&#8221;yes&#8221;][\/vc_column][vc_column width=&#8221;1\/3&#8243;][\/vc_column][\/vc_row][vc_row el_class=&#8221;servicii-top-banner-page-info&#8221;][vc_column][vc_row_inner css=&#8221;.vc_custom_1484568530917{background-color: #7f9296 !important;background-position: center !important;background-repeat: no-repeat !important;background-size: cover !important;}&#8221; el_class=&#8221;servicii-top-banner-fasie-gri&#8221;][vc_column_inner el_class=&#8221;servicii-top-banner-page-title&#8221; width=&#8221;1\/2&#8243;][vc_custom_heading text=&#8221;SERVICES D&#8217;AUDIT &#8221; font_container=&#8221;tag:h3|text_align:left|color:%23ffffff&#8221; use_theme_fonts=&#8221;yes&#8221;][\/vc_column_inner][vc_column_inner el_class=&#8221;servicii-top-banner-page-breadcrumb&#8221; width=&#8221;1\/2&#8243;][\/vc_column_inner][\/vc_row_inner][\/vc_column][\/vc_row][vc_row el_class=&#8221;servicii-sectiunea-1&#8243;][vc_column width=&#8221;1\/3&#8243; css=&#8221;.vc_custom_1484142666877{background-position: center !important;background-repeat: no-repeat !important;background-size: cover !important;}&#8221; el_class=&#8221;servicii-sectiunea-1-1&#8243;][vc_row_inner [&hellip;]<\/p>\n","protected":false},"author":1,"featured_media":0,"parent":1984,"menu_order":7,"comment_status":"closed","ping_status":"closed","template":"","meta":[],"_links":{"self":[{"href":"https:\/\/www.expertmind.ro\/fr\/wp-json\/wp\/v2\/pages\/1998"}],"collection":[{"href":"https:\/\/www.expertmind.ro\/fr\/wp-json\/wp\/v2\/pages"}],"about":[{"href":"https:\/\/www.expertmind.ro\/fr\/wp-json\/wp\/v2\/types\/page"}],"author":[{"embeddable":true,"href":"https:\/\/www.expertmind.ro\/fr\/wp-json\/wp\/v2\/users\/1"}],"replies":[{"embeddable":true,"href":"https:\/\/www.expertmind.ro\/fr\/wp-json\/wp\/v2\/comments?post=1998"}],"version-history":[{"count":43,"href":"https:\/\/www.expertmind.ro\/fr\/wp-json\/wp\/v2\/pages\/1998\/revisions"}],"predecessor-version":[{"id":6388,"href":"https:\/\/www.expertmind.ro\/fr\/wp-json\/wp\/v2\/pages\/1998\/revisions\/6388"}],"up":[{"embeddable":true,"href":"https:\/\/www.expertmind.ro\/fr\/wp-json\/wp\/v2\/pages\/1984"}],"wp:attachment":[{"href":"https:\/\/www.expertmind.ro\/fr\/wp-json\/wp\/v2\/media?parent=1998"}],"curies":[{"name":"wp","href":"https:\/\/api.w.org\/{rel}","templated":true}]}}