{"id":2017,"date":"2017-01-06T14:12:22","date_gmt":"2017-01-06T14:12:22","guid":{"rendered":"http:\/\/www.expertmind.ro\/?page_id=2017"},"modified":"2026-02-25T15:17:02","modified_gmt":"2026-02-25T13:17:02","slug":"contact","status":"publish","type":"page","link":"https:\/\/www.expertmind.ro\/fr\/contact\/","title":{"rendered":"Contact"},"content":{"rendered":"<p>[vc_row css=&#8221;.vc_custom_1697619014692{background-position: center !important;background-repeat: no-repeat !important;background-size: cover !important;}&#8221; el_class=&#8221;servicii-top-banner&#8221;][vc_column width=&#8221;2\/3&#8243; el_class=&#8221;servicii-top-banner-title&#8221;][vc_custom_heading text=&#8221;O colaborare buna incepe<br \/>\ncu o conversatie buna.<br \/>\nHai sa lucram impreuna!&#8221; font_container=&#8221;tag:h2|text_align:left|color:%23f15a23&#8243; use_theme_fonts=&#8221;yes&#8221;][\/vc_column][vc_column width=&#8221;1\/3&#8243;][\/vc_column][\/vc_row][vc_row el_class=&#8221;servicii-top-banner-page-info&#8221;][vc_column][vc_row_inner css=&#8221;.vc_custom_1484568530917{background-color: #7f9296 !important;background-position: center !important;background-repeat: no-repeat !important;background-size: cover !important;}&#8221; el_class=&#8221;servicii-top-banner-fasie-gri&#8221;][vc_column_inner el_class=&#8221;servicii-top-banner-page-title&#8221; width=&#8221;1\/2&#8243;][vc_custom_heading text=&#8221;CONTACT&#8221; font_container=&#8221;tag:h3|text_align:left|color:%23ffffff&#8221; use_theme_fonts=&#8221;yes&#8221;][\/vc_column_inner][vc_column_inner el_class=&#8221;servicii-top-banner-page-breadcrumb&#8221; width=&#8221;1\/2&#8243;][\/vc_column_inner][\/vc_row_inner][\/vc_column][\/vc_row][vc_row][vc_column][vc_column_text]<\/p>\n<div style=\"width: 100%; margin-top: -34px;\">\n<div style=\"width: 50%; float: left;\">\n<div><iframe loading=\"lazy\" src=\"https:\/\/www.google.com\/maps\/embed?pb=!1m18!1m12!1m3!1d2849.649321122016!2d26.126299815946624!3d44.41984127910252!2m3!1f0!2f0!3f0!3m2!1i1024!2i768!4f13.1!3m3!1m2!1s0x40b1fee6e8634e53%3A0x1288a57f0af64643!2sStrada+Agatha+B%C3%A2rsescu+15%2C+Bucure%C8%99ti!5e0!3m2!1sen!2sro!4v1508915158030\" width=\"650\" height=\"450\" frameborder=\"0\" allowfullscreen=\"allowfullscreen\"><\/iframe><\/div>\n<\/div>\n<div style=\"width: 50%; float: left;\">\n<div><iframe loading=\"lazy\" style=\"border: 0;\" src=\"https:\/\/www.google.com\/maps\/embed?pb=!1m18!1m12!1m3!1d10854.74968763674!2d27.584734196978552!3d47.1443896165065!2m3!1f0!2f0!3f0!3m2!1i1024!2i768!4f13.1!3m3!1m2!1s0x40cafbae53ad1315%3A0x5d9912462c4c9594!2sExpert+Mind!5e0!3m2!1sen!2sro!4v1496303391070\" width=\"650\" height=\"450\" frameborder=\"0\" allowfullscreen=\"allowfullscreen\"><\/iframe><\/div>\n<\/div>\n<\/div>\n<p>[\/vc_column_text][\/vc_column][\/vc_row][vc_row el_class=&#8221;servicii-sectiunea-1&#8243;][vc_column width=&#8221;1\/3&#8243; css=&#8221;.vc_custom_1485767020688{background-position: center !important;background-repeat: no-repeat !important;background-size: cover !important;}&#8221; el_class=&#8221;contact-sectiune-locatie&#8221;][vc_row_inner el_class=&#8221;servicii-custom-menu&#8221;][vc_column_inner el_class=&#8221;coloana-1-locatie&#8221; css=&#8221;.vc_custom_1485766995944{background-color: #53575a !important;background-position: center !important;background-repeat: no-repeat !important;background-size: cover !important;}&#8221;][vc_custom_heading text=&#8221;Iasi&#8221; font_container=&#8221;tag:h4|text_align:left|color:%23ffffff&#8221; use_theme_fonts=&#8221;yes&#8221; el_class=&#8221;titlu-locatie&#8221;][vc_column_text el_class=&#8221;contact-denumire-firma&#8221;]<\/p>\n<p style=\"color: #ffffff;\">EXPERT MIND<\/p>\n<p>[\/vc_column_text][vc_separator color=&#8221;custom&#8221; accent_color=&#8221;#ffffff&#8221; el_class=&#8221;liniuta-locatie&#8221;][vc_custom_heading text=&#8221;Iassy, route Nicolina, n\u00b0 10,<br \/>\nInterphone 7, 2\u00e8me \u00e9tage, Bureau 2,<br \/>\nb\u00e2timent Moldotrans&#8221; font_container=&#8221;tag:p|text_align:left|color:%23ffffff&#8221; use_theme_fonts=&#8221;yes&#8221; icon=&#8221;fa fa-map-marker &#8221; el_class=&#8221;adresa-locatie&#8221;][vc_custom_heading text=&#8221;T\u00e9l\u00e9phone:<br \/>\nRomania: +40.374.88.40.20 \/ +40.374.88.40.40<br \/>\nWhatsApp: +40.748.01.38.41<br \/>\nRepublica Moldova: +37322893025 \/ +37322893026&#8243; font_container=&#8221;tag:p|text_align:left|color:%23ffffff&#8221; use_theme_fonts=&#8221;yes&#8221; icon=&#8221;fa fa-phone&#8221; el_class=&#8221;mobil-locatie&#8221;][vc_custom_heading text=&#8221;Email: office@expertmind.ro&#8221; font_container=&#8221;tag:p|text_align:left|color:%23ffffff&#8221; use_theme_fonts=&#8221;yes&#8221; icon=&#8221;fa fa-envelope&#8221; el_class=&#8221;email-locatie&#8221;][vc_custom_heading text=&#8221;Nous parlons: Roumain, Anglais, Espagnol, Russe, Italien&#8221; font_container=&#8221;tag:p|text_align:left|color:%23ffffff&#8221; use_theme_fonts=&#8221;yes&#8221; icon=&#8221;fa fa-envelope&#8221; el_class=&#8221;email-locatie&#8221;][\/vc_column_inner][\/vc_row_inner][vc_row_inner el_class=&#8221;servicii-custom-menu&#8221;][vc_column_inner el_class=&#8221;coloana-2-locatie&#8221; css=&#8221;.vc_custom_1496236185211{padding-bottom: 100px !important;background-color: #53575a !important;background-position: center !important;background-repeat: no-repeat !important;background-size: cover !important;}&#8221;][vc_custom_heading text=&#8221;Bucarest&#8221; font_container=&#8221;tag:h4|text_align:left|color:%23ffffff&#8221; use_theme_fonts=&#8221;yes&#8221; el_class=&#8221;titlu-locatie&#8221;][vc_column_text el_class=&#8221;contact-denumire-firma&#8221;]<\/p>\n<p style=\"color: #ffffff;\">WIN EXPERT CONSULTING<\/p>\n<p>[\/vc_column_text][vc_separator color=&#8221;custom&#8221; accent_color=&#8221;#ffffff&#8221; el_class=&#8221;liniuta-locatie&#8221;][vc_custom_heading text=&#8221;Bucarest, Sector 3, Agatha Barsescu,<br \/>\nn\u00b0 15B, 2er \u00e9tage,<br \/>\nPRISUM INTERNATIONAL &amp; CO HIMALAYA<\/p>\n<p>&#8221; font_container=&#8221;tag:p|text_align:left|color:%23ffffff&#8221; use_theme_fonts=&#8221;yes&#8221; icon=&#8221;fa fa-map-marker &#8221; el_class=&#8221;adresa-locatie&#8221;][vc_custom_heading text=&#8221;T\u00e9l\u00e9phone: +40.374.43.73.78&#8243; font_container=&#8221;tag:p|text_align:left|color:%23ffffff&#8221; use_theme_fonts=&#8221;yes&#8221; icon=&#8221;fa fa-phone&#8221; el_class=&#8221;mobil-locatie&#8221;][vc_custom_heading text=&#8221;T\u00e9l\u00e9phone\/Fax: +40.213.20.73.47&#8243; font_container=&#8221;tag:p|text_align:left|color:%23ffffff&#8221; use_theme_fonts=&#8221;yes&#8221; icon=&#8221;fa fa-phone&#8221; el_class=&#8221;mobil-locatie&#8221;][vc_custom_heading text=&#8221;Email: office@winexpert.ro&#8221; font_container=&#8221;tag:p|text_align:left|color:%23ffffff&#8221; use_theme_fonts=&#8221;yes&#8221; icon=&#8221;fa fa-envelope&#8221; el_class=&#8221;email-locatie&#8221;][vc_custom_heading text=&#8221;Nous parlons: Anglais&#8221; font_container=&#8221;tag:p|text_align:left|color:%23ffffff&#8221; use_theme_fonts=&#8221;yes&#8221; icon=&#8221;fa fa-envelope&#8221; el_class=&#8221;email-locatie&#8221;][\/vc_column_inner][\/vc_row_inner][\/vc_column][vc_column width=&#8221;2\/3&#8243; el_class=&#8221;servicii-sectiunea-1-2&#8243;][vc_row_inner el_class=&#8221;servicii-sectiunea-1-2-titlu&#8221;][vc_column_inner][vc_custom_heading text=&#8221;GRUPUL EXPERT MIND&#8221; font_container=&#8221;tag:h1|text_align:left|color:%23f15a22&#8243; use_theme_fonts=&#8221;yes&#8221; el_class=&#8221;servicii-sectiunea-1-2-titlu&#8221;][vc_column_text el_class=&#8221;servicii-1-2-content&#8221;]<\/p>\n<p data-start=\"255\" data-end=\"679\">Cu o experien\u021b\u0103 consolidat\u0103 \u00eencep\u00e2nd din ianuarie 2007 \u0219i cu o echip\u0103 de peste 175 de speciali\u0219ti \u00een contabilitate, resurse umane, audit \u0219i servicii juridice, centrul de afaceri EXPERT MIND ofer\u0103 companiilor consultan\u021b\u0103 de specialitate \u0219i suport informa\u021bional esen\u021bial pentru activitatea lor. Prin serviciile noastre, antreprenorii pot lua decizii bine fundamentate pentru optimizarea, dezvoltarea \u0219i cre\u0219terea afacerii.<\/p>\n<p data-start=\"681\" data-end=\"759\">Ne-ar face pl\u0103cere s\u0103 contribuim \u0219i la succesul afacerii tale!<br data-start=\"745\" data-end=\"748\" \/>Scrie-ne:<\/p>\n<p>[\/vc_column_text][vc_column_text el_class=&#8221;formular-de-contact&#8221;]<div role=\"form\" class=\"wpcf7\" id=\"wpcf7-f2522-o3\" lang=\"en-US\" dir=\"ltr\">\n<div class=\"screen-reader-response\"><p role=\"status\" aria-live=\"polite\" aria-atomic=\"true\"><\/p> <ul><\/ul><\/div>\n<form action=\"\/fr\/wp-json\/wp\/v2\/pages\/2017#wpcf7-f2522-o3\" method=\"post\" class=\"wpcf7-form init\" novalidate=\"novalidate\" data-status=\"init\">\n<div style=\"display: none;\">\n<input type=\"hidden\" name=\"_wpcf7\" value=\"2522\" \/>\n<input type=\"hidden\" name=\"_wpcf7_version\" value=\"5.4.2\" \/>\n<input type=\"hidden\" name=\"_wpcf7_locale\" value=\"en_US\" \/>\n<input type=\"hidden\" name=\"_wpcf7_unit_tag\" value=\"wpcf7-f2522-o3\" \/>\n<input type=\"hidden\" name=\"_wpcf7_container_post\" value=\"0\" \/>\n<input type=\"hidden\" name=\"_wpcf7_posted_data_hash\" value=\"\" \/>\n<input type=\"hidden\" name=\"_wpcf7cf_hidden_group_fields\" value=\"[]\" \/>\n<input type=\"hidden\" name=\"_wpcf7cf_hidden_groups\" value=\"[]\" \/>\n<input type=\"hidden\" name=\"_wpcf7cf_visible_groups\" value=\"[]\" \/>\n<input type=\"hidden\" name=\"_wpcf7cf_repeaters\" value=\"[]\" \/>\n<input type=\"hidden\" name=\"_wpcf7cf_steps\" value=\"{}\" \/>\n<input type=\"hidden\" name=\"_wpcf7cf_options\" value=\"{&quot;form_id&quot;:2522,&quot;conditions&quot;:[],&quot;settings&quot;:{&quot;animation&quot;:&quot;yes&quot;,&quot;animation_intime&quot;:200,&quot;animation_outtime&quot;:200,&quot;conditions_ui&quot;:&quot;normal&quot;,&quot;notice_dismissed&quot;:false}}\" \/>\n<input type=\"hidden\" name=\"_wpcf7_recaptcha_response\" value=\"\" \/>\n<\/div>\n<div class=\"formular-coloana-1\">\n<p class=\"titlu-formular\">Formular de contact<\/p>\n<p> <span class=\"wpcf7-form-control-wrap nume\"><input type=\"text\" name=\"nume\" value=\"\" size=\"40\" class=\"wpcf7-form-control wpcf7-text wpcf7-validates-as-required\" aria-required=\"true\" aria-invalid=\"false\" placeholder=\"Nume*\" \/><\/span> <\/p>\n<p> <span class=\"wpcf7-form-control-wrap last-name\"><input type=\"text\" name=\"last-name\" value=\"\" size=\"40\" class=\"wpcf7-form-control wpcf7-text wpcf7-validates-as-required\" aria-required=\"true\" aria-invalid=\"false\" placeholder=\"Prenume*\" \/><\/span> <\/p>\n<p> <span class=\"wpcf7-form-control-wrap company\"><input type=\"text\" name=\"company\" value=\"\" size=\"40\" class=\"wpcf7-form-control wpcf7-text\" aria-invalid=\"false\" placeholder=\"Entitate juridic\u0103\" \/><\/span> <\/p>\n<p> <span class=\"wpcf7-form-control-wrap email\"><input type=\"email\" name=\"email\" value=\"\" size=\"40\" class=\"wpcf7-form-control wpcf7-text wpcf7-email wpcf7-validates-as-required wpcf7-validates-as-email\" aria-required=\"true\" aria-invalid=\"false\" placeholder=\"E-mail\" \/><\/span> <\/p>\n<p> <span class=\"wpcf7-form-control-wrap phone\"><input type=\"tel\" name=\"phone\" value=\"\" size=\"40\" class=\"wpcf7-form-control wpcf7-text wpcf7-tel wpcf7-validates-as-required wpcf7-validates-as-tel\" aria-required=\"true\" aria-invalid=\"false\" placeholder=\"Telefon*\" \/><\/span> <\/p>\n<p>Sunt interesat de: <span class=\"wpcf7-form-control-wrap interest\"><select name=\"interest\" class=\"wpcf7-form-control wpcf7-select\" aria-invalid=\"false\"><option value=\"Servicii de contabilitate\">Servicii de contabilitate<\/option><option value=\"Gestiune personal \u0219i salarizare\">Gestiune personal \u0219i salarizare<\/option><option value=\"Consultan\u021b\u0103 fiscal\u0103\">Consultan\u021b\u0103 fiscal\u0103<\/option><option value=\"Consultan\u021b\u0103 HR\">Consultan\u021b\u0103 HR<\/option><option value=\"Consultan\u021b\u0103 juridic\u0103\">Consultan\u021b\u0103 juridic\u0103<\/option><option value=\"Consultan\u021b\u0103 online\">Consultan\u021b\u0103 online<\/option><option value=\"\u00cenfiin\u021b\u0103ri firme\">\u00cenfiin\u021b\u0103ri firme<\/option><option value=\"Modific\u0103ri firme\">Modific\u0103ri firme<\/option><option value=\"Radieri \u0219i dizolv\u0103ri firme\">Radieri \u0219i dizolv\u0103ri firme<\/option><option value=\"Avize \u0219i autoriza\u021bii\">Avize \u0219i autoriza\u021bii<\/option><option value=\"Recuper\u0103ri crean\u021be\">Recuper\u0103ri crean\u021be<\/option><option value=\"Beneficiar real\">Beneficiar real<\/option><option value=\"Redactare\/modificare contracte\">Redactare\/modificare contracte<\/option><option value=\"Consultan\u021b\u0103 de tip abonament\">Consultan\u021b\u0103 de tip abonament<\/option><option value=\"Verificare partener de afacere\">Verificare partener de afacere<\/option><option value=\"Servicii de evaluare\">Servicii de evaluare<\/option><option value=\"Servicii de audit\">Servicii de audit<\/option><option value=\"Servicii de inventariere externalizat\u0103\">Servicii de inventariere externalizat\u0103<\/option><option value=\"Dosarul pre\u021burilor de transfer\">Dosarul pre\u021burilor de transfer<\/option><\/select><\/span><\/p>\n<\/div>\n<div class=\"formular-coloana-2\">\n<p>\u00cen: <span class=\"wpcf7-form-control-wrap locatie\"><select name=\"locatie\" class=\"wpcf7-form-control wpcf7-select wpcf7-validates-as-required\" aria-required=\"true\" aria-invalid=\"false\"><option value=\"Alba\">Alba<\/option><option value=\"Arad\">Arad<\/option><option value=\"Arge\u0219\">Arge\u0219<\/option><option value=\"Bac\u0103u\">Bac\u0103u<\/option><option value=\"Bihor\">Bihor<\/option><option value=\"Bistri\u021ba-Nasaud\">Bistri\u021ba-Nasaud<\/option><option value=\"Boto\u0219ani\">Boto\u0219ani<\/option><option value=\"Bra\u0219ov\">Bra\u0219ov<\/option><option value=\"Br\u0103ila\">Br\u0103ila<\/option><option value=\"Buz\u0103u\">Buz\u0103u<\/option><option value=\"Cara\u0219-Severin\">Cara\u0219-Severin<\/option><option value=\"Cluj\">Cluj<\/option><option value=\"Constan\u021ba\">Constan\u021ba<\/option><option value=\"Covasna\">Covasna<\/option><option value=\"D\u00e2mbovi\u021ba\">D\u00e2mbovi\u021ba<\/option><option value=\"Dolj\">Dolj<\/option><option value=\"Gala\u021bi\">Gala\u021bi<\/option><option value=\"Gorj\">Gorj<\/option><option value=\"Harghita\">Harghita<\/option><option value=\"Hunedoara\">Hunedoara<\/option><option value=\"Ialomi\u021ba\">Ialomi\u021ba<\/option><option value=\"Ia\u0219i\">Ia\u0219i<\/option><option value=\"Maramure\u0219\">Maramure\u0219<\/option><option value=\"Mehedin\u021bi\">Mehedin\u021bi<\/option><option value=\"Mure\u0219\">Mure\u0219<\/option><option value=\"Neam\u021b\">Neam\u021b<\/option><option value=\"Olt\">Olt<\/option><option value=\"Prahova\">Prahova<\/option><option value=\"Satu-Mare\">Satu-Mare<\/option><option value=\"S\u0103laj\">S\u0103laj<\/option><option value=\"Sibiu\">Sibiu<\/option><option value=\"Suceava\">Suceava<\/option><option value=\"Teleorman\">Teleorman<\/option><option value=\"Timi\u0219\">Timi\u0219<\/option><option value=\"Tulcea\">Tulcea<\/option><option value=\"Vaslui\">Vaslui<\/option><option value=\"V\u00e2lcea\">V\u00e2lcea<\/option><option value=\"Vrancea\">Vrancea<\/option><option value=\"Bucure\u0219ti\">Bucure\u0219ti<\/option><option value=\"C\u0103l\u0103ra\u0219i\">C\u0103l\u0103ra\u0219i<\/option><option value=\"Giurgiu\">Giurgiu<\/option><option value=\"Ilfov\">Ilfov<\/option><\/select><\/span><\/p>\n<p> <span class=\"wpcf7-form-control-wrap question\"><textarea name=\"question\" cols=\"40\" rows=\"10\" class=\"wpcf7-form-control wpcf7-textarea\" aria-invalid=\"false\" placeholder=\"Mesaj\"><\/textarea><\/span> <\/p>\n<p><input type=\"submit\" value=\"Trimite\" class=\"wpcf7-form-control wpcf7-submit\" \/>\n<\/p><\/div>\n<div class=\"wpcf7-response-output\" aria-hidden=\"true\"><\/div><\/form><\/div>[\/vc_column_text][\/vc_column_inner][\/vc_row_inner][\/vc_column][\/vc_row]<\/p>","protected":false},"excerpt":{"rendered":"<p>[vc_row css=&#8221;.vc_custom_1697619014692{background-position: center !important;background-repeat: no-repeat !important;background-size: cover !important;}&#8221; el_class=&#8221;servicii-top-banner&#8221;][vc_column width=&#8221;2\/3&#8243; el_class=&#8221;servicii-top-banner-title&#8221;][vc_custom_heading text=&#8221;O colaborare buna incepe cu o conversatie buna. Hai sa lucram impreuna!&#8221; font_container=&#8221;tag:h2|text_align:left|color:%23f15a23&#8243; use_theme_fonts=&#8221;yes&#8221;][\/vc_column][vc_column width=&#8221;1\/3&#8243;][\/vc_column][\/vc_row][vc_row el_class=&#8221;servicii-top-banner-page-info&#8221;][vc_column][vc_row_inner css=&#8221;.vc_custom_1484568530917{background-color: #7f9296 !important;background-position: center !important;background-repeat: no-repeat !important;background-size: cover !important;}&#8221; el_class=&#8221;servicii-top-banner-fasie-gri&#8221;][vc_column_inner el_class=&#8221;servicii-top-banner-page-title&#8221; width=&#8221;1\/2&#8243;][vc_custom_heading text=&#8221;CONTACT&#8221; font_container=&#8221;tag:h3|text_align:left|color:%23ffffff&#8221; use_theme_fonts=&#8221;yes&#8221;][\/vc_column_inner][vc_column_inner el_class=&#8221;servicii-top-banner-page-breadcrumb&#8221; width=&#8221;1\/2&#8243;][\/vc_column_inner][\/vc_row_inner][\/vc_column][\/vc_row][vc_row][vc_column][vc_column_text] [\/vc_column_text][\/vc_column][\/vc_row][vc_row el_class=&#8221;servicii-sectiunea-1&#8243;][vc_column width=&#8221;1\/3&#8243; css=&#8221;.vc_custom_1485767020688{background-position: center !important;background-repeat: no-repeat !important;background-size: cover !important;}&#8221; el_class=&#8221;contact-sectiune-locatie&#8221;][vc_row_inner [&hellip;]<\/p>\n","protected":false},"author":1,"featured_media":0,"parent":0,"menu_order":6,"comment_status":"closed","ping_status":"closed","template":"","meta":[],"_links":{"self":[{"href":"https:\/\/www.expertmind.ro\/fr\/wp-json\/wp\/v2\/pages\/2017"}],"collection":[{"href":"https:\/\/www.expertmind.ro\/fr\/wp-json\/wp\/v2\/pages"}],"about":[{"href":"https:\/\/www.expertmind.ro\/fr\/wp-json\/wp\/v2\/types\/page"}],"author":[{"embeddable":true,"href":"https:\/\/www.expertmind.ro\/fr\/wp-json\/wp\/v2\/users\/1"}],"replies":[{"embeddable":true,"href":"https:\/\/www.expertmind.ro\/fr\/wp-json\/wp\/v2\/comments?post=2017"}],"version-history":[{"count":158,"href":"https:\/\/www.expertmind.ro\/fr\/wp-json\/wp\/v2\/pages\/2017\/revisions"}],"predecessor-version":[{"id":18086,"href":"https:\/\/www.expertmind.ro\/fr\/wp-json\/wp\/v2\/pages\/2017\/revisions\/18086"}],"wp:attachment":[{"href":"https:\/\/www.expertmind.ro\/fr\/wp-json\/wp\/v2\/media?parent=2017"}],"curies":[{"name":"wp","href":"https:\/\/api.w.org\/{rel}","templated":true}]}}