{"id":2106,"date":"2017-01-11T11:28:49","date_gmt":"2017-01-11T11:28:49","guid":{"rendered":"http:\/\/www.expertmind.ro\/?page_id=2106"},"modified":"2025-11-13T15:15:42","modified_gmt":"2025-11-13T13:15:42","slug":"consultanta-fiscala","status":"publish","type":"page","link":"https:\/\/www.expertmind.ro\/fr\/services\/consultant\/conseil-fiscal\/","title":{"rendered":"Conseil fiscal"},"content":{"rendered":"<p>[vc_row css=&#8221;.vc_custom_1489769084174{background-image: url(http:\/\/www.expertmind.ro\/wp-content\/uploads\/2017\/01\/consultanta.png?id=3938) !important;background-position: center !important;background-repeat: no-repeat !important;background-size: cover !important;}&#8221; el_class=&#8221;servicii-top-banner&#8221;][vc_column width=&#8221;2\/3&#8243; el_class=&#8221;servicii-top-banner-title&#8221;][vc_custom_heading text=&#8221;Chaque affaire est diff\u00e9rente,<br \/>\navec besoins diff\u00e9rentes.<br \/>\nOn vous offre conseil en strat\u00e9gie!<br \/>\n&#8221; font_container=&#8221;tag:h2|text_align:left|color:%23f15a23&#8243; use_theme_fonts=&#8221;yes&#8221;][\/vc_column][vc_column width=&#8221;1\/3&#8243;][\/vc_column][\/vc_row][vc_row el_class=&#8221;servicii-top-banner-page-info&#8221;][vc_column][vc_row_inner css=&#8221;.vc_custom_1484568530917{background-color: #7f9296 !important;background-position: center !important;background-repeat: no-repeat !important;background-size: cover !important;}&#8221; el_class=&#8221;servicii-top-banner-fasie-gri&#8221;][vc_column_inner el_class=&#8221;servicii-top-banner-page-title&#8221; width=&#8221;1\/2&#8243;][vc_custom_heading text=&#8221;CONSEIL FISCAL&#8221; font_container=&#8221;tag:h3|text_align:left|color:%23ffffff&#8221; use_theme_fonts=&#8221;yes&#8221;][\/vc_column_inner][vc_column_inner el_class=&#8221;servicii-top-banner-page-breadcrumb&#8221; width=&#8221;1\/2&#8243;][\/vc_column_inner][\/vc_row_inner][\/vc_column][\/vc_row][vc_row el_class=&#8221;servicii-sectiunea-1&#8243;][vc_column width=&#8221;1\/3&#8243; css=&#8221;.vc_custom_1484142666877{background-position: center !important;background-repeat: no-repeat !important;background-size: cover !important;}&#8221; el_class=&#8221;servicii-sectiunea-1-1&#8243;][vc_row_inner el_class=&#8221;servicii-custom-menu&#8221;][vc_column_inner css=&#8221;.vc_custom_1484139076748{background-color: #53575a !important;background-position: center !important;background-repeat: no-repeat !important;background-size: cover !important;}&#8221;][vc_wp_custommenu nav_menu=&#8221;50&#8243;][\/vc_column_inner][\/vc_row_inner][vc_column_text css=&#8221;.vc_custom_1499672055712{background-color: #f15a22 !important;background-position: center !important;background-repeat: no-repeat !important;background-size: cover !important;}&#8221; el_class=&#8221;servicii-buton-solicita&#8221;]<\/p>\n<div><img loading=\"lazy\" class=\"alignnone size-full wp-image-2323\" src=\"http:\/\/www.expertmind.ro\/wp-content\/uploads\/2017\/02\/icon-contacteaza.png\" alt=\"\" width=\"48\" height=\"56\" \/><\/div>\n<div>\n<h4 style=\"color: #ffffff;\"><a href=\"http:\/\/www.expertmind.ro\/contact\/\">ON EST PRETS, ON VA TRAVAILLER ESEMBLE!<\/a><\/h4>\n<\/div>\n<p>[\/vc_column_text][\/vc_column][vc_column width=&#8221;2\/3&#8243; el_class=&#8221;servicii-sectiunea-1-2&#8243;][vc_row_inner el_class=&#8221;servicii-sectiunea-1-2-titlu&#8221;][vc_column_inner][vc_custom_heading text=&#8221;Conseil fiscal et financier comptable&#8221; font_container=&#8221;tag:h1|text_align:left|color:%23f15a22&#8243; use_theme_fonts=&#8221;yes&#8221; el_class=&#8221;servicii-sectiunea-1-2-titlu&#8221;][vc_column_text el_class=&#8221;servicii-sectiunea-1-2-text&#8221;]<\/p>\n<h4>Comme entrepreneur et administrateur de l\u2019affaire c\u2019est essentiel d\u2019avoir un plan d\u2019action certain et de bien savoir comment tu peux augmenter ton chiffre d\u2019affaire. L\u2019activit\u00e9 du conseil juridique et financier comptable d\u2019EXPERT MIND signifie la compr\u00e9hension du cadre l\u00e9gislatif et le guidage responsable pour nos clients, tout pour le d\u00e9veloppement de l\u2019affaire comme pour les futurs investissements.<\/h4>\n<p>[\/vc_column_text][vc_separator color=&#8221;custom&#8221; el_class=&#8221;servicii-sectiunea-1-2-liniuta&#8221; accent_color=&#8221;#313131&#8243;][\/vc_column_inner][\/vc_row_inner][vc_row_inner el_class=&#8221;servicii-1-2-content &#8220;][vc_column_inner el_class=&#8221;servicii-1-2-content-1 consult-fisc-sp&#8221;][vc_column_text]Soit confident de ton business avec une \u00e9quipe de sp\u00e9cialistes qui t\u2019aide dans ton activit\u00e9 de gestion! Dans le domaine financier comptable, les r\u00e9glementations et les nouveaut\u00e9s l\u00e9gales supposent leur compr\u00e9hension, leur suivi, l\u2019application et l\u2019impact g\u00e9n\u00e9r\u00e9 sur la compagnie, tout \u00e7a dans un court intervalle du temps. Ici intervienne notre \u00e9quipe de conseil sp\u00e9cialis\u00e9 EXPERT MIND!<\/p>\n<p>On garantit une communication facile, un langage simple et clair, disponibilit\u00e9 et solutions pour chaque situation pour ta r\u00e9ussite.[\/vc_column_text][\/vc_column_inner][\/vc_row_inner][vc_row_inner el_class=&#8221;servicii-1-2-content&#8221;][vc_column_inner el_class=&#8221;servicii-1-2-content-1&#8243; width=&#8221;1\/2&#8243;][vc_custom_heading text=&#8221;PERSONALIZATION&#8221; font_container=&#8221;tag:h4|text_align:left|color:%23f15a22&#8243; use_theme_fonts=&#8221;yes&#8221; el_class=&#8221;titlu-coloana-servicii&#8221;][vc_column_text]<strong>EXPERT MIND<\/strong> soutien et assiste actif le d\u00e9veloppement de ton affaire parmi le conseil financier comptable d\u2019un abonnement ou d\u2019une session.<\/p>\n<p>Cette fa\u00e7on d\u2019acc\u00e8s \u00e0 notre service est optimis\u00e9e afin que tu obtiens tout ce que tu as besoin.[\/vc_column_text][vc_custom_heading text=&#8221;FLEXIBILIT\u00c9&#8221; font_container=&#8221;tag:h4|text_align:left|color:%23f15a22&#8243; use_theme_fonts=&#8221;yes&#8221; el_class=&#8221;titlu-coloana-servicii&#8221;][vc_column_text]Les solutions EXPERT MIND sont une preuve de flexibilit\u00e9, cr\u00e9\u00e9es de mani\u00e8re \u00e0 satisfaire tous les entrepreneurs, quoi qu\u2019il soit le domaine d\u2019activit\u00e9 de la soci\u00e9t\u00e9. Consid\u00e9rant ta demande, <strong>une seule personne ou une \u00e9quipe va r\u00e9agir<\/strong>, pour les meilleurs r\u00e9sultats.[\/vc_column_text][vc_custom_heading text=&#8221;ASSISTANCE LORS DE CONTR\u00d4LES FISCALES&#8221; font_container=&#8221;tag:h4|text_align:left|color:%23f15a22&#8243; use_theme_fonts=&#8221;yes&#8221; el_class=&#8221;titlu-coloana-servicii&#8221;][vc_column_text]<\/p>\n<ul>\n<li>Support et assistance lors de contr\u00f4les et inspections fiscales<\/li>\n<li>Support informatif concernant les imp\u00f4ts et les taxes locales : r\u00e8gles g\u00e9n\u00e9rales, le calcul des imp\u00f4ts, termes de paiement, d\u00e9clarations, taxes fonci\u00e8re sur les propri\u00e9t\u00e9s b\u00e2ties et sur terre agricole, taxe sur les moyennes du transport, d\u2019autres.<\/li>\n<\/ul>\n<p>[\/vc_column_text][\/vc_column_inner][vc_column_inner el_class=&#8221;servicii-1-2-content-1&#8243; width=&#8221;1\/2&#8243;][vc_custom_heading text=&#8221;OPITIMISATION FISCALE&#8221; font_container=&#8221;tag:h4|text_align:left|color:%23f15a22&#8243; use_theme_fonts=&#8221;yes&#8221; el_class=&#8221;titlu-coloana-servicii&#8221;][vc_column_text]OPITIMISATION FISCALE<br \/>\nTu vas avoir tous les services ci-dessous pour mieux comprendre le cadre l\u00e9gislatif et pour d\u00e9passer avec succ\u00e8s les potentielles difficult\u00e9s:<\/p>\n<ul>\n<li>Conseil concernant l\u00e9gislation financier comptable et fiscale<\/li>\n<li>Notifications p\u00e9riodiques sur les modifications l\u00e9gislatives<\/li>\n<li>Optimisation des imp\u00f4ts et taxes \u00e0 payer aux budgets locaux et centrales<\/li>\n<li>Conseil financier et fiscale concernant les d\u00e9cisions manag\u00e9riales et d\u2019ex\u00e9cution<\/li>\n<li>Conseil et assistance manag\u00e9riale en ce qui concerne l\u2019organisation du d\u00e9partement financier comptable<\/li>\n<li>Assistance pour les probl\u00e8mes comptables, fiscaux et sociaux, toujours mis \u00e0 jour par rapport aux modifications l\u00e9gales apparues<\/li>\n<li>Conseil et guidage pour la r\u00e9daction du manuel des proc\u00e9dures comptable sp\u00e9cifique \u00e0 chaque entit\u00e9<\/li>\n<li>Conseil pour l\u2019\u00e9laboration de la documentation pour l\u2019obtenir des cr\u00e9dits ou un contrat de leasing<\/li>\n<\/ul>\n<p>L\u2019identification des risques et des opportunit\u00e9s de nature fiscale \u2013 avantages et d\u00e9savantages d\u2019\u00eatre payeur de TVA \/ remboursement de TVA \/ imp\u00f4ts sur le profit \/ imp\u00f4ts sur le revenu \u2013 solutions.[\/vc_column_text][\/vc_column_inner][\/vc_row_inner][vc_row_inner el_class=&#8221;caseta-consultanta&#8221;][vc_column_inner css=&#8221;.vc_custom_1490192198440{background-color: #a39383 !important;}&#8221;][vc_column_text]<a href=\"http:\/\/www.expertmind.ro\/servicii\/consultanta\/consultanta-online\/\"><strong><u>Contacteaz-nous en ligne<\/u><\/strong><\/a> pour <strong>pour les services complets de conseil en management, financier et juridique! Tu vas b\u00e9n\u00e9ficier du conseil pour les futurs investissements et tous tes plans de d\u00e9veloppement dans un cadre totalement l\u00e9gal, comme pour les probl\u00e8mes actuels.[\/vc_column_text][\/vc_column_inner][\/vc_row_inner][\/vc_column][\/vc_row][vc_row][vc_column][vc_column_text]<\/strong>[\/vc_column_text][\/vc_column][\/vc_row]<\/p>","protected":false},"excerpt":{"rendered":"<p>[vc_row css=&#8221;.vc_custom_1489769084174{background-image: url(http:\/\/www.expertmind.ro\/wp-content\/uploads\/2017\/01\/consultanta.png?id=3938) !important;background-position: center !important;background-repeat: no-repeat !important;background-size: cover !important;}&#8221; el_class=&#8221;servicii-top-banner&#8221;][vc_column width=&#8221;2\/3&#8243; el_class=&#8221;servicii-top-banner-title&#8221;][vc_custom_heading text=&#8221;Chaque affaire est diff\u00e9rente, avec besoins diff\u00e9rentes. On vous offre conseil en strat\u00e9gie! &#8221; font_container=&#8221;tag:h2|text_align:left|color:%23f15a23&#8243; use_theme_fonts=&#8221;yes&#8221;][\/vc_column][vc_column width=&#8221;1\/3&#8243;][\/vc_column][\/vc_row][vc_row el_class=&#8221;servicii-top-banner-page-info&#8221;][vc_column][vc_row_inner css=&#8221;.vc_custom_1484568530917{background-color: #7f9296 !important;background-position: center !important;background-repeat: no-repeat !important;background-size: cover !important;}&#8221; el_class=&#8221;servicii-top-banner-fasie-gri&#8221;][vc_column_inner el_class=&#8221;servicii-top-banner-page-title&#8221; width=&#8221;1\/2&#8243;][vc_custom_heading text=&#8221;CONSEIL FISCAL&#8221; font_container=&#8221;tag:h3|text_align:left|color:%23ffffff&#8221; use_theme_fonts=&#8221;yes&#8221;][\/vc_column_inner][vc_column_inner el_class=&#8221;servicii-top-banner-page-breadcrumb&#8221; width=&#8221;1\/2&#8243;][\/vc_column_inner][\/vc_row_inner][\/vc_column][\/vc_row][vc_row el_class=&#8221;servicii-sectiunea-1&#8243;][vc_column width=&#8221;1\/3&#8243; css=&#8221;.vc_custom_1484142666877{background-position: center !important;background-repeat: no-repeat [&hellip;]<\/p>\n","protected":false},"author":1,"featured_media":0,"parent":2104,"menu_order":0,"comment_status":"closed","ping_status":"closed","template":"","meta":[],"_links":{"self":[{"href":"https:\/\/www.expertmind.ro\/fr\/wp-json\/wp\/v2\/pages\/2106"}],"collection":[{"href":"https:\/\/www.expertmind.ro\/fr\/wp-json\/wp\/v2\/pages"}],"about":[{"href":"https:\/\/www.expertmind.ro\/fr\/wp-json\/wp\/v2\/types\/page"}],"author":[{"embeddable":true,"href":"https:\/\/www.expertmind.ro\/fr\/wp-json\/wp\/v2\/users\/1"}],"replies":[{"embeddable":true,"href":"https:\/\/www.expertmind.ro\/fr\/wp-json\/wp\/v2\/comments?post=2106"}],"version-history":[{"count":81,"href":"https:\/\/www.expertmind.ro\/fr\/wp-json\/wp\/v2\/pages\/2106\/revisions"}],"predecessor-version":[{"id":17502,"href":"https:\/\/www.expertmind.ro\/fr\/wp-json\/wp\/v2\/pages\/2106\/revisions\/17502"}],"up":[{"embeddable":true,"href":"https:\/\/www.expertmind.ro\/fr\/wp-json\/wp\/v2\/pages\/2104"}],"wp:attachment":[{"href":"https:\/\/www.expertmind.ro\/fr\/wp-json\/wp\/v2\/media?parent=2106"}],"curies":[{"name":"wp","href":"https:\/\/api.w.org\/{rel}","templated":true}]}}