{"id":2114,"date":"2017-01-11T11:33:36","date_gmt":"2017-01-11T11:33:36","guid":{"rendered":"http:\/\/www.expertmind.ro\/?page_id=2114"},"modified":"2025-11-13T16:15:00","modified_gmt":"2025-11-13T14:15:00","slug":"radieri-firme","status":"publish","type":"page","link":"https:\/\/www.expertmind.ro\/fr\/services\/servicesc-onrc\/annulation-et-developpement-dentreprise\/","title":{"rendered":"Annulation et d\u00e9veloppement d\u2019entreprise"},"content":{"rendered":"<p>[vc_row css=&#8221;.vc_custom_1489768441022{background-image: url(http:\/\/www.expertmind.ro\/wp-content\/uploads\/2017\/01\/servicii-onrc.png?id=3927) !important;background-position: center !important;background-repeat: no-repeat !important;background-size: cover !important;}&#8221; el_class=&#8221;servicii-top-banner&#8221;][vc_column width=&#8221;2\/3&#8243; el_class=&#8221;servicii-top-banner-title&#8221;][vc_custom_heading text=&#8221;Iti dam siguranta de care ai nevoie!&#8221; font_container=&#8221;tag:h2|text_align:left|color:%23f15a23&#8243; use_theme_fonts=&#8221;yes&#8221;][\/vc_column][vc_column width=&#8221;1\/3&#8243;][\/vc_column][\/vc_row][vc_row el_class=&#8221;servicii-top-banner-page-info&#8221;][vc_column][vc_row_inner css=&#8221;.vc_custom_1484568530917{background-color: #7f9296 !important;background-position: center !important;background-repeat: no-repeat !important;background-size: cover !important;}&#8221; el_class=&#8221;servicii-top-banner-fasie-gri&#8221;][vc_column_inner el_class=&#8221;servicii-top-banner-page-title&#8221; width=&#8221;1\/2&#8243;][vc_custom_heading text=&#8221;RADIERI FIRME&#8221; font_container=&#8221;tag:h3|text_align:left|color:%23ffffff&#8221; use_theme_fonts=&#8221;yes&#8221;][\/vc_column_inner][vc_column_inner el_class=&#8221;servicii-top-banner-page-breadcrumb&#8221; width=&#8221;1\/2&#8243;][\/vc_column_inner][\/vc_row_inner][\/vc_column][\/vc_row][vc_row el_class=&#8221;servicii-sectiunea-1&#8243;][vc_column width=&#8221;1\/3&#8243; css=&#8221;.vc_custom_1484142666877{background-position: center !important;background-repeat: no-repeat !important;background-size: cover !important;}&#8221; el_class=&#8221;servicii-sectiunea-1-1&#8243;][vc_row_inner el_class=&#8221;servicii-custom-menu&#8221;][vc_column_inner css=&#8221;.vc_custom_1484139076748{background-color: #53575a !important;background-position: center !important;background-repeat: no-repeat !important;background-size: cover !important;}&#8221;][vc_wp_custommenu nav_menu=&#8221;50&#8243;][\/vc_column_inner][\/vc_row_inner][vc_row_inner css=&#8221;.vc_custom_1484142706750{background-position: center !important;background-repeat: no-repeat !important;background-size: cover !important;}&#8221; el_class=&#8221;servicii-key-person-titlu&#8221;][vc_column_inner css=&#8221;.vc_custom_1484139034841{background-color: #7f9296 !important;background-position: center !important;background-repeat: no-repeat !important;background-size: cover !important;}&#8221;][vc_custom_heading text=&#8221;SPECIALISTI&#8221; font_container=&#8221;tag:h4|text_align:left&#8221; use_theme_fonts=&#8221;yes&#8221; css=&#8221;.vc_custom_1489498971937{background-color: #7f9296 !important;background-position: center !important;background-repeat: no-repeat !important;background-size: cover !important;}&#8221;][\/vc_column_inner][\/vc_row_inner][vc_row_inner css=&#8221;.vc_custom_1484142722365{background-color: #7f9296 !important;background-position: center !important;background-repeat: no-repeat !important;background-size: cover !important;}&#8221; el_class=&#8221;servicii-key-person&#8221;][vc_column_inner el_class=&#8221;servicii-key-person-image&#8221; width=&#8221;1\/2&#8243;][vc_single_image source=&#8221;external_link&#8221; custom_src=&#8221;https:\/\/www.expertmind.ro\/wp-content\/uploads\/2022\/01\/Expert_EDIT_redimensionate_001.jpg&#8221;][\/vc_column_inner][vc_column_inner el_class=&#8221;servicii-key-person-content&#8221; width=&#8221;1\/2&#8243;][vc_custom_heading text=&#8221;Ina Bulimar&#8221; font_container=&#8221;tag:h5|text_align:left|color:%23ffffff&#8221; use_theme_fonts=&#8221;yes&#8221; el_class=&#8221;key-person-name&#8221;][vc_column_text el_class=&#8221;servicii-key-person-text&#8221;]<\/p>\n<div style=\"color: #ffffff;\">\n<p>Coordonator Departament Juridic<\/p>\n<p>juridic.is@expertmind.ro<br \/>\n0374.88.40.25<br \/>\n0374.88.40.35<\/p>\n<\/div>\n<p>[\/vc_column_text][vc_custom_heading text=&#8221;&gt; Afla mai multe&#8221; font_container=&#8221;tag:h5|text_align:left|color:%23ffffff&#8221; use_theme_fonts=&#8221;yes&#8221; el_class=&#8221;key-person-afla-mai-multe&#8221; link=&#8221;url:http%3A%2F%2Fwww.expertmind.ro%2Fteam%2Fina-bulimar%2F|||&#8221;][\/vc_column_inner][\/vc_row_inner][vc_row_inner css=&#8221;.vc_custom_1489419677045{background-color: #7f9296 !important;}&#8221;][vc_column_inner css=&#8221;.vc_custom_1489419638433{margin-top: -35px !important;}&#8221;][vc_separator color=&#8221;custom&#8221; el_width=&#8221;90&#8243; accent_color=&#8221;#ffffff&#8221;][\/vc_column_inner][\/vc_row_inner][vc_column_text css=&#8221;.vc_custom_1490000237745{background-color: #f15a22 !important;background-position: center !important;background-repeat: no-repeat !important;background-size: cover !important;}&#8221; el_class=&#8221;servicii-buton-solicita&#8221;]<\/p>\n<div><img loading=\"lazy\" class=\"alignnone size-full wp-image-2323\" src=\"http:\/\/www.expertmind.ro\/wp-content\/uploads\/2017\/02\/icon-contacteaza.png\" alt=\"\" width=\"48\" height=\"56\" \/><\/div>\n<div>\n<h4 style=\"color: #ffffff;\"><a href=\"http:\/\/www.expertmind.ro\/contact\/\">HAI SA LUCRAM IMPREUNA!<\/a><\/h4>\n<\/div>\n<p>[\/vc_column_text][vc_empty_space height=&#8221;10px&#8221;][vc_single_image image=&#8221;4210&#8243; img_size=&#8221;full&#8221; onclick=&#8221;custom_link&#8221; img_link_target=&#8221;_blank&#8221; link=&#8221;http:\/\/www.expertmind.ro\/consultanta-contabila\/&#8221;][\/vc_column][vc_column width=&#8221;2\/3&#8243; el_class=&#8221;servicii-sectiunea-1-2&#8243;][vc_row_inner el_class=&#8221;servicii-sectiunea-1-2-titlu&#8221;][vc_column_inner][vc_custom_heading text=&#8221;Radieri si dizolvari firme&#8221; font_container=&#8221;tag:h1|text_align:left|color:%23f15a22&#8243; use_theme_fonts=&#8221;yes&#8221; el_class=&#8221;servicii-sectiunea-1-2-titlu&#8221;][vc_column_text el_class=&#8221;servicii-sectiunea-1-2-text&#8221;]<\/p>\n<p data-start=\"1240\" data-end=\"1664\"><strong data-start=\"1240\" data-end=\"1664\">Radierea unei companii presupune \u0219tergerea acesteia din Registrul Comer\u021bului \u0219i reprezint\u0103 etapa final\u0103 dup\u0103 dizolvarea \u0219i lichidarea societ\u0103\u021bii. Motivele pot varia \u2013 de la expirarea duratei de func\u021bionare pentru care a fost \u00eenfiin\u021bat\u0103 firma, p\u00e2n\u0103 la dificult\u0103\u021bi financiare sau situa\u021bii prev\u0103zute expres de lege. Pentru fiecare dintre aceste cazuri, EXPERT MIND \u00ee\u021bi ofer\u0103 sprijin specializat pe tot parcursul procedurii.<\/strong><\/p>\n<p data-start=\"1666\" data-end=\"1978\"><strong data-start=\"1666\" data-end=\"1978\">Procesul de radiere implic\u0103 at\u00e2t competen\u021be juridice, c\u00e2t \u0219i contabile, al\u0103turi de mai multe opera\u021biuni specifice. Te ajut\u0103m s\u0103 economise\u0219ti timp, s\u0103 evi\u021bi drumurile la institu\u021bii \u0219i s\u0103 beneficiezi de consultan\u021b\u0103 dedicat\u0103 pentru preg\u0103tirea documentelor necesare \u0219i pentru gestionarea etapelor administrative.<\/strong><\/p>\n<p data-start=\"1980\" data-end=\"2363\"><strong data-start=\"1980\" data-end=\"2363\">\u00cen cazul \u00een care colaborarea clasic\u0103 nu este cea mai potrivit\u0103 pentru tine, \u00ee\u021bi punem la dispozi\u021bie \u0219i o variant\u0103 de lucru online, conceput\u0103 pentru a facilita derularea procedurii la distan\u021b\u0103. Indiferent dac\u0103 te afli \u00een \u021bar\u0103 sau \u00een str\u0103in\u0103tate, ne po\u021bi contacta telefonic, prin email, WhatsApp sau Skype, iar noi \u00ee\u021bi oferim suport profesionist \u0219i transparent, la costuri corecte.<\/strong><\/p>\n<p>[\/vc_column_text][vc_separator color=&#8221;custom&#8221; el_class=&#8221;servicii-sectiunea-1-2-liniuta&#8221; accent_color=&#8221;#313131&#8243;][\/vc_column_inner][\/vc_row_inner][vc_row_inner el_class=&#8221;servicii-1-2-content&#8221;][vc_column_inner el_class=&#8221;servicii-1-2-content-1 servicii-sp&#8221; width=&#8221;1\/2&#8243;][vc_custom_heading text=&#8221;PROCEDURA DE DIZOLVARE SI RADIERE A SOCIETATIILOR&#8221; font_container=&#8221;tag:h4|text_align:left|color:%23f15a22&#8243; use_theme_fonts=&#8221;yes&#8221; el_class=&#8221;titlu-coloana-servicii&#8221;][vc_column_text]Societatile comerciale se pot dizolva in situatiile de mai jos:<\/p>\n<ul>\n<li>depasirea timpului stabilit pentru durata societatii<\/li>\n<li>imposibilitatea realizarii obiectului de activitate al societatii sau realizarea acestuia<\/li>\n<li>declararea nulitatii societatii<\/li>\n<li>hotararea adunarii generale\/ decizia asociatului unic<\/li>\n<li>hotararea Tribunalului, la cererea oricarui asociat, pentru motive intemeiate, cum ar fi conflictele si lipsa de comunicare dintre asociati, fapt ce impiedica functionarea societatii<\/li>\n<li>alte cauze prevazute de lege sau de actul constitutiv al societatii.<\/li>\n<\/ul>\n<p>[\/vc_column_text][\/vc_column_inner][vc_column_inner el_class=&#8221;servicii-1-2-content-1 servicii-sp&#8221; width=&#8221;1\/2&#8243;][vc_column_text]In cazul in care se opteaza pentru actiunea de <strong>radiere firma<\/strong>, exista o lista de <strong>documente necesare<\/strong>, esentiale in pregatirea documentatiei de radiere:<\/p>\n<ul>\n<li>Copie dupa cartea de identitate a asociatului. In cazul in care firma are mai multi asociati, toti trebuie sa depuna copii dupa actul de identitate.<\/li>\n<li>Ultimul act constitutiv al societatii<\/li>\n<li>Certificat de inregistrare si certificate constatatoare in original<\/li>\n<li>Certificat fiscal de la administratia financiara in care se precizeaza ca firma nu are datorii la statul roman.<\/li>\n<li>Bilant de lichidare intocmit de un expert contabil.<\/li>\n<\/ul>\n<p>&nbsp;<\/p>\n<p>In echipa <strong>EXPERT MIND<\/strong> avem si <strong>experti contabili cu experienta<\/strong>, astfel ca putem livra noi ultimul serviciu din lista de mai sus, cel de bilant de lichidare.[\/vc_column_text][\/vc_column_inner][\/vc_row_inner][vc_separator color=&#8221;custom&#8221; el_class=&#8221;servicii-sectiunea-1-2-liniuta liniuta-sp&#8221; accent_color=&#8221;#313131&#8243;][vc_row_inner el_class=&#8221;servicii-1-2-content&#8221;][vc_column_inner el_class=&#8221;servicii-1-2-content-1&#8243; width=&#8221;1\/2&#8243;][vc_custom_heading text=&#8221;DIZOLVAREA SI LICHIDAREA VOLUNTARA&#8221; font_container=&#8221;tag:h4|text_align:left|color:%23f15a22&#8243; use_theme_fonts=&#8221;yes&#8221; el_class=&#8221;titlu-coloana-servicii&#8221;][vc_column_text]Presupune doua etape, in fiecare fiind implicate cereri, achitari de taxe, imputerniciri, redactari de documente oficiale. Avand in vedere ca aceasta actiune poate fi extrem de complicata, recomandarea noastra e sa nu incercati sa o simplificati. Apelati la noi! Vom sti ce sa facem in fiecare etapa.[\/vc_column_text][vc_column_text]<strong>ETAPA 1 &#8211; DIZOLVAREA SOCIETATII<\/strong><\/p>\n<ul>\n<li>Cerere de inregistrare a mentiunii<\/li>\n<li>Decizia asociatului unic \/ Hotararea AGA de dizolvare (original)<\/li>\n<li>Imputernicire speciala (in forma autentica), avocatiala sau delegatie pentru persoanele desemnate sa indeplineasca formalitatile legale (original)<\/li>\n<li>Dovada achitarii taxelor legale (taxe de registru, tariful de publicare in Monitorul Oficial, Partea a IV-a).<\/li>\n<\/ul>\n<p>[\/vc_column_text][vc_column_text]<strong>ETAPA 2 \u2013 RADIEREA SOCIETATII<\/strong><\/p>\n<ul>\n<li>Cerere de radiere<\/li>\n<li>Certificatul de inregistrare si anexele acestuia (original)<\/li>\n<li>Situatia financiara de lichidare<\/li>\n<li>Hotararea de repartizare a activelor societatii comerciale (copie)<\/li>\n<li>Certificat de la Administratia Financiara din care rezulta ca societatea nu are datorii la bugetul de stat si la contributiile sociale<\/li>\n<li>Imputernicirea persoanei desemnate sa indeplineasca formalitatile legale, daca este cazul, in original (imputernicire speciala in forma autentica, avocatiala, sau delegatie)<\/li>\n<li>Dovada achitarii taxelor (taxa judiciara de timbru in original, timbre judiciare, taxa de registru, tariful de publicare in Monitorul Oficial &#8211; Partea a IV-a daca este cazul)<\/li>\n<\/ul>\n<p>[\/vc_column_text][\/vc_column_inner][vc_column_inner el_class=&#8221;servicii-1-2-content-1 servicii-margin-top&#8221; width=&#8221;1\/2&#8243;][vc_custom_heading text=&#8221;DIZOLVAREA SI LICHIDAREA VOLUNTARA A SOCIETATILOR CU MAI MULTI ASOCIATI, CU NUMIREA LICHIDATORULUI&#8221; font_container=&#8221;tag:h4|text_align:left|color:%23f15a22&#8243; use_theme_fonts=&#8221;yes&#8221; el_class=&#8221;titlu-coloana-servicii&#8221;][vc_column_text]Si aceasta actiune presupune tot doua etape, in fiecare fiind implicate cereri, achitari de taxe, imputerniciri, redactari de documente oficiale.[\/vc_column_text][vc_column_text]<strong>ETAPA 1 \u2013 DIZOLVAREA SOCIETATII<\/strong><\/p>\n<ul>\n<li>Cererea de \u00eenregistrare (in original)<\/li>\n<li>Hotararea AGA de dizolvare a societatii si de numire a lichidatorului<\/li>\n<li>Declaratia lichidatorului cum ca detine aceasta calitate (in original)<\/li>\n<li>Specimenul de semnatura al lichidatorului (in original)<\/li>\n<li>Dovada platii taxelor legale (taxa judiciara de timbru, timbrul judiciar, taxa de registru, taxa de publicare in Monitorul Oficial &#8211; Partea IV)<\/li>\n<\/ul>\n<p>[\/vc_column_text][vc_column_text]<strong>ETAPA 2 \u2013 RADIEREA SOCIETATII<\/strong><\/p>\n<ul>\n<li>Cerere de radiere (original)<\/li>\n<li>Situatia financiara de lichidare si proiectul de repartizare al activului (copie)<\/li>\n<li>Raportul lichidatorilor<\/li>\n<li>Certificatul de inregistrare cu anexele acestuia (in original)<\/li>\n<li>Certificatul de la Administratia Financiara din care rezulta ca nu exista datorii la bugetul de stat si\/sau la contributiile sociale (copie)<\/li>\n<li>Dovada platii taxelor legale<\/li>\n<\/ul>\n<p>Cererea de radiere se va depune dupa trecerea termenului de 30 de zile de la data publicarii actului modificator in Monitorul Oficial,\u00a0in cazul in care nu s-a inregistrat vreo opozitie.<\/p>\n<p>Avand in vedere ca aceasta actiune poate fi extrem de complicata, recomandarea noastra e sa nu incercati sa o simplificati. Apelati la noi! Vom sti ce sa facem in fiecare etapa.[\/vc_column_text][\/vc_column_inner][\/vc_row_inner][vc_row_inner el_class=&#8221;servicii-1-2-content&#8221;][vc_column_inner el_class=&#8221;servicii-1-2-content-1&#8243; width=&#8221;1\/2&#8243;][\/vc_column_inner][vc_column_inner el_class=&#8221;servicii-1-2-content-1&#8243; width=&#8221;1\/2&#8243;][\/vc_column_inner][\/vc_row_inner][vc_row_inner el_class=&#8221;servicii-1-2-content&#8221;][vc_column_inner el_class=&#8221;servicii-1-2-content-1&#8243; width=&#8221;1\/2&#8243;][\/vc_column_inner][vc_column_inner el_class=&#8221;servicii-1-2-content-1&#8243; width=&#8221;1\/2&#8243;][\/vc_column_inner][\/vc_row_inner][\/vc_column][\/vc_row]<\/p>","protected":false},"excerpt":{"rendered":"<p>[vc_row css=&#8221;.vc_custom_1489768441022{background-image: url(http:\/\/www.expertmind.ro\/wp-content\/uploads\/2017\/01\/servicii-onrc.png?id=3927) !important;background-position: center !important;background-repeat: no-repeat !important;background-size: cover !important;}&#8221; el_class=&#8221;servicii-top-banner&#8221;][vc_column width=&#8221;2\/3&#8243; el_class=&#8221;servicii-top-banner-title&#8221;][vc_custom_heading text=&#8221;Iti dam siguranta de care ai nevoie!&#8221; font_container=&#8221;tag:h2|text_align:left|color:%23f15a23&#8243; use_theme_fonts=&#8221;yes&#8221;][\/vc_column][vc_column width=&#8221;1\/3&#8243;][\/vc_column][\/vc_row][vc_row el_class=&#8221;servicii-top-banner-page-info&#8221;][vc_column][vc_row_inner css=&#8221;.vc_custom_1484568530917{background-color: #7f9296 !important;background-position: center !important;background-repeat: no-repeat !important;background-size: cover !important;}&#8221; el_class=&#8221;servicii-top-banner-fasie-gri&#8221;][vc_column_inner el_class=&#8221;servicii-top-banner-page-title&#8221; width=&#8221;1\/2&#8243;][vc_custom_heading text=&#8221;RADIERI FIRME&#8221; font_container=&#8221;tag:h3|text_align:left|color:%23ffffff&#8221; use_theme_fonts=&#8221;yes&#8221;][\/vc_column_inner][vc_column_inner el_class=&#8221;servicii-top-banner-page-breadcrumb&#8221; width=&#8221;1\/2&#8243;][\/vc_column_inner][\/vc_row_inner][\/vc_column][\/vc_row][vc_row el_class=&#8221;servicii-sectiunea-1&#8243;][vc_column width=&#8221;1\/3&#8243; css=&#8221;.vc_custom_1484142666877{background-position: center !important;background-repeat: no-repeat !important;background-size: cover !important;}&#8221; el_class=&#8221;servicii-sectiunea-1-1&#8243;][vc_row_inner el_class=&#8221;servicii-custom-menu&#8221;][vc_column_inner css=&#8221;.vc_custom_1484139076748{background-color: #53575a [&hellip;]<\/p>\n","protected":false},"author":1,"featured_media":0,"parent":2897,"menu_order":3,"comment_status":"closed","ping_status":"closed","template":"","meta":[],"_links":{"self":[{"href":"https:\/\/www.expertmind.ro\/fr\/wp-json\/wp\/v2\/pages\/2114"}],"collection":[{"href":"https:\/\/www.expertmind.ro\/fr\/wp-json\/wp\/v2\/pages"}],"about":[{"href":"https:\/\/www.expertmind.ro\/fr\/wp-json\/wp\/v2\/types\/page"}],"author":[{"embeddable":true,"href":"https:\/\/www.expertmind.ro\/fr\/wp-json\/wp\/v2\/users\/1"}],"replies":[{"embeddable":true,"href":"https:\/\/www.expertmind.ro\/fr\/wp-json\/wp\/v2\/comments?post=2114"}],"version-history":[{"count":61,"href":"https:\/\/www.expertmind.ro\/fr\/wp-json\/wp\/v2\/pages\/2114\/revisions"}],"predecessor-version":[{"id":17512,"href":"https:\/\/www.expertmind.ro\/fr\/wp-json\/wp\/v2\/pages\/2114\/revisions\/17512"}],"up":[{"embeddable":true,"href":"https:\/\/www.expertmind.ro\/fr\/wp-json\/wp\/v2\/pages\/2897"}],"wp:attachment":[{"href":"https:\/\/www.expertmind.ro\/fr\/wp-json\/wp\/v2\/media?parent=2114"}],"curies":[{"name":"wp","href":"https:\/\/api.w.org\/{rel}","templated":true}]}}