{"id":2120,"date":"2017-01-11T11:46:35","date_gmt":"2017-01-11T11:46:35","guid":{"rendered":"http:\/\/www.expertmind.ro\/?page_id=2120"},"modified":"2025-04-09T14:14:00","modified_gmt":"2025-04-09T12:14:00","slug":"gestiune-personal-si-salarizare","status":"publish","type":"page","link":"https:\/\/www.expertmind.ro\/fr\/services\/gestion-du-personnel-et-de-la-paie\/","title":{"rendered":"Gestion du personnel et de la paie"},"content":{"rendered":"<p>[vc_row css=&#8221;.vc_custom_1489769791790{background-image: url(http:\/\/www.expertmind.ro\/wp-content\/uploads\/2017\/01\/gestiune-de-personal.png?id=3949) !important;background-position: center !important;background-repeat: no-repeat !important;background-size: cover !important;}&#8221; el_class=&#8221;servicii-top-banner&#8221;][vc_column width=&#8221;2\/3&#8243; el_class=&#8221;servicii-top-banner-title&#8221;][vc_custom_heading text=&#8221;Formation, sp\u00e9cialisation,<br \/>\nclart\u00e9 et pr\u00e9visibilit\u00e9 !&#8221; font_container=&#8221;tag:h2|text_align:left|color:%23f15a23&#8243; use_theme_fonts=&#8221;yes&#8221;][\/vc_column][vc_column width=&#8221;1\/3&#8243;][\/vc_column][\/vc_row][vc_row el_class=&#8221;servicii-top-banner-page-info&#8221;][vc_column][vc_row_inner css=&#8221;.vc_custom_1484568530917{background-color: #7f9296 !important;background-position: center !important;background-repeat: no-repeat !important;background-size: cover !important;}&#8221; el_class=&#8221;servicii-top-banner-fasie-gri&#8221;][vc_column_inner el_class=&#8221;servicii-top-banner-page-title&#8221; width=&#8221;1\/2&#8243;][vc_custom_heading text=&#8221;GESTION DU PERSONNEL ET DE LA PAIE!&#8221; font_container=&#8221;tag:h3|text_align:left|color:%23ffffff&#8221; use_theme_fonts=&#8221;yes&#8221;][\/vc_column_inner][vc_column_inner el_class=&#8221;servicii-top-banner-page-breadcrumb&#8221; width=&#8221;1\/2&#8243;][\/vc_column_inner][\/vc_row_inner][\/vc_column][\/vc_row][vc_row el_class=&#8221;servicii-sectiunea-1&#8243;][vc_column width=&#8221;1\/3&#8243; css=&#8221;.vc_custom_1484142666877{background-position: center !important;background-repeat: no-repeat !important;background-size: cover !important;}&#8221; el_class=&#8221;servicii-sectiunea-1-1&#8243;][vc_row_inner el_class=&#8221;servicii-custom-menu&#8221;][vc_column_inner css=&#8221;.vc_custom_1484139076748{background-color: #53575a !important;background-position: center !important;background-repeat: no-repeat !important;background-size: cover !important;}&#8221;][vc_wp_custommenu nav_menu=&#8221;50&#8243;][\/vc_column_inner][\/vc_row_inner][vc_row_inner css=&#8221;.vc_custom_1484142706750{background-position: center !important;background-repeat: no-repeat !important;background-size: cover !important;}&#8221; el_class=&#8221;servicii-key-person-titlu&#8221;][vc_column_inner css=&#8221;.vc_custom_1484139034841{background-color: #7f9296 !important;background-position: center !important;background-repeat: no-repeat !important;background-size: cover !important;}&#8221;][vc_custom_heading text=&#8221;SP\u00c9CIALISTE&#8221; font_container=&#8221;tag:h4|text_align:left&#8221; use_theme_fonts=&#8221;yes&#8221; css=&#8221;.vc_custom_1499672577624{background-color: #7f9296 !important;background-position: center !important;background-repeat: no-repeat !important;background-size: cover !important;}&#8221;][\/vc_column_inner][\/vc_row_inner][vc_row_inner css=&#8221;.vc_custom_1484142722365{background-color: #7f9296 !important;background-position: center !important;background-repeat: no-repeat !important;background-size: cover !important;}&#8221; el_class=&#8221;servicii-key-person&#8221;][vc_column_inner el_class=&#8221;servicii-key-person-image&#8221; width=&#8221;1\/2&#8243;][vc_single_image source=&#8221;external_link&#8221; custom_src=&#8221;https:\/\/www.expertmind.ro\/wp-content\/uploads\/2016\/09\/loredana-carp-ursache.gif&#8221;][\/vc_column_inner][vc_column_inner el_class=&#8221;servicii-key-person-content&#8221; width=&#8221;1\/2&#8243;][vc_custom_heading text=&#8221;Loredana Carp &#8211; Ursache&#8221; font_container=&#8221;tag:h5|text_align:left|color:%23ffffff&#8221; use_theme_fonts=&#8221;yes&#8221; el_class=&#8221;key-person-name&#8221;][vc_column_text el_class=&#8221;servicii-key-person-text&#8221;]<\/p>\n<div style=\"color: #ffffff;\">\n<p>Sp\u00e9cialiste ressources humaines<\/p>\n<p>&nbsp;<\/p>\n<\/div>\n<p>[\/vc_column_text][vc_custom_heading text=&#8221;&gt; Lire la suite&#8221; font_container=&#8221;tag:h5|text_align:left|color:%23ffffff&#8221; use_theme_fonts=&#8221;yes&#8221; el_class=&#8221;key-person-afla-mai-multe&#8221; link=&#8221;url:http%3A%2F%2Fwww.expertmind.ro%2Fteam%2Floredana-carp-ursache%2F|||&#8221;][\/vc_column_inner][\/vc_row_inner][vc_column_text css=&#8221;.vc_custom_1499675402637{background-color: #f15a22 !important;background-position: center !important;background-repeat: no-repeat !important;background-size: cover !important;}&#8221; el_class=&#8221;servicii-buton-solicita&#8221;]<\/p>\n<div><img loading=\"lazy\" class=\"alignnone size-full wp-image-2323\" src=\"http:\/\/www.expertmind.ro\/wp-content\/uploads\/2017\/02\/icon-contacteaza.png\" alt=\"\" width=\"48\" height=\"56\" \/><\/div>\n<div>\n<h4 style=\"color: #ffffff;\"><a href=\"http:\/\/www.expertmind.ro\/contact\/\">ON EST PRETS, ON VA TRAVAILLER ESEMBLE!<\/a><\/h4>\n<\/div>\n<p>[\/vc_column_text][vc_empty_space height=&#8221;10px&#8221;][\/vc_column][vc_column width=&#8221;2\/3&#8243; el_class=&#8221;servicii-sectiunea-1-2&#8243;][vc_row_inner el_class=&#8221;servicii-sectiunea-1-2-titlu&#8221;][vc_column_inner][vc_custom_heading text=&#8221;Gestion du personnel et de la paie<br \/>\n&#8221; font_container=&#8221;tag:h1|text_align:left|color:%23f15a22&#8243; use_theme_fonts=&#8221;yes&#8221; el_class=&#8221;servicii-sectiunea-1-2-titlu&#8221;][vc_column_text el_class=&#8221;servicii-sectiunea-1-2-text&#8221;]<\/p>\n<h4>Le personnel d\u2019une compagnie implique des processus complexes. Sa gestion et la r\u00e9mun\u00e9ration peuvent \u00eatre des activit\u00e9s compliqu\u00e9es, surtout si le management est orient\u00e9 vers le d\u00e9veloppement, sans un d\u00e9partement sp\u00e9cifique pour ce type de t\u00e2ches. L\u2019externalisation est la solution!<\/h4>\n<p>[\/vc_column_text][vc_separator color=&#8221;custom&#8221; el_class=&#8221;servicii-sectiunea-1-2-liniuta&#8221; accent_color=&#8221;#313131&#8243;][\/vc_column_inner][\/vc_row_inner][vc_row_inner el_class=&#8221;servicii-1-2-content&#8221;][vc_column_inner el_class=&#8221;servicii-1-2-content-1&#8243; width=&#8221;1\/2&#8243;][vc_column_text]La gestion du personnel et le paiement des salaires supposent la formation d\u2019un personnel sp\u00e9cialis\u00e9, du temps, des co\u00fbts et encore d\u2019un expert qui supervise cette activit\u00e9 afin que tout est fait de mani\u00e8re professionnelle.<\/p>\n<p><span style=\"font-weight: normal !msorm;\"><strong>L\u2019externalisation des services de gestion du personnel et de la paie<\/strong><\/span> t\u2019aide sauver d\u2019argent pour te concentrer mieux sur le d\u00e9veloppement de l\u2019affaire et du capital. Dans le m\u00eame temps tu as une situation claire des employ\u00e9s et tu seras inform\u00e9 de toutes les modifications l\u00e9gislatives.[\/vc_column_text][\/vc_column_inner][vc_column_inner el_class=&#8221;servicii-1-2-content-1&#8243; width=&#8221;1\/2&#8243;][vc_column_text]Un autre avantage de l\u2019externalisation est la flexibilit\u00e9 concernant de nouveaux services et le d\u00e9veloppement territorial, ayant totale confidence dans le transfert de l\u2019information.<\/p>\n<p>En ce qui concerne les co\u00fbts, on est transparent d\u00e8s le d\u00e9but et <span style=\"font-weight: normal !msorm;\"><strong>les budgets sont pr\u00e9d\u00e9finis,<\/strong><\/span> ce que tu ne peux pas avoir si tu as ton propre d\u00e9partement. On met \u00e0 ta disposition une \u00e9quipe avec plus de 10 ans exp\u00e9rience et milliers d\u2019heures de g\u00e9rer avec succ\u00e8s toute sorte de situations.[\/vc_column_text][\/vc_column_inner][\/vc_row_inner][vc_row_inner el_class=&#8221;servicii-1-2-content&#8221;][vc_column_inner el_class=&#8221;servicii-1-2-content-1&#8243; width=&#8221;1\/2&#8243;][vc_custom_heading text=&#8221;Services de la gestion du personnel externalis\u00e9s &#8221; font_container=&#8221;tag:h4|text_align:left|color:%23f15a22&#8243; use_theme_fonts=&#8221;yes&#8221; el_class=&#8221;titlu-coloana-servicii&#8221;][vc_column_text]<\/p>\n<ul>\n<li>\u00c9laboration\/actualisation des dossiers des employ\u00e9s, du r\u00e8glement int\u00e9rieur, du contrat collectif de travail et l\u2019enregistrement du contrat conforme aux dispositions l\u00e9gislatives, du registre d\u2019\u00e9vidence du personnel en format \u00e9lectronique<\/li>\n<li>\u00c9laboration des contrats de travail individuels<\/li>\n<li>\u00c9laboration des avenants aux contrats d\u2019emploi individuels<\/li>\n<li>\u00c9laboration des documents sp\u00e9cifiques en cas d\u2019abandonne ou d\u2019interruption du contrat de travail individuel<\/li>\n<li>\u00c9laboration des certificats de travail<\/li>\n<li>\u00c9laboration des rapports demand\u00e9s par le client<\/li>\n<li>Support lors de contr\u00f4les<\/li>\n<\/ul>\n<p>[\/vc_column_text][\/vc_column_inner][vc_column_inner el_class=&#8221;servicii-1-2-content-1&#8243; width=&#8221;1\/2&#8243;][vc_custom_heading text=&#8221;Services de paiement externalis\u00e9s&#8221; font_container=&#8221;tag:h4|text_align:left|color:%23f15a22&#8243; use_theme_fonts=&#8221;yes&#8221; el_class=&#8221;titlu-coloana-servicii&#8221;][vc_column_text]<\/p>\n<ul>\n<li>Le calcul des salaires conforme avec le pointage communiqu\u00e9 par le client<\/li>\n<li>Le calcul des cong\u00e9s de repos et des cong\u00e9s m\u00e9dical<\/li>\n<li>\u00c9laboration des ordres de paiement<\/li>\n<li>\u00c9laboration des bulletins de paie personnalis\u00e9s \u00e0 la demande du client<\/li>\n<li>\u00c9laboration des ordres de paiement\/des re\u00e7us fiscaux pour les imp\u00f4ts et les contributions correspondants aux salaires<\/li>\n<li>Support l\u00e9gislatif pour le calcul salarial<\/li>\n<li>\u00c9laboration et l\u2019envoie des d\u00e9clarations uniques<\/li>\n<\/ul>\n<p>[\/vc_column_text][\/vc_column_inner][\/vc_row_inner][vc_row_inner el_class=&#8221;sectiune-calc-hr&#8221;][vc_column_inner][vc_separator color=&#8221;custom&#8221; accent_color=&#8221;#313131&#8243; el_class=&#8221;servicii-sectiunea-1-2-liniuta calc-hr-liniuta&#8221; css=&#8221;.vc_custom_1490187338196{background-color: #dcddde !important;}&#8221;][vc_wp_text]<\/p>\n<div class=\"calculator-wrapper\">\n<div class=\"calculator-title\">\n<h4>\u00a0Vezi costurile orientative ale unui abonament<\/h4>\n<\/div>\n<div class=\"calculator-optiuni\">\n<div class=\"selecteaza-domeniu\">\n<h4>Domeniu de activitate<\/h4>\n<form id=\"selecteaza-domeniu\">\n<table>\n<tbody>\n<tr>\n<td height=\"70\"><input name=\"domeniu\" type=\"checkbox\" value=\"Constructii\" \/>Constructii<\/td>\n<td height=\"70\"><input name=\"domeniu\" type=\"checkbox\" value=\"Video\" \/>Video Chat<\/td>\n<\/tr>\n<tr>\n<td height=\"110\"><input name=\"domeniu\" type=\"checkbox\" value=\"Cafenele\/Restaurante\" \/>Cafenele\/Restaurante<\/td>\n<td height=\"110\"><input name=\"domeniu\" type=\"checkbox\" value=\"Transport\" \/>Transport<\/td>\n<\/tr>\n<tr>\n<td height=\"60\"><input name=\"domeniu\" type=\"checkbox\" value=\"IT\" \/>IT<\/td>\n<td height=\"60\"><input name=\"domeniu\" type=\"checkbox\" value=\"Alt\" \/>Alt domeniu<\/td>\n<\/tr>\n<\/tbody>\n<\/table>\n<\/form>\n<\/div>\n<div class=\"select\">\n<div class=\"selecteaza-numar-salariati\">\n<div class=\"salariati-box\">\n<h4>Servicii de gestiune a personalului si salarizare<\/h4>\n<div class=\"box-select\"><select id=\"selecteaza-optiune-salarizare\" name=\"selector\"><option value=\"0\">Selecteaza numarul de salariati<\/option><option value=\"75\">1-2 salariati<\/option><option value=\"125\">3-5 salariati<\/option><option value=\"175\">6-8 salariati<\/option><option value=\"225\">9-11 salariati<\/option><option value=\"275\">12-14 salariati<\/option><option value=\"325\">15-17 salariati<\/option><option value=\"375\">18-20 salariati<\/option><option value=\"425\">21-23 salariati<\/option><option value=\"475\">24-26 salariati<\/option><option value=\"525\">27-29 salariati<\/option><option value=\"575\">30-32 salariati<\/option><option value=\"625\">33-35 salariati<\/option><option value=\"675\">36-38 salariati<\/option><option value=\"725\">39-41 salariati<\/option><option value=\"775\">42-44 salariati<\/option><option value=\"825\">45-47 salariati<\/option><option value=\"875\">48-50 salariati<\/option><option value=\"925\">51-53 salariati<\/option><option value=\"975\">54-56 salariati<\/option><option value=\"1025\">57-59 salariati<\/option><option value=\"1075\">60-62 salariati<\/option><option value=\"1125\">63-65 salariati<\/option><option value=\"1175\">66-68 salariati<\/option><option value=\"1225\">69-71 salariati<\/option><option value=\"1275\">72-74 salariati<\/option><option value=\"1325\">75-77 salariati<\/option><option value=\"1375\">78-80 salariati<\/option><option value=\"1425\">81-83 salariati<\/option><option value=\"1475\">84-86 salariati<\/option><option value=\"1525\">87-89 salariati<\/option><option value=\"1575\">90-92 salariati<\/option><option value=\"1625\">93-95 salariati<\/option><option value=\"1675\">96-98 salariati<\/option><option value=\"1725\">99-101 salariati<\/option><\/select><\/div>\n<\/div>\n<\/div>\n<div class=\"selecteaza-numar-salariati\">\n<div class=\"adeverinta-box\">\n<h4>Servicii salarizare<\/h4>\n<div class=\"box-select\"><select id=\"selecteaza-optiune-adeverinte\" name=\"selector\"><option value=\"0\">Selecteaza numarul de salariati<\/option><option value=\"40\">1-2 salariati<\/option><option value=\"65\">3-5 salariati<\/option><option value=\"90\">6-8 salariati<\/option><option value=\"115\">9-11 salariati<\/option><option value=\"140\">12-14 salariati<\/option><option value=\"165\">15-17 salariati<\/option><option value=\"190\">18-20 salariati<\/option><option value=\"215\">21-23 salariati<\/option><option value=\"240\">24-26 salariati<\/option><option value=\"265\">27-29 salariati<\/option><option value=\"290\">30-32 salariati<\/option><option value=\"315\">33-35 salariati<\/option><option value=\"340\">36-38 salariati<\/option><option value=\"365\">39-41 salariati<\/option><option value=\"390\">42-44 salariati<\/option><option value=\"415\">45-47 salariati<\/option><option value=\"440\">48-50 salariati<\/option><option value=\"465\">51-53 salariati<\/option><option value=\"490\">54-56 salariati<\/option><option value=\"515\">57-59 salariati<\/option><option value=\"540\">60-62 salariati<\/option><option value=\"565\">63-65 salariati<\/option><option value=\"590\">66-68 salariati<\/option><option value=\"615\">69-71 salariati<\/option><option value=\"640\">72-74 salariati<\/option><option value=\"665\">75-77 salariati<\/option><option value=\"690\">78-80 salariati<\/option><option value=\"715\">81-83 salariati<\/option><option value=\"740\">84-86 salariati<\/option><option value=\"765\">87-89 salariati<\/option><option value=\"790\">90-92 salariati<\/option><option value=\"815\">93-95 salariati<\/option><option value=\"840\">96-98 salariati<\/option><option value=\"865\">99-101 salariati<\/option><\/select><\/div>\n<\/div>\n<\/div>\n<div class=\"selecteaza-numar-salariati\">\n<div class=\"adeverinta-box\">\n<h4>Servicii de gestiune personal<\/h4>\n<div class=\"box-select\"><select id=\"selecteaza-optiune-adeverinte-2\" name=\"selector\"><option value=\"0\">Selecteaza numarul de salariati<\/option><option value=\"40\">1-2 salariati<\/option><option value=\"65\">3-5 salariati<\/option><option value=\"90\">6-8 salariati<\/option><option value=\"115\">9-11 salariati<\/option><option value=\"140\">12-14 salariati<\/option><option value=\"165\">15-17 salariati<\/option><option value=\"190\">18-20 salariati<\/option><option value=\"215\">21-23 salariati<\/option><option value=\"240\">24-26 salariati<\/option><option value=\"265\">27-29 salariati<\/option><option value=\"290\">30-32 salariati<\/option><option value=\"315\">33-35 salariati<\/option><option value=\"340\">36-38 salariati<\/option><option value=\"365\">39-41 salariati<\/option><option value=\"390\">42-44 salariati<\/option><option value=\"415\">45-47 salariati<\/option><option value=\"440\">48-50 salariati<\/option><option value=\"465\">51-53 salariati<\/option><option value=\"490\">54-56 salariati<\/option><option value=\"515\">57-59 salariati<\/option><option value=\"540\">60-62 salariati<\/option><option value=\"565\">63-65 salariati<\/option><option value=\"590\">66-68 salariati<\/option><option value=\"615\">69-71 salariati<\/option><option value=\"640\">72-74 salariati<\/option><option value=\"665\">75-77 salariati<\/option><option value=\"690\">78-80 salariati<\/option><option value=\"715\">81-83 salariati<\/option><option value=\"740\">84-86 salariati<\/option><option value=\"765\">87-89 salariati<\/option><option value=\"790\">90-92 salariati<\/option><option value=\"815\">93-95 salariati<\/option><option value=\"840\">96-98 salariati<\/option><option value=\"865\">99-101 salariati<\/option><\/select><\/div>\n<\/div>\n<\/div>\n<\/div>\n<div class=\"rezultate-finale\">\n<div class=\"box-rezultate\">\n<h4>Servicii de gestiune a personalului si salarizare<\/h4>\n<div class=\"rezultat-salarizare\">0 lei<\/div>\n<\/div>\n<div class=\"box-rezultate\">\n<h4>Servicii salarizare<\/h4>\n<div class=\"rezultat-adeverinte\">0 lei<\/div>\n<\/div>\n<div class=\"box-rezultate\">\n<h4>Servicii de gestiune personal<\/h4>\n<div class=\"rezultat-adeverinte-2\">0 lei<\/div>\n<\/div>\n<div class=\"box-rezultate box-total\">\n<h4>Total<\/h4>\n<div class=\"rezultat\">0 lei<\/div>\n<\/div>\n<div class=\"completeaza-campurile\"><\/div>\n<\/div>\n<\/div>\n<\/div>\n<p>[\/vc_wp_text][vc_column_text el_class=&#8221;calculator-hr-text-final&#8221;]<\/p>\n<h4>Acest calcul este real si reprezinta valoarea viitorului tau abonament pentru serviciile de resurse umane prestate de EXPERT MIND.<\/h4>\n<p>[\/vc_column_text][vc_btn title=&#8221;On est prets, on va travailler ensemble&#8221; style=&#8221;flat&#8221; shape=&#8221;square&#8221; link=&#8221;url:http%3A%2F%2Fwww.expertmind.ro%2Fcontact%2F|||&#8221; el_class=&#8221;buton-hai-sa-lucram&#8221;][vc_separator color=&#8221;custom&#8221; accent_color=&#8221;#313131&#8243; el_class=&#8221;servicii-sectiunea-1-2-liniuta liniuta-sub-calculator&#8221;][\/vc_column_inner][\/vc_row_inner][vc_row_inner el_class=&#8221;servicii-1-2-content&#8221;][vc_column_inner el_class=&#8221;servicii-1-2-content-1&#8243; width=&#8221;1\/2&#8243;][vc_custom_heading text=&#8221;Liste des services du calcul salaire&#8221; font_container=&#8221;tag:h4|text_align:left|color:%23f15a22&#8243; use_theme_fonts=&#8221;yes&#8221; el_class=&#8221;titlu-coloana-servicii&#8221;][vc_column_text]Cette liste des services n\u2019est pas limit\u00e9e aux tous ce qu\u2019on a pr\u00e9sent\u00e9, par contre, elle peut contenir bien d\u2019autres, en conformit\u00e9s avec vos besoins.<\/p>\n<ul>\n<li>V\u00e9rification et la gestion du pointage mensuel du personnel<\/li>\n<li>Validation des informations des certificats m\u00e9dicaux pour les cong\u00e9s pay\u00e9s<\/li>\n<li>Validation des informations des demandes de cong\u00e9 et la confirmation du solde des cong\u00e9s pay\u00e9s<\/li>\n<li>Le calcul de l\u2019indemnisation qui revient en cas du cong\u00e9 effectu\u00e9 et en cas de ne pas effectuer jours du cong\u00e9 jusqu\u2019\u00e0 la r\u00e9siliation du contrat individuel de travail<\/li>\n<li>Le calcul d\u2019indemnisation du cong\u00e9 m\u00e9dical en cas d\u2019incapacit\u00e9 temporaire de travail<\/li>\n<li>La gestion d\u2019un historique des \u00e9l\u00e9ments du pointage du chaque employ\u00e9<\/li>\n<li>Le calcul des bonus de salaire net et brut, des augmentations de salaire net\/brut\/pourcentage, des avantages en nature, des avantages sociaux etc.<\/li>\n<li>La gestion des modifications concernant les droits du cong\u00e9, des augmentations de salaire, des salaires de base (salaire d\u2019encadrement), des compensations, des b\u00e9n\u00e9fices, des retenues, des saisies sur salaire, imputation de salaire, garanties, avances salariales<\/li>\n<li>L\u2019\u00e9laboration des d\u00e9clarations de salaire qui \u00e9tablissent les d\u00e9ductions et autres \u00e9l\u00e9ments n\u00e9cessaires pour le calcul salarial (l\u2019activit\u00e9 de base, CNAM \u2013 Caisse nationale de l\u2019assurance maladie, le num\u00e9ro de personnes \u00e0 charge au nom d\u2019employ\u00e9, le degr\u00e9 d\u2019invalidit\u00e9, le statut de retrait\u00e9)<\/li>\n<li>G\u00e9n\u00e9ration des ordres de paiement<\/li>\n<li>G\u00e9n\u00e9ration du centralisateur de taxes sociales employeur\/employ\u00e9<\/li>\n<li>G\u00e9n\u00e9ration, signature et d\u00e9position de la d\u00e9claration unique D112<\/li>\n<li>G\u00e9n\u00e9ration des annexes de la d\u00e9claration D112 n\u00e9cessaires pour le recouvrement de cr\u00e9ances FNUASS<\/li>\n<li>G\u00e9n\u00e9ration de la note comptable de salaires en conformit\u00e9 avec le plan comptable<\/li>\n<li>Requ\u00eate sur la base de donn\u00e9es et l\u2019\u00e9laboration des rapports selon les crit\u00e8res du client<\/li>\n<li>G\u00e9n\u00e9ration des bulletins de paie et l\u2019envoie vers le b\u00e9n\u00e9ficiaire via e-mail, en format *.pdf ou imprim\u00e9 sur papier s\u00e9curis\u00e9<\/li>\n<li>La transmission constante du n\u00e9cessaire pour les paiements des salaires nets<\/li>\n<li>Elaboration du fichier crypt\u00e9 pour le transfert des salaires individuels<\/li>\n<\/ul>\n<p>[\/vc_column_text][\/vc_column_inner][vc_column_inner el_class=&#8221;servicii-1-2-content-1&#8243; width=&#8221;1\/2&#8243;][vc_custom_heading text=&#8221;Liste des services administratifs du personnel \u2013 rapports du travail:&#8221; font_container=&#8221;tag:h4|text_align:left|color:%23f15a22&#8243; use_theme_fonts=&#8221;yes&#8221; el_class=&#8221;titlu-coloana-servicii&#8221;][vc_column_text]<\/p>\n<ul>\n<li>\u00c9laboration, actualisation et le renvoi du Registre G\u00e9n\u00e9ral de l\u2019\u00c9vidence des Employ\u00e9s \u2013 ReGES\/REVISAL<\/li>\n<li>\u00c9laboration des contrats d\u2019emploi individuels en conformit\u00e9 avec les param\u00e8tres \u00e9tablis par le client<\/li>\n<li>Enregistrement des documents \u00e0 l\u2019Inspection Territoriale du Travail (ITT) par le syst\u00e8me ReGES\/REVISAL<\/li>\n<li>\u00c9laboration et enregistrement des avenants de modification des contrats du travail individuels, \u00e0 l\u2019Inspection Territoriale du Travail par le syst\u00e8me ReGES\/REVISAL<\/li>\n<li>\u00c9laboration des cessations dans le cas d\u2019abandonne ou d\u2019interruption de l\u2019activit\u00e9 et l\u2019enregistrement \u00e0 l\u2019Inspection Territoriale du Travail par le syst\u00e8me ReGES\/REVISAL<\/li>\n<li>Tenir \u00e0 jour les informations de gestion des employ\u00e9s et des rapports du travail<\/li>\n<li>\u00c9laboration des certificats de travail, des attestations d\u2019emploi, de salaire, de d\u00e9duction, des attestations concernant le stage de cotisation ou autre sort d\u2019attestation sollicit\u00e9e par les employ\u00e9s<\/li>\n<li>\u00c9laboration des avis de dissolution<\/li>\n<li>\u00c9laboration des documents n\u00e9cessaires pour la constitution du dossier de retraite<\/li>\n<li>L\u2019audit p\u00e9riodique des dossiers du personnel<\/li>\n<\/ul>\n<p>[\/vc_column_text][\/vc_column_inner][\/vc_row_inner][\/vc_column][\/vc_row]<\/p>","protected":false},"excerpt":{"rendered":"<p>[vc_row css=&#8221;.vc_custom_1489769791790{background-image: url(http:\/\/www.expertmind.ro\/wp-content\/uploads\/2017\/01\/gestiune-de-personal.png?id=3949) !important;background-position: center !important;background-repeat: no-repeat !important;background-size: cover !important;}&#8221; el_class=&#8221;servicii-top-banner&#8221;][vc_column width=&#8221;2\/3&#8243; el_class=&#8221;servicii-top-banner-title&#8221;][vc_custom_heading text=&#8221;Formation, sp\u00e9cialisation, clart\u00e9 et pr\u00e9visibilit\u00e9 !&#8221; font_container=&#8221;tag:h2|text_align:left|color:%23f15a23&#8243; use_theme_fonts=&#8221;yes&#8221;][\/vc_column][vc_column width=&#8221;1\/3&#8243;][\/vc_column][\/vc_row][vc_row el_class=&#8221;servicii-top-banner-page-info&#8221;][vc_column][vc_row_inner css=&#8221;.vc_custom_1484568530917{background-color: #7f9296 !important;background-position: center !important;background-repeat: no-repeat !important;background-size: cover !important;}&#8221; el_class=&#8221;servicii-top-banner-fasie-gri&#8221;][vc_column_inner el_class=&#8221;servicii-top-banner-page-title&#8221; width=&#8221;1\/2&#8243;][vc_custom_heading text=&#8221;GESTION DU PERSONNEL ET DE LA PAIE!&#8221; font_container=&#8221;tag:h3|text_align:left|color:%23ffffff&#8221; use_theme_fonts=&#8221;yes&#8221;][\/vc_column_inner][vc_column_inner el_class=&#8221;servicii-top-banner-page-breadcrumb&#8221; width=&#8221;1\/2&#8243;][\/vc_column_inner][\/vc_row_inner][\/vc_column][\/vc_row][vc_row el_class=&#8221;servicii-sectiunea-1&#8243;][vc_column width=&#8221;1\/3&#8243; css=&#8221;.vc_custom_1484142666877{background-position: center !important;background-repeat: no-repeat !important;background-size: cover !important;}&#8221; [&hellip;]<\/p>\n","protected":false},"author":1,"featured_media":0,"parent":1984,"menu_order":0,"comment_status":"closed","ping_status":"closed","template":"","meta":[],"_links":{"self":[{"href":"https:\/\/www.expertmind.ro\/fr\/wp-json\/wp\/v2\/pages\/2120"}],"collection":[{"href":"https:\/\/www.expertmind.ro\/fr\/wp-json\/wp\/v2\/pages"}],"about":[{"href":"https:\/\/www.expertmind.ro\/fr\/wp-json\/wp\/v2\/types\/page"}],"author":[{"embeddable":true,"href":"https:\/\/www.expertmind.ro\/fr\/wp-json\/wp\/v2\/users\/1"}],"replies":[{"embeddable":true,"href":"https:\/\/www.expertmind.ro\/fr\/wp-json\/wp\/v2\/comments?post=2120"}],"version-history":[{"count":136,"href":"https:\/\/www.expertmind.ro\/fr\/wp-json\/wp\/v2\/pages\/2120\/revisions"}],"predecessor-version":[{"id":16455,"href":"https:\/\/www.expertmind.ro\/fr\/wp-json\/wp\/v2\/pages\/2120\/revisions\/16455"}],"up":[{"embeddable":true,"href":"https:\/\/www.expertmind.ro\/fr\/wp-json\/wp\/v2\/pages\/1984"}],"wp:attachment":[{"href":"https:\/\/www.expertmind.ro\/fr\/wp-json\/wp\/v2\/media?parent=2120"}],"curies":[{"name":"wp","href":"https:\/\/api.w.org\/{rel}","templated":true}]}}