{"id":2583,"date":"2017-02-01T09:01:32","date_gmt":"2017-02-01T09:01:32","guid":{"rendered":"http:\/\/www.expertmind.ro\/?page_id=2583"},"modified":"2025-11-14T17:02:30","modified_gmt":"2025-11-14T15:02:30","slug":"despre-noi","status":"publish","type":"page","link":"https:\/\/www.expertmind.ro\/fr\/entreprise\/sur-nous\/","title":{"rendered":"Sur nous"},"content":{"rendered":"<p>[vc_row css=&#8221;.vc_custom_1489765450561{background-image: url(http:\/\/www.expertmind.ro\/wp-content\/uploads\/2017\/02\/despre-noi.png?id=3916) !important;background-position: center !important;background-repeat: no-repeat !important;background-size: cover !important;}&#8221; el_class=&#8221;servicii-top-banner&#8221;][vc_column width=&#8221;2\/3&#8243; el_class=&#8221;servicii-top-banner-title&#8221;][vc_custom_heading text=&#8221;Nous apportons une valeur<br \/>\najout\u00e9e \u00e0 votre entreprise!&#8221; font_container=&#8221;tag:h2|text_align:left|color:%23f15a23&#8243; use_theme_fonts=&#8221;yes&#8221;][\/vc_column][vc_column width=&#8221;1\/3&#8243;][\/vc_column][\/vc_row][vc_row el_class=&#8221;servicii-top-banner-page-info&#8221;][vc_column][vc_row_inner css=&#8221;.vc_custom_1484568530917{background-color: #7f9296 !important;background-position: center !important;background-repeat: no-repeat !important;background-size: cover !important;}&#8221; el_class=&#8221;servicii-top-banner-fasie-gri&#8221;][vc_column_inner el_class=&#8221;servicii-top-banner-page-title&#8221; width=&#8221;1\/2&#8243;][vc_custom_heading text=&#8221;SUR NOUS&#8221; font_container=&#8221;tag:h3|text_align:left|color:%23ffffff&#8221; use_theme_fonts=&#8221;yes&#8221;][\/vc_column_inner][vc_column_inner el_class=&#8221;servicii-top-banner-page-breadcrumb&#8221; width=&#8221;1\/2&#8243;][\/vc_column_inner][\/vc_row_inner][\/vc_column][\/vc_row][vc_row el_class=&#8221;servicii-sectiunea-1&#8243;][vc_column width=&#8221;1\/3&#8243; css=&#8221;.vc_custom_1484142666877{background-position: center !important;background-repeat: no-repeat !important;background-size: cover !important;}&#8221; el_class=&#8221;servicii-sectiunea-1-1&#8243;][vc_row_inner el_class=&#8221;servicii-custom-menu&#8221;][vc_column_inner css=&#8221;.vc_custom_1484139076748{background-color: #53575a !important;background-position: center !important;background-repeat: no-repeat !important;background-size: cover !important;}&#8221;][vc_wp_custommenu nav_menu=&#8221;51&#8243;][\/vc_column_inner][\/vc_row_inner][vc_row_inner css=&#8221;.vc_custom_1489598332020{background-color: #dcdddf !important;}&#8221; el_class=&#8221;despre-noi-testimoniale-coloana&#8221;][vc_column_inner][vc_custom_heading text=&#8221;Ce que nos clients disent de nous&#8221; font_container=&#8221;tag:h3|text_align:left|color:%23ffffff&#8221; use_theme_fonts=&#8221;yes&#8221; el_class=&#8221;titlu-testimoniale-despre-noi&#8221;][vc_widget_sidebar sidebar_id=&#8221;consulta-custom-sidebar-2&#8243; el_class=&#8221;sidebar-right&#8221;][\/vc_column_inner][\/vc_row_inner][vc_row_inner css=&#8221;.vc_custom_1490270752707{background-color: #ffffff !important;}&#8221; el_class=&#8221;despre-noi-grid-imagini&#8221;][vc_column_inner][vc_custom_heading text=&#8221;Galerie de Photo&#8221; font_container=&#8221;tag:h3|text_align:left|color:%23ffffff&#8221; use_theme_fonts=&#8221;yes&#8221; el_class=&#8221;titlu-testimoniale-despre-noi&#8221;][vc_masonry_media_grid element_width=&#8221;6&#8243; gap=&#8221;35&#8243; initial_loading_animation=&#8221;fadeIn&#8221; grid_id=&#8221;vc_gid:1763132477890-e5034f66-7ba8-6&#8243; include=&#8221;3586,3587,3578,3579,3580,3581,3582,3583,3584,3585,3970,3972,3973,3974&#8243;][\/vc_column_inner][\/vc_row_inner][\/vc_column][vc_column width=&#8221;2\/3&#8243; el_class=&#8221;servicii-sectiunea-1-2&#8243; css=&#8221;.vc_custom_1489598282072{background-color: #ffffff !important;}&#8221;][vc_row_inner css=&#8221;.vc_custom_1489599859545{background-color: #dcdddf !important;}&#8221; el_class=&#8221;despre-noi-sectiune-1&#8243;][vc_column_inner el_class=&#8221;despre-noi-text-1&#8243; width=&#8221;1\/2&#8243;][vc_column_text]<strong>Le Group Expert Mind, qui occupe la premi\u00e8re position dans le Top des Entreprises de Iassy, met \u00e0 votre disposition des services compl\u00e8te de comptabilit\u00e9s, de la gestion des ressources humaines, du conseil financier-comptable et des services de cr\u00e9ation d\u2019entreprises pour entit\u00e9s diff\u00e9rentes comme forme juridique : personne physique autoris\u00e9 (PFA), soci\u00e9t\u00e9 \u00e0 responsabilit\u00e9 limit\u00e9e (SRL et SRL-D), Entreprise Individuelle (EI), associations et fondations.<\/strong>[\/vc_column_text][\/vc_column_inner][vc_column_inner el_class=&#8221;despre-noi-text-2&#8243; width=&#8221;1\/2&#8243;][vc_column_text]<strong>Depuis plus de 11 ans d\u2019exp\u00e9rience et avec plus de 80 experts dans les domaines de la comptabilit\u00e9, ressources humaines, audit et services juridiques, l\u2019entreprise EXPERTMIND ajoute de la valeur au march\u00e9 sp\u00e9cialis\u00e9 de notre ville, gr\u00e2ce aux services du conseil et du support informationnel sp\u00e9cialis\u00e9 pour nos partenaires. Avec nous les entrepreneurs peuvent prendre d\u00e9cisions l\u00e9gitimes pour l\u2019optimisation et le d\u00e9veloppement de leur affaire. <\/strong>[\/vc_column_text][\/vc_column_inner][\/vc_row_inner][vc_row_inner css=&#8221;.vc_custom_1489599256884{margin-top: -30px !important;background-color: #7f9296 !important;}&#8221; el_class=&#8221;sectiune-despre-noi-de-ce&#8221;][vc_column_inner el_class=&#8221;despre-noi-coloana-1&#8243; width=&#8221;1\/2&#8243; css=&#8221;.vc_custom_1489598232453{background-color: #7f9296 !important;}&#8221;][vc_custom_heading text=&#8221;Notre but ?&#8221; font_container=&#8221;tag:h3|text_align:left|color:%23f15a22&#8243; use_theme_fonts=&#8221;yes&#8221; css=&#8221;.vc_custom_1499415013957{background-color: #7f9296 !important;}&#8221;][vc_column_text css=&#8221;.vc_custom_1499415034068{background-color: #7f9296 !important;}&#8221;]Notre but est de soutenir le d\u00e9veloppement durable d\u2019environnement d\u2019affaires et des entrepreneurs, \u00e9galement. Les membres de notre \u00e9quipe sont experts comptables, aussi des membres au CECCAR, au CAFR, des commissaires aux comptes, des inspecteurs de ressources humaines, des \u00e9conomistes consacr\u00e9s. On dispose de gens d\u00e9di\u00e9s, professionnels dans leur activit\u00e9, avec beaucoup d\u2019exp\u00e9rience dans le domaine d\u2019affaire.<br \/>\nOn est toujours int\u00e9ress\u00e9 du d\u00e9veloppement professionnel, donc nos experts proposent des solutions novatrices, \u00e9troitement li\u00e9es aux exigences actuelles du march\u00e9.<br \/>\n[\/vc_column_text][\/vc_column_inner][vc_column_inner el_class=&#8221;despre-noi-coloana-1&#8243; width=&#8221;1\/2&#8243; css=&#8221;.vc_custom_1489598215654{background-color: #a39383 !important;}&#8221;][vc_custom_heading text=&#8221;Pourquoi travailler avec nous ?&#8221; font_container=&#8221;tag:h3|text_align:left|color:%23f15a22&#8243; use_theme_fonts=&#8221;yes&#8221; css=&#8221;.vc_custom_1499415046461{background-color: #a39383 !important;}&#8221;][vc_column_text css=&#8221;.vc_custom_1499415069484{background-color: #a39383 !important;}&#8221;]Parce que tu as tous les avantages de travailler dans une entreprise sp\u00e9cialis\u00e9e en comptabilit\u00e9 : tu gagnes d\u2019exp\u00e9rience et apprends des meilleurs ! En outre, tu vas conna\u00eetre nos trucs &#8211; on se distingue de notre concurrence par une gamme premium des services de comptabilit\u00e9, orient\u00e9s vers les solutions financiers optimis\u00e9es par rapport avec les besoins de l\u2019affaire et des ensembles des services personnalis\u00e9s pour chaque client.<br \/>\nOn se d\u00e9die enti\u00e8rement pour bien comprendre les m\u00e9canismes de l\u2019affaire, n\u2019importe l\u2019industrie ou la taille de l\u2019entreprise \u2013 on s\u2019adapte au style du travail de notre client.<br \/>\n[\/vc_column_text][\/vc_column_inner][\/vc_row_inner][vc_custom_heading text=&#8221;10 raisons pour travailler avec nous !&#8221; font_container=&#8221;tag:h3|text_align:left|color:%23f15a22&#8243; use_theme_fonts=&#8221;yes&#8221; el_class=&#8221;despre-noi-motive&#8221;][vc_column_text el_class=&#8221;despre-noi-text-puncte-forte&#8221;]Il y a besoin de motivation pour commencer une collaboration, mais quand le <strong>succ\u00e8s de tes affaires<\/strong> d\u00e9pend de cette collaboration, <strong>tu as besoin des\u00a0 raisons pour \u00e7a<\/strong>. Tu en auras 10 raisons de travailler avec EXPERT MIND ![\/vc_column_text][vc_row_inner el_class=&#8221;row-despre-noi-bullets&#8221;][vc_column_inner width=&#8221;1\/2&#8243;][vc_custom_heading text=&#8221;On r\u00e9duit le temps pour le management des activit\u00e9s de base.&#8221; font_container=&#8221;tag:p|text_align:left|color:%23898989&#8243; use_theme_fonts=&#8221;yes&#8221; icon=&#8221;fa fa-check&#8221; el_class=&#8221;despre-noi-bullet&#8221;][\/vc_column_inner][vc_column_inner width=&#8221;1\/2&#8243;][vc_custom_heading text=&#8221;On minimise les risques en cas de contr\u00f4les fiscaux.&#8221; font_container=&#8221;tag:p|text_align:left|color:%23898989&#8243; use_theme_fonts=&#8221;yes&#8221; icon=&#8221;fa fa-check&#8221; el_class=&#8221;despre-noi-bullet&#8221;][\/vc_column_inner][\/vc_row_inner][vc_separator color=&#8221;custom&#8221; accent_color=&#8221;#dfdfdf&#8221;][vc_row_inner][vc_column_inner width=&#8221;1\/2&#8243;][vc_custom_heading text=&#8221;On est bien inform\u00e9 concernant toutes les nouvelles dispositions l\u00e9gislatives et r\u00e9glementaires.&#8221; font_container=&#8221;tag:p|text_align:left|color:%23898989&#8243; use_theme_fonts=&#8221;yes&#8221; icon=&#8221;fa fa-check&#8221; el_class=&#8221;despre-noi-bullet&#8221;][\/vc_column_inner][vc_column_inner width=&#8221;1\/2&#8243;][vc_custom_heading text=&#8221;On a des experts pour chaque domaine d\u2019activit\u00e9.&#8221; font_container=&#8221;tag:p|text_align:left|color:%23898989&#8243; use_theme_fonts=&#8221;yes&#8221; icon=&#8221;fa fa-check&#8221; el_class=&#8221;despre-noi-bullet&#8221;][\/vc_column_inner][\/vc_row_inner][vc_separator color=&#8221;custom&#8221; accent_color=&#8221;#dfdfdf&#8221;][vc_row_inner][vc_column_inner width=&#8221;1\/2&#8243;][vc_custom_heading text=&#8221;On bien comprend la bureaucratie et on t\u2019en prot\u00e8ge, pour te concentrer \u00e0 diriger ton entreprise sans soucis.&#8221; font_container=&#8221;tag:p|text_align:left|color:%23898989&#8243; use_theme_fonts=&#8221;yes&#8221; icon=&#8221;fa fa-check&#8221; el_class=&#8221;despre-noi-bullet&#8221;][\/vc_column_inner][vc_column_inner width=&#8221;1\/2&#8243;][vc_custom_heading text=&#8221;On place chez ton bureau des sp\u00e9cialistes comptables et on travaille ensemble en temps r\u00e9el.&#8221; font_container=&#8221;tag:p|text_align:left|color:%23898989&#8243; use_theme_fonts=&#8221;yes&#8221; icon=&#8221;fa fa-check&#8221; el_class=&#8221;despre-noi-bullet&#8221;][\/vc_column_inner][\/vc_row_inner][vc_separator color=&#8221;custom&#8221; accent_color=&#8221;#dfdfdf&#8221;][vc_row_inner][vc_column_inner width=&#8221;1\/2&#8243;][vc_custom_heading text=&#8221;On met \u00e0 disposition des services personnalis\u00e9s, compl\u00e8tes et complexes. On optimise les co\u00fbts en proposant des solutions novatrices.&#8221; font_container=&#8221;tag:p|text_align:left|color:%23898989&#8243; use_theme_fonts=&#8221;yes&#8221; icon=&#8221;fa fa-check&#8221; el_class=&#8221;despre-noi-bullet&#8221;][\/vc_column_inner][vc_column_inner width=&#8221;1\/2&#8243;][vc_custom_heading text=&#8221;On externalise des services chez ton bureau et on r\u00e9organise les services comptables.&#8221; font_container=&#8221;tag:p|text_align:left|color:%23898989&#8243; use_theme_fonts=&#8221;yes&#8221; icon=&#8221;fa fa-check&#8221; el_class=&#8221;despre-noi-bullet&#8221;][\/vc_column_inner][\/vc_row_inner][vc_separator color=&#8221;custom&#8221; accent_color=&#8221;#dfdfdf&#8221;][vc_row_inner][vc_column_inner width=&#8221;1\/2&#8243;][vc_custom_heading text=&#8221;On propose des mesures pour l\u2019efficacit\u00e9 de l\u2019activit\u00e9 comptable.&#8221; font_container=&#8221;tag:p|text_align:left|color:%23898989&#8243; use_theme_fonts=&#8221;yes&#8221; icon=&#8221;fa fa-check&#8221; el_class=&#8221;despre-noi-bullet&#8221;][\/vc_column_inner][vc_column_inner width=&#8221;1\/2&#8243;][vc_custom_heading text=&#8221;On utilise des programmes sp\u00e9cifiques, comme WinMentor, Pioneer et Saga.&#8221; font_container=&#8221;tag:p|text_align:left|color:%23898989&#8243; use_theme_fonts=&#8221;yes&#8221; icon=&#8221;fa fa-check&#8221; el_class=&#8221;despre-noi-bullet&#8221;][\/vc_column_inner][\/vc_row_inner][vc_separator color=&#8221;custom&#8221; accent_color=&#8221;#dfdfdf&#8221;][vc_custom_heading text=&#8221;Services principaux&#8221; font_container=&#8221;tag:h3|text_align:left|color:%23f15a22&#8243; use_theme_fonts=&#8221;yes&#8221; el_class=&#8221;despre-noi-motive despre-noi-principale-serv&#8221;][vc_row_inner][vc_column_inner width=&#8221;1\/2&#8243;][vc_single_image image=&#8221;3990&#8243; img_size=&#8221;full&#8221; el_class=&#8221;despre-noi-poza&#8221;][vc_custom_heading text=&#8221;SERVICES DE COMPTABILIT\u00c9&#8221; font_container=&#8221;tag:h4|text_align:left|color:%23f15a23&#8243; use_theme_fonts=&#8221;yes&#8221; el_class=&#8221;despre-noi-servicii-principale&#8221;][vc_column_text el_class=&#8221;despre-noi-servicii-principale-text&#8221;]Une claire image sur la situation comptable te donne du confort et des opportunit\u00e9s de faire des bons investissements.<\/p>\n<p>Nous sommes l\u2019\u00e9quipe que tu as besoin, n\u2019importe le moment, le secteur d\u2019activit\u00e9, l\u2019anciennet\u00e9 de ton entreprise ou le num\u00e9ro de tes employ\u00e9s. Venez nous conna\u00eetre![\/vc_column_text][\/vc_column_inner][vc_column_inner width=&#8221;1\/2&#8243;][vc_single_image image=&#8221;3991&#8243; img_size=&#8221;full&#8221; el_class=&#8221;despre-noi-poza&#8221;][vc_custom_heading text=&#8221;GESTION DU PERSONNEL ET DE LA PAIE&#8221; font_container=&#8221;tag:h4|text_align:left|color:%23f15a23&#8243; use_theme_fonts=&#8221;yes&#8221; el_class=&#8221;despre-noi-servicii-principale&#8221;][vc_column_text el_class=&#8221;despre-noi-servicii-principale-text&#8221;]Le personnel d\u2019une entreprise implique des situations difficiles et des processus complexes, \u00e9galement. Pas encore un probl\u00e8me si on s\u2019occupe! Tu sauves d\u2019argent et du temps pour te concentrer mieux sur le d\u00e9veloppement de l\u2019affaire et du capital. Dans le m\u00eame temps tu as une situation claire des employ\u00e9s.[\/vc_column_text][\/vc_column_inner][\/vc_row_inner][vc_row_inner][vc_column_inner width=&#8221;1\/2&#8243;][vc_single_image image=&#8221;3989&#8243; img_size=&#8221;full&#8221; el_class=&#8221;despre-noi-poza&#8221;][vc_custom_heading text=&#8221;SERVICES DE CONSEIL&#8221; font_container=&#8221;tag:h4|text_align:left|color:%23f15a23&#8243; use_theme_fonts=&#8221;yes&#8221; el_class=&#8221;despre-noi-servicii-principale&#8221;][vc_column_text el_class=&#8221;despre-noi-servicii-principale-text&#8221;]C\u2019est essentiel d\u2019avoir un plan d\u2019action certain et de bien savoir comment tu peux augmenter ton chiffre d\u2019affaire. Le conseil fiscal, juridique et aussi sur les ressources humaines signifie la compr\u00e9hension du cadre l\u00e9gislatif et le guidage responsable pour nos clients.[\/vc_column_text][\/vc_column_inner][vc_column_inner width=&#8221;1\/2&#8243;][vc_single_image image=&#8221;3988&#8243; img_size=&#8221;full&#8221; el_class=&#8221;despre-noi-poza&#8221;][vc_custom_heading text=&#8221;SERVICES JURIDIQUES&#8221; font_container=&#8221;tag:h4|text_align:left|color:%23f15a23&#8243; use_theme_fonts=&#8221;yes&#8221; el_class=&#8221;despre-noi-servicii-principale&#8221;][vc_column_text el_class=&#8221;despre-noi-servicii-principale-text&#8221;]Sauves du temps, d\u2019\u00e9nergie et d\u2019argent! D\u00e8s le d\u00e9but tu as un sp\u00e9cialiste d\u00e9di\u00e9 \u00e0 ta soci\u00e9t\u00e9. Chez nous l\u2019offre est optimis\u00e9e et avantageuse : on va cr\u00e9er\/ modifier l\u2019entreprise, mettre \u00e0 ta disposition des services du conseil et on s\u2019occupe \u00e9galement de la proc\u00e9dure de radiation.[\/vc_column_text][\/vc_column_inner][\/vc_row_inner][vc_custom_heading text=&#8221;Certificats&#8221; font_container=&#8221;tag:h3|text_align:left|color:%23f15a22&#8243; use_theme_fonts=&#8221;yes&#8221;][vc_row_inner][vc_column_inner width=&#8221;1\/2&#8243;][bears_block class=&#8221;certificari-block-despre-noi&#8221; element_id=&#8221;1489589256012-3a98ca73-1fd0&#8243; template=&#8221;eyJ0ZW1wbGF0ZSI6ImJlYXJzX2Jsb2NrLS1zZXJ2aWNlLWJveC5waHAiLCJzdHlsZSI6InN0eWxlMyIsImljb25fZm9udF9jbGFzcyI6IiIsImltYWdlX2ljb24iOiJodHRwOi8vZXhwZXJ0bWluZC5yby93cC1jb250ZW50L3VwbG9hZHMvMjAxNy8wMi9sb2dvLWNlY2Nhci5wbmciLCJ0aXRsZSI6IkNFQ0NBUiAtIGxlIENvcnBzIGRlcyBFeHBlcnRzIENvbXB0YWJsZXMgZXQgQ29tcHRhYmxlcyBBdXRvcmlzw6lzIGRlIGxhIFJvdW1hbmllIiwiY29udGVudCI6IiIsIm9yZGVyX251bWJlciI6IiIsImV4dHJhX2xpbmsiOiIifQ==&#8221;][\/vc_column_inner][vc_column_inner width=&#8221;1\/2&#8243;][bears_block class=&#8221;certificari-block-despre-noi&#8221; element_id=&#8221;1489589712744-1496bd51-3f53&#8243; template=&#8221;eyJ0ZW1wbGF0ZSI6ImJlYXJzX2Jsb2NrLS1zZXJ2aWNlLWJveC5waHAiLCJzdHlsZSI6InN0eWxlMyIsImljb25fZm9udF9jbGFzcyI6IiIsImltYWdlX2ljb24iOiJodHRwOi8vZXhwZXJ0bWluZC5yby93cC1jb250ZW50L3VwbG9hZHMvMjAxNy8wMi9sb2dvLWNqLnBuZyIsInRpdGxlIjoiTOKAmU9yZHJlIGRlcyBDb25zZWlsbGVycyBKdXJpZGlxdWVzIGVuIFJvdW1hbmllIiwiY29udGVudCI6IiIsIm9yZGVyX251bWJlciI6IiIsImV4dHJhX2xpbmsiOiIifQ==&#8221;][\/vc_column_inner][\/vc_row_inner][vc_row_inner][vc_column_inner width=&#8221;1\/2&#8243;][bears_block class=&#8221;certificari-block-despre-noi&#8221; element_id=&#8221;1489589787136-3de7d5ea-3262&#8243; template=&#8221;eyJ0ZW1wbGF0ZSI6ImJlYXJzX2Jsb2NrLS1zZXJ2aWNlLWJveC5waHAiLCJzdHlsZSI6InN0eWxlMyIsImljb25fZm9udF9jbGFzcyI6IiIsImltYWdlX2ljb24iOiJodHRwOi8vZXhwZXJ0bWluZC5yby93cC1jb250ZW50L3VwbG9hZHMvMjAxNy8wMi9sb2dvLWFuZXZhci5wbmciLCJ0aXRsZSI6IkFORVZBUiAtIGzigJlBc3NvY2lhdGlvbiBOYXRpb25hbGUgYXV4IMOJdmFsdWF0ZXVycyBkZSBsYSBSb3VtYW5pZSIsImNvbnRlbnQiOiIiLCJvcmRlcl9udW1iZXIiOiIiLCJleHRyYV9saW5rIjoiIn0=&#8221;][\/vc_column_inner][vc_column_inner width=&#8221;1\/2&#8243;][bears_block class=&#8221;certificari-block-despre-noi&#8221; element_id=&#8221;1489589787490-377cb547-52a9&#8243; template=&#8221;eyJ0ZW1wbGF0ZSI6ImJlYXJzX2Jsb2NrLS1zZXJ2aWNlLWJveC5waHAiLCJzdHlsZSI6InN0eWxlMyIsImljb25fZm9udF9jbGFzcyI6IiIsImltYWdlX2ljb24iOiJodHRwOi8vZXhwZXJ0bWluZC5yby93cC1jb250ZW50L3VwbG9hZHMvMjAxNy8wMi9sb2dvLWNhZnIucG5nIiwidGl0bGUiOiJDaGFtYnJlIGTigJlBdWRpdGV1cnMgRmluYW5jaWVycyBkZSBsYSBSb3VtYW5pZSIsImNvbnRlbnQiOiIiLCJvcmRlcl9udW1iZXIiOiIiLCJleHRyYV9saW5rIjoiIn0=&#8221;][\/vc_column_inner][\/vc_row_inner][\/vc_column][\/vc_row][vc_row content_placement=&#8221;top&#8221; el_class=&#8221;banda-gri-despre-noi&#8221; css=&#8221;.vc_custom_1489596747512{background-color: #7f9296 !important;}&#8221;][vc_column width=&#8221;1\/6&#8243; el_class=&#8221;box-banda-despre-noi&#8221;][vc_custom_heading text=&#8221;Premi\u00e8re place &#8221; font_container=&#8221;tag:h1|text_align:center|color:%23ffffff&#8221; use_theme_fonts=&#8221;yes&#8221;][vc_column_text]<\/p>\n<h5 style=\"text-align: center;\"><span style=\"color: #ffffff;\">dans le Top des Entreprises de Iassy<\/span><\/h5>\n<h5 style=\"text-align: center;\"><span style=\"color: #ffffff;\">din Iasi<\/span><\/h5>\n<p>[\/vc_column_text][\/vc_column][vc_column width=&#8221;1\/6&#8243; el_class=&#8221;box-banda-despre-noi&#8221;][vc_custom_heading text=&#8221;+11&#8243; font_container=&#8221;tag:h1|text_align:center|color:%23ffffff&#8221; use_theme_fonts=&#8221;yes&#8221;][vc_column_text]<\/p>\n<h5 style=\"text-align: center;\"><span style=\"color: #ffffff;\">ans d\u2019exp\u00e9rience<\/span><\/h5>\n<p>[\/vc_column_text][\/vc_column][vc_column width=&#8221;1\/6&#8243; el_class=&#8221;box-banda-despre-noi&#8221;][vc_custom_heading text=&#8221;250+&#8221; font_container=&#8221;tag:h1|text_align:center|color:%23ffffff&#8221; use_theme_fonts=&#8221;yes&#8221;][vc_column_text]<\/p>\n<h5 style=\"text-align: center;\"><span style=\"color: #ffffff;\">Ch\u00e8ques finalis\u00e9s avec succ\u00e8s<\/span><\/h5>\n<p>[\/vc_column_text][\/vc_column][vc_column width=&#8221;1\/6&#8243; el_class=&#8221;box-banda-despre-noi&#8221;][vc_custom_heading text=&#8221;1000+&#8221; font_container=&#8221;tag:h1|text_align:center|color:%23ffffff&#8221; use_theme_fonts=&#8221;yes&#8221;][vc_column_text]<\/p>\n<h5 style=\"text-align: center;\"><span style=\"color: #ffffff;\">Clients satisfaits<\/span><\/h5>\n<p>[\/vc_column_text][\/vc_column][vc_column width=&#8221;1\/6&#8243; el_class=&#8221;box-banda-despre-noi&#8221;][vc_custom_heading text=&#8221;60+&#8221; font_container=&#8221;tag:h1|text_align:center|color:%23ffffff&#8221; use_theme_fonts=&#8221;yes&#8221;][vc_column_text]<\/p>\n<h5 style=\"text-align: center;\"><span style=\"color: #ffffff;\">Professionnels consacr\u00e9s dans le domaine<\/span><\/h5>\n<p>[\/vc_column_text][\/vc_column][vc_column width=&#8221;1\/6&#8243; el_class=&#8221;box-banda-despre-noi&#8221;][vc_custom_heading text=&#8221;150+&#8221; font_container=&#8221;tag:h1|text_align:center|color:%23ffffff&#8221; use_theme_fonts=&#8221;yes&#8221;][vc_column_text]<\/p>\n<h5 style=\"text-align: center;\"><span style=\"color: #ffffff;\">Domaines d\u2019activit\u00e9 g\u00e9r\u00e9s<\/span><\/h5>\n<p>[\/vc_column_text][\/vc_column][\/vc_row]<\/p>","protected":false},"excerpt":{"rendered":"<p>[vc_row css=&#8221;.vc_custom_1489765450561{background-image: url(http:\/\/www.expertmind.ro\/wp-content\/uploads\/2017\/02\/despre-noi.png?id=3916) !important;background-position: center !important;background-repeat: no-repeat !important;background-size: cover !important;}&#8221; el_class=&#8221;servicii-top-banner&#8221;][vc_column width=&#8221;2\/3&#8243; el_class=&#8221;servicii-top-banner-title&#8221;][vc_custom_heading text=&#8221;Nous apportons une valeur ajout\u00e9e \u00e0 votre entreprise!&#8221; font_container=&#8221;tag:h2|text_align:left|color:%23f15a23&#8243; use_theme_fonts=&#8221;yes&#8221;][\/vc_column][vc_column width=&#8221;1\/3&#8243;][\/vc_column][\/vc_row][vc_row el_class=&#8221;servicii-top-banner-page-info&#8221;][vc_column][vc_row_inner css=&#8221;.vc_custom_1484568530917{background-color: #7f9296 !important;background-position: center !important;background-repeat: no-repeat !important;background-size: cover !important;}&#8221; el_class=&#8221;servicii-top-banner-fasie-gri&#8221;][vc_column_inner el_class=&#8221;servicii-top-banner-page-title&#8221; width=&#8221;1\/2&#8243;][vc_custom_heading text=&#8221;SUR NOUS&#8221; font_container=&#8221;tag:h3|text_align:left|color:%23ffffff&#8221; use_theme_fonts=&#8221;yes&#8221;][\/vc_column_inner][vc_column_inner el_class=&#8221;servicii-top-banner-page-breadcrumb&#8221; width=&#8221;1\/2&#8243;][\/vc_column_inner][\/vc_row_inner][\/vc_column][\/vc_row][vc_row el_class=&#8221;servicii-sectiunea-1&#8243;][vc_column width=&#8221;1\/3&#8243; css=&#8221;.vc_custom_1484142666877{background-position: center !important;background-repeat: no-repeat !important;background-size: cover !important;}&#8221; el_class=&#8221;servicii-sectiunea-1-1&#8243;][vc_row_inner el_class=&#8221;servicii-custom-menu&#8221;][vc_column_inner css=&#8221;.vc_custom_1484139076748{background-color: [&hellip;]<\/p>\n","protected":false},"author":1,"featured_media":0,"parent":1962,"menu_order":0,"comment_status":"closed","ping_status":"closed","template":"","meta":[],"_links":{"self":[{"href":"https:\/\/www.expertmind.ro\/fr\/wp-json\/wp\/v2\/pages\/2583"}],"collection":[{"href":"https:\/\/www.expertmind.ro\/fr\/wp-json\/wp\/v2\/pages"}],"about":[{"href":"https:\/\/www.expertmind.ro\/fr\/wp-json\/wp\/v2\/types\/page"}],"author":[{"embeddable":true,"href":"https:\/\/www.expertmind.ro\/fr\/wp-json\/wp\/v2\/users\/1"}],"replies":[{"embeddable":true,"href":"https:\/\/www.expertmind.ro\/fr\/wp-json\/wp\/v2\/comments?post=2583"}],"version-history":[{"count":232,"href":"https:\/\/www.expertmind.ro\/fr\/wp-json\/wp\/v2\/pages\/2583\/revisions"}],"predecessor-version":[{"id":17541,"href":"https:\/\/www.expertmind.ro\/fr\/wp-json\/wp\/v2\/pages\/2583\/revisions\/17541"}],"up":[{"embeddable":true,"href":"https:\/\/www.expertmind.ro\/fr\/wp-json\/wp\/v2\/pages\/1962"}],"wp:attachment":[{"href":"https:\/\/www.expertmind.ro\/fr\/wp-json\/wp\/v2\/media?parent=2583"}],"curies":[{"name":"wp","href":"https:\/\/api.w.org\/{rel}","templated":true}]}}