{"id":2750,"date":"2017-02-08T11:21:25","date_gmt":"2017-02-08T11:21:25","guid":{"rendered":"http:\/\/www.expertmind.ro\/?page_id=2750"},"modified":"2025-11-14T16:48:53","modified_gmt":"2025-11-14T14:48:53","slug":"recuperare-creante","status":"publish","type":"page","link":"https:\/\/www.expertmind.ro\/fr\/services\/services-juridiques\/recouvrement-des-creances\/","title":{"rendered":"Recouvrement des cr\u00e9ances"},"content":{"rendered":"<p>[vc_row css=&#8221;.vc_custom_1489768624208{background-image: url(http:\/\/www.expertmind.ro\/wp-content\/uploads\/2017\/02\/servicii-juridice.png?id=3932) !important;background-position: center !important;background-repeat: no-repeat !important;background-size: cover !important;}&#8221; el_class=&#8221;servicii-top-banner&#8221;][vc_column width=&#8221;2\/3&#8243; el_class=&#8221;servicii-top-banner-title&#8221;][vc_custom_heading text=&#8221;Nous vous assurons la confiance et la<br \/>\ncertitude d\u2019un travail bien r\u00e9alis\u00e9.&#8221; font_container=&#8221;tag:h2|text_align:left|color:%23f15a23&#8243; use_theme_fonts=&#8221;yes&#8221;][\/vc_column][vc_column width=&#8221;1\/3&#8243;][\/vc_column][\/vc_row][vc_row el_class=&#8221;servicii-top-banner-page-info&#8221;][vc_column][vc_row_inner css=&#8221;.vc_custom_1484568530917{background-color: #7f9296 !important;background-position: center !important;background-repeat: no-repeat !important;background-size: cover !important;}&#8221; el_class=&#8221;servicii-top-banner-fasie-gri&#8221;][vc_column_inner el_class=&#8221;servicii-top-banner-page-title&#8221; width=&#8221;1\/2&#8243;][vc_custom_heading text=&#8221;RECOUVREMENT DES CR\u00c9ANCES&#8221; font_container=&#8221;tag:h3|text_align:left|color:%23ffffff&#8221; use_theme_fonts=&#8221;yes&#8221;][\/vc_column_inner][vc_column_inner el_class=&#8221;servicii-top-banner-page-breadcrumb&#8221; width=&#8221;1\/2&#8243;][\/vc_column_inner][\/vc_row_inner][\/vc_column][\/vc_row][vc_row el_class=&#8221;servicii-sectiunea-1&#8243;][vc_column width=&#8221;1\/3&#8243; css=&#8221;.vc_custom_1484142666877{background-position: center !important;background-repeat: no-repeat !important;background-size: cover !important;}&#8221; el_class=&#8221;servicii-sectiunea-1-1&#8243;][vc_row_inner el_class=&#8221;servicii-custom-menu&#8221;][vc_column_inner css=&#8221;.vc_custom_1484139076748{background-color: #53575a !important;background-position: center !important;background-repeat: no-repeat !important;background-size: cover !important;}&#8221;][vc_wp_custommenu nav_menu=&#8221;50&#8243;][\/vc_column_inner][\/vc_row_inner][vc_row_inner css=&#8221;.vc_custom_1484142706750{background-position: center !important;background-repeat: no-repeat !important;background-size: cover !important;}&#8221; el_class=&#8221;servicii-key-person-titlu&#8221;][vc_column_inner css=&#8221;.vc_custom_1484139034841{background-color: #7f9296 !important;background-position: center !important;background-repeat: no-repeat !important;background-size: cover !important;}&#8221;][vc_custom_heading text=&#8221; SP\u00c9CIALISTE&#8221; font_container=&#8221;tag:h4|text_align:left&#8221; use_theme_fonts=&#8221;yes&#8221; css=&#8221;.vc_custom_1499428556207{background-color: #7f9296 !important;background-position: center !important;background-repeat: no-repeat !important;background-size: cover !important;}&#8221;][\/vc_column_inner][\/vc_row_inner][vc_row_inner css=&#8221;.vc_custom_1484142722365{background-color: #7f9296 !important;background-position: center !important;background-repeat: no-repeat !important;background-size: cover !important;}&#8221; el_class=&#8221;servicii-key-person&#8221;][vc_column_inner el_class=&#8221;servicii-key-person-image&#8221; width=&#8221;1\/2&#8243;][vc_single_image image=&#8221;3210&#8243; img_size=&#8221;full&#8221;][\/vc_column_inner][vc_column_inner el_class=&#8221;servicii-key-person-content&#8221; width=&#8221;1\/2&#8243;][vc_custom_heading text=&#8221;Iulia Hauca &#8221; font_container=&#8221;tag:h5|text_align:left|color:%23ffffff&#8221; use_theme_fonts=&#8221;yes&#8221; el_class=&#8221;key-person-name&#8221;][vc_column_text el_class=&#8221;servicii-key-person-text&#8221;]<\/p>\n<div style=\"color: #ffffff;\">\n<p>Avocat<\/p>\n<p>iulia.hauca@expertmind.ro<br \/>\n0753.028.301<br \/>\n0374.490.137 &#8211; interior 2<\/p>\n<\/div>\n<p>[\/vc_column_text][vc_custom_heading text=&#8221;&gt; Lire la suite&#8221; font_container=&#8221;tag:h5|text_align:left|color:%23ffffff&#8221; use_theme_fonts=&#8221;yes&#8221; el_class=&#8221;key-person-afla-mai-multe&#8221; link=&#8221;url:http%3A%2F%2Fwww.expertmind.ro%2Fteam%2Fiulia-hauca%2F|||&#8221;][\/vc_column_inner][\/vc_row_inner][vc_column_text css=&#8221;.vc_custom_1499674716278{background-color: #f15a22 !important;background-position: center !important;background-repeat: no-repeat !important;background-size: cover !important;}&#8221; el_class=&#8221;servicii-buton-solicita&#8221;]<\/p>\n<div><img loading=\"lazy\" class=\"alignnone size-full wp-image-2323\" src=\"http:\/\/www.expertmind.ro\/wp-content\/uploads\/2017\/02\/icon-contacteaza.png\" alt=\"\" width=\"48\" height=\"56\" \/><\/div>\n<div>\n<h4 style=\"color: #ffffff;\"><a href=\"http:\/\/www.expertmind.ro\/contact\/\">ON EST PRETS, ON VA TRAVAILLER ESEMBLE!<\/a><\/h4>\n<\/div>\n<p>[\/vc_column_text][vc_empty_space height=&#8221;10px&#8221;][\/vc_column][vc_column width=&#8221;2\/3&#8243; el_class=&#8221;servicii-sectiunea-1-2&#8243;][vc_row_inner el_class=&#8221;servicii-sectiunea-1-2-titlu&#8221;][vc_column_inner][vc_custom_heading text=&#8221;Recouvrement des cr\u00e9ances&#8221; font_container=&#8221;tag:h1|text_align:left|color:%23f15a22&#8243; use_theme_fonts=&#8221;yes&#8221; el_class=&#8221;servicii-sectiunea-1-2-titlu&#8221;][vc_column_text el_class=&#8221;servicii-sectiunea-1-2-text&#8221;]<\/p>\n<h4>As-tu un contrat qui n\u2019a pas \u00e9t\u00e9 respect\u00e9 ou des factures exigibles ? La collaboration avec nous peut \u00eatre ta solution! Avec le service de recouvrement des cr\u00e9ances tu peux \u00eatre s\u00fbr que tu auras ton argent avec les dettes impay\u00e9es, tes int\u00e9r\u00eats, les majorations et les p\u00e9nalit\u00e9s aff\u00e9rentes.<\/h4>\n<p>[\/vc_column_text][vc_separator color=&#8221;custom&#8221; el_class=&#8221;servicii-sectiunea-1-2-liniuta&#8221; accent_color=&#8221;#313131&#8243;][\/vc_column_inner][\/vc_row_inner][vc_row_inner el_class=&#8221;servicii-1-2-content&#8221;][vc_column_inner el_class=&#8221;servicii-1-2-content-1&#8243; width=&#8221;1\/2&#8243;][vc_column_text]De notre exp\u00e9rience dans le domaine, le meilleur conseil est de ne pas laisser ton argent bloqu\u00e9. Contactez EXPERT MINDavec toute la confidence pour <strong>le recouvrement des dettes impay\u00e9es et des cr\u00e9ances!<\/strong><\/p>\n<p>On ne pas per\u00e7oit aucun honoraire pour le recouvrement, mais juste une taxe de 300 RON +TVA pour l\u2019analyse du dossier.<strong>L\u2019honoraire du succ\u00e8s<\/strong>, constitue un pourcentage de la valeur de la cr\u00e9ance et est encaiss\u00e9 seulement dans le cas du bon r\u00e9sultat, apr\u00e8s le recouvrement int\u00e9gral. [\/vc_column_text][\/vc_column_inner][vc_column_inner el_class=&#8221;servicii-1-2-content-1&#8243; width=&#8221;1\/2&#8243;][vc_column_text]La prudence dans les affaires est essentielle, donc, dans l\u2019id\u00e9e d\u2019entamer un partenariat avec nous, on peut stipuler par contrats de collaboration avec tes futurs partenaires d\u2019affaire, une clause selon laquelle ils seront oblig\u00e9s d\u2019acquitter l\u2019honoraire de recouvrement des cr\u00e9ances en cas de non-respect du contrat.<\/p>\n<p>De cette mani\u00e8re, nos services sont acquitt\u00e9s directement par le d\u00e9biteur, sans aucune r\u00e9duction de votre somme \u00e0 r\u00e9cup\u00e9rer.[\/vc_column_text][\/vc_column_inner][vc_column_inner][vc_separator color=&#8221;custom&#8221; accent_color=&#8221;#313131&#8243; el_class=&#8221;servicii-sectiunea-1-2-liniuta&#8221;][vc_custom_heading text=&#8221;CALCULATRICE RECOUVREMENT DES CR\u00c9ANCES&#8221; font_container=&#8221;tag:h4|text_align:left|color:%23f15a22&#8243; use_theme_fonts=&#8221;yes&#8221; el_class=&#8221;servicii-sectiunea-1-2-titlu&#8221;][\/vc_column_inner][\/vc_row_inner][vc_row_inner][vc_column_inner][vc_wp_text]<\/p>\n<div class=\"calculator-wrapper\">\n<div class=\"calculator-title\"><\/div>\n<div>Afin de calculer l\u2019honoraire du succ\u00e8s, vous pouvez utiliser <strong>le calculateur aff\u00e8rent au recouvrement des cr\u00e9ances,<\/strong>tout simplement : compl\u00e9tez-vous le montant d\u00fb et la p\u00e9riode d\u2019\u00e9ch\u00e9ance.<\/div>\n<p>&nbsp;<\/p>\n<div class=\"calculator-optiuni\">\n<div class=\"introdu-valoarea\">\n<p>Creanta\/Debit (lei):<\/p>\n<p><input id=\"valoare-creanta\" name=\"valoare-creanta\" type=\"number\" placeholder=\"0 lei\" \/><\/p>\n<\/div>\n<div class=\"selecteaza-numar-zile\">\n<p>Scadenta:<\/p>\n<p><select id=\"selecteaza-optiune\" name=\"selector\"><option disabled=\"disabled\" selected=\"selected\" value=\"\">Selecteaza<\/option><option value=\"3\">1-50 zile<\/option><option value=\"5\">51-90 zile<\/option><option value=\"7\">91-200 zile<\/option><option value=\"10\">201-365 zile<\/option><option value=\"12\">12-20 luni<\/option><option value=\"15\">20-30 luni<\/option><option value=\"20\">30-36 luni<\/option><option value=\"20\">Pentru debitele recuperate de la firmele aflate in insolventa (faliment)<\/option><option value=\"20\">Pentru recuperarea taxei auto (timbru de mediu, taxa de prima inmatriculare, taxa de poluare)<\/option><option value=\"30\">Pentru penalitatile efectiv incasate<\/option><\/select><\/p>\n<\/div>\n<div class=\"calculeaza\">\n<p><button class=\"calculeaza-buton\">Calculeaza<\/button><\/p>\n<\/div>\n<div class=\"rezultat rezultat-creante\"><\/div>\n<\/div>\n<\/div>\n<p>[\/vc_wp_text][\/vc_column_inner][\/vc_row_inner][vc_row_inner el_class=&#8221;servicii-1-2-content&#8221;][vc_column_inner][vc_column_text]Selon la loi roumaine, si le d\u00e9biteur ne paye pas sa dette \u00e0 la date d\u2019\u00e9ch\u00e9ance, son cr\u00e9diteur peut initier une proc\u00e9dure devant le tribunal pour <strong>le recouvrement de sa cr\u00e9ance<\/strong>, dans un d\u00e9lai de prescription de trois ans.<\/p>\n<p>Le cr\u00e9diteur peut lancer les proc\u00e9dures suivantes\u00a0:<\/p>\n<ul>\n<li>La proc\u00e9dure pr\u00e9vue du droit commun<\/li>\n<li>Des proc\u00e9dures urgentes\u00a0: l\u2019Injonction de payer (O.G. n\u00b0 5\/2001) et l\u2019Ordonnance de paiement (O.U.G. n\u00b0 119\/2007)<\/li>\n<li>La proc\u00e9dure d\u2019insolvabilit\u00e9 (Loi n\u00b0 85\/2006)<\/li>\n<\/ul>\n<p>[\/vc_column_text][vc_separator color=&#8221;custom&#8221; accent_color=&#8221;#313131&#8243; el_class=&#8221;servicii-sectiunea-1-2-liniuta&#8221;][\/vc_column_inner][\/vc_row_inner][vc_row_inner el_class=&#8221;servicii-1-2-content rec-creante-sectiune&#8221;][vc_column_inner width=&#8221;1\/2&#8243;][vc_custom_heading text=&#8221;TARIFS&#8221; font_container=&#8221;tag:h4|text_align:left|color:%23f15a22&#8243; use_theme_fonts=&#8221;yes&#8221; el_class=&#8221;servicii-sectiunea-1-2-titlu&#8221;][vc_column_text]<\/p>\n<ul>\n<li>Droit de timbre, timbre justice et \u00e9laboration des documents pour les injonctions de payer = 180 RON<\/li>\n<li>Droit de timbre, timbre justice et \u00e9laboration des documents pour les entreprises en faillite \/ dissolution =300 RON<\/li>\n<li>\u00c0 la fin, la seule commission &#8211; du succ\u00e8s &#8211; de la valeur r\u00e9cup\u00e9r\u00e9. Pour le calcul, utilisez la calculatrice ci-dessus, en ajoutant la somme \u00e0 recouvrer et la date d\u2019\u00e9ch\u00e9ance.<\/li>\n<\/ul>\n<p>[\/vc_column_text][\/vc_column_inner][vc_column_inner width=&#8221;1\/2&#8243;][vc_custom_heading text=&#8221;SERVICES&#8221; font_container=&#8221;tag:h4|text_align:left|color:%23f15a22&#8243; use_theme_fonts=&#8221;yes&#8221; el_class=&#8221;servicii-sectiunea-1-2-titlu&#8221;][vc_column_text]<\/p>\n<ul>\n<li>Conseil juridique concernant la meilleure fa\u00e7on \u00e0 r\u00e9cup\u00e9rer les cr\u00e9ances, l\u2019analyse de la cr\u00e9ance, l\u2019\u00e9valuation des chances de recouvrement, la strat\u00e9gie d\u2019approche, l\u2019\u00e9valuation des co\u00fbts<\/li>\n<li>Assistance juridique de sp\u00e9cialit\u00e9 en ce qui concerne l\u2019\u00e9laboration des documents : des avis, des documents sp\u00e9cifiques aux \u00e9chelonnements de dettes, des assignations \u00e0 compara\u00eetre au tribunal<\/li>\n<li>Repr\u00e9sentation en justice et aussi dans le moment de l\u2019ex\u00e9cution forc\u00e9e<\/li>\n<\/ul>\n<p>[\/vc_column_text][\/vc_column_inner][\/vc_row_inner][vc_row_inner el_class=&#8221;servicii-1-2-content&#8221;][vc_column_inner][vc_separator color=&#8221;custom&#8221; accent_color=&#8221;#313131&#8243; el_class=&#8221;servicii-sectiunea-1-2-liniuta&#8221;][vc_column_text]En fonction des documents soumis, il est possible d\u2019\u00eatre sollicit\u00e9s des autres documents \u00e9crits ou des preuves pour r\u00e9soudre le cas.<\/p>\n<p>Apr\u00e8s l\u2019analyse des documents on va d\u00e9cider si l\u2019approche soit une proc\u00e9dure rapide de recouvrement des cr\u00e9ances \u2013 pour laquelle on va utiliser seulement des actes \u00e9crites (200 RON\/dossier le droit de timbre dans ce cas- l\u00e0) ou s\u2019il y a n\u00e9cessaire une assignation plus complexe \u2013 une action en revendication, la pr\u00e9paration des documents\/preuves pour le proc\u00e8s (le droit de timbre aura la valeur du d\u00e9bit).[\/vc_column_text][\/vc_column_inner][\/vc_row_inner][\/vc_column][\/vc_row]<\/p>","protected":false},"excerpt":{"rendered":"<p>[vc_row css=&#8221;.vc_custom_1489768624208{background-image: url(http:\/\/www.expertmind.ro\/wp-content\/uploads\/2017\/02\/servicii-juridice.png?id=3932) !important;background-position: center !important;background-repeat: no-repeat !important;background-size: cover !important;}&#8221; el_class=&#8221;servicii-top-banner&#8221;][vc_column width=&#8221;2\/3&#8243; el_class=&#8221;servicii-top-banner-title&#8221;][vc_custom_heading text=&#8221;Nous vous assurons la confiance et la certitude d\u2019un travail bien r\u00e9alis\u00e9.&#8221; font_container=&#8221;tag:h2|text_align:left|color:%23f15a23&#8243; use_theme_fonts=&#8221;yes&#8221;][\/vc_column][vc_column width=&#8221;1\/3&#8243;][\/vc_column][\/vc_row][vc_row el_class=&#8221;servicii-top-banner-page-info&#8221;][vc_column][vc_row_inner css=&#8221;.vc_custom_1484568530917{background-color: #7f9296 !important;background-position: center !important;background-repeat: no-repeat !important;background-size: cover !important;}&#8221; el_class=&#8221;servicii-top-banner-fasie-gri&#8221;][vc_column_inner el_class=&#8221;servicii-top-banner-page-title&#8221; width=&#8221;1\/2&#8243;][vc_custom_heading text=&#8221;RECOUVREMENT DES CR\u00c9ANCES&#8221; font_container=&#8221;tag:h3|text_align:left|color:%23ffffff&#8221; use_theme_fonts=&#8221;yes&#8221;][\/vc_column_inner][vc_column_inner el_class=&#8221;servicii-top-banner-page-breadcrumb&#8221; width=&#8221;1\/2&#8243;][\/vc_column_inner][\/vc_row_inner][\/vc_column][\/vc_row][vc_row el_class=&#8221;servicii-sectiunea-1&#8243;][vc_column width=&#8221;1\/3&#8243; css=&#8221;.vc_custom_1484142666877{background-position: center !important;background-repeat: no-repeat !important;background-size: [&hellip;]<\/p>\n","protected":false},"author":1,"featured_media":0,"parent":1990,"menu_order":1,"comment_status":"closed","ping_status":"closed","template":"","meta":[],"_links":{"self":[{"href":"https:\/\/www.expertmind.ro\/fr\/wp-json\/wp\/v2\/pages\/2750"}],"collection":[{"href":"https:\/\/www.expertmind.ro\/fr\/wp-json\/wp\/v2\/pages"}],"about":[{"href":"https:\/\/www.expertmind.ro\/fr\/wp-json\/wp\/v2\/types\/page"}],"author":[{"embeddable":true,"href":"https:\/\/www.expertmind.ro\/fr\/wp-json\/wp\/v2\/users\/1"}],"replies":[{"embeddable":true,"href":"https:\/\/www.expertmind.ro\/fr\/wp-json\/wp\/v2\/comments?post=2750"}],"version-history":[{"count":98,"href":"https:\/\/www.expertmind.ro\/fr\/wp-json\/wp\/v2\/pages\/2750\/revisions"}],"predecessor-version":[{"id":17534,"href":"https:\/\/www.expertmind.ro\/fr\/wp-json\/wp\/v2\/pages\/2750\/revisions\/17534"}],"up":[{"embeddable":true,"href":"https:\/\/www.expertmind.ro\/fr\/wp-json\/wp\/v2\/pages\/1990"}],"wp:attachment":[{"href":"https:\/\/www.expertmind.ro\/fr\/wp-json\/wp\/v2\/media?parent=2750"}],"curies":[{"name":"wp","href":"https:\/\/api.w.org\/{rel}","templated":true}]}}