{"id":2887,"date":"2017-02-24T10:28:53","date_gmt":"2017-02-24T10:28:53","guid":{"rendered":"http:\/\/www.expertmind.ro\/?page_id=2887"},"modified":"2021-08-25T15:53:55","modified_gmt":"2021-08-25T13:53:55","slug":"abonamente-hr","status":"publish","type":"page","link":"https:\/\/www.expertmind.ro\/fr\/honoraires\/abonnements-ressources-humaines\/","title":{"rendered":"Abonnements ressources humaines"},"content":{"rendered":"<p>[vc_row css=&#8221;.vc_custom_1489770360713{background-image: url(http:\/\/www.expertmind.ro\/wp-content\/uploads\/2017\/02\/abonamente-contabile.png?id=3959) !important;background-position: center !important;background-repeat: no-repeat !important;background-size: cover !important;}&#8221; el_class=&#8221;servicii-top-banner&#8221;][vc_column width=&#8221;2\/3&#8243; el_class=&#8221;servicii-top-banner-title&#8221;][vc_custom_heading text=&#8221;Nous avons les<br \/>\nmeilleurs services!&#8221; font_container=&#8221;tag:h2|text_align:left|color:%23f15a23&#8243; use_theme_fonts=&#8221;yes&#8221;][\/vc_column][vc_column width=&#8221;1\/3&#8243;][\/vc_column][\/vc_row][vc_row el_class=&#8221;servicii-top-banner-page-info&#8221;][vc_column][vc_row_inner css=&#8221;.vc_custom_1484568530917{background-color: #7f9296 !important;background-position: center !important;background-repeat: no-repeat !important;background-size: cover !important;}&#8221; el_class=&#8221;servicii-top-banner-fasie-gri&#8221;][vc_column_inner el_class=&#8221;servicii-top-banner-page-title&#8221; width=&#8221;1\/2&#8243;][vc_custom_heading text=&#8221;Abonnement ressources humaines (HR)&#8221; font_container=&#8221;tag:h3|text_align:left|color:%23ffffff&#8221; use_theme_fonts=&#8221;yes&#8221;][\/vc_column_inner][vc_column_inner el_class=&#8221;servicii-top-banner-page-breadcrumb&#8221; width=&#8221;1\/2&#8243;][\/vc_column_inner][\/vc_row_inner][\/vc_column][\/vc_row][vc_row el_class=&#8221;servicii-sectiunea-1&#8243;][vc_column width=&#8221;1\/3&#8243; css=&#8221;.vc_custom_1484142666877{background-position: center !important;background-repeat: no-repeat !important;background-size: cover !important;}&#8221; el_class=&#8221;servicii-sectiunea-1-1&#8243;][vc_row_inner el_class=&#8221;servicii-custom-menu&#8221;][vc_column_inner css=&#8221;.vc_custom_1484139076748{background-color: #53575a !important;background-position: center !important;background-repeat: no-repeat !important;background-size: cover !important;}&#8221;][vc_wp_custommenu nav_menu=&#8221;64&#8243;][\/vc_column_inner][\/vc_row_inner][vc_empty_space height=&#8221;10px&#8221;][vc_column_text css=&#8221;.vc_custom_1499668014745{background-color: #f15a22 !important;background-position: center !important;background-repeat: no-repeat !important;background-size: cover !important;}&#8221; el_class=&#8221;servicii-buton-solicita&#8221;]<\/p>\n<div><img loading=\"lazy\" class=\"alignnone size-full wp-image-2323\" src=\"http:\/\/www.expertmind.ro\/wp-content\/uploads\/2017\/02\/icon-contacteaza.png\" alt=\"\" width=\"48\" height=\"56\" \/><\/div>\n<div>\n<h4 style=\"color: #ffffff;\"><a href=\"http:\/\/www.expertmind.ro\/contact\/\">ON EST PRETS, ON VA TRAVAILLER ESEMBLE!<\/a><\/h4>\n<\/div>\n<p>[\/vc_column_text][vc_empty_space height=&#8221;10px&#8221;][vc_empty_space height=&#8221;10px&#8221;][\/vc_column][vc_column width=&#8221;2\/3&#8243; el_class=&#8221;servicii-sectiunea-1-2&#8243;][vc_row_inner el_class=&#8221;servicii-sectiunea-1-2-titlu&#8221;][vc_column_inner][vc_custom_heading text=&#8221;Abonnement ressources humaines (HR)&#8221; font_container=&#8221;tag:h1|text_align:left|color:%23f15a22&#8243; use_theme_fonts=&#8221;yes&#8221; el_class=&#8221;servicii-sectiunea-1-2-titlu&#8221;][\/vc_column_inner][\/vc_row_inner][vc_row_inner el_class=&#8221;servicii-1-2-content&#8221;][vc_column_inner el_class=&#8221;servicii-1-2-content-1&#8243;][vc_column_text]<\/p>\n<h4>Dans une soci\u00e9t\u00e9, le personnel implique des processus complexes.<br \/>\nLa gestion, la r\u00e9alisation des fiches de paie, les salaires, peut devenir des activit\u00e9s compliqu\u00e9es, encore plus difficile, surtout si le management est orient\u00e9 sur l\u2019\u2019\u00e9volution.<br \/>\nAfin de simplifier votre activit\u00e9 et d\u2019\u2019optimiser vos co\u00fbts, nous avons la meilleure option: L\u2019\u2019externalisation est la solution!<\/h4>\n<p>[\/vc_column_text][vc_separator color=&#8221;custom&#8221; accent_color=&#8221;#313131&#8243; el_class=&#8221;servicii-sectiunea-1-2-liniuta&#8221;][\/vc_column_inner][\/vc_row_inner][vc_row_inner el_class=&#8221;servicii-1-2-content&#8221;][vc_column_inner el_class=&#8221;servicii-1-2-content-1&#8243;][vc_wp_text]<\/p>\n<div class=\"calculator-wrapper\">\n<div class=\"calculator-title\">\n<h4>Vezi costurile orientative ale unui abonament<\/h4>\n<\/div>\n<div class=\"calculator-optiuni\">\n<div class=\"selecteaza-domeniu\">\n<h4>Domeniu de activitate<\/h4>\n<form id=\"selecteaza-domeniu\">\n<table>\n<tbody>\n<tr>\n<td height=\"70\"><input name=\"domeniu\" type=\"checkbox\" value=\"Constructii\" \/>Constructii<\/td>\n<td height=\"70\"><input name=\"domeniu\" type=\"checkbox\" value=\"Video\" \/>Video Chat<\/td>\n<\/tr>\n<tr>\n<td height=\"110\"><input name=\"domeniu\" type=\"checkbox\" value=\"Cafenele\/Restaurante\" \/>Cafenele\/Restaurante<\/td>\n<td height=\"110\"><input name=\"domeniu\" type=\"checkbox\" value=\"Transport\" \/>Transport<\/td>\n<\/tr>\n<tr>\n<td height=\"60\"><input name=\"domeniu\" type=\"checkbox\" value=\"IT\" \/>IT<\/td>\n<td height=\"60\"><input name=\"domeniu\" type=\"checkbox\" value=\"Alt\" \/>Alt domeniu<\/td>\n<\/tr>\n<\/tbody>\n<\/table>\n<\/form>\n<\/div>\n<div class=\"select\">\n<div class=\"selecteaza-numar-salariati\">\n<div class=\"salariati-box\">\n<h4>Servicii de gestiune a personalului si salarizare<\/h4>\n<div class=\"box-select\"><select id=\"selecteaza-optiune-salarizare\" name=\"selector\"><option value=\"0\">Selecteaza numarul de salariati<\/option><option value=\"75\">1-2 salariati<\/option><option value=\"125\">3-5 salariati<\/option><option value=\"175\">6-8 salariati<\/option><option value=\"225\">9-11 salariati<\/option><option value=\"275\">12-14 salariati<\/option><option value=\"325\">15-17 salariati<\/option><option value=\"375\">18-20 salariati<\/option><option value=\"425\">21-23 salariati<\/option><option value=\"475\">24-26 salariati<\/option><option value=\"525\">27-29 salariati<\/option><option value=\"575\">30-32 salariati<\/option><option value=\"625\">33-35 salariati<\/option><option value=\"675\">36-38 salariati<\/option><option value=\"725\">39-41 salariati<\/option><option value=\"775\">42-44 salariati<\/option><option value=\"825\">45-47 salariati<\/option><option value=\"875\">48-50 salariati<\/option><option value=\"925\">51-53 salariati<\/option><option value=\"975\">54-56 salariati<\/option><option value=\"1025\">57-59 salariati<\/option><option value=\"1075\">60-62 salariati<\/option><option value=\"1125\">63-65 salariati<\/option><option value=\"1175\">66-68 salariati<\/option><option value=\"1225\">69-71 salariati<\/option><option value=\"1275\">72-74 salariati<\/option><option value=\"1325\">75-77 salariati<\/option><option value=\"1375\">78-80 salariati<\/option><option value=\"1425\">81-83 salariati<\/option><option value=\"1475\">84-86 salariati<\/option><option value=\"1525\">87-89 salariati<\/option><option value=\"1575\">90-92 salariati<\/option><option value=\"1625\">93-95 salariati<\/option><option value=\"1675\">96-98 salariati<\/option><option value=\"1725\">99-101 salariati<\/option><\/select><\/div>\n<\/div>\n<\/div>\n<div class=\"selecteaza-numar-salariati\">\n<div class=\"adeverinta-box\">\n<h4>Servicii salarizare<\/h4>\n<div class=\"box-select\"><select id=\"selecteaza-optiune-adeverinte\" name=\"selector\"><option value=\"0\">Selecteaza numarul de salariati<\/option><option value=\"40\">1-2 salariati<\/option><option value=\"65\">3-5 salariati<\/option><option value=\"90\">6-8 salariati<\/option><option value=\"115\">9-11 salariati<\/option><option value=\"140\">12-14 salariati<\/option><option value=\"165\">15-17 salariati<\/option><option value=\"190\">18-20 salariati<\/option><option value=\"215\">21-23 salariati<\/option><option value=\"240\">24-26 salariati<\/option><option value=\"265\">27-29 salariati<\/option><option value=\"290\">30-32 salariati<\/option><option value=\"315\">33-35 salariati<\/option><option value=\"340\">36-38 salariati<\/option><option value=\"365\">39-41 salariati<\/option><option value=\"390\">42-44 salariati<\/option><option value=\"415\">45-47 salariati<\/option><option value=\"440\">48-50 salariati<\/option><option value=\"465\">51-53 salariati<\/option><option value=\"490\">54-56 salariati<\/option><option value=\"515\">57-59 salariati<\/option><option value=\"540\">60-62 salariati<\/option><option value=\"565\">63-65 salariati<\/option><option value=\"590\">66-68 salariati<\/option><option value=\"615\">69-71 salariati<\/option><option value=\"640\">72-74 salariati<\/option><option value=\"665\">75-77 salariati<\/option><option value=\"690\">78-80 salariati<\/option><option value=\"715\">81-83 salariati<\/option><option value=\"740\">84-86 salariati<\/option><option value=\"765\">87-89 salariati<\/option><option value=\"790\">90-92 salariati<\/option><option value=\"815\">93-95 salariati<\/option><option value=\"840\">96-98 salariati<\/option><option value=\"865\">99-101 salariati<\/option><\/select><\/div>\n<\/div>\n<\/div>\n<div class=\"selecteaza-numar-salariati\">\n<div class=\"adeverinta-box\">\n<h4>Servicii de gestiune personal<\/h4>\n<div class=\"box-select\"><select id=\"selecteaza-optiune-adeverinte-2\" name=\"selector\"><option value=\"0\">Selecteaza numarul de salariati<\/option><option value=\"40\">1-2 salariati<\/option><option value=\"65\">3-5 salariati<\/option><option value=\"90\">6-8 salariati<\/option><option value=\"115\">9-11 salariati<\/option><option value=\"140\">12-14 salariati<\/option><option value=\"165\">15-17 salariati<\/option><option value=\"190\">18-20 salariati<\/option><option value=\"215\">21-23 salariati<\/option><option value=\"240\">24-26 salariati<\/option><option value=\"265\">27-29 salariati<\/option><option value=\"290\">30-32 salariati<\/option><option value=\"315\">33-35 salariati<\/option><option value=\"340\">36-38 salariati<\/option><option value=\"365\">39-41 salariati<\/option><option value=\"390\">42-44 salariati<\/option><option value=\"415\">45-47 salariati<\/option><option value=\"440\">48-50 salariati<\/option><option value=\"465\">51-53 salariati<\/option><option value=\"490\">54-56 salariati<\/option><option value=\"515\">57-59 salariati<\/option><option value=\"540\">60-62 salariati<\/option><option value=\"565\">63-65 salariati<\/option><option value=\"590\">66-68 salariati<\/option><option value=\"615\">69-71 salariati<\/option><option value=\"640\">72-74 salariati<\/option><option value=\"665\">75-77 salariati<\/option><option value=\"690\">78-80 salariati<\/option><option value=\"715\">81-83 salariati<\/option><option value=\"740\">84-86 salariati<\/option><option value=\"765\">87-89 salariati<\/option><option value=\"790\">90-92 salariati<\/option><option value=\"815\">93-95 salariati<\/option><option value=\"840\">96-98 salariati<\/option><option value=\"865\">99-101 salariati<\/option><\/select><\/div>\n<\/div>\n<\/div>\n<\/div>\n<div class=\"rezultate-finale\">\n<div class=\"box-rezultate\">\n<h4>Servicii de gestiune a personalului si salarizare<\/h4>\n<div class=\"rezultat-salarizare\">0 lei<\/div>\n<\/div>\n<div class=\"box-rezultate\">\n<h4>Servicii salarizare<\/h4>\n<div class=\"rezultat-adeverinte\">0 lei<\/div>\n<\/div>\n<div class=\"box-rezultate\">\n<h4>Servicii de gestiune personal<\/h4>\n<div class=\"rezultat-adeverinte-2\">0 lei<\/div>\n<\/div>\n<div class=\"box-rezultate box-total\">\n<h4>Total<\/h4>\n<div class=\"rezultat\">0 lei<\/div>\n<\/div>\n<div class=\"completeaza-campurile\"><\/div>\n<\/div>\n<\/div>\n<\/div>\n<p>[\/vc_wp_text][vc_column_text el_class=&#8221;calculator-hr-text-final&#8221;]<\/p>\n<h4>Acest calcul este real si reprezinta valoarea viitorului tau abonament pentru serviciile de resurse umane prestate de EXPERT MIND.<\/h4>\n<p>[\/vc_column_text][vc_btn title=&#8221;Demande de devis!&#8221; style=&#8221;flat&#8221; shape=&#8221;square&#8221; link=&#8221;url:http%3A%2F%2Fwww.expertmind.ro%2Fcontact%2F|||&#8221; el_class=&#8221;buton-hai-sa-lucram&#8221;][vc_separator color=&#8221;custom&#8221; accent_color=&#8221;#313131&#8243; el_class=&#8221;servicii-sectiunea-1-2-liniuta liniuta-sub-calculator&#8221;][\/vc_column_inner][\/vc_row_inner][vc_row_inner el_class=&#8221;servicii-1-2-content&#8221;][vc_column_inner el_class=&#8221;servicii-1-2-content-1&#8243; width=&#8221;1\/2&#8243;][vc_custom_heading text=&#8221;Liste des services du calcul salaire&#8221; font_container=&#8221;tag:h4|text_align:left|color:%23f15a22&#8243; use_theme_fonts=&#8221;yes&#8221; el_class=&#8221;servicii-sectiunea-1-2-titlu&#8221;][vc_column_text]<\/p>\n<ul>\n<li>V\u00e9rification et la gestion du pointage mensuel du personnel<\/li>\n<li>La gestion d\u2019un historique des \u00e9l\u00e9ments du pointage du chaque employ\u00e9<\/li>\n<li>Validation des informations des certificats m\u00e9dicaux pour les cong\u00e9s pay\u00e9s<\/li>\n<li>Le calcul de l\u2019indemnisation qui revient en cas du cong\u00e9 effectu\u00e9 et en cas de ne pas effectuer jours du cong\u00e9 jusqu\u2019\u00e0 la r\u00e9siliation du contrat individuel de travail<\/li>\n<li>Calculul indemnizatiei de concediu medical pentru incapacitate temporara de munca<\/li>\n<li>Le calcul d\u2019indemnisation du cong\u00e9 m\u00e9dical en cas d\u2019incapacit\u00e9 temporaire de travail<\/li>\n<li>Le calcul des bonus de salaire net et brut, des augmentations de salaire net\/brut\/pourcentage, des avantages en nature, des avantages sociaux etc.<\/li>\n<li>La gestion des modifications concernant les droits du cong\u00e9, des augmentations de salaire, des salaires de base (salaire d\u2019encadrement), des compensations, des b\u00e9n\u00e9fices, des retenues, des saisies sur salaire, imputation de salaire, garanties, avances salariales<\/li>\n<li>L\u2019\u00e9laboration des d\u00e9clarations de salaire qui \u00e9tablissent les d\u00e9ductions et autres \u00e9l\u00e9ments n\u00e9cessaires pour le calcul salarial (l\u2019activit\u00e9 de base, CNAM \u2013 Caisse nationale de l\u2019assurance maladie, le num\u00e9ro de personnes \u00e0 charge au nom d\u2019employ\u00e9, le degr\u00e9 d\u2019invalidit\u00e9, le statut de retrait\u00e9)<\/li>\n<li>G\u00e9n\u00e9ration des ordres de paiement<\/li>\n<li>G\u00e9n\u00e9ration du centralisateur de taxes sociales employeur\/employ\u00e9<\/li>\n<li>G\u00e9n\u00e9ration, signature et d\u00e9position de la d\u00e9claration unique D112<\/li>\n<li>G\u00e9n\u00e9ration des annexes de la d\u00e9claration D112 n\u00e9cessaires pour le recouvrement de cr\u00e9ances FNUASS<\/li>\n<li>G\u00e9n\u00e9ration de la note comptable de salaires en conformit\u00e9 avec le plan comptable<\/li>\n<li>Requ\u00eate sur la base de donn\u00e9es et l\u2019\u00e9laboration des rapports selon les crit\u00e8res du client<\/li>\n<li>G\u00e9n\u00e9ration des bulletins de paie et l\u2019envoie vers le b\u00e9n\u00e9ficiaire via e-mail, en format *.pdf ou imprim\u00e9 sur papier s\u00e9curis\u00e9<\/li>\n<li>La transmission constante du n\u00e9cessaire pour les paiements des salaires nets<\/li>\n<li>Elaboration du fichier crypt\u00e9 pour le transfert des salaires individuels<\/li>\n<\/ul>\n<p>Cette liste des services n\u2019est pas limit\u00e9e aux tous ce qu\u2019on a pr\u00e9sent\u00e9, par contre, elle peut contenir bien d\u2019autres en conformit\u00e9s avec vos besoins.[\/vc_column_text][\/vc_column_inner][vc_column_inner el_class=&#8221;servicii-1-2-content-1&#8243; width=&#8221;1\/2&#8243;][vc_custom_heading text=&#8221;Liste des services administratifs du personnel \u2013 rapports du travail&#8221; font_container=&#8221;tag:h4|text_align:left|color:%23f15a22&#8243; use_theme_fonts=&#8221;yes&#8221; el_class=&#8221;servicii-sectiunea-1-2-titlu&#8221;][vc_column_text]<\/p>\n<ul>\n<li>\u00c9laboration, actualisation et le renvoi du Registre G\u00e9n\u00e9ral de l\u2019\u00c9vidence des Employ\u00e9s \u2013 ReGES\/REVISAL<\/li>\n<li>\u00c9laboration des contrats d\u2019emploi individuels en conformit\u00e9 avec les param\u00e8tres \u00e9tablis par le client<\/li>\n<li>Enregistrement des documents \u00e0 l\u2019Inspection Territoriale du Travail (ITT) par le syst\u00e8me ReGES\/REVISAL<\/li>\n<li>\u00c9laboration et enregistrement des avenants de modification des contrats du travail individuels, \u00e0 l\u2019Inspection Territoriale du Travail par le syst\u00e8me REGES\/REVISAL<\/li>\n<li>\u00c9laboration des cessations dans le cas d\u2019abandonne ou d\u2019interruption de l\u2019activit\u00e9 et l\u2019enregistrement \u00e0 l\u2019Inspection Territoriale du Travail par le syst\u00e8me ReGES\/REVISAL<\/li>\n<li>Tenir \u00e0 jour les informations de gestion des employ\u00e9s et des rapports du travail<\/li>\n<li>\u00c9laboration des certificats de travail, des attestations d\u2019emploi, de salaire, de d\u00e9duction, des attestations concernant le stage de cotisation ou autre sort d\u2019attestation sollicit\u00e9e par les employ\u00e9s<\/li>\n<li>\u00c9laboration des avis de dissolution<\/li>\n<li>\u00c9laboration des documents n\u00e9cessaires pour la constitution du dossier de retraite<\/li>\n<li>L\u2019audit p\u00e9riodique des dossiers du personnel<\/li>\n<\/ul>\n<p>[\/vc_column_text][\/vc_column_inner][\/vc_row_inner][\/vc_column][\/vc_row]<\/p>","protected":false},"excerpt":{"rendered":"<p>[vc_row css=&#8221;.vc_custom_1489770360713{background-image: url(http:\/\/www.expertmind.ro\/wp-content\/uploads\/2017\/02\/abonamente-contabile.png?id=3959) !important;background-position: center !important;background-repeat: no-repeat !important;background-size: cover !important;}&#8221; el_class=&#8221;servicii-top-banner&#8221;][vc_column width=&#8221;2\/3&#8243; el_class=&#8221;servicii-top-banner-title&#8221;][vc_custom_heading text=&#8221;Nous avons les meilleurs services!&#8221; font_container=&#8221;tag:h2|text_align:left|color:%23f15a23&#8243; use_theme_fonts=&#8221;yes&#8221;][\/vc_column][vc_column width=&#8221;1\/3&#8243;][\/vc_column][\/vc_row][vc_row el_class=&#8221;servicii-top-banner-page-info&#8221;][vc_column][vc_row_inner css=&#8221;.vc_custom_1484568530917{background-color: #7f9296 !important;background-position: center !important;background-repeat: no-repeat !important;background-size: cover !important;}&#8221; el_class=&#8221;servicii-top-banner-fasie-gri&#8221;][vc_column_inner el_class=&#8221;servicii-top-banner-page-title&#8221; width=&#8221;1\/2&#8243;][vc_custom_heading text=&#8221;Abonnement ressources humaines (HR)&#8221; font_container=&#8221;tag:h3|text_align:left|color:%23ffffff&#8221; use_theme_fonts=&#8221;yes&#8221;][\/vc_column_inner][vc_column_inner el_class=&#8221;servicii-top-banner-page-breadcrumb&#8221; width=&#8221;1\/2&#8243;][\/vc_column_inner][\/vc_row_inner][\/vc_column][\/vc_row][vc_row el_class=&#8221;servicii-sectiunea-1&#8243;][vc_column width=&#8221;1\/3&#8243; css=&#8221;.vc_custom_1484142666877{background-position: center !important;background-repeat: no-repeat !important;background-size: cover !important;}&#8221; el_class=&#8221;servicii-sectiunea-1-1&#8243;][vc_row_inner el_class=&#8221;servicii-custom-menu&#8221;][vc_column_inner css=&#8221;.vc_custom_1484139076748{background-color: #53575a [&hellip;]<\/p>\n","protected":false},"author":1,"featured_media":0,"parent":2007,"menu_order":3,"comment_status":"closed","ping_status":"closed","template":"","meta":[],"_links":{"self":[{"href":"https:\/\/www.expertmind.ro\/fr\/wp-json\/wp\/v2\/pages\/2887"}],"collection":[{"href":"https:\/\/www.expertmind.ro\/fr\/wp-json\/wp\/v2\/pages"}],"about":[{"href":"https:\/\/www.expertmind.ro\/fr\/wp-json\/wp\/v2\/types\/page"}],"author":[{"embeddable":true,"href":"https:\/\/www.expertmind.ro\/fr\/wp-json\/wp\/v2\/users\/1"}],"replies":[{"embeddable":true,"href":"https:\/\/www.expertmind.ro\/fr\/wp-json\/wp\/v2\/comments?post=2887"}],"version-history":[{"count":57,"href":"https:\/\/www.expertmind.ro\/fr\/wp-json\/wp\/v2\/pages\/2887\/revisions"}],"predecessor-version":[{"id":12392,"href":"https:\/\/www.expertmind.ro\/fr\/wp-json\/wp\/v2\/pages\/2887\/revisions\/12392"}],"up":[{"embeddable":true,"href":"https:\/\/www.expertmind.ro\/fr\/wp-json\/wp\/v2\/pages\/2007"}],"wp:attachment":[{"href":"https:\/\/www.expertmind.ro\/fr\/wp-json\/wp\/v2\/media?parent=2887"}],"curies":[{"name":"wp","href":"https:\/\/api.w.org\/{rel}","templated":true}]}}