{"id":1998,"date":"2017-01-06T14:05:35","date_gmt":"2017-01-06T14:05:35","guid":{"rendered":"http:\/\/www.expertmind.ro\/?page_id=1998"},"modified":"2018-01-30T16:27:39","modified_gmt":"2018-01-30T14:27:39","slug":"servicii-de-audit","status":"publish","type":"page","link":"https:\/\/www.expertmind.ro\/it\/servizi\/servizi-di-audit\/","title":{"rendered":"Servizi di audit"},"content":{"rendered":"<p>[vc_row css=&#8221;.vc_custom_1489769912058{background-image: url(http:\/\/www.expertmind.ro\/wp-content\/uploads\/2017\/01\/servicii-audit.png?id=3951) !important;background-position: center !important;background-repeat: no-repeat !important;background-size: cover !important;}&#8221; el_class=&#8221;servicii-top-banner&#8221;][vc_column width=&#8221;2\/3&#8243; el_class=&#8221;servicii-top-banner-title&#8221;][vc_custom_heading text=&#8221;Vinci vantaggi e diventa<br \/>\ncompetitivo attraverso la conoscenza!&#8221; font_container=&#8221;tag:h2|text_align:left|color:%23f15a23&#8243; use_theme_fonts=&#8221;yes&#8221;][\/vc_column][vc_column width=&#8221;1\/3&#8243;][\/vc_column][\/vc_row][vc_row el_class=&#8221;servicii-top-banner-page-info&#8221;][vc_column][vc_row_inner css=&#8221;.vc_custom_1484568530917{background-color: #7f9296 !important;background-position: center !important;background-repeat: no-repeat !important;background-size: cover !important;}&#8221; el_class=&#8221;servicii-top-banner-fasie-gri&#8221;][vc_column_inner el_class=&#8221;servicii-top-banner-page-title&#8221; width=&#8221;1\/2&#8243;][vc_custom_heading text=&#8221;SERVIZI DI AUDIT&#8221; font_container=&#8221;tag:h3|text_align:left|color:%23ffffff&#8221; use_theme_fonts=&#8221;yes&#8221;][\/vc_column_inner][vc_column_inner el_class=&#8221;servicii-top-banner-page-breadcrumb&#8221; width=&#8221;1\/2&#8243;][\/vc_column_inner][\/vc_row_inner][\/vc_column][\/vc_row][vc_row el_class=&#8221;servicii-sectiunea-1&#8243;][vc_column width=&#8221;1\/3&#8243; css=&#8221;.vc_custom_1484142666877{background-position: center !important;background-repeat: no-repeat !important;background-size: cover !important;}&#8221; el_class=&#8221;servicii-sectiunea-1-1&#8243;][vc_row_inner el_class=&#8221;servicii-custom-menu&#8221;][vc_column_inner css=&#8221;.vc_custom_1484139076748{background-color: #53575a !important;background-position: center !important;background-repeat: no-repeat !important;background-size: cover !important;}&#8221;][vc_wp_custommenu nav_menu=&#8221;50&#8243;][\/vc_column_inner][\/vc_row_inner][vc_row_inner css=&#8221;.vc_custom_1484142706750{background-position: center !important;background-repeat: no-repeat !important;background-size: cover !important;}&#8221; el_class=&#8221;servicii-key-person-titlu&#8221;][vc_column_inner css=&#8221;.vc_custom_1484139034841{background-color: #7f9296 !important;background-position: center !important;background-repeat: no-repeat !important;background-size: cover !important;}&#8221;][vc_custom_heading text=&#8221;SPECIALIST&#8221; font_container=&#8221;tag:h4|text_align:left&#8221; use_theme_fonts=&#8221;yes&#8221; css=&#8221;.vc_custom_1489502190381{background-color: #7f9296 !important;background-position: center !important;background-repeat: no-repeat !important;background-size: cover !important;}&#8221;][\/vc_column_inner][\/vc_row_inner][vc_row_inner css=&#8221;.vc_custom_1484142722365{background-color: #7f9296 !important;background-position: center !important;background-repeat: no-repeat !important;background-size: cover !important;}&#8221; el_class=&#8221;servicii-key-person&#8221;][vc_column_inner el_class=&#8221;servicii-key-person-image&#8221; width=&#8221;1\/2&#8243;][vc_single_image image=&#8221;3231&#8243; img_size=&#8221;full&#8221;][\/vc_column_inner][vc_column_inner el_class=&#8221;servicii-key-person-content&#8221; width=&#8221;1\/2&#8243;][vc_custom_heading text=&#8221;Gina Macare&#8221; font_container=&#8221;tag:h5|text_align:left|color:%23ffffff&#8221; use_theme_fonts=&#8221;yes&#8221; el_class=&#8221;key-person-name&#8221;][vc_column_text el_class=&#8221;servicii-key-person-text&#8221;]<\/p>\n<div style=\"color: #ffffff;\">\n<p>Direttor economico, Esperto contabile<\/p>\n<p>gina.macare@expertmind.ro<br \/>\n0749.063.683<br \/>\n0374.490.137<\/p>\n<\/div>\n<p>[\/vc_column_text][vc_custom_heading text=&#8221;&gt; Scopri di pi\u00f9&#8221; font_container=&#8221;tag:h5|text_align:left|color:%23ffffff&#8221; use_theme_fonts=&#8221;yes&#8221; el_class=&#8221;key-person-afla-mai-multe&#8221; link=&#8221;url:http%3A%2F%2Fwww.expertmind.ro%2Fteam%2Fgina-macare%2F|||&#8221;][\/vc_column_inner][\/vc_row_inner][vc_column_text css=&#8221;.vc_custom_1500017330534{background-color: #f15a22 !important;background-position: center !important;background-repeat: no-repeat !important;background-size: cover !important;}&#8221; el_class=&#8221;servicii-buton-solicita&#8221;]<\/p>\n<div><img loading=\"lazy\" class=\"alignnone size-full wp-image-2323\" src=\"http:\/\/www.expertmind.ro\/wp-content\/uploads\/2017\/02\/icon-contacteaza.png\" alt=\"\" width=\"48\" height=\"56\" \/><\/div>\n<div>\n<h4 style=\"color: #ffffff;\"><a href=\"http:\/\/www.expertmind.ro\/contact\/\">ANDIAMO A LAVORARE INSIEME!<\/a><\/h4>\n<\/div>\n<p>[\/vc_column_text][\/vc_column][vc_column width=&#8221;2\/3&#8243; el_class=&#8221;servicii-sectiunea-1-2&#8243;][vc_row_inner el_class=&#8221;servicii-sectiunea-1-2-titlu&#8221;][vc_column_inner][vc_custom_heading text=&#8221;Servizi di audit finanziara&#8221; font_container=&#8221;tag:h1|text_align:left|color:%23f15a22&#8243; use_theme_fonts=&#8221;yes&#8221; el_class=&#8221;servicii-sectiunea-1-2-titlu&#8221;][vc_column_text el_class=&#8221;servicii-sectiunea-1-2-text&#8221;]<\/p>\n<h4>Servizio di revisione finanziaria \u00e8 essenzialeper sapere la situazione attuale della dua azinda e dove si rivolge o si potrebbe rivolgere. La chiarezza nel mondo degli affari \u00e8 estremamente importante ed \u00e8 ci\u00f2 che sta alla base dell&#8217;evoluzione di una societ\u00e0.<\/h4>\n<p>[\/vc_column_text][vc_separator color=&#8221;custom&#8221; el_class=&#8221;servicii-sectiunea-1-2-liniuta&#8221; accent_color=&#8221;#313131&#8243;][\/vc_column_inner][\/vc_row_inner][vc_row_inner el_class=&#8221;servicii-1-2-content servicii-spc&#8221;][vc_column_inner el_class=&#8221;servicii-1-2-content-1&#8243; width=&#8221;1\/2&#8243;][vc_column_text]<strong>L\u2019 Audit finanziario<\/strong> consiste in un&#8217;analisi rigorosa della situazione finanziaria di una societ\u00e0 basata su elementi solidi. Molto pi\u00f9 di numeri, grafici e report, l\u2019audit finanziario presuppone intravedere i a cui il tuo bussines \u00e8 soggetto, e fornire anche soluzioni avanzate per decisioni redditizie.<\/p>\n<p><span style=\"font-weight: normal !msorm;\"><strong>EXPERT MIND<\/strong><\/span>, una societ\u00e0 con oltre 10 anni di esperienza, offre <span style=\"font-weight: normal !msorm;\"><strong>servizi conformi agli standard internazionali di auditing (ISA).<\/strong><\/span><\/p>\n<p>Per esprimere un parere obiettivo e indipendente sul bilancio annuale, il revisore \u00e8 tenuto a rispettare tutte le disposizioni di legge.<\/p>\n<p>Il revisore consegna al termine della verifica, <strong>una serie di documenti <\/strong> che rappresentano la sua opinione responsabile:<\/p>\n<ul>\n<li><strong>Relazione di revisione finanziaria<\/strong> sulla situazione finanziaria del cliente.\n<ul>\n<li><strong>Una lettera confidenziale <\/strong> indirizzata alla gestione che tenga conto delle principali carenze del sistema di controllo interno e vari aspetti identificati nel corso della revisione contabile, che per giudizio del revisore, sono tenute a essere segnalate alla direzione dell\u2019impresa.<\/li>\n<\/ul>\n<\/li>\n<\/ul>\n<p>[\/vc_column_text][\/vc_column_inner][vc_column_inner el_class=&#8221;servicii-1-2-content-1&#8243; width=&#8221;1\/2&#8243;][vc_column_text]I nostri servizi di revisione finanziaria legale e di revisione interna sono eseguite in basea regole predeterminate ,contenute in standard o norme legali o professionali, che diventano criteri di qualit\u00e0.<\/p>\n<ul>\n<li>Audit finanziario legale, revisione e impegni da compiere<\/li>\n<li>Audit di progetti europei<\/li>\n<li>Procedure di revisione<\/li>\n<li>Certificazione dei bilanci contaili<\/li>\n<li>Situazione del bilancio di esercizio e di gruppo<\/li>\n<\/ul>\n<p class=\"audit-rsp\"><strong>Attivit\u00e0 di audit presuppone:<\/strong><\/p>\n<ul>\n<li>preparazione delle <strong>relazioni di audit annuali <\/strong> (breve relazione per il Registro del Commercio e in formato dettagliato &#8211; lettera confidenziale), in conformit\u00e0 ai principi internazionali di revisione accettata dalla Camera degli Auditor finanziari della Romania;<\/li>\n<li><strong>analisi comparativa dei principali indicatori finanziari della societ\u00e0<\/strong>;<\/li>\n<li><strong>Identificazione dei criteri di valutazione contaibile <\/strong> pi\u00f9 appropriati;<\/li>\n<li>la valutazione <strong>di revisione interna<\/strong>;<\/li>\n<\/ul>\n<p>[\/vc_column_text][\/vc_column_inner][\/vc_row_inner][vc_row_inner el_class=&#8221;servicii-1-2-content&#8221;][vc_column_inner el_class=&#8221;servicii-1-2-content-1&#8243;][vc_separator color=&#8221;custom&#8221; el_class=&#8221;servicii-sectiunea-1-2-liniuta&#8221; accent_color=&#8221;#313131&#8243;][vc_column_text]I criteri che una societ\u00e0 realizza alla chiusura anno commerciale determina se sia o no tenuta ad effettuare un controllo finanziario come previsto dalla legge.<\/p>\n<p>Pertanto, <strong>\u00e8 necessario effettuare un audit<\/strong> se rientrate, al termine dell\u2019esercizio , in due dei seguenti criteri:<\/p>\n<ul>\n<li>patrimonio complessivo di oltre 3.650.000 euro<\/li>\n<li>fatturato netto di oltre 7300000 euro<\/li>\n<li>numero medio dei dipendenti nel corso dell&#8217;esercizio maggiore o uguale a 50<\/li>\n<\/ul>\n<p>[\/vc_column_text][\/vc_column_inner][\/vc_row_inner][\/vc_column][\/vc_row]<\/p>","protected":false},"excerpt":{"rendered":"<p>[vc_row css=&#8221;.vc_custom_1489769912058{background-image: url(http:\/\/www.expertmind.ro\/wp-content\/uploads\/2017\/01\/servicii-audit.png?id=3951) !important;background-position: center !important;background-repeat: no-repeat !important;background-size: cover !important;}&#8221; el_class=&#8221;servicii-top-banner&#8221;][vc_column width=&#8221;2\/3&#8243; el_class=&#8221;servicii-top-banner-title&#8221;][vc_custom_heading text=&#8221;Vinci vantaggi e diventa competitivo attraverso la conoscenza!&#8221; font_container=&#8221;tag:h2|text_align:left|color:%23f15a23&#8243; use_theme_fonts=&#8221;yes&#8221;][\/vc_column][vc_column width=&#8221;1\/3&#8243;][\/vc_column][\/vc_row][vc_row el_class=&#8221;servicii-top-banner-page-info&#8221;][vc_column][vc_row_inner css=&#8221;.vc_custom_1484568530917{background-color: #7f9296 !important;background-position: center !important;background-repeat: no-repeat !important;background-size: cover !important;}&#8221; el_class=&#8221;servicii-top-banner-fasie-gri&#8221;][vc_column_inner el_class=&#8221;servicii-top-banner-page-title&#8221; width=&#8221;1\/2&#8243;][vc_custom_heading text=&#8221;SERVIZI DI AUDIT&#8221; font_container=&#8221;tag:h3|text_align:left|color:%23ffffff&#8221; use_theme_fonts=&#8221;yes&#8221;][\/vc_column_inner][vc_column_inner el_class=&#8221;servicii-top-banner-page-breadcrumb&#8221; width=&#8221;1\/2&#8243;][\/vc_column_inner][\/vc_row_inner][\/vc_column][\/vc_row][vc_row el_class=&#8221;servicii-sectiunea-1&#8243;][vc_column width=&#8221;1\/3&#8243; css=&#8221;.vc_custom_1484142666877{background-position: center !important;background-repeat: no-repeat !important;background-size: cover !important;}&#8221; el_class=&#8221;servicii-sectiunea-1-1&#8243;][vc_row_inner el_class=&#8221;servicii-custom-menu&#8221;][vc_column_inner [&hellip;]<\/p>\n","protected":false},"author":1,"featured_media":0,"parent":1984,"menu_order":7,"comment_status":"closed","ping_status":"closed","template":"","meta":[],"_links":{"self":[{"href":"https:\/\/www.expertmind.ro\/it\/wp-json\/wp\/v2\/pages\/1998"}],"collection":[{"href":"https:\/\/www.expertmind.ro\/it\/wp-json\/wp\/v2\/pages"}],"about":[{"href":"https:\/\/www.expertmind.ro\/it\/wp-json\/wp\/v2\/types\/page"}],"author":[{"embeddable":true,"href":"https:\/\/www.expertmind.ro\/it\/wp-json\/wp\/v2\/users\/1"}],"replies":[{"embeddable":true,"href":"https:\/\/www.expertmind.ro\/it\/wp-json\/wp\/v2\/comments?post=1998"}],"version-history":[{"count":43,"href":"https:\/\/www.expertmind.ro\/it\/wp-json\/wp\/v2\/pages\/1998\/revisions"}],"predecessor-version":[{"id":6388,"href":"https:\/\/www.expertmind.ro\/it\/wp-json\/wp\/v2\/pages\/1998\/revisions\/6388"}],"up":[{"embeddable":true,"href":"https:\/\/www.expertmind.ro\/it\/wp-json\/wp\/v2\/pages\/1984"}],"wp:attachment":[{"href":"https:\/\/www.expertmind.ro\/it\/wp-json\/wp\/v2\/media?parent=1998"}],"curies":[{"name":"wp","href":"https:\/\/api.w.org\/{rel}","templated":true}]}}