{"id":2120,"date":"2017-01-11T11:46:35","date_gmt":"2017-01-11T11:46:35","guid":{"rendered":"http:\/\/www.expertmind.ro\/?page_id=2120"},"modified":"2025-04-09T14:14:00","modified_gmt":"2025-04-09T12:14:00","slug":"gestiune-personal-si-salarizare","status":"publish","type":"page","link":"https:\/\/www.expertmind.ro\/it\/servizi\/gestione-del-personale-e-stipend\/","title":{"rendered":"Gestione del personale e stipend"},"content":{"rendered":"<p>[vc_row css=&#8221;.vc_custom_1489769791790{background-image: url(http:\/\/www.expertmind.ro\/wp-content\/uploads\/2017\/01\/gestiune-de-personal.png?id=3949) !important;background-position: center !important;background-repeat: no-repeat !important;background-size: cover !important;}&#8221; el_class=&#8221;servicii-top-banner&#8221;][vc_column width=&#8221;2\/3&#8243; el_class=&#8221;servicii-top-banner-title&#8221;][vc_custom_heading text=&#8221;Formazione, specializzazione,<br \/>\nchiarezza e prevedibilit\u00e0 !&#8221; font_container=&#8221;tag:h2|text_align:left|color:%23f15a23&#8243; use_theme_fonts=&#8221;yes&#8221;][\/vc_column][vc_column width=&#8221;1\/3&#8243;][\/vc_column][\/vc_row][vc_row el_class=&#8221;servicii-top-banner-page-info&#8221;][vc_column][vc_row_inner css=&#8221;.vc_custom_1484568530917{background-color: #7f9296 !important;background-position: center !important;background-repeat: no-repeat !important;background-size: cover !important;}&#8221; el_class=&#8221;servicii-top-banner-fasie-gri&#8221;][vc_column_inner el_class=&#8221;servicii-top-banner-page-title&#8221; width=&#8221;1\/2&#8243;][vc_custom_heading text=&#8221;GESTIONE DEL PERSONALE E STIPENDIO&#8221; font_container=&#8221;tag:h3|text_align:left|color:%23ffffff&#8221; use_theme_fonts=&#8221;yes&#8221;][\/vc_column_inner][vc_column_inner el_class=&#8221;servicii-top-banner-page-breadcrumb&#8221; width=&#8221;1\/2&#8243;][\/vc_column_inner][\/vc_row_inner][\/vc_column][\/vc_row][vc_row el_class=&#8221;servicii-sectiunea-1&#8243;][vc_column width=&#8221;1\/3&#8243; css=&#8221;.vc_custom_1484142666877{background-position: center !important;background-repeat: no-repeat !important;background-size: cover !important;}&#8221; el_class=&#8221;servicii-sectiunea-1-1&#8243;][vc_row_inner el_class=&#8221;servicii-custom-menu&#8221;][vc_column_inner css=&#8221;.vc_custom_1484139076748{background-color: #53575a !important;background-position: center !important;background-repeat: no-repeat !important;background-size: cover !important;}&#8221;][vc_wp_custommenu nav_menu=&#8221;50&#8243;][\/vc_column_inner][\/vc_row_inner][vc_row_inner css=&#8221;.vc_custom_1484142706750{background-position: center !important;background-repeat: no-repeat !important;background-size: cover !important;}&#8221; el_class=&#8221;servicii-key-person-titlu&#8221;][vc_column_inner css=&#8221;.vc_custom_1484139034841{background-color: #7f9296 !important;background-position: center !important;background-repeat: no-repeat !important;background-size: cover !important;}&#8221;][vc_custom_heading text=&#8221;SPECIALIST&#8221; font_container=&#8221;tag:h4|text_align:left&#8221; use_theme_fonts=&#8221;yes&#8221; css=&#8221;.vc_custom_1489502114658{background-color: #7f9296 !important;background-position: center !important;background-repeat: no-repeat !important;background-size: cover !important;}&#8221;][\/vc_column_inner][\/vc_row_inner][vc_row_inner css=&#8221;.vc_custom_1484142722365{background-color: #7f9296 !important;background-position: center !important;background-repeat: no-repeat !important;background-size: cover !important;}&#8221; el_class=&#8221;servicii-key-person&#8221;][vc_column_inner el_class=&#8221;servicii-key-person-image&#8221; width=&#8221;1\/2&#8243;][vc_single_image source=&#8221;external_link&#8221; custom_src=&#8221;https:\/\/www.expertmind.ro\/wp-content\/uploads\/2016\/09\/loredana-carp-ursache.gif&#8221;][\/vc_column_inner][vc_column_inner el_class=&#8221;servicii-key-person-content&#8221; width=&#8221;1\/2&#8243;][vc_custom_heading text=&#8221;Loredana Carp &#8211; Ursache&#8221; font_container=&#8221;tag:h5|text_align:left|color:%23ffffff&#8221; use_theme_fonts=&#8221;yes&#8221; el_class=&#8221;key-person-name&#8221;][vc_column_text el_class=&#8221;servicii-key-person-text&#8221;]<\/p>\n<div style=\"color: #ffffff;\">\n<p>Specialista risorse umane<\/p>\n<p>&nbsp;<\/p>\n<\/div>\n<p>[\/vc_column_text][vc_custom_heading text=&#8221;&gt; Scopri di pi\u00f9&#8221; font_container=&#8221;tag:h5|text_align:left|color:%23ffffff&#8221; use_theme_fonts=&#8221;yes&#8221; el_class=&#8221;key-person-afla-mai-multe&#8221; link=&#8221;url:http%3A%2F%2Fwww.expertmind.ro%2Fteam%2Floredana-carp-ursache%2F|||&#8221;][\/vc_column_inner][\/vc_row_inner][vc_column_text css=&#8221;.vc_custom_1499953066141{background-color: #f15a22 !important;background-position: center !important;background-repeat: no-repeat !important;background-size: cover !important;}&#8221; el_class=&#8221;servicii-buton-solicita&#8221;]<\/p>\n<div><img loading=\"lazy\" class=\"alignnone size-full wp-image-2323\" src=\"http:\/\/www.expertmind.ro\/wp-content\/uploads\/2017\/02\/icon-contacteaza.png\" alt=\"\" width=\"48\" height=\"56\" \/><\/div>\n<div>\n<h4 style=\"color: #ffffff;\"><a href=\"http:\/\/www.expertmind.ro\/contact\/\">ANDIAMO A LAVORARE INSIEME!<\/a><\/h4>\n<\/div>\n<p>[\/vc_column_text][vc_empty_space height=&#8221;10px&#8221;][\/vc_column][vc_column width=&#8221;2\/3&#8243; el_class=&#8221;servicii-sectiunea-1-2&#8243;][vc_row_inner el_class=&#8221;servicii-sectiunea-1-2-titlu&#8221;][vc_column_inner][vc_custom_heading text=&#8221;Gestione del personale e stipendi&#8221; font_container=&#8221;tag:h1|text_align:left|color:%23f15a22&#8243; use_theme_fonts=&#8221;yes&#8221; el_class=&#8221;servicii-sectiunea-1-2-titlu&#8221;][vc_column_text el_class=&#8221;servicii-sectiunea-1-2-text&#8221;]<\/p>\n<h4>Il personale in una societ\u00e0 comporta processi complessi. Le sue gestione e lo stipendio posso diventare attivit\u00e0 complicate, soprattutto se la gestione \u00e8 orientata sulla crescita e non vuole appessantire l&#8217;attivit\u00e0 avendo un reparto che si occupidi questa attivit\u00e0. L&#8217;outsourcing \u00e8 la soluzione!<\/h4>\n<p>[\/vc_column_text][vc_separator color=&#8221;custom&#8221; el_class=&#8221;servicii-sectiunea-1-2-liniuta&#8221; accent_color=&#8221;#313131&#8243;][\/vc_column_inner][\/vc_row_inner][vc_row_inner el_class=&#8221;servicii-1-2-content&#8221;][vc_column_inner el_class=&#8221;servicii-1-2-content-1&#8243; width=&#8221;1\/2&#8243;][vc_column_text]La gestione del personale e le attivit\u00e0 di libro paga suppongono la formazione di personale specializzato, tempo e costi, oltre a un esperto che sorvegli questa attivit\u00e0 e che la mantenga ad un livello professionale.<\/p>\n<p><span style=\"font-weight: normal !msorm;\"><strong>L\u2019outsourcing del servizio di gestione del personale e del libro <\/strong><\/span> ti aiuta a risparmiare denaro, concentrandoti meglio sullo sviluppo della tua attivit\u00e0 e del capitale umano, avere registrazioni accurate e tempestive sulla situazione dei vostri dipendenti ed essere informati in tempo sulle modifiche legislative.[\/vc_column_text][\/vc_column_inner][vc_column_inner el_class=&#8221;servicii-1-2-content-1&#8243; width=&#8221;1\/2&#8243;][vc_column_text]Con l&#8217;outsourcing, aumenta la flessibilit\u00e0 grazie all&#8217;aggiunta di nuovi servizi e sviluppo territoriale, basandovi sulla totale riservatezza delle informazioni relative al trasferimento di questi processi.<\/p>\n<p>Inoltre, <span style=\"font-weight: normal !msorm;\"><strong>una maggiore prevedibilit\u00e0 dei costi <\/strong><\/span> che sono chiari fin dall&#8217;inizio, e i budget sono predefiniti, a differenza della situazione in cui si opera con personale proprio. ti basi su una squadra con pi\u00f9 di 10 anni di esperienza e migliaia di ore di gestione di situazioni difficili con successo.[\/vc_column_text][\/vc_column_inner][\/vc_row_inner][vc_row_inner el_class=&#8221;servicii-1-2-content&#8221;][vc_column_inner el_class=&#8221;servicii-1-2-content-1&#8243; width=&#8221;1\/2&#8243;][vc_custom_heading text=&#8221;Servizi di outsourcing di gestione del personale&#8221; font_container=&#8221;tag:h4|text_align:left|color:%23f15a22&#8243; use_theme_fonts=&#8221;yes&#8221; el_class=&#8221;titlu-coloana-servicii&#8221;][vc_column_text]<\/p>\n<ul>\n<li>Redazione \/ aggiornamento dei fascicoli del personale, regolamenti interni, contratto collettivo di lavoro e la sua registrazione come previsto dalla legge, registro dei dipendenti in formato elettronico<\/li>\n<li>Preparazione dei contratti di lavoro individuale<\/li>\n<li>Preparazione di documenti aggiuntivi ai contratti individuali di lavoro<\/li>\n<li>Preparazione dei documenti per la terminazione \/ modifica \/ sospensione dei contratti di lavoro individuali<\/li>\n<li>Preparazione di certificati di servizio<\/li>\n<li>Preparazione di rapporti richiesti dal cliente<\/li>\n<li>Supporto in caso di controlli effettuati dalle autorit\u00e0 competenti dello Stato.<\/li>\n<\/ul>\n<p>[\/vc_column_text][\/vc_column_inner][vc_column_inner el_class=&#8221;servicii-1-2-content-1&#8243; width=&#8221;1\/2&#8243;][vc_custom_heading text=&#8221;Servizi outsourcing dello stipendio&#8221; font_container=&#8221;tag:h4|text_align:left|color:%23f15a22&#8243; use_theme_fonts=&#8221;yes&#8221; el_class=&#8221;titlu-coloana-servicii&#8221;][vc_column_text]<\/p>\n<ul>\n<li>Calcolo Retribuzione sulla base del documento che artesta la presenza al lavoro comunicate dai clienti<\/li>\n<li>Calcolo delle ferie annuali e congedo per malattia\/li&gt;<\/li>\n<li>Preparazione di libri paga<\/li>\n<li>Preparazione di volantini personalizzati su richiesta dei clienti<\/li>\n<li>Preparazione degli ordini di pagamento \/ documenti di versamento di tasse e contributi legati agli stipendi<\/li>\n<li>Supporto legale in tutte le questioni del calcolo degli stipendi<\/li>\n<li>Preparazione e invio della dichiarazione unica<\/li>\n<\/ul>\n<p>[\/vc_column_text][\/vc_column_inner][\/vc_row_inner][vc_row_inner el_class=&#8221;sectiune-calc-hr&#8221;][vc_column_inner][vc_separator color=&#8221;custom&#8221; accent_color=&#8221;#313131&#8243; el_class=&#8221;servicii-sectiunea-1-2-liniuta calc-hr-liniuta&#8221; css=&#8221;.vc_custom_1490187338196{background-color: #dcddde !important;}&#8221;][vc_wp_text]<\/p>\n<div class=\"calculator-wrapper\">\n<div class=\"calculator-title\">\n<h4>\u00a0Vezi costurile orientative ale unui abonament<\/h4>\n<\/div>\n<div class=\"calculator-optiuni\">\n<div class=\"selecteaza-domeniu\">\n<h4>Domeniu de activitate<\/h4>\n<form id=\"selecteaza-domeniu\">\n<table>\n<tbody>\n<tr>\n<td height=\"70\"><input name=\"domeniu\" type=\"checkbox\" value=\"Constructii\" \/>Constructii<\/td>\n<td height=\"70\"><input name=\"domeniu\" type=\"checkbox\" value=\"Video\" \/>Video Chat<\/td>\n<\/tr>\n<tr>\n<td height=\"110\"><input name=\"domeniu\" type=\"checkbox\" value=\"Cafenele\/Restaurante\" \/>Cafenele\/Restaurante<\/td>\n<td height=\"110\"><input name=\"domeniu\" type=\"checkbox\" value=\"Transport\" \/>Transport<\/td>\n<\/tr>\n<tr>\n<td height=\"60\"><input name=\"domeniu\" type=\"checkbox\" value=\"IT\" \/>IT<\/td>\n<td height=\"60\"><input name=\"domeniu\" type=\"checkbox\" value=\"Alt\" \/>Alt domeniu<\/td>\n<\/tr>\n<\/tbody>\n<\/table>\n<\/form>\n<\/div>\n<div class=\"select\">\n<div class=\"selecteaza-numar-salariati\">\n<div class=\"salariati-box\">\n<h4>Servicii de gestiune a personalului si salarizare<\/h4>\n<div class=\"box-select\"><select id=\"selecteaza-optiune-salarizare\" name=\"selector\"><option value=\"0\">Selecteaza numarul de salariati<\/option><option value=\"75\">1-2 salariati<\/option><option value=\"125\">3-5 salariati<\/option><option value=\"175\">6-8 salariati<\/option><option value=\"225\">9-11 salariati<\/option><option value=\"275\">12-14 salariati<\/option><option value=\"325\">15-17 salariati<\/option><option value=\"375\">18-20 salariati<\/option><option value=\"425\">21-23 salariati<\/option><option value=\"475\">24-26 salariati<\/option><option value=\"525\">27-29 salariati<\/option><option value=\"575\">30-32 salariati<\/option><option value=\"625\">33-35 salariati<\/option><option value=\"675\">36-38 salariati<\/option><option value=\"725\">39-41 salariati<\/option><option value=\"775\">42-44 salariati<\/option><option value=\"825\">45-47 salariati<\/option><option value=\"875\">48-50 salariati<\/option><option value=\"925\">51-53 salariati<\/option><option value=\"975\">54-56 salariati<\/option><option value=\"1025\">57-59 salariati<\/option><option value=\"1075\">60-62 salariati<\/option><option value=\"1125\">63-65 salariati<\/option><option value=\"1175\">66-68 salariati<\/option><option value=\"1225\">69-71 salariati<\/option><option value=\"1275\">72-74 salariati<\/option><option value=\"1325\">75-77 salariati<\/option><option value=\"1375\">78-80 salariati<\/option><option value=\"1425\">81-83 salariati<\/option><option value=\"1475\">84-86 salariati<\/option><option value=\"1525\">87-89 salariati<\/option><option value=\"1575\">90-92 salariati<\/option><option value=\"1625\">93-95 salariati<\/option><option value=\"1675\">96-98 salariati<\/option><option value=\"1725\">99-101 salariati<\/option><\/select><\/div>\n<\/div>\n<\/div>\n<div class=\"selecteaza-numar-salariati\">\n<div class=\"adeverinta-box\">\n<h4>Servicii salarizare<\/h4>\n<div class=\"box-select\"><select id=\"selecteaza-optiune-adeverinte\" name=\"selector\"><option value=\"0\">Selecteaza numarul de salariati<\/option><option value=\"40\">1-2 salariati<\/option><option value=\"65\">3-5 salariati<\/option><option value=\"90\">6-8 salariati<\/option><option value=\"115\">9-11 salariati<\/option><option value=\"140\">12-14 salariati<\/option><option value=\"165\">15-17 salariati<\/option><option value=\"190\">18-20 salariati<\/option><option value=\"215\">21-23 salariati<\/option><option value=\"240\">24-26 salariati<\/option><option value=\"265\">27-29 salariati<\/option><option value=\"290\">30-32 salariati<\/option><option value=\"315\">33-35 salariati<\/option><option value=\"340\">36-38 salariati<\/option><option value=\"365\">39-41 salariati<\/option><option value=\"390\">42-44 salariati<\/option><option value=\"415\">45-47 salariati<\/option><option value=\"440\">48-50 salariati<\/option><option value=\"465\">51-53 salariati<\/option><option value=\"490\">54-56 salariati<\/option><option value=\"515\">57-59 salariati<\/option><option value=\"540\">60-62 salariati<\/option><option value=\"565\">63-65 salariati<\/option><option value=\"590\">66-68 salariati<\/option><option value=\"615\">69-71 salariati<\/option><option value=\"640\">72-74 salariati<\/option><option value=\"665\">75-77 salariati<\/option><option value=\"690\">78-80 salariati<\/option><option value=\"715\">81-83 salariati<\/option><option value=\"740\">84-86 salariati<\/option><option value=\"765\">87-89 salariati<\/option><option value=\"790\">90-92 salariati<\/option><option value=\"815\">93-95 salariati<\/option><option value=\"840\">96-98 salariati<\/option><option value=\"865\">99-101 salariati<\/option><\/select><\/div>\n<\/div>\n<\/div>\n<div class=\"selecteaza-numar-salariati\">\n<div class=\"adeverinta-box\">\n<h4>Servicii de gestiune personal<\/h4>\n<div class=\"box-select\"><select id=\"selecteaza-optiune-adeverinte-2\" name=\"selector\"><option value=\"0\">Selecteaza numarul de salariati<\/option><option value=\"40\">1-2 salariati<\/option><option value=\"65\">3-5 salariati<\/option><option value=\"90\">6-8 salariati<\/option><option value=\"115\">9-11 salariati<\/option><option value=\"140\">12-14 salariati<\/option><option value=\"165\">15-17 salariati<\/option><option value=\"190\">18-20 salariati<\/option><option value=\"215\">21-23 salariati<\/option><option value=\"240\">24-26 salariati<\/option><option value=\"265\">27-29 salariati<\/option><option value=\"290\">30-32 salariati<\/option><option value=\"315\">33-35 salariati<\/option><option value=\"340\">36-38 salariati<\/option><option value=\"365\">39-41 salariati<\/option><option value=\"390\">42-44 salariati<\/option><option value=\"415\">45-47 salariati<\/option><option value=\"440\">48-50 salariati<\/option><option value=\"465\">51-53 salariati<\/option><option value=\"490\">54-56 salariati<\/option><option value=\"515\">57-59 salariati<\/option><option value=\"540\">60-62 salariati<\/option><option value=\"565\">63-65 salariati<\/option><option value=\"590\">66-68 salariati<\/option><option value=\"615\">69-71 salariati<\/option><option value=\"640\">72-74 salariati<\/option><option value=\"665\">75-77 salariati<\/option><option value=\"690\">78-80 salariati<\/option><option value=\"715\">81-83 salariati<\/option><option value=\"740\">84-86 salariati<\/option><option value=\"765\">87-89 salariati<\/option><option value=\"790\">90-92 salariati<\/option><option value=\"815\">93-95 salariati<\/option><option value=\"840\">96-98 salariati<\/option><option value=\"865\">99-101 salariati<\/option><\/select><\/div>\n<\/div>\n<\/div>\n<\/div>\n<div class=\"rezultate-finale\">\n<div class=\"box-rezultate\">\n<h4>Servicii de gestiune a personalului si salarizare<\/h4>\n<div class=\"rezultat-salarizare\">0 lei<\/div>\n<\/div>\n<div class=\"box-rezultate\">\n<h4>Servicii salarizare<\/h4>\n<div class=\"rezultat-adeverinte\">0 lei<\/div>\n<\/div>\n<div class=\"box-rezultate\">\n<h4>Servicii de gestiune personal<\/h4>\n<div class=\"rezultat-adeverinte-2\">0 lei<\/div>\n<\/div>\n<div class=\"box-rezultate box-total\">\n<h4>Total<\/h4>\n<div class=\"rezultat\">0 lei<\/div>\n<\/div>\n<div class=\"completeaza-campurile\"><\/div>\n<\/div>\n<\/div>\n<\/div>\n<p>[\/vc_wp_text][vc_column_text el_class=&#8221;calculator-hr-text-final&#8221;]<\/p>\n<h4>Acest calcul este real si reprezinta valoarea viitorului tau abonament pentru serviciile de resurse umane prestate de EXPERT MIND.<\/h4>\n<p>[\/vc_column_text][vc_btn title=&#8221;Hai sa lucram impreuna!&#8221; style=&#8221;flat&#8221; shape=&#8221;square&#8221; link=&#8221;url:http%3A%2F%2Fwww.expertmind.ro%2Fcontact%2F|||&#8221; el_class=&#8221;buton-hai-sa-lucram&#8221;][vc_separator color=&#8221;custom&#8221; accent_color=&#8221;#313131&#8243; el_class=&#8221;servicii-sectiunea-1-2-liniuta liniuta-sub-calculator&#8221;][\/vc_column_inner][\/vc_row_inner][vc_row_inner el_class=&#8221;servicii-1-2-content&#8221;][vc_column_inner el_class=&#8221;servicii-1-2-content-1&#8243; width=&#8221;1\/2&#8243;][vc_custom_heading text=&#8221;Lista dei servizi del calcolo dello stipendio &#8221; font_container=&#8221;tag:h4|text_align:left|color:%23f15a22&#8243; use_theme_fonts=&#8221;yes&#8221; el_class=&#8221;titlu-coloana-servicii&#8221;][vc_column_text]L&#8217;elenco dei servizi non \u00e8 limitata a quelle elencate, pu\u00f2 essere completato in base alle esigenze della vostra azienda.<\/p>\n<ul>\n<li>Controllo e l&#8217;elaborazione del documento che attesta le presenza a\u2019 lavoro mensile<\/li>\n<li>Convalida dell\u2019 esattezza dei dati scritti nei certificati per congedo di malattia<\/li>\n<li>Convalida dei dati presentati nelle richieste per ferie e la conferma del saldo annuale per diritto di ferie<\/li>\n<li>Calcolo delle indennit\u00e0 derivate dalle ferie effettuate e il diritto di ferie maturate e non effettuate fino alla data di risoluzione del contratto di lavoro individuale<\/li>\n<li>Calcolo dell\u2019 indennit\u00e0 del congedo per malattia per inabilit\u00e0 temporanea di lavoro<\/li>\n<li>Evidenza degli elementi del documento che attesta le presenza a\u2019 lavoro sui dati storici di ogni dipendente<\/li>\n<li>Calcolo dei bonus di stipendio netti o lordi, degli aumenti di stipendio Netti \/ Lordi \/ percentuali, delle varieaggiunte nello stipendio, delle prestazioni in natura, benesseri etc.<\/li>\n<li>Modifiche relative ai diritti di ferie annuali, i bonus salariali, l&#8217;occupazione del libro paga, la compensazione, i benefici, deduzioni, precetti, l&#8217;imputazione, garanzie, anticipi di stipendio<\/li>\n<li>Preparazione dichiarazioni sui salari che determinano il diritto agli assegni personali e tutti gli altri elementi necessari al calcolo del libro paga (funzione di base, compagnia di assicurazione sanitaria, il numero delle persone a carico del lavoratore, il grado di disabilit\u00e0, stato di pensionato)<\/li>\n<li>Generare libro paga<\/li>\n<li>Generare la centralizzazione degli oneri sociali dei dipendenti \/ datore di lavoro<\/li>\n<li>Generare, firmare e il deposito della dichiarazione unica D112<\/li>\n<li>Generare allegati dichiarazione D112 necessari per il recupero crediti FNUASS<\/li>\n<li>Generare la nota contabile degli stipendi conforme al piano contabile<\/li>\n<li>Interrogazione della base dati e la scrittura dei report conformi alle caratteristiche specifiche del cliente<\/li>\n<li>Generare bollettini di stipendio individuali (volantini stipendi) e inviarli via e-mail al destinatario, formsto * .pdf o stampati su carta di sicurezza<\/li>\n<li>Invio al beneficiario del neccessario per la paga degli stipendi netti<\/li>\n<li>Creazione del file crittografato per il trasferimento dello stipendio individuale<\/li>\n<\/ul>\n<p>[\/vc_column_text][\/vc_column_inner][vc_column_inner el_class=&#8221;servicii-1-2-content-1&#8243; width=&#8221;1\/2&#8243;][vc_custom_heading text=&#8221;Lista serviciilor de administrare de personal &#8211; evidenta muncii:&#8221; font_container=&#8221;tag:h4|text_align:left|color:%23f15a22&#8243; use_theme_fonts=&#8221;yes&#8221; el_class=&#8221;titlu-coloana-servicii&#8221;][vc_column_text]<\/p>\n<ul>\n<li>Intocmirea, actualizarea si transmiterea Registrului General de Evidenta a Salariatilor &#8211; ReGES\/REVISAL<\/li>\n<li>Intocmirea contractelor individuale de munca conform parametrilor stabiliti de client<\/li>\n<li>Inregistrarea contractelor individuale de munca la Inspectoratul Teritorial de Munca prin sistemul ReGES\/REVISAL<\/li>\n<li>Intocmirea si inregistrarea actelor aditionale de modificare a contractelor individuale de munca, la Inspectoratul Teritorial de Munca prin sistemul ReGES\/REVISAL<\/li>\n<li>Intocmirea deciziilor de incetare\/suspendare a activitatii si inregistrarea acestora la Inspectoratul Teritorial de Munca prin sistemul ReGES\/REVISAL<\/li>\n<li>Mentinerea la zi a tuturor datelor de evidenta a salariatilor si a datelor de evidenta muncii<\/li>\n<li>Intocmirea adeverintelor de vechime, adeverintelor de salariat, adeverintelor de venit, adeverinte privind deducerile personale, adeverinte privind stagiul de cotizare si orice alte adeverinte solicitate de catre angajati<\/li>\n<li>Intocmirea notelor de lichidare<\/li>\n<li>Intocmirea documentelor necesare pentru constituirea dosarului de pensionare pentru limita de varsta<\/li>\n<li>Auditul periodic al dosarelor de personal<\/li>\n<\/ul>\n<p>[\/vc_column_text][\/vc_column_inner][\/vc_row_inner][\/vc_column][\/vc_row]<\/p>","protected":false},"excerpt":{"rendered":"<p>[vc_row css=&#8221;.vc_custom_1489769791790{background-image: url(http:\/\/www.expertmind.ro\/wp-content\/uploads\/2017\/01\/gestiune-de-personal.png?id=3949) !important;background-position: center !important;background-repeat: no-repeat !important;background-size: cover !important;}&#8221; el_class=&#8221;servicii-top-banner&#8221;][vc_column width=&#8221;2\/3&#8243; el_class=&#8221;servicii-top-banner-title&#8221;][vc_custom_heading text=&#8221;Formazione, specializzazione, chiarezza e prevedibilit\u00e0 !&#8221; font_container=&#8221;tag:h2|text_align:left|color:%23f15a23&#8243; use_theme_fonts=&#8221;yes&#8221;][\/vc_column][vc_column width=&#8221;1\/3&#8243;][\/vc_column][\/vc_row][vc_row el_class=&#8221;servicii-top-banner-page-info&#8221;][vc_column][vc_row_inner css=&#8221;.vc_custom_1484568530917{background-color: #7f9296 !important;background-position: center !important;background-repeat: no-repeat !important;background-size: cover !important;}&#8221; el_class=&#8221;servicii-top-banner-fasie-gri&#8221;][vc_column_inner el_class=&#8221;servicii-top-banner-page-title&#8221; width=&#8221;1\/2&#8243;][vc_custom_heading text=&#8221;GESTIONE DEL PERSONALE E STIPENDIO&#8221; font_container=&#8221;tag:h3|text_align:left|color:%23ffffff&#8221; use_theme_fonts=&#8221;yes&#8221;][\/vc_column_inner][vc_column_inner el_class=&#8221;servicii-top-banner-page-breadcrumb&#8221; width=&#8221;1\/2&#8243;][\/vc_column_inner][\/vc_row_inner][\/vc_column][\/vc_row][vc_row el_class=&#8221;servicii-sectiunea-1&#8243;][vc_column width=&#8221;1\/3&#8243; css=&#8221;.vc_custom_1484142666877{background-position: center !important;background-repeat: no-repeat !important;background-size: cover !important;}&#8221; el_class=&#8221;servicii-sectiunea-1-1&#8243;][vc_row_inner el_class=&#8221;servicii-custom-menu&#8221;][vc_column_inner [&hellip;]<\/p>\n","protected":false},"author":1,"featured_media":0,"parent":1984,"menu_order":0,"comment_status":"closed","ping_status":"closed","template":"","meta":[],"_links":{"self":[{"href":"https:\/\/www.expertmind.ro\/it\/wp-json\/wp\/v2\/pages\/2120"}],"collection":[{"href":"https:\/\/www.expertmind.ro\/it\/wp-json\/wp\/v2\/pages"}],"about":[{"href":"https:\/\/www.expertmind.ro\/it\/wp-json\/wp\/v2\/types\/page"}],"author":[{"embeddable":true,"href":"https:\/\/www.expertmind.ro\/it\/wp-json\/wp\/v2\/users\/1"}],"replies":[{"embeddable":true,"href":"https:\/\/www.expertmind.ro\/it\/wp-json\/wp\/v2\/comments?post=2120"}],"version-history":[{"count":136,"href":"https:\/\/www.expertmind.ro\/it\/wp-json\/wp\/v2\/pages\/2120\/revisions"}],"predecessor-version":[{"id":16455,"href":"https:\/\/www.expertmind.ro\/it\/wp-json\/wp\/v2\/pages\/2120\/revisions\/16455"}],"up":[{"embeddable":true,"href":"https:\/\/www.expertmind.ro\/it\/wp-json\/wp\/v2\/pages\/1984"}],"wp:attachment":[{"href":"https:\/\/www.expertmind.ro\/it\/wp-json\/wp\/v2\/media?parent=2120"}],"curies":[{"name":"wp","href":"https:\/\/api.w.org\/{rel}","templated":true}]}}