{"id":2750,"date":"2017-02-08T11:21:25","date_gmt":"2017-02-08T11:21:25","guid":{"rendered":"http:\/\/www.expertmind.ro\/?page_id=2750"},"modified":"2025-11-14T16:48:53","modified_gmt":"2025-11-14T14:48:53","slug":"recuperare-creante","status":"publish","type":"page","link":"https:\/\/www.expertmind.ro\/it\/servizi\/servizi-legali\/recupero-crediti\/","title":{"rendered":"Recupero crediti"},"content":{"rendered":"<p>[vc_row css=&#8221;.vc_custom_1489768624208{background-image: url(http:\/\/www.expertmind.ro\/wp-content\/uploads\/2017\/02\/servicii-juridice.png?id=3932) !important;background-position: center !important;background-repeat: no-repeat !important;background-size: cover !important;}&#8221; el_class=&#8221;servicii-top-banner&#8221;][vc_column width=&#8221;2\/3&#8243; el_class=&#8221;servicii-top-banner-title&#8221;][vc_custom_heading text=&#8221;Tutta la sicurezza di cui hai bisogno!&#8221; font_container=&#8221;tag:h2|text_align:left|color:%23f15a23&#8243; use_theme_fonts=&#8221;yes&#8221;][\/vc_column][vc_column width=&#8221;1\/3&#8243;][\/vc_column][\/vc_row][vc_row el_class=&#8221;servicii-top-banner-page-info&#8221;][vc_column][vc_row_inner css=&#8221;.vc_custom_1484568530917{background-color: #7f9296 !important;background-position: center !important;background-repeat: no-repeat !important;background-size: cover !important;}&#8221; el_class=&#8221;servicii-top-banner-fasie-gri&#8221;][vc_column_inner el_class=&#8221;servicii-top-banner-page-title&#8221; width=&#8221;1\/2&#8243;][vc_custom_heading text=&#8221;RECUPERO CREDITI&#8221; font_container=&#8221;tag:h3|text_align:left|color:%23ffffff&#8221; use_theme_fonts=&#8221;yes&#8221;][\/vc_column_inner][vc_column_inner el_class=&#8221;servicii-top-banner-page-breadcrumb&#8221; width=&#8221;1\/2&#8243;][\/vc_column_inner][\/vc_row_inner][\/vc_column][\/vc_row][vc_row el_class=&#8221;servicii-sectiunea-1&#8243;][vc_column width=&#8221;1\/3&#8243; css=&#8221;.vc_custom_1484142666877{background-position: center !important;background-repeat: no-repeat !important;background-size: cover !important;}&#8221; el_class=&#8221;servicii-sectiunea-1-1&#8243;][vc_row_inner el_class=&#8221;servicii-custom-menu&#8221;][vc_column_inner css=&#8221;.vc_custom_1484139076748{background-color: #53575a !important;background-position: center !important;background-repeat: no-repeat !important;background-size: cover !important;}&#8221;][vc_wp_custommenu nav_menu=&#8221;50&#8243;][\/vc_column_inner][\/vc_row_inner][vc_row_inner css=&#8221;.vc_custom_1484142706750{background-position: center !important;background-repeat: no-repeat !important;background-size: cover !important;}&#8221; el_class=&#8221;servicii-key-person-titlu&#8221;][vc_column_inner css=&#8221;.vc_custom_1484139034841{background-color: #7f9296 !important;background-position: center !important;background-repeat: no-repeat !important;background-size: cover !important;}&#8221;][vc_custom_heading text=&#8221;SPECIALIST&#8221; font_container=&#8221;tag:h4|text_align:left&#8221; use_theme_fonts=&#8221;yes&#8221; css=&#8221;.vc_custom_1489499321418{background-color: #7f9296 !important;background-position: center !important;background-repeat: no-repeat !important;background-size: cover !important;}&#8221;][\/vc_column_inner][\/vc_row_inner][vc_row_inner css=&#8221;.vc_custom_1484142722365{background-color: #7f9296 !important;background-position: center !important;background-repeat: no-repeat !important;background-size: cover !important;}&#8221; el_class=&#8221;servicii-key-person&#8221;][vc_column_inner el_class=&#8221;servicii-key-person-image&#8221; width=&#8221;1\/2&#8243;][vc_single_image image=&#8221;3210&#8243; img_size=&#8221;full&#8221;][\/vc_column_inner][vc_column_inner el_class=&#8221;servicii-key-person-content&#8221; width=&#8221;1\/2&#8243;][vc_custom_heading text=&#8221;Iulia Hauca &#8221; font_container=&#8221;tag:h5|text_align:left|color:%23ffffff&#8221; use_theme_fonts=&#8221;yes&#8221; el_class=&#8221;key-person-name&#8221;][vc_column_text el_class=&#8221;servicii-key-person-text&#8221;]<\/p>\n<div style=\"color: #ffffff;\">\n<p>Avvocato<\/p>\n<p>iulia.hauca@expertmind.ro<br \/>\n0753.028.301<br \/>\n0374.490.137 &#8211; interior 2<\/p>\n<\/div>\n<p>[\/vc_column_text][vc_custom_heading text=&#8221;&gt; Scopri di pi\u00f9&#8221; font_container=&#8221;tag:h5|text_align:left|color:%23ffffff&#8221; use_theme_fonts=&#8221;yes&#8221; el_class=&#8221;key-person-afla-mai-multe&#8221; link=&#8221;url:http%3A%2F%2Fwww.expertmind.ro%2Fteam%2Fiulia-hauca%2F|||&#8221;][\/vc_column_inner][\/vc_row_inner][vc_column_text css=&#8221;.vc_custom_1499937505289{background-color: #f15a22 !important;background-position: center !important;background-repeat: no-repeat !important;background-size: cover !important;}&#8221; el_class=&#8221;servicii-buton-solicita&#8221;]<\/p>\n<div><img loading=\"lazy\" class=\"alignnone size-full wp-image-2323\" src=\"http:\/\/www.expertmind.ro\/wp-content\/uploads\/2017\/02\/icon-contacteaza.png\" alt=\"\" width=\"48\" height=\"56\" \/><\/div>\n<div>\n<h4 style=\"color: #ffffff;\"><a href=\"http:\/\/www.expertmind.ro\/contact\/\">ANDIAMO A LAVORARE INSIEME!<\/a><\/h4>\n<\/div>\n<p>[\/vc_column_text][vc_empty_space height=&#8221;10px&#8221;][\/vc_column][vc_column width=&#8221;2\/3&#8243; el_class=&#8221;servicii-sectiunea-1-2&#8243;][vc_row_inner el_class=&#8221;servicii-sectiunea-1-2-titlu&#8221;][vc_column_inner][vc_custom_heading text=&#8221;Recupero crediti&#8221; font_container=&#8221;tag:h1|text_align:left|color:%23f15a22&#8243; use_theme_fonts=&#8221;yes&#8221; el_class=&#8221;servicii-sectiunea-1-2-titlu&#8221;][vc_column_text el_class=&#8221;servicii-sectiunea-1-2-text&#8221;]<\/p>\n<h4>Hai un contratto che non \u00e8 stato rispettato o bollette scadute e non pagate? Ci sono soluzioni e uno \u00e8 lavorare con noi! Il nostro servizio di recupero crediti determina i deitori a pagare i debiti in sospeso con gli interessi,maggiorazioni e le relative sanzioni.<\/h4>\n<p>[\/vc_column_text][vc_separator color=&#8221;custom&#8221; el_class=&#8221;servicii-sectiunea-1-2-liniuta&#8221; accent_color=&#8221;#313131&#8243;][\/vc_column_inner][\/vc_row_inner][vc_row_inner el_class=&#8221;servicii-1-2-content&#8221;][vc_column_inner el_class=&#8221;servicii-1-2-content-1&#8243; width=&#8221;1\/2&#8243;][vc_column_text]Possiamo sempre parlare della nostra vasta esperienza nel recupero degli importi non pagati e ti consigliamo di non rimanere con i soldi bloccati. Chiedi a EXPERT MIND per <strong>recuperare i debiti rimanenti e dei crediti.<\/strong><\/p>\n<p>Noi non percepiamo una tassa per il recupero del debito, ma solo una tassa di 300 lei + IVA per studiare il file. <strong>La tassa di successo,<\/strong>, in percentuale del valore del debito sar\u00e0 pagato solo se e dopo aver recuperato le somme rimanenti.[\/vc_column_text][\/vc_column_inner][vc_column_inner el_class=&#8221;servicii-1-2-content-1&#8243; width=&#8221;1\/2&#8243;][vc_column_text]La cautela nel mondo degli affari \u00e8 essenziale, in modo che, in caso di conclusione di un accordo di cooperazione con noi, \u00e8 possibile stipulare nei contratti conclusi con i futuri partner commerciali una clausola in base alla quale dovrebbero incorrere, in caso di violazione del contratto, dei costi del nostro ufficio per il recupero di eventuali debiti.<\/p>\n<p>Cos\u00ec, i nostri servizi sono pagati direttamente dal debitore, senza essere ridotta la somma da recuperare.[\/vc_column_text][\/vc_column_inner][vc_column_inner][vc_separator color=&#8221;custom&#8221; accent_color=&#8221;#313131&#8243; el_class=&#8221;servicii-sectiunea-1-2-liniuta&#8221;][vc_custom_heading text=&#8221;CALCULATOR RECUPERARE CREANTE&#8221; font_container=&#8221;tag:h4|text_align:left|color:%23f15a22&#8243; use_theme_fonts=&#8221;yes&#8221; el_class=&#8221;servicii-sectiunea-1-2-titlu&#8221;][\/vc_column_inner][\/vc_row_inner][vc_row_inner][vc_column_inner][vc_wp_text]<\/p>\n<div class=\"calculator-wrapper\">\n<div class=\"calculator-title\"><\/div>\n<div>Per calcolare la tassa di successo, puoi usare <strong>il calculatrice di recupero crediti, <\/strong>seguendo semplici passi: devi inserire l&#8217;importo dovuto e il periodo di scadenza.<\/div>\n<p>&nbsp;<\/p>\n<div class=\"calculator-optiuni\">\n<div class=\"introdu-valoarea\">\n<p>Creanta\/Debit (lei):<\/p>\n<p><input id=\"valoare-creanta\" name=\"valoare-creanta\" type=\"number\" placeholder=\"0 lei\" \/><\/p>\n<\/div>\n<div class=\"selecteaza-numar-zile\">\n<p>Scadenza:<\/p>\n<p><select id=\"selecteaza-optiune\" name=\"selector\"><option disabled=\"disabled\" selected=\"selected\" value=\"\">Selecteaza<\/option><option value=\"3\">1-50 zile<\/option><option value=\"5\">51-90 zile<\/option><option value=\"7\">91-200 zile<\/option><option value=\"10\">201-365 zile<\/option><option value=\"12\">12-20 luni<\/option><option value=\"15\">20-30 luni<\/option><option value=\"20\">30-36 luni<\/option><option value=\"20\">Pentru debitele recuperate de la firmele aflate in insolventa (faliment)<\/option><option value=\"20\">Pentru recuperarea taxei auto (timbru de mediu, taxa de prima inmatriculare, taxa de poluare)<\/option><option value=\"30\">Pentru penalitatile efectiv incasate<\/option><\/select><\/p>\n<\/div>\n<div class=\"calculeaza\">\n<p><button class=\"calculeaza-buton\">Calculeaza<\/button><\/p>\n<\/div>\n<div class=\"rezultat rezultat-creante\"><\/div>\n<\/div>\n<\/div>\n<p>[\/vc_wp_text][\/vc_column_inner][\/vc_row_inner][vc_row_inner el_class=&#8221;servicii-1-2-content&#8221;][vc_column_inner][vc_column_text]In base alla legge rumena, nel caso in cui un debitore non ha pagato il debito nel tempo stabilito allascadenza, il creditore pu\u00f2 avviare un procedimento davanti a un tribunale per <strong>recuperare il suo credito,<\/strong> nel termine di prescrizione di tre anni.<\/p>\n<p>Le procedure che pu\u00f2 avviare il creditore sono le seguenti:<\/p>\n<ul>\n<li>Il procedimento previsto dal diritto comune in materia<\/li>\n<li>le procedure urgenti: l\u2019ordine di pagamento (autogol 5\/2001) e l&#8217;ordinanza di pagamento (O.U.G. No.119 \/ 2007)<\/li>\n<li>Procedura di insolvenza (Legge No.85 \/ 2006)<\/li>\n<\/ul>\n<p>[\/vc_column_text][vc_separator color=&#8221;custom&#8221; accent_color=&#8221;#313131&#8243; el_class=&#8221;servicii-sectiunea-1-2-liniuta&#8221;][\/vc_column_inner][\/vc_row_inner][vc_row_inner el_class=&#8221;servicii-1-2-content rec-creante-sectiune&#8221;][vc_column_inner width=&#8221;1\/2&#8243;][vc_custom_heading text=&#8221;PREZZI&#8221; font_container=&#8221;tag:h4|text_align:left|color:%23f15a22&#8243; use_theme_fonts=&#8221;yes&#8221; el_class=&#8221;servicii-sectiunea-1-2-titlu&#8221;][vc_column_text]<\/p>\n<ul>\n<li>TASSA di bollo, bollo legale e la stesura dei documenti in caso di somme di pagamento = 180 RON<\/li>\n<li>Tassa di bollo, bollo legale e la stesura dei documenti nel caso delle aziende debitrici in fallimento \/ dissoluzione = 300 RON<\/li>\n<li>Alla fine, la Commissione EXCLUSIV di successo dal valore recuperato. Per il calcolo, \u00e8 possibile utilizzare la calcolatrice qui sopra, completando la somma dovuta e il periodo di scadenza.<\/li>\n<\/ul>\n<p>[\/vc_column_text][\/vc_column_inner][vc_column_inner width=&#8221;1\/2&#8243;][vc_custom_heading text=&#8221;SERVIZI&#8221; font_container=&#8221;tag:h4|text_align:left|color:%23f15a22&#8243; use_theme_fonts=&#8221;yes&#8221; el_class=&#8221;servicii-sectiunea-1-2-titlu&#8221;][vc_column_text]<\/p>\n<ul>\n<li>Consulenza legale sulle modalit\u00e0 di recupero dei debiti, l&#8217;analisi del debito, valutare le possibilit\u00e0 di recupero,scelta dell\u2019approccio alla strategia di recupero, valutazione del recupero dei costi<\/li>\n<li>Assistenza legale specializzata che consiste nella redazione delle notifiche, accordi di ristrutturazione del debito, richieste di convocazione in giudizio, la rappresentanza in giudizio e nella fase esecutiva<\/li>\n<\/ul>\n<p>[\/vc_column_text][\/vc_column_inner][\/vc_row_inner][vc_row_inner el_class=&#8221;servicii-1-2-content&#8221;][vc_column_inner][vc_separator color=&#8221;custom&#8221; accent_color=&#8221;#313131&#8243; el_class=&#8221;servicii-sectiunea-1-2-liniuta&#8221;][vc_column_text]A seconda di documenti di fornitura pu\u00f2 essere richiesta la sollecitazione di altri documenti necessari per risolvere il caso.<\/p>\n<p>Dopo aver studiato i documenti si stabilisce se si pu\u00f2 andare su una procedura rapida per il recupero dei crediti, che usiamo come prova solo i documenti (in questo caso, l&#8217;imposta di bollo \u00e8 di 200 lei per file) o \u00e8 neccessario una richiesta pi\u00f9 complesso \u2013 ricorso di risarcimento danni che coinvolge una prova pi\u00f9 ampia (nel qual caso l\u2019imposta di bollo \u00e8 stabilita al valore del debito ).[\/vc_column_text][\/vc_column_inner][\/vc_row_inner][\/vc_column][\/vc_row]<\/p>","protected":false},"excerpt":{"rendered":"<p>[vc_row css=&#8221;.vc_custom_1489768624208{background-image: url(http:\/\/www.expertmind.ro\/wp-content\/uploads\/2017\/02\/servicii-juridice.png?id=3932) !important;background-position: center !important;background-repeat: no-repeat !important;background-size: cover !important;}&#8221; el_class=&#8221;servicii-top-banner&#8221;][vc_column width=&#8221;2\/3&#8243; el_class=&#8221;servicii-top-banner-title&#8221;][vc_custom_heading text=&#8221;Tutta la sicurezza di cui hai bisogno!&#8221; font_container=&#8221;tag:h2|text_align:left|color:%23f15a23&#8243; use_theme_fonts=&#8221;yes&#8221;][\/vc_column][vc_column width=&#8221;1\/3&#8243;][\/vc_column][\/vc_row][vc_row el_class=&#8221;servicii-top-banner-page-info&#8221;][vc_column][vc_row_inner css=&#8221;.vc_custom_1484568530917{background-color: #7f9296 !important;background-position: center !important;background-repeat: no-repeat !important;background-size: cover !important;}&#8221; el_class=&#8221;servicii-top-banner-fasie-gri&#8221;][vc_column_inner el_class=&#8221;servicii-top-banner-page-title&#8221; width=&#8221;1\/2&#8243;][vc_custom_heading text=&#8221;RECUPERO CREDITI&#8221; font_container=&#8221;tag:h3|text_align:left|color:%23ffffff&#8221; use_theme_fonts=&#8221;yes&#8221;][\/vc_column_inner][vc_column_inner el_class=&#8221;servicii-top-banner-page-breadcrumb&#8221; width=&#8221;1\/2&#8243;][\/vc_column_inner][\/vc_row_inner][\/vc_column][\/vc_row][vc_row el_class=&#8221;servicii-sectiunea-1&#8243;][vc_column width=&#8221;1\/3&#8243; css=&#8221;.vc_custom_1484142666877{background-position: center !important;background-repeat: no-repeat !important;background-size: cover !important;}&#8221; el_class=&#8221;servicii-sectiunea-1-1&#8243;][vc_row_inner el_class=&#8221;servicii-custom-menu&#8221;][vc_column_inner css=&#8221;.vc_custom_1484139076748{background-color: #53575a [&hellip;]<\/p>\n","protected":false},"author":1,"featured_media":0,"parent":1990,"menu_order":1,"comment_status":"closed","ping_status":"closed","template":"","meta":[],"_links":{"self":[{"href":"https:\/\/www.expertmind.ro\/it\/wp-json\/wp\/v2\/pages\/2750"}],"collection":[{"href":"https:\/\/www.expertmind.ro\/it\/wp-json\/wp\/v2\/pages"}],"about":[{"href":"https:\/\/www.expertmind.ro\/it\/wp-json\/wp\/v2\/types\/page"}],"author":[{"embeddable":true,"href":"https:\/\/www.expertmind.ro\/it\/wp-json\/wp\/v2\/users\/1"}],"replies":[{"embeddable":true,"href":"https:\/\/www.expertmind.ro\/it\/wp-json\/wp\/v2\/comments?post=2750"}],"version-history":[{"count":98,"href":"https:\/\/www.expertmind.ro\/it\/wp-json\/wp\/v2\/pages\/2750\/revisions"}],"predecessor-version":[{"id":17534,"href":"https:\/\/www.expertmind.ro\/it\/wp-json\/wp\/v2\/pages\/2750\/revisions\/17534"}],"up":[{"embeddable":true,"href":"https:\/\/www.expertmind.ro\/it\/wp-json\/wp\/v2\/pages\/1990"}],"wp:attachment":[{"href":"https:\/\/www.expertmind.ro\/it\/wp-json\/wp\/v2\/media?parent=2750"}],"curies":[{"name":"wp","href":"https:\/\/api.w.org\/{rel}","templated":true}]}}