{"id":2885,"date":"2017-02-24T10:27:28","date_gmt":"2017-02-24T10:27:28","guid":{"rendered":"http:\/\/www.expertmind.ro\/?page_id=2885"},"modified":"2025-11-14T16:55:47","modified_gmt":"2025-11-14T14:55:47","slug":"abonamente-contabilitate","status":"publish","type":"page","link":"https:\/\/www.expertmind.ro\/it\/tasse\/abbonamento-contabilita\/","title":{"rendered":"Abbonamento contabilit\u00e0"},"content":{"rendered":"<p>[vc_row css=&#8221;.vc_custom_1489770171673{background-image: url(http:\/\/www.expertmind.ro\/wp-content\/uploads\/2017\/02\/abonamente-contabile.png?id=3959) !important;background-position: center !important;background-repeat: no-repeat !important;background-size: cover !important;}&#8221; el_class=&#8221;servicii-top-banner&#8221;][vc_column width=&#8221;2\/3&#8243; el_class=&#8221;servicii-top-banner-title&#8221;][vc_custom_heading text=&#8221;&#8221; font_container=&#8221;tag:h2|text_align:left|color:%23f15a23&#8243; use_theme_fonts=&#8221;yes&#8221;][\/vc_column][vc_column width=&#8221;1\/3&#8243;][\/vc_column][\/vc_row][vc_row el_class=&#8221;servicii-top-banner-page-info&#8221;][vc_column][vc_row_inner css=&#8221;.vc_custom_1484568530917{background-color: #7f9296 !important;background-position: center !important;background-repeat: no-repeat !important;background-size: cover !important;}&#8221; el_class=&#8221;servicii-top-banner-fasie-gri&#8221;][vc_column_inner el_class=&#8221;servicii-top-banner-page-title&#8221; width=&#8221;1\/2&#8243;][vc_custom_heading text=&#8221;ABBONAMENTO CONTABILIT\u00c0&#8221; font_container=&#8221;tag:h3|text_align:left|color:%23ffffff&#8221; use_theme_fonts=&#8221;yes&#8221;][\/vc_column_inner][vc_column_inner el_class=&#8221;servicii-top-banner-page-breadcrumb&#8221; width=&#8221;1\/2&#8243;][\/vc_column_inner][\/vc_row_inner][\/vc_column][\/vc_row][vc_row el_class=&#8221;servicii-sectiunea-1&#8243;][vc_column width=&#8221;1\/3&#8243; css=&#8221;.vc_custom_1484142666877{background-position: center !important;background-repeat: no-repeat !important;background-size: cover !important;}&#8221; el_class=&#8221;servicii-sectiunea-1-1&#8243;][vc_row_inner el_class=&#8221;servicii-custom-menu&#8221;][vc_column_inner css=&#8221;.vc_custom_1484139076748{background-color: #53575a !important;background-position: center !important;background-repeat: no-repeat !important;background-size: cover !important;}&#8221;][vc_wp_custommenu nav_menu=&#8221;64&#8243;][\/vc_column_inner][\/vc_row_inner][vc_empty_space height=&#8221;10px&#8221;][vc_column_text css=&#8221;.vc_custom_1499946067186{background-color: #f15a22 !important;background-position: center !important;background-repeat: no-repeat !important;background-size: cover !important;}&#8221; el_class=&#8221;servicii-buton-solicita&#8221;]<\/p>\n<div><img loading=\"lazy\" class=\"alignnone size-full wp-image-2323\" src=\"http:\/\/www.expertmind.ro\/wp-content\/uploads\/2017\/02\/icon-contacteaza.png\" alt=\"\" width=\"48\" height=\"56\" \/><\/div>\n<div>\n<h4 style=\"color: #ffffff;\"><a href=\"http:\/\/www.expertmind.ro\/contact\/\">ANDIAMO A LAVORARE INSIEME!<\/a><\/h4>\n<\/div>\n<p>[\/vc_column_text][vc_empty_space height=&#8221;10px&#8221;][vc_empty_space height=&#8221;10px&#8221;][\/vc_column][vc_column width=&#8221;2\/3&#8243; el_class=&#8221;servicii-sectiunea-1-2&#8243;][vc_row_inner el_class=&#8221;servicii-sectiunea-1-2-titlu&#8221;][vc_column_inner][vc_custom_heading text=&#8221;Abbonamento contabilit\u00e0&#8221; font_container=&#8221;tag:h1|text_align:left|color:%23f15a22&#8243; use_theme_fonts=&#8221;yes&#8221; el_class=&#8221;servicii-sectiunea-1-2-titlu&#8221;][vc_column_text el_class=&#8221;servicii-sectiunea-1-2-text&#8221;]<\/p>\n<div class=\"wpb_text_column wpb_content_element servicii-sectiunea-1-2-text\">\n<div class=\"wpb_wrapper\">\n<p><strong>L\u2019 Outsourcing dei servizi alle imprese di consulenza con l\u2019area di attivit\u00e0 specifica \u00e8 una decisione matura. Guadagna benefici con l&#8217;acquisto di servizi di contabilit\u00e0 resi dai nostri esperti. La nostra competenza , a EXPERT MIND si basa su migliaia di ore di lavoro e molteplici situazioni gestite con successo.<br \/>\n<\/strong><\/p>\n<\/div>\n<\/div>\n<p>[\/vc_column_text][vc_separator color=&#8221;custom&#8221; accent_color=&#8221;#313131&#8243; el_class=&#8221;servicii-sectiunea-1-2-liniuta&#8221;][\/vc_column_inner][\/vc_row_inner][vc_row_inner el_class=&#8221;servicii-1-2-content&#8221;][vc_column_inner el_class=&#8221;servicii-1-2-content-1&#8243; width=&#8221;1\/2&#8243;][vc_custom_heading text=&#8221;Abbonamento COMPLETE<br \/>\n&#8221; font_container=&#8221;tag:h3|text_align:left|color:%23f15a22&#8243; use_theme_fonts=&#8221;yes&#8221;][vc_column_text]<\/p>\n<ul>\n<li>Servizi di contabilit\u00e0 completa.<\/li>\n<li>Gestire rapporto ANAF.<\/li>\n<li>Preparazione di un rapporto mensile sintetizzato sulla situazione finanziaria &#8211; contabilite della societ\u00e0.<\/li>\n<li>Consulenza fiscale e contabile nel limite di 30 minuti al mese.<\/li>\n<li>Preparazione strumenti di pagamento mensile per il rimborso dei debiti nei confronti dello Stato.<\/li>\n<\/ul>\n<p>[\/vc_column_text][\/vc_column_inner][vc_column_inner el_class=&#8221;servicii-1-2-content-1&#8243; width=&#8221;1\/2&#8243;][vc_custom_heading text=&#8221;VANTAGGI&#8221; font_container=&#8221;tag:h3|text_align:left|color:%23f15a22&#8243; use_theme_fonts=&#8221;yes&#8221;][vc_column_text]<\/p>\n<ul>\n<li><strong>\u00a0<\/strong>Rivolto a persone che vogliono un pacchetto di servizi che include le passivit\u00e0 fiscali mensili e report annuali (cliente orientati al prezzo minimo)<\/li>\n<li>Operazioni aggiuntive sono a pagamento, quando sono solicitati ho quando ce l\u2019obbligazione fiscale.<\/li>\n<\/ul>\n<p>[\/vc_column_text][\/vc_column_inner][\/vc_row_inner][vc_row_inner el_class=&#8221;servicii-1-2-content&#8221;][vc_column_inner el_class=&#8221;servicii-1-2-content-1&#8243;][vc_column_text el_class=&#8221;formular-de-contact formular-de-contact-contabilitate&#8221;]<\/p>\n<h4>CALCOLA I TASSI<\/h4>\n<div role=\"form\" class=\"wpcf7\" id=\"wpcf7-f2999-o4\" lang=\"en-US\" dir=\"ltr\">\n<div class=\"screen-reader-response\"><p role=\"status\" aria-live=\"polite\" aria-atomic=\"true\"><\/p> <ul><\/ul><\/div>\n<form action=\"\/it\/wp-json\/wp\/v2\/pages\/2885#wpcf7-f2999-o4\" method=\"post\" class=\"wpcf7-form init\" novalidate=\"novalidate\" data-status=\"init\">\n<div style=\"display: none;\">\n<input type=\"hidden\" name=\"_wpcf7\" value=\"2999\" \/>\n<input type=\"hidden\" name=\"_wpcf7_version\" value=\"5.4.2\" \/>\n<input type=\"hidden\" name=\"_wpcf7_locale\" value=\"en_US\" \/>\n<input type=\"hidden\" name=\"_wpcf7_unit_tag\" value=\"wpcf7-f2999-o4\" \/>\n<input type=\"hidden\" name=\"_wpcf7_container_post\" value=\"0\" \/>\n<input type=\"hidden\" name=\"_wpcf7_posted_data_hash\" value=\"\" \/>\n<input type=\"hidden\" name=\"_wpcf7cf_hidden_group_fields\" value=\"[]\" \/>\n<input type=\"hidden\" name=\"_wpcf7cf_hidden_groups\" value=\"[]\" \/>\n<input type=\"hidden\" name=\"_wpcf7cf_visible_groups\" value=\"[]\" \/>\n<input type=\"hidden\" name=\"_wpcf7cf_repeaters\" value=\"[]\" \/>\n<input type=\"hidden\" name=\"_wpcf7cf_steps\" value=\"{}\" \/>\n<input type=\"hidden\" name=\"_wpcf7cf_options\" value=\"{&quot;form_id&quot;:2999,&quot;conditions&quot;:[],&quot;settings&quot;:{&quot;animation&quot;:&quot;yes&quot;,&quot;animation_intime&quot;:200,&quot;animation_outtime&quot;:200,&quot;conditions_ui&quot;:&quot;normal&quot;,&quot;notice_dismissed&quot;:false}}\" \/>\n<input type=\"hidden\" name=\"_wpcf7_recaptcha_response\" value=\"\" \/>\n<\/div>\n<div class=\"formular-coloana-1 formular-contabilitate-1\">\n<p> <span class=\"wpcf7-form-control-wrap nume\"><input type=\"text\" name=\"nume\" value=\"\" size=\"40\" class=\"wpcf7-form-control wpcf7-text wpcf7-validates-as-required\" aria-required=\"true\" aria-invalid=\"false\" placeholder=\"Nume si Prenume*\" \/><\/span> <\/p>\n<p> <span class=\"wpcf7-form-control-wrap email\"><input type=\"email\" name=\"email\" value=\"\" size=\"40\" class=\"wpcf7-form-control wpcf7-text wpcf7-email wpcf7-validates-as-required wpcf7-validates-as-email\" aria-required=\"true\" aria-invalid=\"false\" placeholder=\"E-mail*\" \/><\/span> <\/p>\n<p> <span class=\"wpcf7-form-control-wrap company\"><input type=\"text\" name=\"company\" value=\"\" size=\"40\" class=\"wpcf7-form-control wpcf7-text wpcf7-validates-as-required\" aria-required=\"true\" aria-invalid=\"false\" placeholder=\"Companie*\" \/><\/span> <\/p>\n<p> <span class=\"wpcf7-form-control-wrap cui\"><input type=\"text\" name=\"cui\" value=\"\" size=\"40\" class=\"wpcf7-form-control wpcf7-text wpcf7-validates-as-required\" aria-required=\"true\" aria-invalid=\"false\" placeholder=\"C.U.I. Societate*\" \/><\/span> <\/p>\n<p> <span class=\"wpcf7-form-control-wrap phone\"><input type=\"tel\" name=\"phone\" value=\"\" size=\"40\" class=\"wpcf7-form-control wpcf7-text wpcf7-tel wpcf7-validates-as-required wpcf7-validates-as-tel\" aria-required=\"true\" aria-invalid=\"false\" placeholder=\"Telefon*\" \/><\/span> <\/p>\n<p> <span class=\"wpcf7-form-control-wrap location\"><input type=\"text\" name=\"location\" value=\"\" size=\"40\" class=\"wpcf7-form-control wpcf7-text wpcf7-validates-as-required\" aria-required=\"true\" aria-invalid=\"false\" placeholder=\"Localitate*\" \/><\/span> <\/p>\n<p> <span class=\"wpcf7-form-control-wrap puncte-lucru\"><input type=\"text\" name=\"puncte-lucru\" value=\"\" size=\"40\" class=\"wpcf7-form-control wpcf7-text wpcf7-validates-as-required\" aria-required=\"true\" aria-invalid=\"false\" placeholder=\"Puncte de lucru*\" \/><\/span> <\/p>\n<p> <span class=\"wpcf7-form-control-wrap doc-primite\"><input type=\"number\" name=\"doc-primite\" value=\"\" class=\"wpcf7-form-control wpcf7-number wpcf7-validates-as-required wpcf7-validates-as-number\" aria-required=\"true\" aria-invalid=\"false\" placeholder=\"Numar documente primite lunar*\" \/><\/span> <\/p>\n<p> <span class=\"wpcf7-form-control-wrap doc-emise\"><input type=\"number\" name=\"doc-emise\" value=\"\" class=\"wpcf7-form-control wpcf7-number wpcf7-validates-as-required wpcf7-validates-as-number\" aria-required=\"true\" aria-invalid=\"false\" placeholder=\"Numar documente emise lunar*\" \/><\/span> <\/p>\n<p> <span class=\"wpcf7-form-control-wrap cifra-afaceri\"><input type=\"number\" name=\"cifra-afaceri\" value=\"\" class=\"wpcf7-form-control wpcf7-number wpcf7-validates-as-required wpcf7-validates-as-number\" aria-required=\"true\" aria-invalid=\"false\" placeholder=\"Cifra de afaceri (in medie lunara)*\" \/><\/span> <\/p>\n<p>In: <span class=\"wpcf7-form-control-wrap locatie\"><select name=\"locatie\" class=\"wpcf7-form-control wpcf7-select wpcf7-validates-as-required\" aria-required=\"true\" aria-invalid=\"false\"><option value=\"Iasi\">Iasi<\/option><option value=\"Bucuresti\">Bucuresti<\/option><\/select><\/span><\/p>\n<\/div>\n<div class=\"formular-coloana-2 formular-contabilitate-2\">\n<p> Obiecte de activitate cu activitati contabile specifice: <span class=\"wpcf7-form-control-wrap obiecte\"><select name=\"obiecte\" class=\"wpcf7-form-control wpcf7-select wpcf7-validates-as-required\" aria-required=\"true\" aria-invalid=\"false\"><option value=\"Transport intern\">Transport intern<\/option><option value=\"Transport interna\u0163ional\">Transport interna\u0163ional<\/option><option value=\"Produc\u0163ie\">Produc\u0163ie<\/option><option value=\"Import-Export\">Import-Export<\/option><option value=\"Agentie de turism\">Agentie de turism<\/option><option value=\"Contracte leasing\/credite\">Contracte leasing\/credite<\/option><option value=\"Amanet\">Amanet<\/option><option value=\"Second-hand\">Second-hand<\/option><option value=\"Servicii Electronice M1SS\">Servicii Electronice M1SS<\/option><option value=\"Altele\">Altele<\/option><\/select><\/span> <\/p>\n<p> Evidenta gestiunii: <span class=\"wpcf7-form-control-wrap gestiune\"><select name=\"gestiune\" class=\"wpcf7-form-control wpcf7-select wpcf7-validates-as-required\" aria-required=\"true\" aria-invalid=\"false\"><option value=\"Eviden\u0163\u0103 valoric\u0103\">Eviden\u0163\u0103 valoric\u0103<\/option><option value=\"Eviden\u0163\u0103 cantitativ\u0103 (contabilitate primara)\">Eviden\u0163\u0103 cantitativ\u0103 (contabilitate primara)<\/option><\/select><\/span> <\/p>\n<p class=\"el-margin-b\"> Metoda de impozitare*: <span class=\"wpcf7-form-control-wrap metoda-impozitare\"><select name=\"metoda-impozitare\" class=\"wpcf7-form-control wpcf7-select wpcf7-validates-as-required\" aria-required=\"true\" aria-invalid=\"false\"><option value=\"Impozit pe venit\">Impozit pe venit<\/option><option value=\"Impozit pe profit\/specific\">Impozit pe profit\/specific<\/option><\/select><\/span> <\/p>\n<p class=\"el-margin-b\"> Calitatea de platitor de TVA*: <span class=\"wpcf7-form-control-wrap platitor-tva\"><span class=\"wpcf7-form-control wpcf7-radio\"><span class=\"wpcf7-list-item first\"><input type=\"radio\" name=\"platitor-tva\" value=\"Da\" \/><span class=\"wpcf7-list-item-label\">Da<\/span><\/span><span class=\"wpcf7-list-item last\"><input type=\"radio\" name=\"platitor-tva\" value=\"Nu\" \/><span class=\"wpcf7-list-item-label\">Nu<\/span><\/span><\/span><\/span> <\/p>\n<p class=\"el-margin-b\"> Importuri sau achizitii intracomunitare*: <span class=\"wpcf7-form-control-wrap intracomunitar\"><span class=\"wpcf7-form-control wpcf7-radio\"><span class=\"wpcf7-list-item first\"><input type=\"radio\" name=\"intracomunitar\" value=\"Da\" \/><span class=\"wpcf7-list-item-label\">Da<\/span><\/span><span class=\"wpcf7-list-item last\"><input type=\"radio\" name=\"intracomunitar\" value=\"Nu\" \/><span class=\"wpcf7-list-item-label\">Nu<\/span><\/span><\/span><\/span> <\/p>\n<p class=\"el-margin-b\"> Raportari Intrastat*: <span class=\"wpcf7-form-control-wrap intrastat\"><span class=\"wpcf7-form-control wpcf7-radio\"><span class=\"wpcf7-list-item first\"><input type=\"radio\" name=\"intrastat\" value=\"Da\" \/><span class=\"wpcf7-list-item-label\">Da<\/span><\/span><span class=\"wpcf7-list-item last\"><input type=\"radio\" name=\"intrastat\" value=\"Nu\" \/><span class=\"wpcf7-list-item-label\">Nu<\/span><\/span><\/span><\/span> <\/p>\n<p class=\"el-margin-b\"> Raportari pentru Fondul de mediu*: <span class=\"wpcf7-form-control-wrap fond-mediu\"><span class=\"wpcf7-form-control wpcf7-radio\"><span class=\"wpcf7-list-item first\"><input type=\"radio\" name=\"fond-mediu\" value=\"Da\" \/><span class=\"wpcf7-list-item-label\">Da<\/span><\/span><span class=\"wpcf7-list-item last\"><input type=\"radio\" name=\"fond-mediu\" value=\"Nu\" \/><span class=\"wpcf7-list-item-label\">Nu<\/span><\/span><\/span><\/span> <\/p>\n<p class=\"el-margin-b\"> Consultanta fiscala*: <span class=\"wpcf7-form-control-wrap consultanta-fiscala\"><span class=\"wpcf7-form-control wpcf7-radio\"><span class=\"wpcf7-list-item first\"><input type=\"radio\" name=\"consultanta-fiscala\" value=\"Da\" \/><span class=\"wpcf7-list-item-label\">Da<\/span><\/span><span class=\"wpcf7-list-item last\"><input type=\"radio\" name=\"consultanta-fiscala\" value=\"Nu\" \/><span class=\"wpcf7-list-item-label\">Nu<\/span><\/span><\/span><\/span> <\/p>\n<p class=\"numar-ore-formular-conta el-margin-b\"> Precizati numarul de ore: <span class=\"wpcf7-form-control-wrap ore\"><input type=\"number\" name=\"ore\" value=\"\" class=\"wpcf7-form-control wpcf7-number wpcf7-validates-as-number\" aria-invalid=\"false\" \/><\/span> <\/p>\n\n<p><br\/><br \/>\n<input type=\"submit\" value=\"Trimite\" class=\"wpcf7-form-control wpcf7-submit\" \/>\n<\/div>\n<div class=\"wpcf7-response-output\" aria-hidden=\"true\"><\/div><\/form><\/div>[\/vc_column_text][vc_separator color=&#8221;custom&#8221; accent_color=&#8221;#313131&#8243; el_class=&#8221;servicii-sectiunea-1-2-liniuta&#8221; css=&#8221;.vc_custom_1489926080612{background-color: #ffffff !important;}&#8221;][\/vc_column_inner][\/vc_row_inner][vc_row_inner el_class=&#8221;servicii-1-2-content abonament-expert&#8221;][vc_column_inner el_class=&#8221;servicii-1-2-content-1&#8243; width=&#8221;1\/2&#8243;][vc_custom_heading text=&#8221;Abbonamento EXPERT &#8221; font_container=&#8221;tag:h3|text_align:left|color:%23f15a22&#8243; use_theme_fonts=&#8221;yes&#8221;][vc_column_text]<\/p>\n<ul>\n<li>Servizi di verifica della situazione contabili.<\/li>\n<li>Gestire rapporto ANAF.<\/li>\n<li>Preparazione di un report mensile sintetizzato sulla situazione finanziaria &#8211; contabile della societ\u00e0.<\/li>\n<li>Consulenza fiscale e contabile nel limite di 30 minuti al mese.<\/li>\n<li>Preparazione strumenti di pagamento mensile per il rimborso dei debiti nei confronti dello Stato.<\/li>\n<\/ul>\n<p>[\/vc_column_text][\/vc_column_inner][vc_column_inner el_class=&#8221;servicii-1-2-content-1&#8243; width=&#8221;1\/2&#8243;][vc_custom_heading text=&#8221;VANTAGGI&#8221; font_container=&#8221;tag:h3|text_align:left|color:%23f15a22&#8243; use_theme_fonts=&#8221;yes&#8221;][vc_column_text]<\/p>\n<ul>\n<li>Rivolto a persone che vogliono un pacchetto di servizi che include la parte della certificazione. Rappresenta un&#8217;opportunit\u00e0 per le aziende che non hanno uno specialista interno qualificato nelle attivit\u00e0 contabili in materia di dichiarazioni e bilancio. Fornisce sicurezza riguardo alla chiarezza, accuratezza e completezza fiscale.<\/li>\n<li>Include il supporto per il personale interno del reparto contabilit\u00e0.<\/li>\n<\/ul>\n<p>[\/vc_column_text][\/vc_column_inner][\/vc_row_inner][vc_row_inner][vc_column_inner][vc_btn title=&#8221;Offerta abbonamento!&#8221; style=&#8221;flat&#8221; shape=&#8221;square&#8221; el_class=&#8221;buton-hai-sa-lucram&#8221; link=&#8221;url:http%3A%2F%2Fwww.expertmind.ro%2Fcontact%2F|||&#8221;][vc_separator color=&#8221;custom&#8221; accent_color=&#8221;#313131&#8243; el_class=&#8221;servicii-sectiunea-1-2-liniuta liniuta-abonamente-conta&#8221;][\/vc_column_inner][\/vc_row_inner][vc_row_inner el_class=&#8221;servicii-1-2-content abonament-expert&#8221;][vc_column_inner el_class=&#8221;servicii-1-2-content-1&#8243; width=&#8221;1\/2&#8243;][vc_custom_heading text=&#8221;Abbonamento EXECUTIVE &#8221; font_container=&#8221;tag:h3|text_align:left|color:%23f15a22&#8243; use_theme_fonts=&#8221;yes&#8221;][vc_column_text]<\/p>\n<ul>\n<li>Gestione rapporto ANAF<\/li>\n<li>Preparazione di un rapporto mensile sintetizzato sulla situazione finanziaria &#8211; contabile della societ\u00e0<\/li>\n<li>consulenza fiscale e contabile nel limite di 30 minuti al mese<\/li>\n<li>Preparazione strumenti di pagamento mensile per il rimborso dei debiti allo Stato<\/li>\n<li>Raccomandazioni per l&#8217;ottimizzazione fiscale<\/li>\n<li>Posizionamento del personalespecializzato nella sede del cliente<\/li>\n<li>Relazione sulla gestione dedicato (entrate di bilancio e spese, cash flow)<\/li>\n<li>Le statistiche sul grado di raggiungimento degli obiettivi annuali<\/li>\n<li>Report finanziari personalizzati, insegnate e spiegate mensilmente sulla gestione della societ\u00e0<\/li>\n<\/ul>\n<p>[\/vc_column_text][\/vc_column_inner][vc_column_inner el_class=&#8221;servicii-1-2-content-1&#8243; width=&#8221;1\/2&#8243;][vc_custom_heading text=&#8221;VANTAGGI&#8221; font_container=&#8221;tag:h3|text_align:left|color:%23f15a22&#8243; use_theme_fonts=&#8221;yes&#8221;][vc_column_text]<\/p>\n<ul>\n<li>Specialista qualificato dedicato al cliente<\/li>\n<li>Strutturazione efficiente degli approccigionamenti per ottenere benefici o esenzioni fiscali<\/li>\n<li>Certezza sul flusso dei documenti finanziari all&#8217;interno della societ\u00e0 e individuazione delle necessit\u00e0 per ogni operazione<\/li>\n<li>Minimizzazionedei costi fiscali sulle transazioni (imposte sui redditi, IVA, ecc)<\/li>\n<li>Report di gestione mensili<\/li>\n<li>Organizzazione del dipartimento<\/li>\n<li>Management finanziario<\/li>\n<\/ul>\n<p>[\/vc_column_text][\/vc_column_inner][\/vc_row_inner][vc_row_inner][vc_column_inner][vc_btn title=&#8221;Offerta abbonamento!&#8221; style=&#8221;flat&#8221; shape=&#8221;square&#8221; el_class=&#8221;buton-hai-sa-lucram&#8221; link=&#8221;url:http%3A%2F%2Fwww.expertmind.ro%2Fcontact%2F|||&#8221;][\/vc_column_inner][\/vc_row_inner][\/vc_column][\/vc_row]<\/p>","protected":false},"excerpt":{"rendered":"<p>[vc_row css=&#8221;.vc_custom_1489770171673{background-image: url(http:\/\/www.expertmind.ro\/wp-content\/uploads\/2017\/02\/abonamente-contabile.png?id=3959) !important;background-position: center !important;background-repeat: no-repeat !important;background-size: cover !important;}&#8221; el_class=&#8221;servicii-top-banner&#8221;][vc_column width=&#8221;2\/3&#8243; el_class=&#8221;servicii-top-banner-title&#8221;][vc_custom_heading text=&#8221;&#8221; font_container=&#8221;tag:h2|text_align:left|color:%23f15a23&#8243; use_theme_fonts=&#8221;yes&#8221;][\/vc_column][vc_column width=&#8221;1\/3&#8243;][\/vc_column][\/vc_row][vc_row el_class=&#8221;servicii-top-banner-page-info&#8221;][vc_column][vc_row_inner css=&#8221;.vc_custom_1484568530917{background-color: #7f9296 !important;background-position: center !important;background-repeat: no-repeat !important;background-size: cover !important;}&#8221; el_class=&#8221;servicii-top-banner-fasie-gri&#8221;][vc_column_inner el_class=&#8221;servicii-top-banner-page-title&#8221; width=&#8221;1\/2&#8243;][vc_custom_heading text=&#8221;ABBONAMENTO CONTABILIT\u00c0&#8221; font_container=&#8221;tag:h3|text_align:left|color:%23ffffff&#8221; use_theme_fonts=&#8221;yes&#8221;][\/vc_column_inner][vc_column_inner el_class=&#8221;servicii-top-banner-page-breadcrumb&#8221; width=&#8221;1\/2&#8243;][\/vc_column_inner][\/vc_row_inner][\/vc_column][\/vc_row][vc_row el_class=&#8221;servicii-sectiunea-1&#8243;][vc_column width=&#8221;1\/3&#8243; css=&#8221;.vc_custom_1484142666877{background-position: center !important;background-repeat: no-repeat !important;background-size: cover !important;}&#8221; el_class=&#8221;servicii-sectiunea-1-1&#8243;][vc_row_inner el_class=&#8221;servicii-custom-menu&#8221;][vc_column_inner css=&#8221;.vc_custom_1484139076748{background-color: #53575a !important;background-position: center !important;background-repeat: no-repeat !important;background-size: cover [&hellip;]<\/p>\n","protected":false},"author":1,"featured_media":0,"parent":2007,"menu_order":1,"comment_status":"closed","ping_status":"closed","template":"","meta":[],"_links":{"self":[{"href":"https:\/\/www.expertmind.ro\/it\/wp-json\/wp\/v2\/pages\/2885"}],"collection":[{"href":"https:\/\/www.expertmind.ro\/it\/wp-json\/wp\/v2\/pages"}],"about":[{"href":"https:\/\/www.expertmind.ro\/it\/wp-json\/wp\/v2\/types\/page"}],"author":[{"embeddable":true,"href":"https:\/\/www.expertmind.ro\/it\/wp-json\/wp\/v2\/users\/1"}],"replies":[{"embeddable":true,"href":"https:\/\/www.expertmind.ro\/it\/wp-json\/wp\/v2\/comments?post=2885"}],"version-history":[{"count":62,"href":"https:\/\/www.expertmind.ro\/it\/wp-json\/wp\/v2\/pages\/2885\/revisions"}],"predecessor-version":[{"id":17538,"href":"https:\/\/www.expertmind.ro\/it\/wp-json\/wp\/v2\/pages\/2885\/revisions\/17538"}],"up":[{"embeddable":true,"href":"https:\/\/www.expertmind.ro\/it\/wp-json\/wp\/v2\/pages\/2007"}],"wp:attachment":[{"href":"https:\/\/www.expertmind.ro\/it\/wp-json\/wp\/v2\/media?parent=2885"}],"curies":[{"name":"wp","href":"https:\/\/api.w.org\/{rel}","templated":true}]}}