{"id":13703,"date":"2022-10-19T12:13:32","date_gmt":"2022-10-19T10:13:32","guid":{"rendered":"https:\/\/www.expertmind.ro\/?page_id=13703"},"modified":"2025-11-17T09:28:31","modified_gmt":"2025-11-17T07:28:31","slug":"verificare-partener-de-afacere-2","status":"publish","type":"page","link":"https:\/\/www.expertmind.ro\/ru\/uslugi\/yuridicheskie-uslugi\/inregistrare-marca-la-osim-si-euipo\/","title":{"rendered":"\u00cenregistrare marc\u0103 la OSIM \u0219i EUIPO"},"content":{"rendered":"<p>[vc_row css=&#8221;.vc_custom_1489768935562{background-image: url(http:\/\/www.expertmind.ro\/wp-content\/uploads\/2017\/02\/servicii-juridice.png?id=3932) !important;background-position: center !important;background-repeat: no-repeat !important;background-size: cover !important;}&#8221; el_class=&#8221;servicii-top-banner&#8221;][vc_column width=&#8221;2\/3&#8243; el_class=&#8221;servicii-top-banner-title&#8221;][vc_custom_heading text=&#8221;\u00ce\u021bi oferim sprijinul necesar<br \/>\npentru a lua decizii \u00een siguran\u021b\u0103!&#8221; font_container=&#8221;tag:h2|text_align:left|color:%23f15a23&#8243; use_theme_fonts=&#8221;yes&#8221;][\/vc_column][vc_column width=&#8221;1\/3&#8243;][\/vc_column][\/vc_row][vc_row el_class=&#8221;servicii-top-banner-page-info&#8221;][vc_column][vc_row_inner css=&#8221;.vc_custom_1484568530917{background-color: #7f9296 !important;background-position: center !important;background-repeat: no-repeat !important;background-size: cover !important;}&#8221; el_class=&#8221;servicii-top-banner-fasie-gri&#8221;][vc_column_inner el_class=&#8221;servicii-top-banner-page-title&#8221; width=&#8221;1\/2&#8243;][vc_custom_heading text=&#8221;\u00ceNREGISTRARE MARC\u0102 LA OSIM \u0218I EUIPO&#8221; font_container=&#8221;tag:h3|text_align:left|color:%23ffffff&#8221; use_theme_fonts=&#8221;yes&#8221;][\/vc_column_inner][vc_column_inner el_class=&#8221;servicii-top-banner-page-breadcrumb&#8221; width=&#8221;1\/2&#8243;][\/vc_column_inner][\/vc_row_inner][\/vc_column][\/vc_row][vc_row el_class=&#8221;servicii-sectiunea-1&#8243;][vc_column width=&#8221;1\/3&#8243; css=&#8221;.vc_custom_1484142666877{background-position: center !important;background-repeat: no-repeat !important;background-size: cover !important;}&#8221; el_class=&#8221;servicii-sectiunea-1-1&#8243;][vc_row_inner el_class=&#8221;servicii-custom-menu&#8221;][vc_column_inner css=&#8221;.vc_custom_1484139076748{background-color: #53575a !important;background-position: center !important;background-repeat: no-repeat !important;background-size: cover !important;}&#8221;][vc_wp_custommenu nav_menu=&#8221;50&#8243;][\/vc_column_inner][\/vc_row_inner][vc_column_text css=&#8221;.vc_custom_1490000755066{background-color: #f15a22 !important;background-position: center !important;background-repeat: no-repeat !important;background-size: cover !important;}&#8221; el_class=&#8221;servicii-buton-solicita&#8221;]<\/p>\n<div><img loading=\"lazy\" class=\"alignnone size-full wp-image-2323\" src=\"http:\/\/www.expertmind.ro\/wp-content\/uploads\/2017\/02\/icon-contacteaza.png\" alt=\"\" width=\"48\" height=\"56\" \/><\/div>\n<div>\n<h4 style=\"color: #ffffff;\"><a href=\"http:\/\/www.expertmind.ro\/contact\/\">HAI SA LUCRAM IMPREUNA!<\/a><\/h4>\n<\/div>\n<p>[\/vc_column_text][\/vc_column][vc_column width=&#8221;2\/3&#8243; el_class=&#8221;servicii-sectiunea-1-2&#8243;][vc_row_inner el_class=&#8221;servicii-sectiunea-1-2-titlu&#8221;][vc_column_inner][vc_custom_heading text=&#8221;&#8221; font_container=&#8221;tag:h1|text_align:center|color:%23f15a22&#8243; use_theme_fonts=&#8221;yes&#8221; el_class=&#8221;servicii-sectiunea-1-2-titlu&#8221;][vc_column_text el_class=&#8221;servicii-sectiunea-1-2-text&#8221;]<\/p>\n<h3 style=\"text-align: center;\"><strong>Securiza\u021bi-v\u0103 ideea de business! \u00cenregistra\u021bi-v\u0103 marca afacerii la OSIM, EUIPO!<\/strong><\/h3>\n<p><img loading=\"lazy\" class=\"aligncenter \" src=\"https:\/\/www.expertmind.ro\/wp-content\/uploads\/2022\/10\/Inregistrare-OSIM-1-ARTICOL.jpg\" width=\"530\" height=\"530\" \/>[\/vc_column_text][vc_separator color=&#8221;custom&#8221; el_class=&#8221;servicii-sectiunea-1-2-liniuta&#8221; accent_color=&#8221;#313131&#8243;][\/vc_column_inner][\/vc_row_inner][vc_row_inner el_class=&#8221;servicii-1-2-content&#8221;][vc_column_inner el_class=&#8221;servicii-1-2-content-1&#8243;][vc_column_text]<span style=\"font-weight: 400;\">O marc\u0103 \u00eenregistrat\u0103 este printre cele mai importante active de\u021binute de o companie pentru c\u0103 aceasta reprezint\u0103 caracteristica cea mai important\u0103 a oric\u0103rei strategii de marketing. Astfel, dac\u0103 dori\u021bi un brand apreciat \u00een mediul online, trebuie s\u0103 v\u0103 securiza\u021bi ideea de business \u00eenc\u0103 de la \u00eenceput. <\/span><span style=\"font-weight: 400;\">Doar <\/span><b>unicitatea, inova\u021bia \u0219i know-how-ul merit\u0103 s\u0103 fie doar ale dumneavoastr\u0103<\/b><span style=\"font-weight: 400;\">, nu-i a\u0219a?<\/span><\/p>\n<p>&nbsp;<\/p>\n<h3><span style=\"color: #ff6600;\"><b>Deosebi\u021bi-v\u0103 de mul\u021bime! Alege\u021bi s\u0103 v\u0103 \u00eenregistra\u021bi marca pentru a deveni cel mai valoros activ.<\/b><\/span> <b>Cum?<\/b><span style=\"font-weight: 400;\"> Apela\u021bi la <\/span><b>Consultan\u021bii Expert Mind! <\/b><span style=\"font-weight: 400;\">Noi ne vom ocupa de tot procesul de \u00eenscriere a m\u0103rcii la OSIM sau EUIPO, de la \u00eentocmirea documenta\u021biei, p\u00e2n\u0103 la depunerea dosarului, de \u00eentreg demersul \u00een ceea ce prive\u0219te drepturile de proprietate intelectual\u0103 ale afacerii dumneavoastr\u0103, ne ocup\u0103m noi.<\/span><\/h3>\n<h3><span style=\"color: #ff6600;\"><b>Protec\u021bia pentru cre\u0219terea afacerii dumneavoastr\u0103 este prioritar\u0103!<\/b><\/span><\/h3>\n<p>&nbsp;<\/p>\n<ul>\n<li aria-level=\"1\"><span style=\"color: #ff6600;\"><b>Beneficiari eligibi<\/b><\/span><\/li>\n<\/ul>\n<p>&nbsp;<\/p>\n<ul>\n<li style=\"font-weight: 400;\" aria-level=\"1\"><span style=\"font-weight: 400;\">\u00centreprinderile mici \u0219i mijlocii (IMM-uri) cu sediul \u00een Uniunea European\u0103.<\/span><\/li>\n<\/ul>\n<p>&nbsp;<\/p>\n<p>&nbsp;<\/p>\n<ul>\n<li aria-level=\"1\"><span style=\"color: #ff6600;\"><b>Ce se poate \u00eenregistra ca marc\u0103 la OSIM\/EUIPO?<\/b><\/span><\/li>\n<\/ul>\n<p>&nbsp;<\/p>\n<p><span style=\"font-weight: 400;\">Printre elementele care pot fi \u00eenregistrate ca marc\u0103 se num\u0103r\u0103:<\/span><span style=\"font-weight: 400;\">\u00a0<\/span><\/p>\n<ul>\n<li style=\"font-weight: 400;\" aria-level=\"1\"><span style=\"font-weight: 400;\">un cuv\u00e2nt sau mai multe combina\u021bii de cuvinte, un nume sau un slogan;<\/span><\/li>\n<li style=\"font-weight: 400;\" aria-level=\"1\"><span style=\"font-weight: 400;\">litere sau numere;<\/span><\/li>\n<li style=\"font-weight: 400;\" aria-level=\"1\"><span style=\"font-weight: 400;\">o marc\u0103 figurativ\u0103\/un logo;<\/span><\/li>\n<li style=\"font-weight: 400;\" aria-level=\"1\"><span style=\"font-weight: 400;\">o marc\u0103 tridimensional\u0103;<\/span><\/li>\n<li style=\"font-weight: 400;\" aria-level=\"1\"><span style=\"font-weight: 400;\">forma unui produs, simboluri sau orice poate fi reprezentat \u00eentr-o anumit\u0103 form\u0103.<\/span><\/li>\n<\/ul>\n<p><span style=\"font-weight: 400;\">Singura condi\u021bie este ca toate elementele de mai sus s\u0103 fie unice.<\/span><\/p>\n<p>&nbsp;<\/p>\n<ul>\n<li aria-level=\"1\"><span style=\"color: #ff6600;\"><b>Avantajele \u00eenregistr\u0103rii unei m\u0103rci<\/b><\/span><\/li>\n<\/ul>\n<p>&nbsp;<\/p>\n<ul>\n<li style=\"font-weight: 400;\" aria-level=\"1\"><b>Siguran\u021b\u0103 \u0219i originalitate.<\/b><span style=\"font-weight: 400;\"> V\u0103 asigura\u021bi c\u0103 sunte\u021bi unic \u00een domeniul de activitate din \u021bara dumneavoastr\u0103. \u00cen majoritatea statelor, drepturile conferite de o marc\u0103 sunt dob\u00e2ndite numai prin \u00eenregistrarea acesteia.<\/span><\/li>\n<li style=\"font-weight: 400;\" aria-level=\"1\"><b>Preveni\u021bi \u00eenc\u0103lcarea drepturilor de autor.<\/b><span style=\"font-weight: 400;\"> Este mult mai u\u0219or s\u0103 se demonstreze apartenen\u021ba unei m\u0103rci \u00eenregistrate prin de\u021binerea certificatului, prevenind astfel \u00eenc\u0103lcarea drepturilor \u00een situa\u021biile \u00een care v\u0103 confrunta\u021bi cu servicii sau produse similare pe pia\u021b\u0103.<\/span><\/li>\n<li style=\"font-weight: 400;\" aria-level=\"1\"><b>\u00cencredere \u0219i notorietate de la public<\/b><span style=\"font-weight: 400;\">. O marc\u0103 \u00eenregistrat\u0103 va cre\u0219te \u00eentotdeauna valoarea afacerii dumneavoastr\u0103 \u0219i va putea aduce \u0219i mai multe beneficii dac\u0103 \u00een viitor ve\u021bi opta s\u0103 vinde\u021bi afacerea.<\/span><\/li>\n<\/ul>\n<p><span style=\"font-weight: 400;\">\u00a0<\/span><\/p>\n<ul>\n<li aria-level=\"1\"><span style=\"color: #ff6600;\"><b>De ce ave\u021bi nevoie pentru \u00eenregistrarea unei m\u0103rci comerciale na\u021bionale (OSIM)<\/b><\/span><\/li>\n<\/ul>\n<p>&nbsp;<\/p>\n<ol>\n<li><b><\/b><b><\/b><b> Cercetare documentar\u0103 prealabil\u0103<\/b><span style=\"font-weight: 400;\"> pentru a verifica disponibilitatea m\u0103rcii. Echipa de consultan\u021bi din departamentul juridic poate realiza un research pentru a verifica dac\u0103 mai exist\u0103 pe pia\u021b\u0103 o marc\u0103 identic\u0103 sau similar\u0103 cu cea a dumneavoastr\u0103;<\/span><\/li>\n<li><b> Stabilirea protec\u021biei m\u0103rcii <\/b><span style=\"font-weight: 400;\">(identificare clase NISA necesare);<\/span><\/li>\n<li><b> \u00centocmirea dosarului de \u00eenregistrare<\/b><span style=\"font-weight: 400;\"> conform solicit\u0103rilor legislative \u0219i \u00eenscrierea acestuia la OSIM;<\/span><\/li>\n<li><b> Publicarea cererii de marc\u0103 \u00een Buletinul Oficial<\/b><span style=\"font-weight: 400;\">. Cererea de marc\u0103 va intra \u00een perioada de examinare care poate dura p\u00e2n\u0103 la 6 luni;<\/span><\/li>\n<\/ol>\n<p><span style=\"font-weight: 400;\">De asemenea, dup\u0103 ce OSIM a acceptat \u00eenregistr\u0103rii m\u0103rcii, aceasta va fi din nou publicat\u0103 \u00een Buletinul Oficial ca fiind admis\u0103 la \u00eenregistrare, deschiz\u00e2ndu-se astfel perioada de opozi\u021bii de 2 luni;<\/span><\/p>\n<ol start=\"5\">\n<li><b> Solicitare certificat de \u00eenregistrare marc\u0103<\/b><span style=\"font-weight: 400;\">. Dup\u0103 \u00eencheierea perioadelor de timp \u00een care marca poate fi contestat\u0103 de public, aceasta se consider\u0103 a fi \u00eenregistrat\u0103 urm\u00e2nd a fi eliberat certificatul de \u00eenregistrare a m\u0103rcii<\/span><b>.<\/b><\/li>\n<\/ol>\n<p>&nbsp;<\/p>\n<ul>\n<li aria-level=\"1\"><span style=\"color: #ff6600;\"><b>DURATA<\/b><\/span><\/li>\n<\/ul>\n<p>&nbsp;<\/p>\n<p><span style=\"font-weight: 400;\">Procedura de \u00eenregistrare a unei m\u0103rci \u00een Rom\u00e2nia dureaz\u0103 aproximativ 9-10 luni p\u00e2n\u0103 la eliberarea certificatului de \u00eenregistrare, parcurg\u00e2nd mai multe etape, \u00eens\u0103 dumneavoastr\u0103 pute\u021bi ob\u021bine un drept anterior (retroactiv), odat\u0103 cu depunerea dosarului de marc\u0103. Marca este valabil\u0103 exclusiv pe teritoriul Rom\u00e2niei.<\/span><\/p>\n<p><span style=\"font-weight: 400;\">\u00a0<\/span><\/p>\n<ul>\n<li aria-level=\"1\"><span style=\"color: #ff6600;\"><b>De ce ave\u021bi nevoie pentru \u00eenregistrarea unei m\u0103rci comerciale europene (EUIPO)<\/b><b>\u00a0<\/b><\/span><\/li>\n<\/ul>\n<p>&nbsp;<\/p>\n<ol>\n<li><b><\/b> <b>Cercetare documentar\u0103 prealabil\u0103 <\/b><span style=\"font-weight: 400;\">pentru a verifica disponibilitatea m\u0103rcii.<\/span><\/li>\n<li><b> Stabilirea protec\u021biei m\u0103rcii <\/b><span style=\"font-weight: 400;\">(identificare clase NISA necesare).<\/span><\/li>\n<li><b> \u00centocmirea dosarului de \u00eenregistrar<\/b><span style=\"font-weight: 400;\">e conform solicit\u0103rilor legislative \u0219i \u00eenscrierea acestuia<\/span><span style=\"font-weight: 400;\"> la <\/span><span style=\"font-weight: 400;\">EUIPO.<\/span><\/li>\n<li><b> Examinarea cererii \u0219i publicarea <\/b><span style=\"font-weight: 400;\">acesteia ca admis\u0103 la \u00eenregistrare. Cererea de marc\u0103 va intra \u00een perioada \u00een care poate fi contestat\u0103 de c\u0103tre ter\u021bi prin <\/span>depunerea opozi\u021biilor la \u00eenregistrare, perioad\u0103 care dureaz\u0103 3 luni.<\/li>\n<li><b>\u00cencheierea contesta\u021biilor \u0219i emiterea certificatului de \u00eenregistrare a m\u0103rcii,<\/b><span style=\"font-weight: 400;\"> numai \u00een format digital.<\/span><\/li>\n<\/ol>\n<p>&nbsp;<\/p>\n<ul>\n<li aria-level=\"1\"><span style=\"color: #ff6600;\"><b>DURATA<\/b><\/span><\/li>\n<\/ul>\n<p>&nbsp;<\/p>\n<p><span style=\"font-weight: 400;\">\u00centreaga procedur\u0103 de \u00eenregistrare a unei m\u0103rci europene dureaz\u0103 aproximativ 9-10 luni p\u00e2n\u0103 la eliberarea certificatului de \u00eenregistrare, parcurg\u00e2nd mai multe etape, \u00eens\u0103 dumneavoastr\u0103 ve\u021bi ob\u021bine un drept anterior (retroactiv), odat\u0103 cu depunerea dosarului de marc\u0103. Marca european\u0103 este valabil\u0103 \u00een toate cele 27 de state ale Uniunii Europene, inclusiv \u00een Rom\u00e2nia (nemaifiind nevoie de dublarea protec\u021biei prin \u00eenregistrarea unei m\u0103rci na\u021bionale).<\/span><\/p>\n<p><span style=\"font-weight: 400;\">Marca \u00eenregistrat\u0103 este valabil\u0103 10 ani, cu posibilitatea de re\u00eennoire din 10 \u00een 10 ani, nelimitat.<\/span><\/p>\n<p><b>\u00a0<\/b><\/p>\n<p><b>DOCUMENTE NECESARE<\/b><\/p>\n<ul>\n<li><span style=\"font-weight: 400;\"> Copie CUI;<\/span><\/li>\n<li><span style=\"font-weight: 400;\"> Denumirea\/LOGO-ul m\u0103rcii \u00een format .jpeg;<\/span><\/li>\n<li><span style=\"font-weight: 400;\"> Extrasul de cont al \u00eentreprinderii dumneavoastr\u0103 care s\u0103 con\u021bin\u0103 urm\u0103toarele date: numele <\/span>\u00eentreprinderii ca titular de cont; codul IBAN complet cu codul de \u021bar\u0103.<\/li>\n<\/ul>\n<p>&nbsp;<\/p>\n<ul>\n<li aria-level=\"1\"><span style=\"color: #ff6600;\"><b>De ce Expert Mind?<\/b><\/span><\/li>\n<\/ul>\n<p>&nbsp;<\/p>\n<p>Compania noastr\u0103 \u0219i-a construit experien\u021ba \u00een mod constant \u00eencep\u00e2nd din ianuarie 2007, av\u00e2nd ast\u0103zi o echip\u0103 de peste 170 de speciali\u0219ti \u00een contabilitate, resurse umane, audit \u0219i servicii juridice. Centrul de afaceri Expert Mind ofer\u0103 companiilor consultan\u021b\u0103 de specialitate \u0219i suport informa\u021bional dedicat, contribuind la sus\u021binerea \u0219i dezvoltarea partenerilor s\u0103i de business.<\/p>\n<p>&nbsp;<\/p>\n<ul>\n<li aria-level=\"1\"><span style=\"color: #ff6600;\"><b>Beneficii<\/b><\/span><\/li>\n<\/ul>\n<p>&nbsp;<\/p>\n<p><span style=\"font-weight: 400;\">Expert Mind ofer\u0103 consultan\u021b\u0103 pentru \u00eenregistrarea m\u0103rcilor na\u021bionale (OSIM) \u0219i a m\u0103rcilor europene (EUIPO) \u0219i garanteaz\u0103:<\/span><\/p>\n<p><b>O colaborare clar\u0103, eficient\u0103, 100% Online!<\/b><span style=\"font-weight: 400;\"> Alege o firm\u0103 de top!<\/span><\/p>\n<ul>\n<li style=\"font-weight: 400;\" aria-level=\"1\"><span style=\"font-weight: 400;\">Siguran\u021b\u0103<\/span><\/li>\n<li style=\"font-weight: 400;\" aria-level=\"1\"><span style=\"font-weight: 400;\">Confiden\u021bialitate<\/span><\/li>\n<li style=\"font-weight: 400;\" aria-level=\"1\"><span style=\"font-weight: 400;\">Promptitudine<\/span><\/li>\n<li style=\"font-weight: 400;\" aria-level=\"1\"><span style=\"font-weight: 400;\">Parte din grija ta.<\/span><span style=\"font-weight: 400;\">\u00a0<\/span><\/li>\n<\/ul>\n<p>&nbsp;<\/p>\n<ul>\n<li aria-level=\"1\"><span style=\"color: #ff6600;\"><b>Date de contact<\/b><b>\u00a0<\/b><\/span><\/li>\n<\/ul>\n<p>&nbsp;<\/p>\n<p><span style=\"font-weight: 400;\">Putem fi parte la sus\u021binerea business-ului t\u0103u! D\u0103-ne un semn dac\u0103 vrei s\u0103 te consiliem pentru rezervarea la OSIM\/EUIPO a m\u0103rcii!<\/span><\/p>\n<ul>\n<li style=\"font-weight: 400;\" aria-level=\"1\"><span style=\"font-weight: 400;\">R\u0103spundem \u00een timp real pe whatsapp: 0746 080 683<\/span><\/li>\n<li style=\"font-weight: 400;\" aria-level=\"1\"><span style=\"font-weight: 400;\">Email: juridic.is@expertmind.ro<\/span><\/li>\n<li style=\"font-weight: 400;\" aria-level=\"1\"><span style=\"font-weight: 400;\">Telefonic: 0746 080 683<\/span><\/li>\n<li aria-level=\"1\"><span style=\"font-weight: 400;\">Chat: <\/span><a href=\"https:\/\/www.expertmind.ro\/\"><span style=\"font-weight: 400;\">\u00a0<\/span><span style=\"font-weight: 400;\">https:\/\/www.expertmind.ro<\/span><\/a><span style=\"font-weight: 400;\">\/<\/span><\/li>\n<\/ul>\n<p>[\/vc_column_text][\/vc_column_inner][\/vc_row_inner][\/vc_column][\/vc_row][vc_row disable_element=&#8221;yes&#8221;][vc_column width=&#8221;1\/3&#8243;][\/vc_column][vc_column width=&#8221;2\/3&#8243;][vc_row_inner disable_element=&#8221;yes&#8221; el_class=&#8221;servicii-1-2-content&#8221;][vc_column_inner el_class=&#8221;box-bonitate&#8221; width=&#8221;1\/2&#8243;][vc_custom_heading text=&#8221;RAPORT SIMPLU DE BONITATE&#8221; font_container=&#8221;tag:h4|text_align:left&#8221; use_theme_fonts=&#8221;yes&#8221; el_class=&#8221;titlu-raport-bonitate&#8221;][vc_column_text el_class=&#8221;continut-raport-bonitate&#8221;]<\/p>\n<h4 class=\"raport-bonitate-margin\">100 LEI + TVA<\/h4>\n<p>Date identificare<\/p>\n<p>Date financiare<\/p>\n<p>Evaluare risc<\/p>\n<p>Interpretare<\/p>\n<p>Limita de credit recomandata<\/p>\n<p>Informatii procese juridice (insolventa)<\/p>\n<p>Datorii la bugetul de stat<\/p>\n<p>Descriere indicatori financiari<\/p>\n<h4 class=\"text-bottom-1\">Termenul de obtinere: maxim 24 h.<\/h4>\n<p>[\/vc_column_text][\/vc_column_inner][vc_column_inner el_class=&#8221;box-bonitate&#8221; width=&#8221;1\/2&#8243;][vc_custom_heading text=&#8221;RAPORT COMPLEX DE BONITATE&#8221; font_container=&#8221;tag:h4|text_align:left&#8221; use_theme_fonts=&#8221;yes&#8221; el_class=&#8221;titlu-raport-bonitate&#8221;][vc_column_text el_class=&#8221;continut-raport-bonitate&#8221;]<\/p>\n<h4 class=\"raport-bonitate-margin\">150 LEI + TVA<\/h4>\n<p>Date identificare<\/p>\n<p>Actionari\/Administratori<\/p>\n<p>Participatii in\u00a0alte companii<\/p>\n<p>Date financiare\u00a0Actualizate (in fct. de disponibilitate)<\/p>\n<p>Evaluare risc<\/p>\n<p>Interpretare<\/p>\n<p>Limita de credit recomandata<\/p>\n<p>Date C.I.P<\/p>\n<p>Informatii procese juridice (insolventa)<\/p>\n<p>Datorii la bugetul de stat<\/p>\n<p>Descriere indicatori financiari<\/p>\n<h4 class=\"text-bottom-2\">Termenul de obtinere : maxim 24 h.<\/h4>\n<p>[\/vc_column_text][\/vc_column_inner][\/vc_row_inner][\/vc_column][\/vc_row]<\/p>","protected":false},"excerpt":{"rendered":"<p>[vc_row css=&#8221;.vc_custom_1489768935562{background-image: url(http:\/\/www.expertmind.ro\/wp-content\/uploads\/2017\/02\/servicii-juridice.png?id=3932) !important;background-position: center !important;background-repeat: no-repeat !important;background-size: cover !important;}&#8221; el_class=&#8221;servicii-top-banner&#8221;][vc_column width=&#8221;2\/3&#8243; el_class=&#8221;servicii-top-banner-title&#8221;][vc_custom_heading text=&#8221;\u00ce\u021bi oferim sprijinul necesar pentru a lua decizii \u00een siguran\u021b\u0103!&#8221; font_container=&#8221;tag:h2|text_align:left|color:%23f15a23&#8243; use_theme_fonts=&#8221;yes&#8221;][\/vc_column][vc_column width=&#8221;1\/3&#8243;][\/vc_column][\/vc_row][vc_row el_class=&#8221;servicii-top-banner-page-info&#8221;][vc_column][vc_row_inner css=&#8221;.vc_custom_1484568530917{background-color: #7f9296 !important;background-position: center !important;background-repeat: no-repeat !important;background-size: cover !important;}&#8221; el_class=&#8221;servicii-top-banner-fasie-gri&#8221;][vc_column_inner el_class=&#8221;servicii-top-banner-page-title&#8221; width=&#8221;1\/2&#8243;][vc_custom_heading text=&#8221;\u00ceNREGISTRARE MARC\u0102 LA OSIM \u0218I EUIPO&#8221; font_container=&#8221;tag:h3|text_align:left|color:%23ffffff&#8221; use_theme_fonts=&#8221;yes&#8221;][\/vc_column_inner][vc_column_inner el_class=&#8221;servicii-top-banner-page-breadcrumb&#8221; width=&#8221;1\/2&#8243;][\/vc_column_inner][\/vc_row_inner][\/vc_column][\/vc_row][vc_row el_class=&#8221;servicii-sectiunea-1&#8243;][vc_column width=&#8221;1\/3&#8243; css=&#8221;.vc_custom_1484142666877{background-position: center !important;background-repeat: no-repeat [&hellip;]<\/p>\n","protected":false},"author":3507,"featured_media":13705,"parent":1990,"menu_order":6,"comment_status":"closed","ping_status":"closed","template":"","meta":[],"_links":{"self":[{"href":"https:\/\/www.expertmind.ro\/ru\/wp-json\/wp\/v2\/pages\/13703"}],"collection":[{"href":"https:\/\/www.expertmind.ro\/ru\/wp-json\/wp\/v2\/pages"}],"about":[{"href":"https:\/\/www.expertmind.ro\/ru\/wp-json\/wp\/v2\/types\/page"}],"author":[{"embeddable":true,"href":"https:\/\/www.expertmind.ro\/ru\/wp-json\/wp\/v2\/users\/3507"}],"replies":[{"embeddable":true,"href":"https:\/\/www.expertmind.ro\/ru\/wp-json\/wp\/v2\/comments?post=13703"}],"version-history":[{"count":75,"href":"https:\/\/www.expertmind.ro\/ru\/wp-json\/wp\/v2\/pages\/13703\/revisions"}],"predecessor-version":[{"id":17558,"href":"https:\/\/www.expertmind.ro\/ru\/wp-json\/wp\/v2\/pages\/13703\/revisions\/17558"}],"up":[{"embeddable":true,"href":"https:\/\/www.expertmind.ro\/ru\/wp-json\/wp\/v2\/pages\/1990"}],"wp:featuredmedia":[{"embeddable":true,"href":"https:\/\/www.expertmind.ro\/ru\/wp-json\/wp\/v2\/media\/13705"}],"wp:attachment":[{"href":"https:\/\/www.expertmind.ro\/ru\/wp-json\/wp\/v2\/media?parent=13703"}],"curies":[{"name":"wp","href":"https:\/\/api.w.org\/{rel}","templated":true}]}}