{"id":7899,"date":"2019-02-26T09:48:11","date_gmt":"2019-02-26T07:48:11","guid":{"rendered":"https:\/\/www.expertmind.ro\/?page_id=7899"},"modified":"2025-11-13T15:52:37","modified_gmt":"2025-11-13T13:52:37","slug":"infiintare-firma-2","status":"publish","type":"page","link":"https:\/\/www.expertmind.ro\/ru\/uslugi\/uslugam-onrc\/sozdanii-kompanii-uber\/","title":{"rendered":"\u0421\u043e\u0437\u0434\u0430\u043d\u0438\u0438 \u043a\u043e\u043c\u043f\u0430\u043d\u0438\u0438 UBER"},"content":{"rendered":"<p>[vc_row css=&#8221;.vc_custom_1489768108505{background-image: url(http:\/\/www.expertmind.ro\/wp-content\/uploads\/2017\/01\/servicii-onrc.png?id=3927) !important;background-position: center !important;background-repeat: no-repeat !important;background-size: cover !important;}&#8221; el_class=&#8221;servicii-top-banner&#8221;][vc_column width=&#8221;2\/3&#8243; el_class=&#8221;servicii-top-banner-title&#8221;][vc_custom_heading text=&#8221;Iti dam siguranta de care ai nevoie!&#8221; font_container=&#8221;tag:h2|text_align:left|color:%23f15a23&#8243; use_theme_fonts=&#8221;yes&#8221;][\/vc_column][vc_column width=&#8221;1\/3&#8243;][\/vc_column][\/vc_row][vc_row el_class=&#8221;servicii-top-banner-page-info&#8221;][vc_column][vc_row_inner css=&#8221;.vc_custom_1484568530917{background-color: #7f9296 !important;background-position: center !important;background-repeat: no-repeat !important;background-size: cover !important;}&#8221; el_class=&#8221;servicii-top-banner-fasie-gri&#8221;][vc_column_inner el_class=&#8221;servicii-top-banner-page-title&#8221; width=&#8221;1\/2&#8243;][vc_custom_heading text=&#8221;INFIINTARE FIRMA UBER&#8221; font_container=&#8221;tag:h3|text_align:left|color:%23ffffff&#8221; use_theme_fonts=&#8221;yes&#8221;][\/vc_column_inner][vc_column_inner el_class=&#8221;servicii-top-banner-page-breadcrumb&#8221; width=&#8221;1\/2&#8243;][\/vc_column_inner][\/vc_row_inner][\/vc_column][\/vc_row][vc_row el_class=&#8221;servicii-sectiunea-1&#8243;][vc_column width=&#8221;1\/3&#8243; css=&#8221;.vc_custom_1484142666877{background-position: center !important;background-repeat: no-repeat !important;background-size: cover !important;}&#8221; el_class=&#8221;servicii-sectiunea-1-1&#8243;][vc_row_inner el_class=&#8221;servicii-custom-menu&#8221;][vc_column_inner css=&#8221;.vc_custom_1484139076748{background-color: #53575a !important;background-position: center !important;background-repeat: no-repeat !important;background-size: cover !important;}&#8221;][vc_wp_custommenu nav_menu=&#8221;50&#8243;][\/vc_column_inner][\/vc_row_inner][vc_row_inner css=&#8221;.vc_custom_1484142706750{background-position: center !important;background-repeat: no-repeat !important;background-size: cover !important;}&#8221; el_class=&#8221;servicii-key-person-titlu&#8221;][vc_column_inner css=&#8221;.vc_custom_1484139034841{background-color: #7f9296 !important;background-position: center !important;background-repeat: no-repeat !important;background-size: cover !important;}&#8221;][vc_custom_heading text=&#8221;SPECIALISTI&#8221; font_container=&#8221;tag:h4|text_align:left&#8221; use_theme_fonts=&#8221;yes&#8221; css=&#8221;.vc_custom_1489498607059{background-color: #7f9296 !important;background-position: center !important;background-repeat: no-repeat !important;background-size: cover !important;}&#8221;][\/vc_column_inner][\/vc_row_inner][vc_row_inner css=&#8221;.vc_custom_1484142722365{background-color: #7f9296 !important;background-position: center !important;background-repeat: no-repeat !important;background-size: cover !important;}&#8221; el_class=&#8221;servicii-key-person&#8221;][vc_column_inner el_class=&#8221;servicii-key-person-image&#8221; width=&#8221;1\/2&#8243;][vc_single_image source=&#8221;external_link&#8221; custom_src=&#8221;https:\/\/www.expertmind.ro\/wp-content\/uploads\/2022\/01\/Expert_EDIT_redimensionate_001.jpg&#8221;][\/vc_column_inner][vc_column_inner el_class=&#8221;servicii-key-person-content&#8221; width=&#8221;1\/2&#8243;][vc_custom_heading text=&#8221;Ina Bulimar&#8221; font_container=&#8221;tag:h5|text_align:left|color:%23ffffff&#8221; use_theme_fonts=&#8221;yes&#8221; el_class=&#8221;key-person-name&#8221;][vc_column_text el_class=&#8221;servicii-key-person-text&#8221;]<\/p>\n<div style=\"color: #ffffff;\">\n<p>Consultant Departament Juridic<\/p>\n<p>juridic.is@expertmind.ro<br \/>\n0374.88.40.25<br \/>\n0374.88.40.35<\/p>\n<\/div>\n<p>[\/vc_column_text][vc_custom_heading text=&#8221;&gt; Afla mai multe&#8221; font_container=&#8221;tag:h5|text_align:left|color:%23ffffff&#8221; use_theme_fonts=&#8221;yes&#8221; el_class=&#8221;key-person-afla-mai-multe&#8221; link=&#8221;url:http%3A%2F%2Fwww.expertmind.ro%2Fteam%2Fina-bulimar%2F|||&#8221;][\/vc_column_inner][\/vc_row_inner][vc_row_inner css=&#8221;.vc_custom_1489419247789{background-color: #7f9296 !important;}&#8221;][vc_column_inner css=&#8221;.vc_custom_1489419386285{margin-top: -35px !important;}&#8221;][vc_separator color=&#8221;custom&#8221; el_width=&#8221;90&#8243; accent_color=&#8221;#ffffff&#8221; css=&#8221;.vc_custom_1489418949095{background-color: #7f9296 !important;}&#8221;][\/vc_column_inner][\/vc_row_inner][vc_column_text css=&#8221;.vc_custom_1490000052734{background-color: #f15a22 !important;background-position: center !important;background-repeat: no-repeat !important;background-size: cover !important;}&#8221; el_class=&#8221;servicii-buton-solicita&#8221;]<\/p>\n<div><img loading=\"lazy\" class=\"alignnone size-full wp-image-2323\" src=\"http:\/\/www.expertmind.ro\/wp-content\/uploads\/2017\/02\/icon-contacteaza.png\" alt=\"\" width=\"48\" height=\"56\" \/><\/div>\n<div>\n<h4 style=\"color: #ffffff;\"><a href=\"http:\/\/www.expertmind.ro\/contact\/\">HAI SA LUCRAM IMPREUNA!<\/a><\/h4>\n<\/div>\n<p>[\/vc_column_text][vc_column_text css=&#8221;.vc_custom_1489846820171{background-color: #a39383 !important;background-position: center !important;background-repeat: no-repeat !important;background-size: cover !important;}&#8221; el_class=&#8221;servicii-buton-infiinteaza&#8221;]<\/p>\n<div><img loading=\"lazy\" class=\"alignnone size-full wp-image-2325\" src=\"http:\/\/www.expertmind.ro\/wp-content\/uploads\/2017\/01\/icon-infiinteaza.png\" alt=\"\" width=\"48\" height=\"56\" \/><\/div>\n<h4 style=\"color: #ffffff;\"><a href=\"http:\/\/www.infiintarifirmeonline.ro\/\" target=\"_blank\" rel=\"noopener noreferrer\">INFIINTEAZA FIRMA ONLINE<\/a><\/h4>\n<p>[\/vc_column_text][vc_empty_space height=&#8221;10px&#8221;][vc_single_image image=&#8221;4211&#8243; img_size=&#8221;full&#8221; onclick=&#8221;custom_link&#8221; img_link_target=&#8221;_blank&#8221; link=&#8221;http:\/\/www.infiintarifirmeiasi.ro\/&#8221;][\/vc_column][vc_column width=&#8221;2\/3&#8243; el_class=&#8221;servicii-sectiunea-1-2&#8243;][vc_row_inner el_class=&#8221;servicii-sectiunea-1-2-titlu&#8221;][vc_column_inner][vc_custom_heading text=&#8221;Infiintare firma UBER&#8221; font_container=&#8221;tag:h1|text_align:left|color:%23f15a22&#8243; use_theme_fonts=&#8221;yes&#8221; el_class=&#8221;servicii-sectiunea-1-2-titlu&#8221;][vc_column_text el_class=&#8221;servicii-sectiunea-1-2-text&#8221;]<\/p>\n<h4>Vrei sa nu platesti comisioane la intermediari de 10-20% si sa fii partener direct la Uber? Infiinteaza-ti propria firma cu toate autorizatiile necesare!\u00a0<strong>Iti oferim sprijin pe tot parcursul procesului.<\/strong><\/h4>\n<p>[\/vc_column_text][vc_separator color=&#8221;custom&#8221; el_class=&#8221;servicii-sectiunea-1-2-liniuta&#8221; accent_color=&#8221;#313131&#8243;][\/vc_column_inner][\/vc_row_inner][vc_row_inner el_class=&#8221;servicii-1-2-content&#8221;][vc_column_inner el_class=&#8221;servicii-1-2-content-1&#8243;][vc_column_text]<strong>\u00a0Pas 1. Infiinteaza-ti o forma juridica!<\/strong><\/p>\n<p>Formele juridice compatibile cu aceasta forma de activitate sunt: PFA (Persoana Fizica Autorizata) sau SRL\/ SRL-D (Societate cu Raspundere Limitata\/ Societate cu Raspundere Limitata- Debutant).<\/p>\n<p><strong><u>Acte necesare:<\/u><\/strong><\/p>\n<ul>\n<li>copie Carte Identitate;<\/li>\n<li>copie ultim act de studiu;<\/li>\n<li>Copie permis de conducere;<\/li>\n<li>Dovada sediului: copie carte identitate proprietari + act de proprietate imobil (in cazul in care sediul este la apartament va fi nevoie si de acordul locatarilor);<\/li>\n<\/ul>\n<p><strong><u>Durata:<\/u><\/strong><\/p>\n<ul>\n<li>3 -5 \u00a0zile de la depunerea dosarului<\/li>\n<\/ul>\n<p><strong>Pas 2.\u00a0 Una din cerintele UBER sunt inregistrare societatii in scop de TVA intracomunitar.<\/strong><\/p>\n<p><strong><u>Acte necesare:<\/u><\/strong><\/p>\n<ul>\n<li>Copie C.I. asociat\/ administrator;<\/li>\n<li>Copie Certificat de inregistrare;<\/li>\n<\/ul>\n<p><strong>Pas 3.\u00a0\u00a0 Obtinerea autorizatiilor specifice unui\u00a0 colaborator UBER.<\/strong><\/p>\n<p>Persoana care doreste sa intre in sistemul Uber, inainte de a incepe procedurile necesare autorizarii in vederea efectuarii transportului in regim de inchiriere, trebuie sa stie cine va fi persoana desemnata care va reprezenta societatea in relatie cu primaria.<\/p>\n<p><strong><u>Acte necesare:<\/u><\/strong><\/p>\n<ul>\n<li>Copie Certificat de inregistrare<\/li>\n<li>Copie atesta manager transport<\/li>\n<li>Cazier judiciar manager transport<\/li>\n<li>Aviz medical si psihologic manager transport (original)<\/li>\n<li>Certificat de cazier fiscal al firmei (original)<\/li>\n<li>Declaratie privind perioada in care firma a mai executat servicii de transport in regim de inchiriere<\/li>\n<li>Declaratie pe propia raspundere privind asigurarea spatiului de parcare (doar la firmale care au peste 2 autoturisme- inclusiv)<\/li>\n<li>Declaratia pe propia raspundere privind parcul auto<\/li>\n<li>Declaratie pe propia raspundere privind personalul angajat<\/li>\n<\/ul>\n<p><strong>Pas 4. Inchei un contract de prestari servicii si devii\u00a0 partener UBER ( fara comisioane practicate de intermediari) .<\/strong><\/p>\n<p><strong>Pas 5. \u00cenchei un contract de prest\u0103ri servicii financiar-contabile. La noi g\u0103se\u0219ti un pachet complet de servicii adaptat nevoilor unei astfel de colabor\u0103ri.<\/strong><\/p>\n<p>Cu ExpertMind procesul de a deveni partener direct la Uber este mult mai simplu! Te ajutam \u00eenc\u0103 de la etapa de \u00eenfiin\u021bare a firmei, p\u00e2n\u0103 la ob\u021binerea auoriza\u021biilor necesare \u0219i gestiunea contabilit\u0103\u021bii.<\/p>\n<p>Contacteaz\u0103-ne pentru detalii la telefon\u00a0<strong>0374.88.40.25<\/strong><strong>.<\/strong><strong>\u00a0<\/strong>[\/vc_column_text][\/vc_column_inner][\/vc_row_inner][\/vc_column][\/vc_row]<\/p>","protected":false},"excerpt":{"rendered":"<p>[vc_row css=&#8221;.vc_custom_1489768108505{background-image: url(http:\/\/www.expertmind.ro\/wp-content\/uploads\/2017\/01\/servicii-onrc.png?id=3927) !important;background-position: center !important;background-repeat: no-repeat !important;background-size: cover !important;}&#8221; el_class=&#8221;servicii-top-banner&#8221;][vc_column width=&#8221;2\/3&#8243; el_class=&#8221;servicii-top-banner-title&#8221;][vc_custom_heading text=&#8221;Iti dam siguranta de care ai nevoie!&#8221; font_container=&#8221;tag:h2|text_align:left|color:%23f15a23&#8243; use_theme_fonts=&#8221;yes&#8221;][\/vc_column][vc_column width=&#8221;1\/3&#8243;][\/vc_column][\/vc_row][vc_row el_class=&#8221;servicii-top-banner-page-info&#8221;][vc_column][vc_row_inner css=&#8221;.vc_custom_1484568530917{background-color: #7f9296 !important;background-position: center !important;background-repeat: no-repeat !important;background-size: cover !important;}&#8221; el_class=&#8221;servicii-top-banner-fasie-gri&#8221;][vc_column_inner el_class=&#8221;servicii-top-banner-page-title&#8221; width=&#8221;1\/2&#8243;][vc_custom_heading text=&#8221;INFIINTARE FIRMA UBER&#8221; font_container=&#8221;tag:h3|text_align:left|color:%23ffffff&#8221; use_theme_fonts=&#8221;yes&#8221;][\/vc_column_inner][vc_column_inner el_class=&#8221;servicii-top-banner-page-breadcrumb&#8221; width=&#8221;1\/2&#8243;][\/vc_column_inner][\/vc_row_inner][\/vc_column][\/vc_row][vc_row el_class=&#8221;servicii-sectiunea-1&#8243;][vc_column width=&#8221;1\/3&#8243; css=&#8221;.vc_custom_1484142666877{background-position: center !important;background-repeat: no-repeat !important;background-size: cover !important;}&#8221; el_class=&#8221;servicii-sectiunea-1-1&#8243;][vc_row_inner el_class=&#8221;servicii-custom-menu&#8221;][vc_column_inner css=&#8221;.vc_custom_1484139076748{background-color: [&hellip;]<\/p>\n","protected":false},"author":3507,"featured_media":0,"parent":2897,"menu_order":1,"comment_status":"closed","ping_status":"closed","template":"","meta":[],"_links":{"self":[{"href":"https:\/\/www.expertmind.ro\/ru\/wp-json\/wp\/v2\/pages\/7899"}],"collection":[{"href":"https:\/\/www.expertmind.ro\/ru\/wp-json\/wp\/v2\/pages"}],"about":[{"href":"https:\/\/www.expertmind.ro\/ru\/wp-json\/wp\/v2\/types\/page"}],"author":[{"embeddable":true,"href":"https:\/\/www.expertmind.ro\/ru\/wp-json\/wp\/v2\/users\/3507"}],"replies":[{"embeddable":true,"href":"https:\/\/www.expertmind.ro\/ru\/wp-json\/wp\/v2\/comments?post=7899"}],"version-history":[{"count":47,"href":"https:\/\/www.expertmind.ro\/ru\/wp-json\/wp\/v2\/pages\/7899\/revisions"}],"predecessor-version":[{"id":17509,"href":"https:\/\/www.expertmind.ro\/ru\/wp-json\/wp\/v2\/pages\/7899\/revisions\/17509"}],"up":[{"embeddable":true,"href":"https:\/\/www.expertmind.ro\/ru\/wp-json\/wp\/v2\/pages\/2897"}],"wp:attachment":[{"href":"https:\/\/www.expertmind.ro\/ru\/wp-json\/wp\/v2\/media?parent=7899"}],"curies":[{"name":"wp","href":"https:\/\/api.w.org\/{rel}","templated":true}]}}